{"id":17827,"date":"2018-04-06T08:27:55","date_gmt":"2018-04-06T08:27:55","guid":{"rendered":"https:\/\/bearchair.eu\/non%20class\u00e9\/coussin-de-jardin-de-luxe-pour-chaise-de-salle-a-manger\/"},"modified":"2025-05-01T13:05:02","modified_gmt":"2025-05-01T13:05:02","slug":"coussin-de-jardin-de-luxe-pour-chaise-de-salle-a-manger","status":"publish","type":"product","link":"https:\/\/bearchair.eu\/fr\/coussins\/coussin-de-jardin-de-luxe-pour-chaise-de-salle-a-manger\/","title":{"rendered":"Coussin de jardin de luxe pour Bear Chair\u00ae chaise de table \u00e0 manger"},"content":{"rendered":"<p>Ce coussin de jardin luxueux de haute qualit\u00e9 pour la chaise de table \u00e0 manger Bear Chair\u00ae est disponible en plusieurs couleurs. Que vous aimiez le noir, le bleu ou le vert, il y en a pour tous les go\u00fbts. Le tissu est inalt\u00e9rable et r\u00e9siste aux intemp\u00e9ries.  <\/p>\n<p>Les coussins sont fabriqu\u00e9s sur mesure et sur commande.<\/p>\n<p><strong>Dimensions :  <\/strong><\/p>\n<p>\u00c9paisseur du si\u00e8ge : 3 cm<\/p>\n<p>\u00c9paisseur du dos : 2 cm<\/p>\n<p><strong>Mati\u00e8re :<\/strong> Dralon (Olefi teint dans la masse ou acrylique teint dans la fibre - 190gr\/m2)<\/p>\n","protected":false},"excerpt":{"rendered":"<p>Ce luxueux coussin de jardin pour la chaise de table Bear Chair\u00ae est disponible en plusieurs couleurs. Le coussin de jardin est de tr\u00e8s bonne qualit\u00e9, il est inalt\u00e9rable et lavable et offre un grand confort avec une \u00e9paisseur de 3 cm. <\/p>\n","protected":false},"featured_media":15066,"template":"","meta":[],"product_brand":[],"product_cat":[314],"product_tag":[],"class_list":{"0":"post-17827","1":"product","2":"type-product","3":"status-publish","4":"has-post-thumbnail","6":"product_cat-coussins","8":"first","9":"instock","10":"taxable","11":"shipping-taxable","12":"purchasable","13":"product-type-variable"},"yoast_head":"<!-- This site is optimized with the Yoast SEO plugin v27.2 - https:\/\/yoast.com\/product\/yoast-seo-wordpress\/ -->\n<title>Coussin de jardin de luxe pour Bear Chair\u00ae chaise de table \u00e0 manger - The Bear Chair\u00ae<\/title>\n<meta name=\"description\" content=\"Shop Coussin de qualit\u00e9 sup\u00e9rieure pour votre chaise de table \u00e0 manger Bear Chair\u00ae. Un coussin confortable de qualit\u00e9 sup\u00e9rieure pour votre chaise de table \u00e0 manger Bear Chair. Couleur inalt\u00e9rable et lavable.\" \/>\n<meta name=\"robots\" content=\"index, follow, max-snippet:-1, max-image-preview:large, max-video-preview:-1\" \/>\n<link rel=\"canonical\" href=\"https:\/\/bearchair.eu\/fr\/coussins\/coussin-de-jardin-de-luxe-pour-chaise-de-salle-a-manger\/\" \/>\n<meta property=\"og:locale\" content=\"fr_FR\" \/>\n<meta property=\"og:type\" content=\"article\" \/>\n<meta property=\"og:title\" content=\"Coussin de jardin de luxe pour Bear Chair\u00ae chaise de table \u00e0 manger - The Bear Chair\u00ae\" \/>\n<meta property=\"og:description\" content=\"Shop Coussin de qualit\u00e9 sup\u00e9rieure pour votre chaise de table \u00e0 manger Bear Chair\u00ae. Un coussin confortable de qualit\u00e9 sup\u00e9rieure pour votre chaise de table \u00e0 manger Bear Chair. Couleur inalt\u00e9rable et lavable.\" \/>\n<meta property=\"og:url\" content=\"https:\/\/bearchair.eu\/fr\/coussins\/coussin-de-jardin-de-luxe-pour-chaise-de-salle-a-manger\/\" \/>\n<meta property=\"og:site_name\" content=\"The Bear Chair\u00ae\" \/>\n<meta property=\"article:modified_time\" content=\"2025-05-01T13:05:02+00:00\" \/>\n<meta property=\"og:image\" content=\"https:\/\/bearchair.eu\/wp-content\/uploads\/2024\/05\/eetkamer20kussen20achtergrond20blauw.jpg\" \/>\n\t<meta property=\"og:image:width\" content=\"2362\" \/>\n\t<meta property=\"og:image:height\" content=\"1939\" \/>\n\t<meta property=\"og:image:type\" content=\"image\/jpeg\" \/>\n<meta name=\"twitter:card\" content=\"summary_large_image\" \/>\n<script type=\"application\/ld+json\" class=\"yoast-schema-graph\">{\"@context\":\"https:\/\/schema.org\",\"@graph\":[{\"@type\":\"WebPage\",\"@id\":\"https:\/\/bearchair.eu\/fr\/coussins\/coussin-de-jardin-de-luxe-pour-chaise-de-salle-a-manger\/\",\"url\":\"https:\/\/bearchair.eu\/fr\/coussins\/coussin-de-jardin-de-luxe-pour-chaise-de-salle-a-manger\/\",\"name\":\"Coussin de jardin de luxe pour Bear Chair\u00ae chaise de table \u00e0 manger - The Bear Chair\u00ae\",\"isPartOf\":{\"@id\":\"https:\/\/bearchair.eu\/fr\/#website\"},\"primaryImageOfPage\":{\"@id\":\"https:\/\/bearchair.eu\/fr\/coussins\/coussin-de-jardin-de-luxe-pour-chaise-de-salle-a-manger\/#primaryimage\"},\"image\":{\"@id\":\"https:\/\/bearchair.eu\/fr\/coussins\/coussin-de-jardin-de-luxe-pour-chaise-de-salle-a-manger\/#primaryimage\"},\"thumbnailUrl\":\"https:\/\/bearchair.eu\/wp-content\/uploads\/2024\/05\/eetkamer20kussen20achtergrond20blauw.jpg\",\"datePublished\":\"2018-04-06T08:27:55+00:00\",\"dateModified\":\"2025-05-01T13:05:02+00:00\",\"description\":\"Shop Coussin de qualit\u00e9 sup\u00e9rieure pour votre chaise de table \u00e0 manger Bear Chair\u00ae. Un coussin confortable de qualit\u00e9 sup\u00e9rieure pour votre chaise de table \u00e0 manger Bear Chair. Couleur inalt\u00e9rable et lavable.\",\"breadcrumb\":{\"@id\":\"https:\/\/bearchair.eu\/fr\/coussins\/coussin-de-jardin-de-luxe-pour-chaise-de-salle-a-manger\/#breadcrumb\"},\"inLanguage\":\"fr-FR\",\"potentialAction\":[{\"@type\":\"ReadAction\",\"target\":[\"https:\/\/bearchair.eu\/fr\/coussins\/coussin-de-jardin-de-luxe-pour-chaise-de-salle-a-manger\/\"]}]},{\"@type\":\"ImageObject\",\"inLanguage\":\"fr-FR\",\"@id\":\"https:\/\/bearchair.eu\/fr\/coussins\/coussin-de-jardin-de-luxe-pour-chaise-de-salle-a-manger\/#primaryimage\",\"url\":\"https:\/\/bearchair.eu\/wp-content\/uploads\/2024\/05\/eetkamer20kussen20achtergrond20blauw.jpg\",\"contentUrl\":\"https:\/\/bearchair.eu\/wp-content\/uploads\/2024\/05\/eetkamer20kussen20achtergrond20blauw.jpg\",\"width\":2362,\"height\":1939},{\"@type\":\"BreadcrumbList\",\"@id\":\"https:\/\/bearchair.eu\/fr\/coussins\/coussin-de-jardin-de-luxe-pour-chaise-de-salle-a-manger\/#breadcrumb\",\"itemListElement\":[{\"@type\":\"ListItem\",\"position\":1,\"name\":\"Accueil\",\"item\":\"https:\/\/bearchair.eu\/fr\/accueil\/\"},{\"@type\":\"ListItem\",\"position\":2,\"name\":\"Boutique\",\"item\":\"https:\/\/bearchair.eu\/fr\/boutique\/\"},{\"@type\":\"ListItem\",\"position\":3,\"name\":\"Coussin de jardin de luxe pour Bear Chair\u00ae chaise de table \u00e0 manger\"}]},{\"@type\":\"WebSite\",\"@id\":\"https:\/\/bearchair.eu\/fr\/#website\",\"url\":\"https:\/\/bearchair.eu\/fr\/\",\"name\":\"The Bear Chair\",\"description\":\"\",\"publisher\":{\"@id\":\"https:\/\/bearchair.eu\/fr\/#organization\"},\"potentialAction\":[{\"@type\":\"SearchAction\",\"target\":{\"@type\":\"EntryPoint\",\"urlTemplate\":\"https:\/\/bearchair.eu\/fr\/?s={search_term_string}\"},\"query-input\":{\"@type\":\"PropertyValueSpecification\",\"valueRequired\":true,\"valueName\":\"search_term_string\"}}],\"inLanguage\":\"fr-FR\"},{\"@type\":\"Organization\",\"@id\":\"https:\/\/bearchair.eu\/fr\/#organization\",\"name\":\"La chaise de l'ours\",\"url\":\"https:\/\/bearchair.eu\/fr\/\",\"logo\":{\"@type\":\"ImageObject\",\"inLanguage\":\"fr-FR\",\"@id\":\"https:\/\/bearchair.eu\/fr\/#\/schema\/logo\/image\/\",\"url\":\"https:\/\/new.bearchair.eu\/wp-content\/uploads\/2024\/05\/BearChairIcon.png\",\"contentUrl\":\"https:\/\/new.bearchair.eu\/wp-content\/uploads\/2024\/05\/BearChairIcon.png\",\"width\":512,\"height\":512,\"caption\":\"La chaise de l'ours\"},\"image\":{\"@id\":\"https:\/\/bearchair.eu\/fr\/#\/schema\/logo\/image\/\"}}]}<\/script>\n<!-- \/ Yoast SEO plugin. -->","yoast_head_json":{"title":"Coussin de jardin de luxe pour Bear Chair\u00ae chaise de table \u00e0 manger - The Bear Chair\u00ae","description":"Shop Coussin de qualit\u00e9 sup\u00e9rieure pour votre chaise de table \u00e0 manger Bear Chair\u00ae. Un coussin confortable de qualit\u00e9 sup\u00e9rieure pour votre chaise de table \u00e0 manger Bear Chair. Couleur inalt\u00e9rable et lavable.","robots":{"index":"index","follow":"follow","max-snippet":"max-snippet:-1","max-image-preview":"max-image-preview:large","max-video-preview":"max-video-preview:-1"},"canonical":"https:\/\/bearchair.eu\/fr\/coussins\/coussin-de-jardin-de-luxe-pour-chaise-de-salle-a-manger\/","og_locale":"fr_FR","og_type":"article","og_title":"Coussin de jardin de luxe pour Bear Chair\u00ae chaise de table \u00e0 manger - The Bear Chair\u00ae","og_description":"Shop Coussin de qualit\u00e9 sup\u00e9rieure pour votre chaise de table \u00e0 manger Bear Chair\u00ae. Un coussin confortable de qualit\u00e9 sup\u00e9rieure pour votre chaise de table \u00e0 manger Bear Chair. Couleur inalt\u00e9rable et lavable.","og_url":"https:\/\/bearchair.eu\/fr\/coussins\/coussin-de-jardin-de-luxe-pour-chaise-de-salle-a-manger\/","og_site_name":"The Bear Chair\u00ae","article_modified_time":"2025-05-01T13:05:02+00:00","og_image":[{"width":2362,"height":1939,"url":"https:\/\/bearchair.eu\/wp-content\/uploads\/2024\/05\/eetkamer20kussen20achtergrond20blauw.jpg","type":"image\/jpeg"}],"twitter_card":"summary_large_image","schema":{"@context":"https:\/\/schema.org","@graph":[{"@type":"WebPage","@id":"https:\/\/bearchair.eu\/fr\/coussins\/coussin-de-jardin-de-luxe-pour-chaise-de-salle-a-manger\/","url":"https:\/\/bearchair.eu\/fr\/coussins\/coussin-de-jardin-de-luxe-pour-chaise-de-salle-a-manger\/","name":"Coussin de jardin de luxe pour Bear Chair\u00ae chaise de table \u00e0 manger - The Bear Chair\u00ae","isPartOf":{"@id":"https:\/\/bearchair.eu\/fr\/#website"},"primaryImageOfPage":{"@id":"https:\/\/bearchair.eu\/fr\/coussins\/coussin-de-jardin-de-luxe-pour-chaise-de-salle-a-manger\/#primaryimage"},"image":{"@id":"https:\/\/bearchair.eu\/fr\/coussins\/coussin-de-jardin-de-luxe-pour-chaise-de-salle-a-manger\/#primaryimage"},"thumbnailUrl":"https:\/\/bearchair.eu\/wp-content\/uploads\/2024\/05\/eetkamer20kussen20achtergrond20blauw.jpg","datePublished":"2018-04-06T08:27:55+00:00","dateModified":"2025-05-01T13:05:02+00:00","description":"Shop Coussin de qualit\u00e9 sup\u00e9rieure pour votre chaise de table \u00e0 manger Bear Chair\u00ae. Un coussin confortable de qualit\u00e9 sup\u00e9rieure pour votre chaise de table \u00e0 manger Bear Chair. Couleur inalt\u00e9rable et lavable.","breadcrumb":{"@id":"https:\/\/bearchair.eu\/fr\/coussins\/coussin-de-jardin-de-luxe-pour-chaise-de-salle-a-manger\/#breadcrumb"},"inLanguage":"fr-FR","potentialAction":[{"@type":"ReadAction","target":["https:\/\/bearchair.eu\/fr\/coussins\/coussin-de-jardin-de-luxe-pour-chaise-de-salle-a-manger\/"]}]},{"@type":"ImageObject","inLanguage":"fr-FR","@id":"https:\/\/bearchair.eu\/fr\/coussins\/coussin-de-jardin-de-luxe-pour-chaise-de-salle-a-manger\/#primaryimage","url":"https:\/\/bearchair.eu\/wp-content\/uploads\/2024\/05\/eetkamer20kussen20achtergrond20blauw.jpg","contentUrl":"https:\/\/bearchair.eu\/wp-content\/uploads\/2024\/05\/eetkamer20kussen20achtergrond20blauw.jpg","width":2362,"height":1939},{"@type":"BreadcrumbList","@id":"https:\/\/bearchair.eu\/fr\/coussins\/coussin-de-jardin-de-luxe-pour-chaise-de-salle-a-manger\/#breadcrumb","itemListElement":[{"@type":"ListItem","position":1,"name":"Accueil","item":"https:\/\/bearchair.eu\/fr\/accueil\/"},{"@type":"ListItem","position":2,"name":"Boutique","item":"https:\/\/bearchair.eu\/fr\/boutique\/"},{"@type":"ListItem","position":3,"name":"Coussin de jardin de luxe pour Bear Chair\u00ae chaise de table \u00e0 manger"}]},{"@type":"WebSite","@id":"https:\/\/bearchair.eu\/fr\/#website","url":"https:\/\/bearchair.eu\/fr\/","name":"The Bear Chair","description":"","publisher":{"@id":"https:\/\/bearchair.eu\/fr\/#organization"},"potentialAction":[{"@type":"SearchAction","target":{"@type":"EntryPoint","urlTemplate":"https:\/\/bearchair.eu\/fr\/?s={search_term_string}"},"query-input":{"@type":"PropertyValueSpecification","valueRequired":true,"valueName":"search_term_string"}}],"inLanguage":"fr-FR"},{"@type":"Organization","@id":"https:\/\/bearchair.eu\/fr\/#organization","name":"La chaise de l'ours","url":"https:\/\/bearchair.eu\/fr\/","logo":{"@type":"ImageObject","inLanguage":"fr-FR","@id":"https:\/\/bearchair.eu\/fr\/#\/schema\/logo\/image\/","url":"https:\/\/new.bearchair.eu\/wp-content\/uploads\/2024\/05\/BearChairIcon.png","contentUrl":"https:\/\/new.bearchair.eu\/wp-content\/uploads\/2024\/05\/BearChairIcon.png","width":512,"height":512,"caption":"La chaise de l'ours"},"image":{"@id":"https:\/\/bearchair.eu\/fr\/#\/schema\/logo\/image\/"}}]}},"_links":{"self":[{"href":"https:\/\/bearchair.eu\/fr\/wp-json\/wp\/v2\/product\/17827","targetHints":{"allow":["GET"]}}],"collection":[{"href":"https:\/\/bearchair.eu\/fr\/wp-json\/wp\/v2\/product"}],"about":[{"href":"https:\/\/bearchair.eu\/fr\/wp-json\/wp\/v2\/types\/product"}],"wp:featuredmedia":[{"embeddable":true,"href":"https:\/\/bearchair.eu\/fr\/wp-json\/wp\/v2\/media\/15066"}],"wp:attachment":[{"href":"https:\/\/bearchair.eu\/fr\/wp-json\/wp\/v2\/media?parent=17827"}],"wp:term":[{"taxonomy":"product_brand","embeddable":true,"href":"https:\/\/bearchair.eu\/fr\/wp-json\/wp\/v2\/product_brand?post=17827"},{"taxonomy":"product_cat","embeddable":true,"href":"https:\/\/bearchair.eu\/fr\/wp-json\/wp\/v2\/product_cat?post=17827"},{"taxonomy":"product_tag","embeddable":true,"href":"https:\/\/bearchair.eu\/fr\/wp-json\/wp\/v2\/product_tag?post=17827"}],"curies":[{"name":"wp","href":"https:\/\/api.w.org\/{rel}","templated":true}]}}