{"id":18319,"date":"2024-05-03T10:09:46","date_gmt":"2024-05-03T10:09:46","guid":{"rendered":"https:\/\/bearchair.eu\/non%20class\u00e9\/coussin-de-jardin-vert\/"},"modified":"2025-05-01T12:49:13","modified_gmt":"2025-05-01T12:49:13","slug":"coussin-de-jardin-vert","status":"publish","type":"product","link":"https:\/\/bearchair.eu\/fr\/coussins\/coussin-de-jardin-vert\/","title":{"rendered":"Coussin de jardin vert"},"content":{"rendered":"<p>Compl\u00e9tez l&rsquo;aspect de votre chaise Bear Chair\u00ae avec ce magnifique et confortable coussin.<\/p>\n<p><strong>Mat\u00e9riau : <\/strong>Le coussin est fabriqu\u00e9 dans un mat\u00e9riau lavable et imperm\u00e9able. Il est cependant pr\u00e9f\u00e9rable de le ranger \u00e0 l&rsquo;int\u00e9rieur, car il risque de se d\u00e9colorer au soleil. <\/p>\n","protected":false},"excerpt":{"rendered":"<p>Coussin vert l\u00e9ger d&rsquo;une \u00e9paisseur de 1,5 cm. Se fixe \u00e0 l&rsquo;aide de boutons-pression. <\/p>\n","protected":false},"featured_media":15116,"template":"","meta":[],"product_brand":[],"product_cat":[314],"product_tag":[],"class_list":{"0":"post-18319","1":"product","2":"type-product","3":"status-publish","4":"has-post-thumbnail","6":"product_cat-coussins","8":"first","9":"instock","10":"taxable","11":"shipping-taxable","12":"purchasable","13":"product-type-simple"},"yoast_head":"<!-- This site is optimized with the Yoast SEO plugin v27.2 - https:\/\/yoast.com\/product\/yoast-seo-wordpress\/ -->\n<title>Coussin de jardin vert - The Bear Chair\u00ae<\/title>\n<meta name=\"description\" content=\"Shop Coussin pour votre Bear Chair\u00ae. Un coussin confortable pour votre chaise de jardin Bear Chair. Coussin vert l\u00e9ger (1,5 cm) avec fermeture par bouton-poussoir.\" \/>\n<meta name=\"robots\" content=\"index, follow, max-snippet:-1, max-image-preview:large, max-video-preview:-1\" \/>\n<link rel=\"canonical\" href=\"https:\/\/bearchair.eu\/fr\/coussins\/coussin-de-jardin-vert\/\" \/>\n<meta property=\"og:locale\" content=\"fr_FR\" \/>\n<meta property=\"og:type\" content=\"article\" \/>\n<meta property=\"og:title\" content=\"Coussin de jardin vert - The Bear Chair\u00ae\" \/>\n<meta property=\"og:description\" content=\"Shop Coussin pour votre Bear Chair\u00ae. Un coussin confortable pour votre chaise de jardin Bear Chair. Coussin vert l\u00e9ger (1,5 cm) avec fermeture par bouton-poussoir.\" \/>\n<meta property=\"og:url\" content=\"https:\/\/bearchair.eu\/fr\/coussins\/coussin-de-jardin-vert\/\" \/>\n<meta property=\"og:site_name\" content=\"The Bear Chair\u00ae\" \/>\n<meta property=\"article:modified_time\" content=\"2025-05-01T12:49:13+00:00\" \/>\n<meta property=\"og:image\" content=\"https:\/\/bearchair.eu\/wp-content\/uploads\/2024\/05\/Groen-kussen-selectie.jpg\" \/>\n\t<meta property=\"og:image:width\" content=\"644\" \/>\n\t<meta property=\"og:image:height\" content=\"676\" \/>\n\t<meta property=\"og:image:type\" content=\"image\/jpeg\" \/>\n<meta name=\"twitter:card\" content=\"summary_large_image\" \/>\n<script type=\"application\/ld+json\" class=\"yoast-schema-graph\">{\"@context\":\"https:\/\/schema.org\",\"@graph\":[{\"@type\":\"WebPage\",\"@id\":\"https:\/\/bearchair.eu\/fr\/coussins\/coussin-de-jardin-vert\/\",\"url\":\"https:\/\/bearchair.eu\/fr\/coussins\/coussin-de-jardin-vert\/\",\"name\":\"Coussin de jardin vert - The Bear Chair\u00ae\",\"isPartOf\":{\"@id\":\"https:\/\/bearchair.eu\/fr\/#website\"},\"primaryImageOfPage\":{\"@id\":\"https:\/\/bearchair.eu\/fr\/coussins\/coussin-de-jardin-vert\/#primaryimage\"},\"image\":{\"@id\":\"https:\/\/bearchair.eu\/fr\/coussins\/coussin-de-jardin-vert\/#primaryimage\"},\"thumbnailUrl\":\"https:\/\/bearchair.eu\/wp-content\/uploads\/2024\/05\/Groen-kussen-selectie.jpg\",\"datePublished\":\"2024-05-03T10:09:46+00:00\",\"dateModified\":\"2025-05-01T12:49:13+00:00\",\"description\":\"Shop Coussin pour votre Bear Chair\u00ae. Un coussin confortable pour votre chaise de jardin Bear Chair. Coussin vert l\u00e9ger (1,5 cm) avec fermeture par bouton-poussoir.\",\"breadcrumb\":{\"@id\":\"https:\/\/bearchair.eu\/fr\/coussins\/coussin-de-jardin-vert\/#breadcrumb\"},\"inLanguage\":\"fr-FR\",\"potentialAction\":[{\"@type\":\"ReadAction\",\"target\":[\"https:\/\/bearchair.eu\/fr\/coussins\/coussin-de-jardin-vert\/\"]}]},{\"@type\":\"ImageObject\",\"inLanguage\":\"fr-FR\",\"@id\":\"https:\/\/bearchair.eu\/fr\/coussins\/coussin-de-jardin-vert\/#primaryimage\",\"url\":\"https:\/\/bearchair.eu\/wp-content\/uploads\/2024\/05\/Groen-kussen-selectie.jpg\",\"contentUrl\":\"https:\/\/bearchair.eu\/wp-content\/uploads\/2024\/05\/Groen-kussen-selectie.jpg\",\"width\":644,\"height\":676},{\"@type\":\"BreadcrumbList\",\"@id\":\"https:\/\/bearchair.eu\/fr\/coussins\/coussin-de-jardin-vert\/#breadcrumb\",\"itemListElement\":[{\"@type\":\"ListItem\",\"position\":1,\"name\":\"Home\",\"item\":\"https:\/\/bearchair.eu\/fr\/accueil\/\"},{\"@type\":\"ListItem\",\"position\":2,\"name\":\"Boutique\",\"item\":\"https:\/\/bearchair.eu\/fr\/boutique\/\"},{\"@type\":\"ListItem\",\"position\":3,\"name\":\"Coussin de jardin vert\"}]},{\"@type\":\"WebSite\",\"@id\":\"https:\/\/bearchair.eu\/fr\/#website\",\"url\":\"https:\/\/bearchair.eu\/fr\/\",\"name\":\"The Bear Chair\",\"description\":\"\",\"publisher\":{\"@id\":\"https:\/\/bearchair.eu\/fr\/#organization\"},\"potentialAction\":[{\"@type\":\"SearchAction\",\"target\":{\"@type\":\"EntryPoint\",\"urlTemplate\":\"https:\/\/bearchair.eu\/fr\/?s={search_term_string}\"},\"query-input\":{\"@type\":\"PropertyValueSpecification\",\"valueRequired\":true,\"valueName\":\"search_term_string\"}}],\"inLanguage\":\"fr-FR\"},{\"@type\":\"Organization\",\"@id\":\"https:\/\/bearchair.eu\/fr\/#organization\",\"name\":\"La chaise de l'ours\",\"url\":\"https:\/\/bearchair.eu\/fr\/\",\"logo\":{\"@type\":\"ImageObject\",\"inLanguage\":\"fr-FR\",\"@id\":\"https:\/\/bearchair.eu\/fr\/#\/schema\/logo\/image\/\",\"url\":\"https:\/\/new.bearchair.eu\/wp-content\/uploads\/2024\/05\/BearChairIcon.png\",\"contentUrl\":\"https:\/\/new.bearchair.eu\/wp-content\/uploads\/2024\/05\/BearChairIcon.png\",\"width\":512,\"height\":512,\"caption\":\"La chaise de l'ours\"},\"image\":{\"@id\":\"https:\/\/bearchair.eu\/fr\/#\/schema\/logo\/image\/\"}}]}<\/script>\n<!-- \/ Yoast SEO plugin. -->","yoast_head_json":{"title":"Coussin de jardin vert - The Bear Chair\u00ae","description":"Shop Coussin pour votre Bear Chair\u00ae. Un coussin confortable pour votre chaise de jardin Bear Chair. Coussin vert l\u00e9ger (1,5 cm) avec fermeture par bouton-poussoir.","robots":{"index":"index","follow":"follow","max-snippet":"max-snippet:-1","max-image-preview":"max-image-preview:large","max-video-preview":"max-video-preview:-1"},"canonical":"https:\/\/bearchair.eu\/fr\/coussins\/coussin-de-jardin-vert\/","og_locale":"fr_FR","og_type":"article","og_title":"Coussin de jardin vert - The Bear Chair\u00ae","og_description":"Shop Coussin pour votre Bear Chair\u00ae. Un coussin confortable pour votre chaise de jardin Bear Chair. Coussin vert l\u00e9ger (1,5 cm) avec fermeture par bouton-poussoir.","og_url":"https:\/\/bearchair.eu\/fr\/coussins\/coussin-de-jardin-vert\/","og_site_name":"The Bear Chair\u00ae","article_modified_time":"2025-05-01T12:49:13+00:00","og_image":[{"width":644,"height":676,"url":"https:\/\/bearchair.eu\/wp-content\/uploads\/2024\/05\/Groen-kussen-selectie.jpg","type":"image\/jpeg"}],"twitter_card":"summary_large_image","schema":{"@context":"https:\/\/schema.org","@graph":[{"@type":"WebPage","@id":"https:\/\/bearchair.eu\/fr\/coussins\/coussin-de-jardin-vert\/","url":"https:\/\/bearchair.eu\/fr\/coussins\/coussin-de-jardin-vert\/","name":"Coussin de jardin vert - The Bear Chair\u00ae","isPartOf":{"@id":"https:\/\/bearchair.eu\/fr\/#website"},"primaryImageOfPage":{"@id":"https:\/\/bearchair.eu\/fr\/coussins\/coussin-de-jardin-vert\/#primaryimage"},"image":{"@id":"https:\/\/bearchair.eu\/fr\/coussins\/coussin-de-jardin-vert\/#primaryimage"},"thumbnailUrl":"https:\/\/bearchair.eu\/wp-content\/uploads\/2024\/05\/Groen-kussen-selectie.jpg","datePublished":"2024-05-03T10:09:46+00:00","dateModified":"2025-05-01T12:49:13+00:00","description":"Shop Coussin pour votre Bear Chair\u00ae. Un coussin confortable pour votre chaise de jardin Bear Chair. Coussin vert l\u00e9ger (1,5 cm) avec fermeture par bouton-poussoir.","breadcrumb":{"@id":"https:\/\/bearchair.eu\/fr\/coussins\/coussin-de-jardin-vert\/#breadcrumb"},"inLanguage":"fr-FR","potentialAction":[{"@type":"ReadAction","target":["https:\/\/bearchair.eu\/fr\/coussins\/coussin-de-jardin-vert\/"]}]},{"@type":"ImageObject","inLanguage":"fr-FR","@id":"https:\/\/bearchair.eu\/fr\/coussins\/coussin-de-jardin-vert\/#primaryimage","url":"https:\/\/bearchair.eu\/wp-content\/uploads\/2024\/05\/Groen-kussen-selectie.jpg","contentUrl":"https:\/\/bearchair.eu\/wp-content\/uploads\/2024\/05\/Groen-kussen-selectie.jpg","width":644,"height":676},{"@type":"BreadcrumbList","@id":"https:\/\/bearchair.eu\/fr\/coussins\/coussin-de-jardin-vert\/#breadcrumb","itemListElement":[{"@type":"ListItem","position":1,"name":"Home","item":"https:\/\/bearchair.eu\/fr\/accueil\/"},{"@type":"ListItem","position":2,"name":"Boutique","item":"https:\/\/bearchair.eu\/fr\/boutique\/"},{"@type":"ListItem","position":3,"name":"Coussin de jardin vert"}]},{"@type":"WebSite","@id":"https:\/\/bearchair.eu\/fr\/#website","url":"https:\/\/bearchair.eu\/fr\/","name":"The Bear Chair","description":"","publisher":{"@id":"https:\/\/bearchair.eu\/fr\/#organization"},"potentialAction":[{"@type":"SearchAction","target":{"@type":"EntryPoint","urlTemplate":"https:\/\/bearchair.eu\/fr\/?s={search_term_string}"},"query-input":{"@type":"PropertyValueSpecification","valueRequired":true,"valueName":"search_term_string"}}],"inLanguage":"fr-FR"},{"@type":"Organization","@id":"https:\/\/bearchair.eu\/fr\/#organization","name":"La chaise de l'ours","url":"https:\/\/bearchair.eu\/fr\/","logo":{"@type":"ImageObject","inLanguage":"fr-FR","@id":"https:\/\/bearchair.eu\/fr\/#\/schema\/logo\/image\/","url":"https:\/\/new.bearchair.eu\/wp-content\/uploads\/2024\/05\/BearChairIcon.png","contentUrl":"https:\/\/new.bearchair.eu\/wp-content\/uploads\/2024\/05\/BearChairIcon.png","width":512,"height":512,"caption":"La chaise de l'ours"},"image":{"@id":"https:\/\/bearchair.eu\/fr\/#\/schema\/logo\/image\/"}}]}},"_links":{"self":[{"href":"https:\/\/bearchair.eu\/fr\/wp-json\/wp\/v2\/product\/18319","targetHints":{"allow":["GET"]}}],"collection":[{"href":"https:\/\/bearchair.eu\/fr\/wp-json\/wp\/v2\/product"}],"about":[{"href":"https:\/\/bearchair.eu\/fr\/wp-json\/wp\/v2\/types\/product"}],"wp:featuredmedia":[{"embeddable":true,"href":"https:\/\/bearchair.eu\/fr\/wp-json\/wp\/v2\/media\/15116"}],"wp:attachment":[{"href":"https:\/\/bearchair.eu\/fr\/wp-json\/wp\/v2\/media?parent=18319"}],"wp:term":[{"taxonomy":"product_brand","embeddable":true,"href":"https:\/\/bearchair.eu\/fr\/wp-json\/wp\/v2\/product_brand?post=18319"},{"taxonomy":"product_cat","embeddable":true,"href":"https:\/\/bearchair.eu\/fr\/wp-json\/wp\/v2\/product_cat?post=18319"},{"taxonomy":"product_tag","embeddable":true,"href":"https:\/\/bearchair.eu\/fr\/wp-json\/wp\/v2\/product_tag?post=18319"}],"curies":[{"name":"wp","href":"https:\/\/api.w.org\/{rel}","templated":true}]}}