{"id":18327,"date":"2024-05-03T10:09:45","date_gmt":"2024-05-03T10:09:45","guid":{"rendered":"https:\/\/bearchair.eu\/non%20class\u00e9\/junior-bear-chair\/"},"modified":"2025-04-25T09:58:57","modified_gmt":"2025-04-25T09:58:57","slug":"junior-bear-chair","status":"publish","type":"product","link":"https:\/\/bearchair.eu\/fr\/chaises-fr\/junior-bear-chair\/","title":{"rendered":"Chaise Junior Bear Chair"},"content":{"rendered":"<p>Vous poss\u00e9dez une chaise Original Bear Chair\u00ae, mais votre enfant est toujours assis sur une simple chaise de jardin ? C&rsquo;est l&rsquo;occasion ou jamais ! Avec la chaise Junior Bear Chair\u00ae assortie, vous serez assis avec style et confort !  <\/p>\n<p><strong>Dimensions :  <\/strong><\/p>\n<ul>\n<li>Hauteur : 78 cm<\/li>\n<li>Largeur : 42 cm<\/li>\n<li>Profondeur : 40 cm<\/li>\n<\/ul>\n<p><strong>Poids :<\/strong> 7,5 kg<\/p>\n<p><strong>Assemblage :<\/strong> La chaise Junior Bear Chair\u00ae est disponible en deux types de paquets :<\/p>\n<ul>\n<li><strong>Kit :<\/strong> Vous recevez tout le mat\u00e9riel n\u00e9cessaire pour assembler la chaise vous-m\u00eame. Le kit comprend les lattes, les vis, la colle et, bien s\u00fbr, des instructions de montage d\u00e9taill\u00e9es. <\/li>\n<li><strong>Enti\u00e8rement assembl\u00e9 :<\/strong> La chaise est d\u00e9j\u00e0 enti\u00e8rement assembl\u00e9e. Elle vous est livr\u00e9e pr\u00eate \u00e0 l&#8217;emploi par notre propre service de transport. Veuillez noter que cela peut entra\u00eener des co\u00fbts plus \u00e9lev\u00e9s.  <\/li>\n<\/ul>\n","protected":false},"excerpt":{"rendered":"<p>La chaise originale Bear Chair\u00ae, mais pour les petits ! N&rsquo;est-ce pas le confort que vous souhaitez pour votre enfant ? <\/p>\n","protected":false},"featured_media":15601,"template":"","meta":[],"product_brand":[],"product_cat":[255],"product_tag":[],"class_list":{"0":"post-18327","1":"product","2":"type-product","3":"status-publish","4":"has-post-thumbnail","6":"product_cat-chaises-fr","8":"first","9":"instock","10":"taxable","11":"shipping-taxable","12":"purchasable","13":"product-type-variable"},"yoast_head":"<!-- This site is optimized with the Yoast SEO plugin v27.2 - https:\/\/yoast.com\/product\/yoast-seo-wordpress\/ -->\n<title>Chaise Junior Bear Chair - The Bear Chair\u00ae<\/title>\n<meta name=\"robots\" content=\"index, follow, max-snippet:-1, max-image-preview:large, max-video-preview:-1\" \/>\n<link rel=\"canonical\" href=\"https:\/\/bearchair.eu\/fr\/chaises-fr\/junior-bear-chair\/\" \/>\n<meta property=\"og:locale\" content=\"fr_FR\" \/>\n<meta property=\"og:type\" content=\"article\" \/>\n<meta property=\"og:title\" content=\"Chaise Junior Bear Chair - The Bear Chair\u00ae\" \/>\n<meta property=\"og:description\" content=\"La chaise originale Bear Chair\u00ae, mais pour les petits ! N&#039;est-ce pas le confort que vous souhaitez pour votre enfant ?\" \/>\n<meta property=\"og:url\" content=\"https:\/\/bearchair.eu\/fr\/chaises-fr\/junior-bear-chair\/\" \/>\n<meta property=\"og:site_name\" content=\"The Bear Chair\u00ae\" \/>\n<meta property=\"article:modified_time\" content=\"2025-04-25T09:58:57+00:00\" \/>\n<meta property=\"og:image\" content=\"https:\/\/bearchair.eu\/wp-content\/uploads\/2024\/05\/Untitled-design-4.png\" \/>\n\t<meta property=\"og:image:width\" content=\"720\" \/>\n\t<meta property=\"og:image:height\" content=\"960\" \/>\n\t<meta property=\"og:image:type\" content=\"image\/png\" \/>\n<meta name=\"twitter:card\" content=\"summary_large_image\" \/>\n<meta name=\"twitter:label1\" content=\"Dur\u00e9e de lecture estim\u00e9e\" \/>\n\t<meta name=\"twitter:data1\" content=\"1 minute\" \/>\n<script type=\"application\/ld+json\" class=\"yoast-schema-graph\">{\"@context\":\"https:\/\/schema.org\",\"@graph\":[{\"@type\":\"WebPage\",\"@id\":\"https:\/\/bearchair.eu\/fr\/chaises-fr\/junior-bear-chair\/\",\"url\":\"https:\/\/bearchair.eu\/fr\/chaises-fr\/junior-bear-chair\/\",\"name\":\"Chaise Junior Bear Chair - The Bear Chair\u00ae\",\"isPartOf\":{\"@id\":\"https:\/\/bearchair.eu\/fr\/#website\"},\"primaryImageOfPage\":{\"@id\":\"https:\/\/bearchair.eu\/fr\/chaises-fr\/junior-bear-chair\/#primaryimage\"},\"image\":{\"@id\":\"https:\/\/bearchair.eu\/fr\/chaises-fr\/junior-bear-chair\/#primaryimage\"},\"thumbnailUrl\":\"https:\/\/bearchair.eu\/wp-content\/uploads\/2024\/05\/Untitled-design-4.png\",\"datePublished\":\"2024-05-03T10:09:45+00:00\",\"dateModified\":\"2025-04-25T09:58:57+00:00\",\"breadcrumb\":{\"@id\":\"https:\/\/bearchair.eu\/fr\/chaises-fr\/junior-bear-chair\/#breadcrumb\"},\"inLanguage\":\"fr-FR\",\"potentialAction\":[{\"@type\":\"ReadAction\",\"target\":[\"https:\/\/bearchair.eu\/fr\/chaises-fr\/junior-bear-chair\/\"]}]},{\"@type\":\"ImageObject\",\"inLanguage\":\"fr-FR\",\"@id\":\"https:\/\/bearchair.eu\/fr\/chaises-fr\/junior-bear-chair\/#primaryimage\",\"url\":\"https:\/\/bearchair.eu\/wp-content\/uploads\/2024\/05\/Untitled-design-4.png\",\"contentUrl\":\"https:\/\/bearchair.eu\/wp-content\/uploads\/2024\/05\/Untitled-design-4.png\",\"width\":720,\"height\":960},{\"@type\":\"BreadcrumbList\",\"@id\":\"https:\/\/bearchair.eu\/fr\/chaises-fr\/junior-bear-chair\/#breadcrumb\",\"itemListElement\":[{\"@type\":\"ListItem\",\"position\":1,\"name\":\"Home\",\"item\":\"https:\/\/bearchair.eu\/fr\/accueil\/\"},{\"@type\":\"ListItem\",\"position\":2,\"name\":\"Boutique\",\"item\":\"https:\/\/bearchair.eu\/fr\/boutique\/\"},{\"@type\":\"ListItem\",\"position\":3,\"name\":\"Chaise Junior Bear Chair\"}]},{\"@type\":\"WebSite\",\"@id\":\"https:\/\/bearchair.eu\/fr\/#website\",\"url\":\"https:\/\/bearchair.eu\/fr\/\",\"name\":\"The Bear Chair\",\"description\":\"\",\"publisher\":{\"@id\":\"https:\/\/bearchair.eu\/fr\/#organization\"},\"potentialAction\":[{\"@type\":\"SearchAction\",\"target\":{\"@type\":\"EntryPoint\",\"urlTemplate\":\"https:\/\/bearchair.eu\/fr\/?s={search_term_string}\"},\"query-input\":{\"@type\":\"PropertyValueSpecification\",\"valueRequired\":true,\"valueName\":\"search_term_string\"}}],\"inLanguage\":\"fr-FR\"},{\"@type\":\"Organization\",\"@id\":\"https:\/\/bearchair.eu\/fr\/#organization\",\"name\":\"La chaise de l'ours\",\"url\":\"https:\/\/bearchair.eu\/fr\/\",\"logo\":{\"@type\":\"ImageObject\",\"inLanguage\":\"fr-FR\",\"@id\":\"https:\/\/bearchair.eu\/fr\/#\/schema\/logo\/image\/\",\"url\":\"https:\/\/new.bearchair.eu\/wp-content\/uploads\/2024\/05\/BearChairIcon.png\",\"contentUrl\":\"https:\/\/new.bearchair.eu\/wp-content\/uploads\/2024\/05\/BearChairIcon.png\",\"width\":512,\"height\":512,\"caption\":\"La chaise de l'ours\"},\"image\":{\"@id\":\"https:\/\/bearchair.eu\/fr\/#\/schema\/logo\/image\/\"}}]}<\/script>\n<!-- \/ Yoast SEO plugin. -->","yoast_head_json":{"title":"Chaise Junior Bear Chair - The Bear Chair\u00ae","robots":{"index":"index","follow":"follow","max-snippet":"max-snippet:-1","max-image-preview":"max-image-preview:large","max-video-preview":"max-video-preview:-1"},"canonical":"https:\/\/bearchair.eu\/fr\/chaises-fr\/junior-bear-chair\/","og_locale":"fr_FR","og_type":"article","og_title":"Chaise Junior Bear Chair - The Bear Chair\u00ae","og_description":"La chaise originale Bear Chair\u00ae, mais pour les petits ! N'est-ce pas le confort que vous souhaitez pour votre enfant ?","og_url":"https:\/\/bearchair.eu\/fr\/chaises-fr\/junior-bear-chair\/","og_site_name":"The Bear Chair\u00ae","article_modified_time":"2025-04-25T09:58:57+00:00","og_image":[{"width":720,"height":960,"url":"https:\/\/bearchair.eu\/wp-content\/uploads\/2024\/05\/Untitled-design-4.png","type":"image\/png"}],"twitter_card":"summary_large_image","twitter_misc":{"Dur\u00e9e de lecture estim\u00e9e":"1 minute"},"schema":{"@context":"https:\/\/schema.org","@graph":[{"@type":"WebPage","@id":"https:\/\/bearchair.eu\/fr\/chaises-fr\/junior-bear-chair\/","url":"https:\/\/bearchair.eu\/fr\/chaises-fr\/junior-bear-chair\/","name":"Chaise Junior Bear Chair - The Bear Chair\u00ae","isPartOf":{"@id":"https:\/\/bearchair.eu\/fr\/#website"},"primaryImageOfPage":{"@id":"https:\/\/bearchair.eu\/fr\/chaises-fr\/junior-bear-chair\/#primaryimage"},"image":{"@id":"https:\/\/bearchair.eu\/fr\/chaises-fr\/junior-bear-chair\/#primaryimage"},"thumbnailUrl":"https:\/\/bearchair.eu\/wp-content\/uploads\/2024\/05\/Untitled-design-4.png","datePublished":"2024-05-03T10:09:45+00:00","dateModified":"2025-04-25T09:58:57+00:00","breadcrumb":{"@id":"https:\/\/bearchair.eu\/fr\/chaises-fr\/junior-bear-chair\/#breadcrumb"},"inLanguage":"fr-FR","potentialAction":[{"@type":"ReadAction","target":["https:\/\/bearchair.eu\/fr\/chaises-fr\/junior-bear-chair\/"]}]},{"@type":"ImageObject","inLanguage":"fr-FR","@id":"https:\/\/bearchair.eu\/fr\/chaises-fr\/junior-bear-chair\/#primaryimage","url":"https:\/\/bearchair.eu\/wp-content\/uploads\/2024\/05\/Untitled-design-4.png","contentUrl":"https:\/\/bearchair.eu\/wp-content\/uploads\/2024\/05\/Untitled-design-4.png","width":720,"height":960},{"@type":"BreadcrumbList","@id":"https:\/\/bearchair.eu\/fr\/chaises-fr\/junior-bear-chair\/#breadcrumb","itemListElement":[{"@type":"ListItem","position":1,"name":"Home","item":"https:\/\/bearchair.eu\/fr\/accueil\/"},{"@type":"ListItem","position":2,"name":"Boutique","item":"https:\/\/bearchair.eu\/fr\/boutique\/"},{"@type":"ListItem","position":3,"name":"Chaise Junior Bear Chair"}]},{"@type":"WebSite","@id":"https:\/\/bearchair.eu\/fr\/#website","url":"https:\/\/bearchair.eu\/fr\/","name":"The Bear Chair","description":"","publisher":{"@id":"https:\/\/bearchair.eu\/fr\/#organization"},"potentialAction":[{"@type":"SearchAction","target":{"@type":"EntryPoint","urlTemplate":"https:\/\/bearchair.eu\/fr\/?s={search_term_string}"},"query-input":{"@type":"PropertyValueSpecification","valueRequired":true,"valueName":"search_term_string"}}],"inLanguage":"fr-FR"},{"@type":"Organization","@id":"https:\/\/bearchair.eu\/fr\/#organization","name":"La chaise de l'ours","url":"https:\/\/bearchair.eu\/fr\/","logo":{"@type":"ImageObject","inLanguage":"fr-FR","@id":"https:\/\/bearchair.eu\/fr\/#\/schema\/logo\/image\/","url":"https:\/\/new.bearchair.eu\/wp-content\/uploads\/2024\/05\/BearChairIcon.png","contentUrl":"https:\/\/new.bearchair.eu\/wp-content\/uploads\/2024\/05\/BearChairIcon.png","width":512,"height":512,"caption":"La chaise de l'ours"},"image":{"@id":"https:\/\/bearchair.eu\/fr\/#\/schema\/logo\/image\/"}}]}},"_links":{"self":[{"href":"https:\/\/bearchair.eu\/fr\/wp-json\/wp\/v2\/product\/18327","targetHints":{"allow":["GET"]}}],"collection":[{"href":"https:\/\/bearchair.eu\/fr\/wp-json\/wp\/v2\/product"}],"about":[{"href":"https:\/\/bearchair.eu\/fr\/wp-json\/wp\/v2\/types\/product"}],"wp:featuredmedia":[{"embeddable":true,"href":"https:\/\/bearchair.eu\/fr\/wp-json\/wp\/v2\/media\/15601"}],"wp:attachment":[{"href":"https:\/\/bearchair.eu\/fr\/wp-json\/wp\/v2\/media?parent=18327"}],"wp:term":[{"taxonomy":"product_brand","embeddable":true,"href":"https:\/\/bearchair.eu\/fr\/wp-json\/wp\/v2\/product_brand?post=18327"},{"taxonomy":"product_cat","embeddable":true,"href":"https:\/\/bearchair.eu\/fr\/wp-json\/wp\/v2\/product_cat?post=18327"},{"taxonomy":"product_tag","embeddable":true,"href":"https:\/\/bearchair.eu\/fr\/wp-json\/wp\/v2\/product_tag?post=18327"}],"curies":[{"name":"wp","href":"https:\/\/api.w.org\/{rel}","templated":true}]}}