{"id":18496,"date":"2024-05-02T10:08:42","date_gmt":"2024-05-02T10:08:42","guid":{"rendered":"https:\/\/bearchair.eu\/non%20class\u00e9\/reglable-bear-chair-pin\/"},"modified":"2026-03-10T10:24:34","modified_gmt":"2026-03-10T10:24:34","slug":"reglable-bear-chair-pin","status":"publish","type":"product","link":"https:\/\/bearchair.eu\/fr\/mobilier\/reglable-bear-chair-pin\/","title":{"rendered":"R\u00e9glable Bear Chair pin"},"content":{"rendered":"<p>Cette version de The Original Bear Chair est r\u00e9glable et fabriqu\u00e9e en pin.<\/p>\n","protected":false},"excerpt":{"rendered":"<p>R\u00e9glable en 3 positions, y compris en position de repos, de pr\u00e9f\u00e9rence en combinaison avec le <a href=\"https:\/\/bearchair.eu\/stoelen\/voetstoel\/\">\"Foot Chair\" BC 01.<\/a><\/p>\n","protected":false},"featured_media":24671,"template":"","meta":[],"product_brand":[],"product_cat":[255,301],"product_tag":[],"class_list":{"0":"post-18496","1":"product","2":"type-product","3":"status-publish","4":"has-post-thumbnail","6":"product_cat-chaises-fr","7":"product_cat-mobilier","9":"first","10":"instock","11":"taxable","12":"shipping-taxable","13":"purchasable","14":"product-type-variable"},"yoast_head":"<!-- This site is optimized with the Yoast SEO plugin v27.2 - https:\/\/yoast.com\/product\/yoast-seo-wordpress\/ -->\n<title>R\u00e9glable Bear Chair pin - The Bear Chair\u00ae<\/title>\n<meta name=\"robots\" content=\"index, follow, max-snippet:-1, max-image-preview:large, max-video-preview:-1\" \/>\n<link rel=\"canonical\" href=\"https:\/\/bearchair.eu\/fr\/mobilier\/reglable-bear-chair-pin\/\" \/>\n<meta property=\"og:locale\" content=\"fr_FR\" \/>\n<meta property=\"og:type\" content=\"article\" \/>\n<meta property=\"og:title\" content=\"R\u00e9glable Bear Chair pin - The Bear Chair\u00ae\" \/>\n<meta property=\"og:description\" content=\"R\u00e9glable en 3 positions, y compris en position de repos, de pr\u00e9f\u00e9rence en combinaison avec le &quot;Foot Chair&quot; BC 01.\" \/>\n<meta property=\"og:url\" content=\"https:\/\/bearchair.eu\/fr\/mobilier\/reglable-bear-chair-pin\/\" \/>\n<meta property=\"og:site_name\" content=\"The Bear Chair\u00ae\" \/>\n<meta property=\"article:modified_time\" content=\"2026-03-10T10:24:34+00:00\" \/>\n<meta property=\"og:image\" content=\"https:\/\/bearchair.eu\/wp-content\/uploads\/2024\/05\/BC500P-tbv-Mediahuis-1.webp\" \/>\n\t<meta property=\"og:image:width\" content=\"1200\" \/>\n\t<meta property=\"og:image:height\" content=\"900\" \/>\n\t<meta property=\"og:image:type\" content=\"image\/webp\" \/>\n<meta name=\"twitter:card\" content=\"summary_large_image\" \/>\n<script type=\"application\/ld+json\" class=\"yoast-schema-graph\">{\"@context\":\"https:\/\/schema.org\",\"@graph\":[{\"@type\":\"WebPage\",\"@id\":\"https:\/\/bearchair.eu\/fr\/mobilier\/reglable-bear-chair-pin\/\",\"url\":\"https:\/\/bearchair.eu\/fr\/mobilier\/reglable-bear-chair-pin\/\",\"name\":\"R\u00e9glable Bear Chair pin - The Bear Chair\u00ae\",\"isPartOf\":{\"@id\":\"https:\/\/bearchair.eu\/fr\/#website\"},\"primaryImageOfPage\":{\"@id\":\"https:\/\/bearchair.eu\/fr\/mobilier\/reglable-bear-chair-pin\/#primaryimage\"},\"image\":{\"@id\":\"https:\/\/bearchair.eu\/fr\/mobilier\/reglable-bear-chair-pin\/#primaryimage\"},\"thumbnailUrl\":\"https:\/\/bearchair.eu\/wp-content\/uploads\/2024\/05\/BC500P-tbv-Mediahuis-1.webp\",\"datePublished\":\"2024-05-02T10:08:42+00:00\",\"dateModified\":\"2026-03-10T10:24:34+00:00\",\"breadcrumb\":{\"@id\":\"https:\/\/bearchair.eu\/fr\/mobilier\/reglable-bear-chair-pin\/#breadcrumb\"},\"inLanguage\":\"fr-FR\",\"potentialAction\":[{\"@type\":\"ReadAction\",\"target\":[\"https:\/\/bearchair.eu\/fr\/mobilier\/reglable-bear-chair-pin\/\"]}]},{\"@type\":\"ImageObject\",\"inLanguage\":\"fr-FR\",\"@id\":\"https:\/\/bearchair.eu\/fr\/mobilier\/reglable-bear-chair-pin\/#primaryimage\",\"url\":\"https:\/\/bearchair.eu\/wp-content\/uploads\/2024\/05\/BC500P-tbv-Mediahuis-1.webp\",\"contentUrl\":\"https:\/\/bearchair.eu\/wp-content\/uploads\/2024\/05\/BC500P-tbv-Mediahuis-1.webp\",\"width\":1200,\"height\":900},{\"@type\":\"BreadcrumbList\",\"@id\":\"https:\/\/bearchair.eu\/fr\/mobilier\/reglable-bear-chair-pin\/#breadcrumb\",\"itemListElement\":[{\"@type\":\"ListItem\",\"position\":1,\"name\":\"Accueil\",\"item\":\"https:\/\/bearchair.eu\/fr\/accueil\/\"},{\"@type\":\"ListItem\",\"position\":2,\"name\":\"Boutique\",\"item\":\"https:\/\/bearchair.eu\/fr\/boutique\/\"},{\"@type\":\"ListItem\",\"position\":3,\"name\":\"R\u00e9glable Bear Chair pin\"}]},{\"@type\":\"WebSite\",\"@id\":\"https:\/\/bearchair.eu\/fr\/#website\",\"url\":\"https:\/\/bearchair.eu\/fr\/\",\"name\":\"The Bear Chair\",\"description\":\"\",\"publisher\":{\"@id\":\"https:\/\/bearchair.eu\/fr\/#organization\"},\"potentialAction\":[{\"@type\":\"SearchAction\",\"target\":{\"@type\":\"EntryPoint\",\"urlTemplate\":\"https:\/\/bearchair.eu\/fr\/?s={search_term_string}\"},\"query-input\":{\"@type\":\"PropertyValueSpecification\",\"valueRequired\":true,\"valueName\":\"search_term_string\"}}],\"inLanguage\":\"fr-FR\"},{\"@type\":\"Organization\",\"@id\":\"https:\/\/bearchair.eu\/fr\/#organization\",\"name\":\"La chaise de l'ours\",\"url\":\"https:\/\/bearchair.eu\/fr\/\",\"logo\":{\"@type\":\"ImageObject\",\"inLanguage\":\"fr-FR\",\"@id\":\"https:\/\/bearchair.eu\/fr\/#\/schema\/logo\/image\/\",\"url\":\"https:\/\/new.bearchair.eu\/wp-content\/uploads\/2024\/05\/BearChairIcon.png\",\"contentUrl\":\"https:\/\/new.bearchair.eu\/wp-content\/uploads\/2024\/05\/BearChairIcon.png\",\"width\":512,\"height\":512,\"caption\":\"La chaise de l'ours\"},\"image\":{\"@id\":\"https:\/\/bearchair.eu\/fr\/#\/schema\/logo\/image\/\"}}]}<\/script>\n<!-- \/ Yoast SEO plugin. -->","yoast_head_json":{"title":"R\u00e9glable Bear Chair pin - The Bear Chair\u00ae","robots":{"index":"index","follow":"follow","max-snippet":"max-snippet:-1","max-image-preview":"max-image-preview:large","max-video-preview":"max-video-preview:-1"},"canonical":"https:\/\/bearchair.eu\/fr\/mobilier\/reglable-bear-chair-pin\/","og_locale":"fr_FR","og_type":"article","og_title":"R\u00e9glable Bear Chair pin - The Bear Chair\u00ae","og_description":"R\u00e9glable en 3 positions, y compris en position de repos, de pr\u00e9f\u00e9rence en combinaison avec le \"Foot Chair\" BC 01.","og_url":"https:\/\/bearchair.eu\/fr\/mobilier\/reglable-bear-chair-pin\/","og_site_name":"The Bear Chair\u00ae","article_modified_time":"2026-03-10T10:24:34+00:00","og_image":[{"width":1200,"height":900,"url":"https:\/\/bearchair.eu\/wp-content\/uploads\/2024\/05\/BC500P-tbv-Mediahuis-1.webp","type":"image\/webp"}],"twitter_card":"summary_large_image","schema":{"@context":"https:\/\/schema.org","@graph":[{"@type":"WebPage","@id":"https:\/\/bearchair.eu\/fr\/mobilier\/reglable-bear-chair-pin\/","url":"https:\/\/bearchair.eu\/fr\/mobilier\/reglable-bear-chair-pin\/","name":"R\u00e9glable Bear Chair pin - The Bear Chair\u00ae","isPartOf":{"@id":"https:\/\/bearchair.eu\/fr\/#website"},"primaryImageOfPage":{"@id":"https:\/\/bearchair.eu\/fr\/mobilier\/reglable-bear-chair-pin\/#primaryimage"},"image":{"@id":"https:\/\/bearchair.eu\/fr\/mobilier\/reglable-bear-chair-pin\/#primaryimage"},"thumbnailUrl":"https:\/\/bearchair.eu\/wp-content\/uploads\/2024\/05\/BC500P-tbv-Mediahuis-1.webp","datePublished":"2024-05-02T10:08:42+00:00","dateModified":"2026-03-10T10:24:34+00:00","breadcrumb":{"@id":"https:\/\/bearchair.eu\/fr\/mobilier\/reglable-bear-chair-pin\/#breadcrumb"},"inLanguage":"fr-FR","potentialAction":[{"@type":"ReadAction","target":["https:\/\/bearchair.eu\/fr\/mobilier\/reglable-bear-chair-pin\/"]}]},{"@type":"ImageObject","inLanguage":"fr-FR","@id":"https:\/\/bearchair.eu\/fr\/mobilier\/reglable-bear-chair-pin\/#primaryimage","url":"https:\/\/bearchair.eu\/wp-content\/uploads\/2024\/05\/BC500P-tbv-Mediahuis-1.webp","contentUrl":"https:\/\/bearchair.eu\/wp-content\/uploads\/2024\/05\/BC500P-tbv-Mediahuis-1.webp","width":1200,"height":900},{"@type":"BreadcrumbList","@id":"https:\/\/bearchair.eu\/fr\/mobilier\/reglable-bear-chair-pin\/#breadcrumb","itemListElement":[{"@type":"ListItem","position":1,"name":"Accueil","item":"https:\/\/bearchair.eu\/fr\/accueil\/"},{"@type":"ListItem","position":2,"name":"Boutique","item":"https:\/\/bearchair.eu\/fr\/boutique\/"},{"@type":"ListItem","position":3,"name":"R\u00e9glable Bear Chair pin"}]},{"@type":"WebSite","@id":"https:\/\/bearchair.eu\/fr\/#website","url":"https:\/\/bearchair.eu\/fr\/","name":"The Bear Chair","description":"","publisher":{"@id":"https:\/\/bearchair.eu\/fr\/#organization"},"potentialAction":[{"@type":"SearchAction","target":{"@type":"EntryPoint","urlTemplate":"https:\/\/bearchair.eu\/fr\/?s={search_term_string}"},"query-input":{"@type":"PropertyValueSpecification","valueRequired":true,"valueName":"search_term_string"}}],"inLanguage":"fr-FR"},{"@type":"Organization","@id":"https:\/\/bearchair.eu\/fr\/#organization","name":"La chaise de l'ours","url":"https:\/\/bearchair.eu\/fr\/","logo":{"@type":"ImageObject","inLanguage":"fr-FR","@id":"https:\/\/bearchair.eu\/fr\/#\/schema\/logo\/image\/","url":"https:\/\/new.bearchair.eu\/wp-content\/uploads\/2024\/05\/BearChairIcon.png","contentUrl":"https:\/\/new.bearchair.eu\/wp-content\/uploads\/2024\/05\/BearChairIcon.png","width":512,"height":512,"caption":"La chaise de l'ours"},"image":{"@id":"https:\/\/bearchair.eu\/fr\/#\/schema\/logo\/image\/"}}]}},"_links":{"self":[{"href":"https:\/\/bearchair.eu\/fr\/wp-json\/wp\/v2\/product\/18496","targetHints":{"allow":["GET"]}}],"collection":[{"href":"https:\/\/bearchair.eu\/fr\/wp-json\/wp\/v2\/product"}],"about":[{"href":"https:\/\/bearchair.eu\/fr\/wp-json\/wp\/v2\/types\/product"}],"wp:featuredmedia":[{"embeddable":true,"href":"https:\/\/bearchair.eu\/fr\/wp-json\/wp\/v2\/media\/24671"}],"wp:attachment":[{"href":"https:\/\/bearchair.eu\/fr\/wp-json\/wp\/v2\/media?parent=18496"}],"wp:term":[{"taxonomy":"product_brand","embeddable":true,"href":"https:\/\/bearchair.eu\/fr\/wp-json\/wp\/v2\/product_brand?post=18496"},{"taxonomy":"product_cat","embeddable":true,"href":"https:\/\/bearchair.eu\/fr\/wp-json\/wp\/v2\/product_cat?post=18496"},{"taxonomy":"product_tag","embeddable":true,"href":"https:\/\/bearchair.eu\/fr\/wp-json\/wp\/v2\/product_tag?post=18496"}],"curies":[{"name":"wp","href":"https:\/\/api.w.org\/{rel}","templated":true}]}}