{"id":18508,"date":"2024-05-02T10:00:38","date_gmt":"2024-05-02T10:00:38","guid":{"rendered":"https:\/\/bearchair.eu\/non class\u00e9\/original-bear-chair-a-moitie-assemble\/"},"modified":"2024-05-02T10:00:38","modified_gmt":"2024-05-02T10:00:38","slug":"original-bear-chair-a-moitie-assemble","status":"publish","type":"product","link":"https:\/\/bearchair.eu\/fr\/restes\/original-bear-chair-a-moitie-assemble\/","title":{"rendered":"Original Bear Chair \u00e0 moiti\u00e9 assembl\u00e9"},"content":{"rendered":"","protected":false},"excerpt":{"rendered":"<p>De retour de la s\u00e9ance photo.<\/p>\n<p>Un confort d&rsquo;assise in\u00e9gal\u00e9 combin\u00e9 \u00e0 de larges accoudoirs pour votre journal, votre magazine ou votre boisson.<\/p>\n","protected":false},"featured_media":11818,"template":"","meta":[],"product_brand":[],"product_cat":[596],"product_tag":[],"class_list":{"0":"post-18508","1":"product","2":"type-product","3":"status-publish","4":"has-post-thumbnail","6":"product_cat-restes","8":"first","9":"outofstock","10":"taxable","11":"shipping-taxable","12":"product-type-simple"},"yoast_head":"<!-- This site is optimized with the Yoast SEO plugin v27.2 - https:\/\/yoast.com\/product\/yoast-seo-wordpress\/ -->\n<title>Original Bear Chair \u00e0 moiti\u00e9 assembl\u00e9 - The Bear Chair\u00ae<\/title>\n<meta name=\"robots\" content=\"index, follow, max-snippet:-1, max-image-preview:large, max-video-preview:-1\" \/>\n<link rel=\"canonical\" href=\"https:\/\/bearchair.eu\/fr\/restes\/original-bear-chair-a-moitie-assemble\/\" \/>\n<meta property=\"og:locale\" content=\"fr_FR\" \/>\n<meta property=\"og:type\" content=\"article\" \/>\n<meta property=\"og:title\" content=\"Original Bear Chair \u00e0 moiti\u00e9 assembl\u00e9 - The Bear Chair\u00ae\" \/>\n<meta property=\"og:description\" content=\"De retour de la s\u00e9ance photo. Un confort d&#039;assise in\u00e9gal\u00e9 combin\u00e9 \u00e0 de larges accoudoirs pour votre journal, votre magazine ou votre boisson.\" \/>\n<meta property=\"og:url\" content=\"https:\/\/bearchair.eu\/fr\/restes\/original-bear-chair-a-moitie-assemble\/\" \/>\n<meta property=\"og:site_name\" content=\"The Bear Chair\u00ae\" \/>\n<meta property=\"og:image\" content=\"https:\/\/bearchair.eu\/wp-content\/uploads\/2024\/08\/Original-Bear-Chair-rest-foto1.webp\" \/>\n\t<meta property=\"og:image:width\" content=\"1000\" \/>\n\t<meta property=\"og:image:height\" content=\"1333\" \/>\n\t<meta property=\"og:image:type\" content=\"image\/webp\" \/>\n<meta name=\"twitter:card\" content=\"summary_large_image\" \/>\n<script type=\"application\/ld+json\" class=\"yoast-schema-graph\">{\"@context\":\"https:\/\/schema.org\",\"@graph\":[{\"@type\":\"WebPage\",\"@id\":\"https:\/\/bearchair.eu\/fr\/restes\/original-bear-chair-a-moitie-assemble\/\",\"url\":\"https:\/\/bearchair.eu\/fr\/restes\/original-bear-chair-a-moitie-assemble\/\",\"name\":\"Original Bear Chair \u00e0 moiti\u00e9 assembl\u00e9 - The Bear Chair\u00ae\",\"isPartOf\":{\"@id\":\"https:\/\/bearchair.eu\/fr\/#website\"},\"primaryImageOfPage\":{\"@id\":\"https:\/\/bearchair.eu\/fr\/restes\/original-bear-chair-a-moitie-assemble\/#primaryimage\"},\"image\":{\"@id\":\"https:\/\/bearchair.eu\/fr\/restes\/original-bear-chair-a-moitie-assemble\/#primaryimage\"},\"thumbnailUrl\":\"https:\/\/bearchair.eu\/wp-content\/uploads\/2024\/08\/Original-Bear-Chair-rest-foto1.webp\",\"datePublished\":\"2024-05-02T10:00:38+00:00\",\"breadcrumb\":{\"@id\":\"https:\/\/bearchair.eu\/fr\/restes\/original-bear-chair-a-moitie-assemble\/#breadcrumb\"},\"inLanguage\":\"fr-FR\",\"potentialAction\":[{\"@type\":\"ReadAction\",\"target\":[\"https:\/\/bearchair.eu\/fr\/restes\/original-bear-chair-a-moitie-assemble\/\"]}]},{\"@type\":\"ImageObject\",\"inLanguage\":\"fr-FR\",\"@id\":\"https:\/\/bearchair.eu\/fr\/restes\/original-bear-chair-a-moitie-assemble\/#primaryimage\",\"url\":\"https:\/\/bearchair.eu\/wp-content\/uploads\/2024\/08\/Original-Bear-Chair-rest-foto1.webp\",\"contentUrl\":\"https:\/\/bearchair.eu\/wp-content\/uploads\/2024\/08\/Original-Bear-Chair-rest-foto1.webp\",\"width\":1000,\"height\":1333},{\"@type\":\"BreadcrumbList\",\"@id\":\"https:\/\/bearchair.eu\/fr\/restes\/original-bear-chair-a-moitie-assemble\/#breadcrumb\",\"itemListElement\":[{\"@type\":\"ListItem\",\"position\":1,\"name\":\"Home\",\"item\":\"https:\/\/bearchair.eu\/fr\/accueil\/\"},{\"@type\":\"ListItem\",\"position\":2,\"name\":\"Boutique\",\"item\":\"https:\/\/bearchair.eu\/fr\/boutique\/\"},{\"@type\":\"ListItem\",\"position\":3,\"name\":\"Original Bear Chair \u00e0 moiti\u00e9 assembl\u00e9\"}]},{\"@type\":\"WebSite\",\"@id\":\"https:\/\/bearchair.eu\/fr\/#website\",\"url\":\"https:\/\/bearchair.eu\/fr\/\",\"name\":\"The Bear Chair\",\"description\":\"\",\"publisher\":{\"@id\":\"https:\/\/bearchair.eu\/fr\/#organization\"},\"potentialAction\":[{\"@type\":\"SearchAction\",\"target\":{\"@type\":\"EntryPoint\",\"urlTemplate\":\"https:\/\/bearchair.eu\/fr\/?s={search_term_string}\"},\"query-input\":{\"@type\":\"PropertyValueSpecification\",\"valueRequired\":true,\"valueName\":\"search_term_string\"}}],\"inLanguage\":\"fr-FR\"},{\"@type\":\"Organization\",\"@id\":\"https:\/\/bearchair.eu\/fr\/#organization\",\"name\":\"La chaise de l'ours\",\"url\":\"https:\/\/bearchair.eu\/fr\/\",\"logo\":{\"@type\":\"ImageObject\",\"inLanguage\":\"fr-FR\",\"@id\":\"https:\/\/bearchair.eu\/fr\/#\/schema\/logo\/image\/\",\"url\":\"https:\/\/new.bearchair.eu\/wp-content\/uploads\/2024\/05\/BearChairIcon.png\",\"contentUrl\":\"https:\/\/new.bearchair.eu\/wp-content\/uploads\/2024\/05\/BearChairIcon.png\",\"width\":512,\"height\":512,\"caption\":\"La chaise de l'ours\"},\"image\":{\"@id\":\"https:\/\/bearchair.eu\/fr\/#\/schema\/logo\/image\/\"}}]}<\/script>\n<!-- \/ Yoast SEO plugin. -->","yoast_head_json":{"title":"Original Bear Chair \u00e0 moiti\u00e9 assembl\u00e9 - The Bear Chair\u00ae","robots":{"index":"index","follow":"follow","max-snippet":"max-snippet:-1","max-image-preview":"max-image-preview:large","max-video-preview":"max-video-preview:-1"},"canonical":"https:\/\/bearchair.eu\/fr\/restes\/original-bear-chair-a-moitie-assemble\/","og_locale":"fr_FR","og_type":"article","og_title":"Original Bear Chair \u00e0 moiti\u00e9 assembl\u00e9 - The Bear Chair\u00ae","og_description":"De retour de la s\u00e9ance photo. Un confort d'assise in\u00e9gal\u00e9 combin\u00e9 \u00e0 de larges accoudoirs pour votre journal, votre magazine ou votre boisson.","og_url":"https:\/\/bearchair.eu\/fr\/restes\/original-bear-chair-a-moitie-assemble\/","og_site_name":"The Bear Chair\u00ae","og_image":[{"width":1000,"height":1333,"url":"https:\/\/bearchair.eu\/wp-content\/uploads\/2024\/08\/Original-Bear-Chair-rest-foto1.webp","type":"image\/webp"}],"twitter_card":"summary_large_image","schema":{"@context":"https:\/\/schema.org","@graph":[{"@type":"WebPage","@id":"https:\/\/bearchair.eu\/fr\/restes\/original-bear-chair-a-moitie-assemble\/","url":"https:\/\/bearchair.eu\/fr\/restes\/original-bear-chair-a-moitie-assemble\/","name":"Original Bear Chair \u00e0 moiti\u00e9 assembl\u00e9 - The Bear Chair\u00ae","isPartOf":{"@id":"https:\/\/bearchair.eu\/fr\/#website"},"primaryImageOfPage":{"@id":"https:\/\/bearchair.eu\/fr\/restes\/original-bear-chair-a-moitie-assemble\/#primaryimage"},"image":{"@id":"https:\/\/bearchair.eu\/fr\/restes\/original-bear-chair-a-moitie-assemble\/#primaryimage"},"thumbnailUrl":"https:\/\/bearchair.eu\/wp-content\/uploads\/2024\/08\/Original-Bear-Chair-rest-foto1.webp","datePublished":"2024-05-02T10:00:38+00:00","breadcrumb":{"@id":"https:\/\/bearchair.eu\/fr\/restes\/original-bear-chair-a-moitie-assemble\/#breadcrumb"},"inLanguage":"fr-FR","potentialAction":[{"@type":"ReadAction","target":["https:\/\/bearchair.eu\/fr\/restes\/original-bear-chair-a-moitie-assemble\/"]}]},{"@type":"ImageObject","inLanguage":"fr-FR","@id":"https:\/\/bearchair.eu\/fr\/restes\/original-bear-chair-a-moitie-assemble\/#primaryimage","url":"https:\/\/bearchair.eu\/wp-content\/uploads\/2024\/08\/Original-Bear-Chair-rest-foto1.webp","contentUrl":"https:\/\/bearchair.eu\/wp-content\/uploads\/2024\/08\/Original-Bear-Chair-rest-foto1.webp","width":1000,"height":1333},{"@type":"BreadcrumbList","@id":"https:\/\/bearchair.eu\/fr\/restes\/original-bear-chair-a-moitie-assemble\/#breadcrumb","itemListElement":[{"@type":"ListItem","position":1,"name":"Home","item":"https:\/\/bearchair.eu\/fr\/accueil\/"},{"@type":"ListItem","position":2,"name":"Boutique","item":"https:\/\/bearchair.eu\/fr\/boutique\/"},{"@type":"ListItem","position":3,"name":"Original Bear Chair \u00e0 moiti\u00e9 assembl\u00e9"}]},{"@type":"WebSite","@id":"https:\/\/bearchair.eu\/fr\/#website","url":"https:\/\/bearchair.eu\/fr\/","name":"The Bear Chair","description":"","publisher":{"@id":"https:\/\/bearchair.eu\/fr\/#organization"},"potentialAction":[{"@type":"SearchAction","target":{"@type":"EntryPoint","urlTemplate":"https:\/\/bearchair.eu\/fr\/?s={search_term_string}"},"query-input":{"@type":"PropertyValueSpecification","valueRequired":true,"valueName":"search_term_string"}}],"inLanguage":"fr-FR"},{"@type":"Organization","@id":"https:\/\/bearchair.eu\/fr\/#organization","name":"La chaise de l'ours","url":"https:\/\/bearchair.eu\/fr\/","logo":{"@type":"ImageObject","inLanguage":"fr-FR","@id":"https:\/\/bearchair.eu\/fr\/#\/schema\/logo\/image\/","url":"https:\/\/new.bearchair.eu\/wp-content\/uploads\/2024\/05\/BearChairIcon.png","contentUrl":"https:\/\/new.bearchair.eu\/wp-content\/uploads\/2024\/05\/BearChairIcon.png","width":512,"height":512,"caption":"La chaise de l'ours"},"image":{"@id":"https:\/\/bearchair.eu\/fr\/#\/schema\/logo\/image\/"}}]}},"_links":{"self":[{"href":"https:\/\/bearchair.eu\/fr\/wp-json\/wp\/v2\/product\/18508","targetHints":{"allow":["GET"]}}],"collection":[{"href":"https:\/\/bearchair.eu\/fr\/wp-json\/wp\/v2\/product"}],"about":[{"href":"https:\/\/bearchair.eu\/fr\/wp-json\/wp\/v2\/types\/product"}],"wp:featuredmedia":[{"embeddable":true,"href":"https:\/\/bearchair.eu\/fr\/wp-json\/wp\/v2\/media\/11818"}],"wp:attachment":[{"href":"https:\/\/bearchair.eu\/fr\/wp-json\/wp\/v2\/media?parent=18508"}],"wp:term":[{"taxonomy":"product_brand","embeddable":true,"href":"https:\/\/bearchair.eu\/fr\/wp-json\/wp\/v2\/product_brand?post=18508"},{"taxonomy":"product_cat","embeddable":true,"href":"https:\/\/bearchair.eu\/fr\/wp-json\/wp\/v2\/product_cat?post=18508"},{"taxonomy":"product_tag","embeddable":true,"href":"https:\/\/bearchair.eu\/fr\/wp-json\/wp\/v2\/product_tag?post=18508"}],"curies":[{"name":"wp","href":"https:\/\/api.w.org\/{rel}","templated":true}]}}