{"id":18530,"date":"2024-05-03T10:10:32","date_gmt":"2024-05-03T10:10:32","guid":{"rendered":"https:\/\/bearchair.eu\/non%20class\u00e9\/royal-bear-chair-avec-logo\/"},"modified":"2025-04-25T09:50:38","modified_gmt":"2025-04-25T09:50:38","slug":"royal-bear-chair-avec-logo","status":"publish","type":"product","link":"https:\/\/bearchair.eu\/fr\/chaises-fr\/royal-bear-chair-avec-logo\/","title":{"rendered":"Chaise Royal Bear Chair\u00ae avec logo"},"content":{"rendered":"<p>Cette chaise Royal Bear Chair\u00ae est encore plus sp\u00e9ciale : vous pouvez la faire imprimer avec le logo de votre entreprise. Vous b\u00e9n\u00e9ficiez ainsi de la robustesse et du confort de la chaise Royal Bear Chair\u00ae dans le style de votre marque ! <\/p>\n<p>Contactez-nous pour conna\u00eetre les possibilit\u00e9s de pr\u00e9senter votre marque de mani\u00e8re unique avec cette chaise de jardin exclusive.<\/p>\n<p><strong>Dimensions :  <\/strong><\/p>\n<ul>\n<li>Hauteur : 96 cm<\/li>\n<li>Largeur : 85 cm<\/li>\n<li>Profondeur : 90 cm<\/li>\n<\/ul>\n<p><strong>Poids :<\/strong> 12,5 kg<\/p>\n","protected":false},"excerpt":{"rendered":"<p>Outre la chaise Royal Bear Chair\u00ae avec impression photo, il est \u00e9galement possible d&rsquo;imprimer une chaise avec votre logo. Vous disposez ainsi d&rsquo;une chaise solide et confortable qui constitue en m\u00eame temps un puissant outil de promotion de votre marque ! <\/p>\n<p>&nbsp;<\/p>\n","protected":false},"featured_media":15296,"template":"","meta":[],"product_brand":[],"product_cat":[255,301],"product_tag":[],"class_list":{"0":"post-18530","1":"product","2":"type-product","3":"status-publish","4":"has-post-thumbnail","6":"product_cat-chaises-fr","7":"product_cat-mobilier","9":"first","10":"instock","11":"featured","12":"taxable","13":"shipping-taxable","14":"product-type-simple"},"yoast_head":"<!-- This site is optimized with the Yoast SEO plugin v27.2 - https:\/\/yoast.com\/product\/yoast-seo-wordpress\/ -->\n<title>Chaise Royal Bear Chair\u00ae avec logo - The Bear Chair\u00ae<\/title>\n<meta name=\"robots\" content=\"index, follow, max-snippet:-1, max-image-preview:large, max-video-preview:-1\" \/>\n<link rel=\"canonical\" href=\"https:\/\/bearchair.eu\/fr\/chaises-fr\/royal-bear-chair-avec-logo\/\" \/>\n<meta property=\"og:locale\" content=\"fr_FR\" \/>\n<meta property=\"og:type\" content=\"article\" \/>\n<meta property=\"og:title\" content=\"Chaise Royal Bear Chair\u00ae avec logo - The Bear Chair\u00ae\" \/>\n<meta property=\"og:description\" content=\"Outre la chaise Royal Bear Chair\u00ae avec impression photo, il est \u00e9galement possible d&#039;imprimer une chaise avec votre logo. Vous disposez ainsi d&#039;une chaise solide et confortable qui constitue en m\u00eame temps un puissant outil de promotion de votre marque !  &nbsp;\" \/>\n<meta property=\"og:url\" content=\"https:\/\/bearchair.eu\/fr\/chaises-fr\/royal-bear-chair-avec-logo\/\" \/>\n<meta property=\"og:site_name\" content=\"The Bear Chair\u00ae\" \/>\n<meta property=\"article:modified_time\" content=\"2025-04-25T09:50:38+00:00\" \/>\n<meta property=\"og:image\" content=\"https:\/\/bearchair.eu\/wp-content\/uploads\/2024\/05\/rug-royal-Accor-5-scaled.jpg\" \/>\n\t<meta property=\"og:image:width\" content=\"1920\" \/>\n\t<meta property=\"og:image:height\" content=\"2560\" \/>\n\t<meta property=\"og:image:type\" content=\"image\/jpeg\" \/>\n<meta name=\"twitter:card\" content=\"summary_large_image\" \/>\n<script type=\"application\/ld+json\" class=\"yoast-schema-graph\">{\"@context\":\"https:\/\/schema.org\",\"@graph\":[{\"@type\":\"WebPage\",\"@id\":\"https:\/\/bearchair.eu\/fr\/chaises-fr\/royal-bear-chair-avec-logo\/\",\"url\":\"https:\/\/bearchair.eu\/fr\/chaises-fr\/royal-bear-chair-avec-logo\/\",\"name\":\"Chaise Royal Bear Chair\u00ae avec logo - The Bear Chair\u00ae\",\"isPartOf\":{\"@id\":\"https:\/\/bearchair.eu\/fr\/#website\"},\"primaryImageOfPage\":{\"@id\":\"https:\/\/bearchair.eu\/fr\/chaises-fr\/royal-bear-chair-avec-logo\/#primaryimage\"},\"image\":{\"@id\":\"https:\/\/bearchair.eu\/fr\/chaises-fr\/royal-bear-chair-avec-logo\/#primaryimage\"},\"thumbnailUrl\":\"https:\/\/bearchair.eu\/wp-content\/uploads\/2024\/05\/rug-royal-Accor-5-scaled.jpg\",\"datePublished\":\"2024-05-03T10:10:32+00:00\",\"dateModified\":\"2025-04-25T09:50:38+00:00\",\"breadcrumb\":{\"@id\":\"https:\/\/bearchair.eu\/fr\/chaises-fr\/royal-bear-chair-avec-logo\/#breadcrumb\"},\"inLanguage\":\"fr-FR\",\"potentialAction\":[{\"@type\":\"ReadAction\",\"target\":[\"https:\/\/bearchair.eu\/fr\/chaises-fr\/royal-bear-chair-avec-logo\/\"]}]},{\"@type\":\"ImageObject\",\"inLanguage\":\"fr-FR\",\"@id\":\"https:\/\/bearchair.eu\/fr\/chaises-fr\/royal-bear-chair-avec-logo\/#primaryimage\",\"url\":\"https:\/\/bearchair.eu\/wp-content\/uploads\/2024\/05\/rug-royal-Accor-5-scaled.jpg\",\"contentUrl\":\"https:\/\/bearchair.eu\/wp-content\/uploads\/2024\/05\/rug-royal-Accor-5-scaled.jpg\",\"width\":1920,\"height\":2560},{\"@type\":\"BreadcrumbList\",\"@id\":\"https:\/\/bearchair.eu\/fr\/chaises-fr\/royal-bear-chair-avec-logo\/#breadcrumb\",\"itemListElement\":[{\"@type\":\"ListItem\",\"position\":1,\"name\":\"Accueil\",\"item\":\"https:\/\/bearchair.eu\/fr\/accueil\/\"},{\"@type\":\"ListItem\",\"position\":2,\"name\":\"Boutique\",\"item\":\"https:\/\/bearchair.eu\/fr\/boutique\/\"},{\"@type\":\"ListItem\",\"position\":3,\"name\":\"Chaise Royal Bear Chair\u00ae avec logo\"}]},{\"@type\":\"WebSite\",\"@id\":\"https:\/\/bearchair.eu\/fr\/#website\",\"url\":\"https:\/\/bearchair.eu\/fr\/\",\"name\":\"The Bear Chair\",\"description\":\"\",\"publisher\":{\"@id\":\"https:\/\/bearchair.eu\/fr\/#organization\"},\"potentialAction\":[{\"@type\":\"SearchAction\",\"target\":{\"@type\":\"EntryPoint\",\"urlTemplate\":\"https:\/\/bearchair.eu\/fr\/?s={search_term_string}\"},\"query-input\":{\"@type\":\"PropertyValueSpecification\",\"valueRequired\":true,\"valueName\":\"search_term_string\"}}],\"inLanguage\":\"fr-FR\"},{\"@type\":\"Organization\",\"@id\":\"https:\/\/bearchair.eu\/fr\/#organization\",\"name\":\"La chaise de l'ours\",\"url\":\"https:\/\/bearchair.eu\/fr\/\",\"logo\":{\"@type\":\"ImageObject\",\"inLanguage\":\"fr-FR\",\"@id\":\"https:\/\/bearchair.eu\/fr\/#\/schema\/logo\/image\/\",\"url\":\"https:\/\/new.bearchair.eu\/wp-content\/uploads\/2024\/05\/BearChairIcon.png\",\"contentUrl\":\"https:\/\/new.bearchair.eu\/wp-content\/uploads\/2024\/05\/BearChairIcon.png\",\"width\":512,\"height\":512,\"caption\":\"La chaise de l'ours\"},\"image\":{\"@id\":\"https:\/\/bearchair.eu\/fr\/#\/schema\/logo\/image\/\"}}]}<\/script>\n<!-- \/ Yoast SEO plugin. -->","yoast_head_json":{"title":"Chaise Royal Bear Chair\u00ae avec logo - The Bear Chair\u00ae","robots":{"index":"index","follow":"follow","max-snippet":"max-snippet:-1","max-image-preview":"max-image-preview:large","max-video-preview":"max-video-preview:-1"},"canonical":"https:\/\/bearchair.eu\/fr\/chaises-fr\/royal-bear-chair-avec-logo\/","og_locale":"fr_FR","og_type":"article","og_title":"Chaise Royal Bear Chair\u00ae avec logo - The Bear Chair\u00ae","og_description":"Outre la chaise Royal Bear Chair\u00ae avec impression photo, il est \u00e9galement possible d'imprimer une chaise avec votre logo. Vous disposez ainsi d'une chaise solide et confortable qui constitue en m\u00eame temps un puissant outil de promotion de votre marque !  &nbsp;","og_url":"https:\/\/bearchair.eu\/fr\/chaises-fr\/royal-bear-chair-avec-logo\/","og_site_name":"The Bear Chair\u00ae","article_modified_time":"2025-04-25T09:50:38+00:00","og_image":[{"width":1920,"height":2560,"url":"https:\/\/bearchair.eu\/wp-content\/uploads\/2024\/05\/rug-royal-Accor-5-scaled.jpg","type":"image\/jpeg"}],"twitter_card":"summary_large_image","schema":{"@context":"https:\/\/schema.org","@graph":[{"@type":"WebPage","@id":"https:\/\/bearchair.eu\/fr\/chaises-fr\/royal-bear-chair-avec-logo\/","url":"https:\/\/bearchair.eu\/fr\/chaises-fr\/royal-bear-chair-avec-logo\/","name":"Chaise Royal Bear Chair\u00ae avec logo - The Bear Chair\u00ae","isPartOf":{"@id":"https:\/\/bearchair.eu\/fr\/#website"},"primaryImageOfPage":{"@id":"https:\/\/bearchair.eu\/fr\/chaises-fr\/royal-bear-chair-avec-logo\/#primaryimage"},"image":{"@id":"https:\/\/bearchair.eu\/fr\/chaises-fr\/royal-bear-chair-avec-logo\/#primaryimage"},"thumbnailUrl":"https:\/\/bearchair.eu\/wp-content\/uploads\/2024\/05\/rug-royal-Accor-5-scaled.jpg","datePublished":"2024-05-03T10:10:32+00:00","dateModified":"2025-04-25T09:50:38+00:00","breadcrumb":{"@id":"https:\/\/bearchair.eu\/fr\/chaises-fr\/royal-bear-chair-avec-logo\/#breadcrumb"},"inLanguage":"fr-FR","potentialAction":[{"@type":"ReadAction","target":["https:\/\/bearchair.eu\/fr\/chaises-fr\/royal-bear-chair-avec-logo\/"]}]},{"@type":"ImageObject","inLanguage":"fr-FR","@id":"https:\/\/bearchair.eu\/fr\/chaises-fr\/royal-bear-chair-avec-logo\/#primaryimage","url":"https:\/\/bearchair.eu\/wp-content\/uploads\/2024\/05\/rug-royal-Accor-5-scaled.jpg","contentUrl":"https:\/\/bearchair.eu\/wp-content\/uploads\/2024\/05\/rug-royal-Accor-5-scaled.jpg","width":1920,"height":2560},{"@type":"BreadcrumbList","@id":"https:\/\/bearchair.eu\/fr\/chaises-fr\/royal-bear-chair-avec-logo\/#breadcrumb","itemListElement":[{"@type":"ListItem","position":1,"name":"Accueil","item":"https:\/\/bearchair.eu\/fr\/accueil\/"},{"@type":"ListItem","position":2,"name":"Boutique","item":"https:\/\/bearchair.eu\/fr\/boutique\/"},{"@type":"ListItem","position":3,"name":"Chaise Royal Bear Chair\u00ae avec logo"}]},{"@type":"WebSite","@id":"https:\/\/bearchair.eu\/fr\/#website","url":"https:\/\/bearchair.eu\/fr\/","name":"The Bear Chair","description":"","publisher":{"@id":"https:\/\/bearchair.eu\/fr\/#organization"},"potentialAction":[{"@type":"SearchAction","target":{"@type":"EntryPoint","urlTemplate":"https:\/\/bearchair.eu\/fr\/?s={search_term_string}"},"query-input":{"@type":"PropertyValueSpecification","valueRequired":true,"valueName":"search_term_string"}}],"inLanguage":"fr-FR"},{"@type":"Organization","@id":"https:\/\/bearchair.eu\/fr\/#organization","name":"La chaise de l'ours","url":"https:\/\/bearchair.eu\/fr\/","logo":{"@type":"ImageObject","inLanguage":"fr-FR","@id":"https:\/\/bearchair.eu\/fr\/#\/schema\/logo\/image\/","url":"https:\/\/new.bearchair.eu\/wp-content\/uploads\/2024\/05\/BearChairIcon.png","contentUrl":"https:\/\/new.bearchair.eu\/wp-content\/uploads\/2024\/05\/BearChairIcon.png","width":512,"height":512,"caption":"La chaise de l'ours"},"image":{"@id":"https:\/\/bearchair.eu\/fr\/#\/schema\/logo\/image\/"}}]}},"_links":{"self":[{"href":"https:\/\/bearchair.eu\/fr\/wp-json\/wp\/v2\/product\/18530","targetHints":{"allow":["GET"]}}],"collection":[{"href":"https:\/\/bearchair.eu\/fr\/wp-json\/wp\/v2\/product"}],"about":[{"href":"https:\/\/bearchair.eu\/fr\/wp-json\/wp\/v2\/types\/product"}],"wp:featuredmedia":[{"embeddable":true,"href":"https:\/\/bearchair.eu\/fr\/wp-json\/wp\/v2\/media\/15296"}],"wp:attachment":[{"href":"https:\/\/bearchair.eu\/fr\/wp-json\/wp\/v2\/media?parent=18530"}],"wp:term":[{"taxonomy":"product_brand","embeddable":true,"href":"https:\/\/bearchair.eu\/fr\/wp-json\/wp\/v2\/product_brand?post=18530"},{"taxonomy":"product_cat","embeddable":true,"href":"https:\/\/bearchair.eu\/fr\/wp-json\/wp\/v2\/product_cat?post=18530"},{"taxonomy":"product_tag","embeddable":true,"href":"https:\/\/bearchair.eu\/fr\/wp-json\/wp\/v2\/product_tag?post=18530"}],"curies":[{"name":"wp","href":"https:\/\/api.w.org\/{rel}","templated":true}]}}