{"id":18550,"date":"2024-05-03T10:10:31","date_gmt":"2024-05-03T10:10:31","guid":{"rendered":"https:\/\/bearchair.eu\/non%20class\u00e9\/royal-composite-bear-chair-blanc-pouf\/"},"modified":"2025-04-25T09:44:42","modified_gmt":"2025-04-25T09:44:42","slug":"royal-composite-bear-chair-blanc-pouf","status":"publish","type":"product","link":"https:\/\/bearchair.eu\/fr\/chaises-fr\/royal-composite-bear-chair-blanc-pouf\/","title":{"rendered":"Chaise Royal Composite Bear Chair\u00ae (Blanc) + pouf"},"content":{"rendered":"<p>Cette magnifique chaise blanche Royal Composite Bear Chair\u00ae est \u00e9l\u00e9gante, pratique et, comme toutes les chaises Bear Chair\u00ae, indestructible. Les chaises Royal Composite Bear Chair\u00ae sont fabriqu\u00e9es \u00e0 partir d&rsquo;un mat\u00e9riau plastique recycl\u00e9 (composite) de haute qualit\u00e9, indestructible et inalt\u00e9rable. Ces chaises ne n\u00e9cessitent aucun entretien, durent toute une vie et leur poids de 25 kg signifie qu&rsquo;elles ne s&rsquo;envoleront pas, m\u00eame d&rsquo;un balcon situ\u00e9 \u00e0 un \u00e9tage \u00e9lev\u00e9. Le pouf qui l&rsquo;accompagne vous garantit un confort ultime !   <\/p>\n<p><strong>Dimensions :  <\/strong><\/p>\n<p><strong>Pr\u00e9sident :<\/strong><\/p>\n<div>\n<ul>\n<li>Hauteur : 96 cm<\/li>\n<li>Largeur : 85 cm<\/li>\n<li>Profondeur : 96 cm<\/li>\n<li>Ce mod\u00e8le est pliable<\/li>\n<\/ul>\n<p><strong>Poids :<\/strong> 25 kg<\/p>\n<p><strong>Tabouret :  <\/strong><\/p>\n<ul>\n<li>Hauteur : 35 cm<\/li>\n<li>Largeur : 51 cm<\/li>\n<li>Profondeur : 47cm<\/li>\n<\/ul>\n<p><strong>Poids :<\/strong> environ 10 kg<\/p>\n<p><strong>Assemblage :<\/strong> Le Royal Composite Bear Chair\u00ae et le pouf sont disponibles en trois types d&rsquo;ensembles :<\/p>\n<ul>\n<li><strong>Kit :<\/strong> Vous recevez tout le mat\u00e9riel n\u00e9cessaire pour assembler la chaise vous-m\u00eame. Le kit comprend les lattes, les vis, la colle et, bien s\u00fbr, des instructions de montage d\u00e9taill\u00e9es. <\/li>\n<li><strong>Pr\u00e9-assembl\u00e9 :<\/strong> Le dossier et l&rsquo;assise sont pr\u00e9-assembl\u00e9s, le reste doit \u00eatre assembl\u00e9 par vos soins. Le reste doit \u00eatre assembl\u00e9 par vos soins. Tous les mat\u00e9riaux et les instructions de montage sont bien s\u00fbr inclus. <\/li>\n<li><strong>Enti\u00e8rement assembl\u00e9 :<\/strong> La chaise est d\u00e9j\u00e0 enti\u00e8rement assembl\u00e9e. Elle vous est livr\u00e9e pr\u00eate \u00e0 l&#8217;emploi par notre propre service de transport. Veuillez noter que cela peut entra\u00eener des co\u00fbts plus \u00e9lev\u00e9s.  <\/li>\n<\/ul>\n<\/div>\n","protected":false},"excerpt":{"rendered":"<p>Cette \u00e9l\u00e9gante version blanche du Royal Bear Chair\u00ae s&rsquo;adapte \u00e0 tous les jardins. Il est tr\u00e8s robuste, inalt\u00e9rable, ne n\u00e9cessite pas d&rsquo;entretien et est \u00e9galement pliable, ce qui est id\u00e9al ! <\/p>\n","protected":false},"featured_media":15251,"template":"","meta":[],"product_brand":[],"product_cat":[255,302],"product_tag":[],"class_list":{"0":"post-18550","1":"product","2":"type-product","3":"status-publish","4":"has-post-thumbnail","6":"product_cat-chaises-fr","7":"product_cat-vente","9":"first","10":"instock","11":"sale","12":"taxable","13":"shipping-taxable","14":"purchasable","15":"product-type-simple"},"yoast_head":"<!-- This site is optimized with the Yoast SEO plugin v27.2 - https:\/\/yoast.com\/product\/yoast-seo-wordpress\/ -->\n<title>Chaise Royal Composite Bear Chair\u00ae (Blanc) + pouf - The Bear Chair\u00ae<\/title>\n<meta name=\"robots\" content=\"index, follow, max-snippet:-1, max-image-preview:large, max-video-preview:-1\" \/>\n<link rel=\"canonical\" href=\"https:\/\/bearchair.eu\/fr\/chaises-fr\/royal-composite-bear-chair-blanc-pouf\/\" \/>\n<meta property=\"og:locale\" content=\"fr_FR\" \/>\n<meta property=\"og:type\" content=\"article\" \/>\n<meta property=\"og:title\" content=\"Chaise Royal Composite Bear Chair\u00ae (Blanc) + pouf - The Bear Chair\u00ae\" \/>\n<meta property=\"og:description\" content=\"Cette \u00e9l\u00e9gante version blanche du Royal Bear Chair\u00ae s&#039;adapte \u00e0 tous les jardins. Il est tr\u00e8s robuste, inalt\u00e9rable, ne n\u00e9cessite pas d&#039;entretien et est \u00e9galement pliable, ce qui est id\u00e9al !\" \/>\n<meta property=\"og:url\" content=\"https:\/\/bearchair.eu\/fr\/chaises-fr\/royal-composite-bear-chair-blanc-pouf\/\" \/>\n<meta property=\"og:site_name\" content=\"The Bear Chair\u00ae\" \/>\n<meta property=\"article:modified_time\" content=\"2025-04-25T09:44:42+00:00\" \/>\n<meta property=\"og:image\" content=\"https:\/\/bearchair.eu\/wp-content\/uploads\/2024\/05\/BEA210609-019.jpg\" \/>\n\t<meta property=\"og:image:width\" content=\"1024\" \/>\n\t<meta property=\"og:image:height\" content=\"683\" \/>\n\t<meta property=\"og:image:type\" content=\"image\/jpeg\" \/>\n<meta name=\"twitter:card\" content=\"summary_large_image\" \/>\n<meta name=\"twitter:label1\" content=\"Dur\u00e9e de lecture estim\u00e9e\" \/>\n\t<meta name=\"twitter:data1\" content=\"1 minute\" \/>\n<script type=\"application\/ld+json\" class=\"yoast-schema-graph\">{\"@context\":\"https:\/\/schema.org\",\"@graph\":[{\"@type\":\"WebPage\",\"@id\":\"https:\/\/bearchair.eu\/fr\/chaises-fr\/royal-composite-bear-chair-blanc-pouf\/\",\"url\":\"https:\/\/bearchair.eu\/fr\/chaises-fr\/royal-composite-bear-chair-blanc-pouf\/\",\"name\":\"Chaise Royal Composite Bear Chair\u00ae (Blanc) + pouf - The Bear Chair\u00ae\",\"isPartOf\":{\"@id\":\"https:\/\/bearchair.eu\/fr\/#website\"},\"primaryImageOfPage\":{\"@id\":\"https:\/\/bearchair.eu\/fr\/chaises-fr\/royal-composite-bear-chair-blanc-pouf\/#primaryimage\"},\"image\":{\"@id\":\"https:\/\/bearchair.eu\/fr\/chaises-fr\/royal-composite-bear-chair-blanc-pouf\/#primaryimage\"},\"thumbnailUrl\":\"https:\/\/bearchair.eu\/wp-content\/uploads\/2024\/05\/BEA210609-019.jpg\",\"datePublished\":\"2024-05-03T10:10:31+00:00\",\"dateModified\":\"2025-04-25T09:44:42+00:00\",\"breadcrumb\":{\"@id\":\"https:\/\/bearchair.eu\/fr\/chaises-fr\/royal-composite-bear-chair-blanc-pouf\/#breadcrumb\"},\"inLanguage\":\"fr-FR\",\"potentialAction\":[{\"@type\":\"ReadAction\",\"target\":[\"https:\/\/bearchair.eu\/fr\/chaises-fr\/royal-composite-bear-chair-blanc-pouf\/\"]}]},{\"@type\":\"ImageObject\",\"inLanguage\":\"fr-FR\",\"@id\":\"https:\/\/bearchair.eu\/fr\/chaises-fr\/royal-composite-bear-chair-blanc-pouf\/#primaryimage\",\"url\":\"https:\/\/bearchair.eu\/wp-content\/uploads\/2024\/05\/BEA210609-019.jpg\",\"contentUrl\":\"https:\/\/bearchair.eu\/wp-content\/uploads\/2024\/05\/BEA210609-019.jpg\",\"width\":1024,\"height\":683},{\"@type\":\"BreadcrumbList\",\"@id\":\"https:\/\/bearchair.eu\/fr\/chaises-fr\/royal-composite-bear-chair-blanc-pouf\/#breadcrumb\",\"itemListElement\":[{\"@type\":\"ListItem\",\"position\":1,\"name\":\"Accueil\",\"item\":\"https:\/\/bearchair.eu\/fr\/accueil\/\"},{\"@type\":\"ListItem\",\"position\":2,\"name\":\"Boutique\",\"item\":\"https:\/\/bearchair.eu\/fr\/boutique\/\"},{\"@type\":\"ListItem\",\"position\":3,\"name\":\"Chaise Royal Composite Bear Chair\u00ae (Blanc) + pouf\"}]},{\"@type\":\"WebSite\",\"@id\":\"https:\/\/bearchair.eu\/fr\/#website\",\"url\":\"https:\/\/bearchair.eu\/fr\/\",\"name\":\"The Bear Chair\",\"description\":\"\",\"publisher\":{\"@id\":\"https:\/\/bearchair.eu\/fr\/#organization\"},\"potentialAction\":[{\"@type\":\"SearchAction\",\"target\":{\"@type\":\"EntryPoint\",\"urlTemplate\":\"https:\/\/bearchair.eu\/fr\/?s={search_term_string}\"},\"query-input\":{\"@type\":\"PropertyValueSpecification\",\"valueRequired\":true,\"valueName\":\"search_term_string\"}}],\"inLanguage\":\"fr-FR\"},{\"@type\":\"Organization\",\"@id\":\"https:\/\/bearchair.eu\/fr\/#organization\",\"name\":\"La chaise de l'ours\",\"url\":\"https:\/\/bearchair.eu\/fr\/\",\"logo\":{\"@type\":\"ImageObject\",\"inLanguage\":\"fr-FR\",\"@id\":\"https:\/\/bearchair.eu\/fr\/#\/schema\/logo\/image\/\",\"url\":\"https:\/\/new.bearchair.eu\/wp-content\/uploads\/2024\/05\/BearChairIcon.png\",\"contentUrl\":\"https:\/\/new.bearchair.eu\/wp-content\/uploads\/2024\/05\/BearChairIcon.png\",\"width\":512,\"height\":512,\"caption\":\"La chaise de l'ours\"},\"image\":{\"@id\":\"https:\/\/bearchair.eu\/fr\/#\/schema\/logo\/image\/\"}}]}<\/script>\n<!-- \/ Yoast SEO plugin. -->","yoast_head_json":{"title":"Chaise Royal Composite Bear Chair\u00ae (Blanc) + pouf - The Bear Chair\u00ae","robots":{"index":"index","follow":"follow","max-snippet":"max-snippet:-1","max-image-preview":"max-image-preview:large","max-video-preview":"max-video-preview:-1"},"canonical":"https:\/\/bearchair.eu\/fr\/chaises-fr\/royal-composite-bear-chair-blanc-pouf\/","og_locale":"fr_FR","og_type":"article","og_title":"Chaise Royal Composite Bear Chair\u00ae (Blanc) + pouf - The Bear Chair\u00ae","og_description":"Cette \u00e9l\u00e9gante version blanche du Royal Bear Chair\u00ae s'adapte \u00e0 tous les jardins. Il est tr\u00e8s robuste, inalt\u00e9rable, ne n\u00e9cessite pas d'entretien et est \u00e9galement pliable, ce qui est id\u00e9al !","og_url":"https:\/\/bearchair.eu\/fr\/chaises-fr\/royal-composite-bear-chair-blanc-pouf\/","og_site_name":"The Bear Chair\u00ae","article_modified_time":"2025-04-25T09:44:42+00:00","og_image":[{"width":1024,"height":683,"url":"https:\/\/bearchair.eu\/wp-content\/uploads\/2024\/05\/BEA210609-019.jpg","type":"image\/jpeg"}],"twitter_card":"summary_large_image","twitter_misc":{"Dur\u00e9e de lecture estim\u00e9e":"1 minute"},"schema":{"@context":"https:\/\/schema.org","@graph":[{"@type":"WebPage","@id":"https:\/\/bearchair.eu\/fr\/chaises-fr\/royal-composite-bear-chair-blanc-pouf\/","url":"https:\/\/bearchair.eu\/fr\/chaises-fr\/royal-composite-bear-chair-blanc-pouf\/","name":"Chaise Royal Composite Bear Chair\u00ae (Blanc) + pouf - The Bear Chair\u00ae","isPartOf":{"@id":"https:\/\/bearchair.eu\/fr\/#website"},"primaryImageOfPage":{"@id":"https:\/\/bearchair.eu\/fr\/chaises-fr\/royal-composite-bear-chair-blanc-pouf\/#primaryimage"},"image":{"@id":"https:\/\/bearchair.eu\/fr\/chaises-fr\/royal-composite-bear-chair-blanc-pouf\/#primaryimage"},"thumbnailUrl":"https:\/\/bearchair.eu\/wp-content\/uploads\/2024\/05\/BEA210609-019.jpg","datePublished":"2024-05-03T10:10:31+00:00","dateModified":"2025-04-25T09:44:42+00:00","breadcrumb":{"@id":"https:\/\/bearchair.eu\/fr\/chaises-fr\/royal-composite-bear-chair-blanc-pouf\/#breadcrumb"},"inLanguage":"fr-FR","potentialAction":[{"@type":"ReadAction","target":["https:\/\/bearchair.eu\/fr\/chaises-fr\/royal-composite-bear-chair-blanc-pouf\/"]}]},{"@type":"ImageObject","inLanguage":"fr-FR","@id":"https:\/\/bearchair.eu\/fr\/chaises-fr\/royal-composite-bear-chair-blanc-pouf\/#primaryimage","url":"https:\/\/bearchair.eu\/wp-content\/uploads\/2024\/05\/BEA210609-019.jpg","contentUrl":"https:\/\/bearchair.eu\/wp-content\/uploads\/2024\/05\/BEA210609-019.jpg","width":1024,"height":683},{"@type":"BreadcrumbList","@id":"https:\/\/bearchair.eu\/fr\/chaises-fr\/royal-composite-bear-chair-blanc-pouf\/#breadcrumb","itemListElement":[{"@type":"ListItem","position":1,"name":"Accueil","item":"https:\/\/bearchair.eu\/fr\/accueil\/"},{"@type":"ListItem","position":2,"name":"Boutique","item":"https:\/\/bearchair.eu\/fr\/boutique\/"},{"@type":"ListItem","position":3,"name":"Chaise Royal Composite Bear Chair\u00ae (Blanc) + pouf"}]},{"@type":"WebSite","@id":"https:\/\/bearchair.eu\/fr\/#website","url":"https:\/\/bearchair.eu\/fr\/","name":"The Bear Chair","description":"","publisher":{"@id":"https:\/\/bearchair.eu\/fr\/#organization"},"potentialAction":[{"@type":"SearchAction","target":{"@type":"EntryPoint","urlTemplate":"https:\/\/bearchair.eu\/fr\/?s={search_term_string}"},"query-input":{"@type":"PropertyValueSpecification","valueRequired":true,"valueName":"search_term_string"}}],"inLanguage":"fr-FR"},{"@type":"Organization","@id":"https:\/\/bearchair.eu\/fr\/#organization","name":"La chaise de l'ours","url":"https:\/\/bearchair.eu\/fr\/","logo":{"@type":"ImageObject","inLanguage":"fr-FR","@id":"https:\/\/bearchair.eu\/fr\/#\/schema\/logo\/image\/","url":"https:\/\/new.bearchair.eu\/wp-content\/uploads\/2024\/05\/BearChairIcon.png","contentUrl":"https:\/\/new.bearchair.eu\/wp-content\/uploads\/2024\/05\/BearChairIcon.png","width":512,"height":512,"caption":"La chaise de l'ours"},"image":{"@id":"https:\/\/bearchair.eu\/fr\/#\/schema\/logo\/image\/"}}]}},"_links":{"self":[{"href":"https:\/\/bearchair.eu\/fr\/wp-json\/wp\/v2\/product\/18550","targetHints":{"allow":["GET"]}}],"collection":[{"href":"https:\/\/bearchair.eu\/fr\/wp-json\/wp\/v2\/product"}],"about":[{"href":"https:\/\/bearchair.eu\/fr\/wp-json\/wp\/v2\/types\/product"}],"wp:featuredmedia":[{"embeddable":true,"href":"https:\/\/bearchair.eu\/fr\/wp-json\/wp\/v2\/media\/15251"}],"wp:attachment":[{"href":"https:\/\/bearchair.eu\/fr\/wp-json\/wp\/v2\/media?parent=18550"}],"wp:term":[{"taxonomy":"product_brand","embeddable":true,"href":"https:\/\/bearchair.eu\/fr\/wp-json\/wp\/v2\/product_brand?post=18550"},{"taxonomy":"product_cat","embeddable":true,"href":"https:\/\/bearchair.eu\/fr\/wp-json\/wp\/v2\/product_cat?post=18550"},{"taxonomy":"product_tag","embeddable":true,"href":"https:\/\/bearchair.eu\/fr\/wp-json\/wp\/v2\/product_tag?post=18550"}],"curies":[{"name":"wp","href":"https:\/\/api.w.org\/{rel}","templated":true}]}}