{"id":18560,"date":"2024-05-03T10:10:31","date_gmt":"2024-05-03T10:10:31","guid":{"rendered":"https:\/\/bearchair.eu\/non%20class\u00e9\/original-bear-chair-pin\/"},"modified":"2025-04-25T10:00:21","modified_gmt":"2025-04-25T10:00:21","slug":"original-bear-chair-pin","status":"publish","type":"product","link":"https:\/\/bearchair.eu\/fr\/mobilier\/original-bear-chair-pin\/","title":{"rendered":"Chaise originale Bear Chair\u00ae en pin"},"content":{"rendered":"<p>La chaise Original Bear Chair\u00ae est connue pour sa robustesse, son confort et son style. Et cette version en pin n&rsquo;est pas diff\u00e9rente ! Le bois clair est facile \u00e0 repeindre, mais vous pouvez bien s\u00fbr aussi le garder sobre.  <\/p>\n<p><strong>Dimensions :  <\/strong><\/p>\n<ul>\n<li>Hauteur : 93 cm<\/li>\n<li>Largeur : 80 cm<\/li>\n<li>Profondeur : 93 cm<\/li>\n<\/ul>\n<p><strong>Poids :<\/strong> 15 kg<\/p>\n<p><strong>Assemblage<\/strong>: The Original Bear Chair\u00ae chair pine est disponible en trois types de paquets :<\/p>\n<ul>\n<li><strong>Kit :<\/strong> Vous recevez tout le mat\u00e9riel n\u00e9cessaire pour assembler la chaise vous-m\u00eame. Le kit comprend les lattes, les vis, la colle et, bien s\u00fbr, des instructions de montage d\u00e9taill\u00e9es. <\/li>\n<li><strong>Pr\u00e9-assembl\u00e9 :<\/strong> Le dossier et l&rsquo;assise sont pr\u00e9-assembl\u00e9s, le reste doit \u00eatre assembl\u00e9 par vos soins. Le reste doit \u00eatre assembl\u00e9 par vos soins. Tous les mat\u00e9riaux et les instructions de montage sont bien s\u00fbr inclus. <\/li>\n<li><strong>Enti\u00e8rement assembl\u00e9 :<\/strong> La chaise est d\u00e9j\u00e0 enti\u00e8rement assembl\u00e9e. Elle vous est livr\u00e9e pr\u00eate \u00e0 l&#8217;emploi par notre propre service de transport. Veuillez noter que cela peut entra\u00eener des co\u00fbts plus \u00e9lev\u00e9s.  <\/li>\n<\/ul>\n","protected":false},"excerpt":{"rendered":"<p>La chaise Original Bear Chair\u00ae en pin offre tout le confort, la robustesse et la classe que vous attendez des chaises Bear Chair\u00ae. Gr\u00e2ce \u00e0 l&rsquo;utilisation du pin, la chaise peut facilement \u00eatre repeinte dans n&rsquo;importe quelle couleur. Mais vous pouvez aussi la garder naturelle !  <\/p>\n","protected":false},"featured_media":24658,"template":"","meta":[],"product_brand":[],"product_cat":[255,301],"product_tag":[],"class_list":{"0":"post-18560","1":"product","2":"type-product","3":"status-publish","4":"has-post-thumbnail","6":"product_cat-chaises-fr","7":"product_cat-mobilier","9":"first","10":"instock","11":"taxable","12":"shipping-taxable","13":"purchasable","14":"product-type-variable"},"yoast_head":"<!-- This site is optimized with the Yoast SEO plugin v27.2 - https:\/\/yoast.com\/product\/yoast-seo-wordpress\/ -->\n<title>Chaise originale Bear Chair\u00ae en pin - The Bear Chair\u00ae<\/title>\n<meta name=\"robots\" content=\"index, follow, max-snippet:-1, max-image-preview:large, max-video-preview:-1\" \/>\n<link rel=\"canonical\" href=\"https:\/\/bearchair.eu\/fr\/mobilier\/original-bear-chair-pin\/\" \/>\n<meta property=\"og:locale\" content=\"fr_FR\" \/>\n<meta property=\"og:type\" content=\"article\" \/>\n<meta property=\"og:title\" content=\"Chaise originale Bear Chair\u00ae en pin - The Bear Chair\u00ae\" \/>\n<meta property=\"og:description\" content=\"La chaise Original Bear Chair\u00ae en pin offre tout le confort, la robustesse et la classe que vous attendez des chaises Bear Chair\u00ae. Gr\u00e2ce \u00e0 l&#039;utilisation du pin, la chaise peut facilement \u00eatre repeinte dans n&#039;importe quelle couleur. Mais vous pouvez aussi la garder naturelle !\" \/>\n<meta property=\"og:url\" content=\"https:\/\/bearchair.eu\/fr\/mobilier\/original-bear-chair-pin\/\" \/>\n<meta property=\"og:site_name\" content=\"The Bear Chair\u00ae\" \/>\n<meta property=\"article:modified_time\" content=\"2025-04-25T10:00:21+00:00\" \/>\n<meta property=\"og:image\" content=\"https:\/\/bearchair.eu\/wp-content\/uploads\/2024\/10\/BC500Plvv-1-rotated.jpg\" \/>\n\t<meta property=\"og:image:width\" content=\"1734\" \/>\n\t<meta property=\"og:image:height\" content=\"2312\" \/>\n\t<meta property=\"og:image:type\" content=\"image\/jpeg\" \/>\n<meta name=\"twitter:card\" content=\"summary_large_image\" \/>\n<meta name=\"twitter:label1\" content=\"Dur\u00e9e de lecture estim\u00e9e\" \/>\n\t<meta name=\"twitter:data1\" content=\"1 minute\" \/>\n<script type=\"application\/ld+json\" class=\"yoast-schema-graph\">{\"@context\":\"https:\/\/schema.org\",\"@graph\":[{\"@type\":\"WebPage\",\"@id\":\"https:\/\/bearchair.eu\/fr\/mobilier\/original-bear-chair-pin\/\",\"url\":\"https:\/\/bearchair.eu\/fr\/mobilier\/original-bear-chair-pin\/\",\"name\":\"Chaise originale Bear Chair\u00ae en pin - The Bear Chair\u00ae\",\"isPartOf\":{\"@id\":\"https:\/\/bearchair.eu\/fr\/#website\"},\"primaryImageOfPage\":{\"@id\":\"https:\/\/bearchair.eu\/fr\/mobilier\/original-bear-chair-pin\/#primaryimage\"},\"image\":{\"@id\":\"https:\/\/bearchair.eu\/fr\/mobilier\/original-bear-chair-pin\/#primaryimage\"},\"thumbnailUrl\":\"https:\/\/bearchair.eu\/wp-content\/uploads\/2024\/05\/BC201P-tbv-Mediahuis-2.webp\",\"datePublished\":\"2024-05-03T10:10:31+00:00\",\"dateModified\":\"2025-04-25T10:00:21+00:00\",\"breadcrumb\":{\"@id\":\"https:\/\/bearchair.eu\/fr\/mobilier\/original-bear-chair-pin\/#breadcrumb\"},\"inLanguage\":\"fr-FR\",\"potentialAction\":[{\"@type\":\"ReadAction\",\"target\":[\"https:\/\/bearchair.eu\/fr\/mobilier\/original-bear-chair-pin\/\"]}]},{\"@type\":\"ImageObject\",\"inLanguage\":\"fr-FR\",\"@id\":\"https:\/\/bearchair.eu\/fr\/mobilier\/original-bear-chair-pin\/#primaryimage\",\"url\":\"https:\/\/bearchair.eu\/wp-content\/uploads\/2024\/05\/BC201P-tbv-Mediahuis-2.webp\",\"contentUrl\":\"https:\/\/bearchair.eu\/wp-content\/uploads\/2024\/05\/BC201P-tbv-Mediahuis-2.webp\",\"width\":1200,\"height\":900},{\"@type\":\"BreadcrumbList\",\"@id\":\"https:\/\/bearchair.eu\/fr\/mobilier\/original-bear-chair-pin\/#breadcrumb\",\"itemListElement\":[{\"@type\":\"ListItem\",\"position\":1,\"name\":\"Home\",\"item\":\"https:\/\/bearchair.eu\/fr\/accueil\/\"},{\"@type\":\"ListItem\",\"position\":2,\"name\":\"Boutique\",\"item\":\"https:\/\/bearchair.eu\/fr\/boutique\/\"},{\"@type\":\"ListItem\",\"position\":3,\"name\":\"Chaise originale Bear Chair\u00ae en pin\"}]},{\"@type\":\"WebSite\",\"@id\":\"https:\/\/bearchair.eu\/fr\/#website\",\"url\":\"https:\/\/bearchair.eu\/fr\/\",\"name\":\"The Bear Chair\",\"description\":\"\",\"publisher\":{\"@id\":\"https:\/\/bearchair.eu\/fr\/#organization\"},\"potentialAction\":[{\"@type\":\"SearchAction\",\"target\":{\"@type\":\"EntryPoint\",\"urlTemplate\":\"https:\/\/bearchair.eu\/fr\/?s={search_term_string}\"},\"query-input\":{\"@type\":\"PropertyValueSpecification\",\"valueRequired\":true,\"valueName\":\"search_term_string\"}}],\"inLanguage\":\"fr-FR\"},{\"@type\":\"Organization\",\"@id\":\"https:\/\/bearchair.eu\/fr\/#organization\",\"name\":\"La chaise de l'ours\",\"url\":\"https:\/\/bearchair.eu\/fr\/\",\"logo\":{\"@type\":\"ImageObject\",\"inLanguage\":\"fr-FR\",\"@id\":\"https:\/\/bearchair.eu\/fr\/#\/schema\/logo\/image\/\",\"url\":\"https:\/\/new.bearchair.eu\/wp-content\/uploads\/2024\/05\/BearChairIcon.png\",\"contentUrl\":\"https:\/\/new.bearchair.eu\/wp-content\/uploads\/2024\/05\/BearChairIcon.png\",\"width\":512,\"height\":512,\"caption\":\"La chaise de l'ours\"},\"image\":{\"@id\":\"https:\/\/bearchair.eu\/fr\/#\/schema\/logo\/image\/\"}}]}<\/script>\n<!-- \/ Yoast SEO plugin. -->","yoast_head_json":{"title":"Chaise originale Bear Chair\u00ae en pin - The Bear Chair\u00ae","robots":{"index":"index","follow":"follow","max-snippet":"max-snippet:-1","max-image-preview":"max-image-preview:large","max-video-preview":"max-video-preview:-1"},"canonical":"https:\/\/bearchair.eu\/fr\/mobilier\/original-bear-chair-pin\/","og_locale":"fr_FR","og_type":"article","og_title":"Chaise originale Bear Chair\u00ae en pin - The Bear Chair\u00ae","og_description":"La chaise Original Bear Chair\u00ae en pin offre tout le confort, la robustesse et la classe que vous attendez des chaises Bear Chair\u00ae. Gr\u00e2ce \u00e0 l'utilisation du pin, la chaise peut facilement \u00eatre repeinte dans n'importe quelle couleur. Mais vous pouvez aussi la garder naturelle !","og_url":"https:\/\/bearchair.eu\/fr\/mobilier\/original-bear-chair-pin\/","og_site_name":"The Bear Chair\u00ae","article_modified_time":"2025-04-25T10:00:21+00:00","og_image":[{"width":1734,"height":2312,"url":"https:\/\/bearchair.eu\/wp-content\/uploads\/2024\/10\/BC500Plvv-1-rotated.jpg","type":"image\/jpeg"}],"twitter_card":"summary_large_image","twitter_misc":{"Dur\u00e9e de lecture estim\u00e9e":"1 minute"},"schema":{"@context":"https:\/\/schema.org","@graph":[{"@type":"WebPage","@id":"https:\/\/bearchair.eu\/fr\/mobilier\/original-bear-chair-pin\/","url":"https:\/\/bearchair.eu\/fr\/mobilier\/original-bear-chair-pin\/","name":"Chaise originale Bear Chair\u00ae en pin - The Bear Chair\u00ae","isPartOf":{"@id":"https:\/\/bearchair.eu\/fr\/#website"},"primaryImageOfPage":{"@id":"https:\/\/bearchair.eu\/fr\/mobilier\/original-bear-chair-pin\/#primaryimage"},"image":{"@id":"https:\/\/bearchair.eu\/fr\/mobilier\/original-bear-chair-pin\/#primaryimage"},"thumbnailUrl":"https:\/\/bearchair.eu\/wp-content\/uploads\/2024\/05\/BC201P-tbv-Mediahuis-2.webp","datePublished":"2024-05-03T10:10:31+00:00","dateModified":"2025-04-25T10:00:21+00:00","breadcrumb":{"@id":"https:\/\/bearchair.eu\/fr\/mobilier\/original-bear-chair-pin\/#breadcrumb"},"inLanguage":"fr-FR","potentialAction":[{"@type":"ReadAction","target":["https:\/\/bearchair.eu\/fr\/mobilier\/original-bear-chair-pin\/"]}]},{"@type":"ImageObject","inLanguage":"fr-FR","@id":"https:\/\/bearchair.eu\/fr\/mobilier\/original-bear-chair-pin\/#primaryimage","url":"https:\/\/bearchair.eu\/wp-content\/uploads\/2024\/05\/BC201P-tbv-Mediahuis-2.webp","contentUrl":"https:\/\/bearchair.eu\/wp-content\/uploads\/2024\/05\/BC201P-tbv-Mediahuis-2.webp","width":1200,"height":900},{"@type":"BreadcrumbList","@id":"https:\/\/bearchair.eu\/fr\/mobilier\/original-bear-chair-pin\/#breadcrumb","itemListElement":[{"@type":"ListItem","position":1,"name":"Home","item":"https:\/\/bearchair.eu\/fr\/accueil\/"},{"@type":"ListItem","position":2,"name":"Boutique","item":"https:\/\/bearchair.eu\/fr\/boutique\/"},{"@type":"ListItem","position":3,"name":"Chaise originale Bear Chair\u00ae en pin"}]},{"@type":"WebSite","@id":"https:\/\/bearchair.eu\/fr\/#website","url":"https:\/\/bearchair.eu\/fr\/","name":"The Bear Chair","description":"","publisher":{"@id":"https:\/\/bearchair.eu\/fr\/#organization"},"potentialAction":[{"@type":"SearchAction","target":{"@type":"EntryPoint","urlTemplate":"https:\/\/bearchair.eu\/fr\/?s={search_term_string}"},"query-input":{"@type":"PropertyValueSpecification","valueRequired":true,"valueName":"search_term_string"}}],"inLanguage":"fr-FR"},{"@type":"Organization","@id":"https:\/\/bearchair.eu\/fr\/#organization","name":"La chaise de l'ours","url":"https:\/\/bearchair.eu\/fr\/","logo":{"@type":"ImageObject","inLanguage":"fr-FR","@id":"https:\/\/bearchair.eu\/fr\/#\/schema\/logo\/image\/","url":"https:\/\/new.bearchair.eu\/wp-content\/uploads\/2024\/05\/BearChairIcon.png","contentUrl":"https:\/\/new.bearchair.eu\/wp-content\/uploads\/2024\/05\/BearChairIcon.png","width":512,"height":512,"caption":"La chaise de l'ours"},"image":{"@id":"https:\/\/bearchair.eu\/fr\/#\/schema\/logo\/image\/"}}]}},"_links":{"self":[{"href":"https:\/\/bearchair.eu\/fr\/wp-json\/wp\/v2\/product\/18560","targetHints":{"allow":["GET"]}}],"collection":[{"href":"https:\/\/bearchair.eu\/fr\/wp-json\/wp\/v2\/product"}],"about":[{"href":"https:\/\/bearchair.eu\/fr\/wp-json\/wp\/v2\/types\/product"}],"wp:featuredmedia":[{"embeddable":true,"href":"https:\/\/bearchair.eu\/fr\/wp-json\/wp\/v2\/media\/24658"}],"wp:attachment":[{"href":"https:\/\/bearchair.eu\/fr\/wp-json\/wp\/v2\/media?parent=18560"}],"wp:term":[{"taxonomy":"product_brand","embeddable":true,"href":"https:\/\/bearchair.eu\/fr\/wp-json\/wp\/v2\/product_brand?post=18560"},{"taxonomy":"product_cat","embeddable":true,"href":"https:\/\/bearchair.eu\/fr\/wp-json\/wp\/v2\/product_cat?post=18560"},{"taxonomy":"product_tag","embeddable":true,"href":"https:\/\/bearchair.eu\/fr\/wp-json\/wp\/v2\/product_tag?post=18560"}],"curies":[{"name":"wp","href":"https:\/\/api.w.org\/{rel}","templated":true}]}}