{"id":18561,"date":"2024-05-03T10:10:06","date_gmt":"2024-05-03T10:10:06","guid":{"rendered":"https:\/\/bearchair.eu\/non%20class\u00e9\/royal-composite-bear-chair-sans-pouf\/"},"modified":"2025-04-25T09:47:42","modified_gmt":"2025-04-25T09:47:42","slug":"royal-composite-bear-chair-sans-pouf","status":"publish","type":"product","link":"https:\/\/bearchair.eu\/fr\/chaises-fr\/royal-composite-bear-chair-sans-pouf\/","title":{"rendered":"Chaise Royal Composite Bear Chair\u00ae sans ottoman"},"content":{"rendered":"<p>La chaise Royal Composite Bear Chair\u00ae est un peu plus \u00e9l\u00e9gante et encore plus robuste que la chaise Royal Composite \u00ae. The Original Bear Chair. Et bien s\u00fbr, elle est disponible en trois couleurs tendance : noir, blanc et rouge ! Elle est tout aussi confortable que les autres mod\u00e8les et est \u00e9galement pliable. Les chaises Royal Composite Bear Chair\u00ae sont fabriqu\u00e9es en mati\u00e8re plastique recycl\u00e9e (composite) de haute qualit\u00e9, indestructible et inalt\u00e9rable. Ces chaises ne n\u00e9cessitent aucun entretien, durent toute une vie et leur poids de 25 kg signifie qu&rsquo;elles ne s&rsquo;envoleront pas, m\u00eame d&rsquo;un balcon situ\u00e9 \u00e0 un \u00e9tage \u00e9lev\u00e9.    <\/p>\n<div>\n<ul>\n<li>Hauteur : 96 cm<\/li>\n<li>Largeur : 85 cm<\/li>\n<li>Profondeur : 96cm<\/li>\n<li>Repliable<\/li>\n<\/ul>\n<p>La chaise Royal Composite Bear Chair\u00ae est disponible en trois types de forfaits :<\/p>\n<ul>\n<li><strong>Kit :<\/strong> Vous recevez tout le mat\u00e9riel n\u00e9cessaire pour assembler la chaise vous-m\u00eame. Le kit comprend les lattes, les vis, la colle et, bien s\u00fbr, des instructions de montage d\u00e9taill\u00e9es. <\/li>\n<li><strong>Pr\u00e9-assembl\u00e9 :<\/strong> Le dossier et l&rsquo;assise sont pr\u00e9-assembl\u00e9s, le reste doit \u00eatre assembl\u00e9 par vos soins. Le reste doit \u00eatre assembl\u00e9 par vos soins. Tous les mat\u00e9riaux et les instructions de montage sont bien s\u00fbr inclus. <\/li>\n<li><strong>Enti\u00e8rement assembl\u00e9 :<\/strong> La chaise est d\u00e9j\u00e0 enti\u00e8rement assembl\u00e9e. Elle vous est livr\u00e9e pr\u00eate \u00e0 l&#8217;emploi par notre propre service de transport. Veuillez noter que cela peut entra\u00eener des co\u00fbts plus \u00e9lev\u00e9s.  <\/li>\n<\/ul>\n<\/div>\n","protected":false},"excerpt":{"rendered":"<p>Que vous choisissiez le rouge, le blanc ou le noir, le Royal Composite Bear Chair\u00ae attire tous les regards ! Ce tr\u00f4ne vous procurera une sensation de d\u00e9tente absolue. Quelle couleur choisirez-vous ?  <\/p>\n","protected":false},"featured_media":16194,"template":"","meta":[],"product_brand":[],"product_cat":[255,611],"product_tag":[],"class_list":{"0":"post-18561","1":"product","2":"type-product","3":"status-publish","4":"has-post-thumbnail","6":"product_cat-chaises-fr","7":"product_cat-promotions-fr","9":"first","10":"instock","11":"sale","12":"taxable","13":"shipping-taxable","14":"purchasable","15":"product-type-variable"},"yoast_head":"<!-- This site is optimized with the Yoast SEO plugin v27.2 - https:\/\/yoast.com\/product\/yoast-seo-wordpress\/ -->\n<title>Chaise Royal Composite Bear Chair\u00ae sans ottoman - The Bear Chair\u00ae<\/title>\n<meta name=\"robots\" content=\"index, follow, max-snippet:-1, max-image-preview:large, max-video-preview:-1\" \/>\n<link rel=\"canonical\" href=\"https:\/\/bearchair.eu\/fr\/chaises-fr\/royal-composite-bear-chair-sans-pouf\/\" \/>\n<meta property=\"og:locale\" content=\"fr_FR\" \/>\n<meta property=\"og:type\" content=\"article\" \/>\n<meta property=\"og:title\" content=\"Chaise Royal Composite Bear Chair\u00ae sans ottoman - The Bear Chair\u00ae\" \/>\n<meta property=\"og:description\" content=\"Que vous choisissiez le rouge, le blanc ou le noir, le Royal Composite Bear Chair\u00ae attire tous les regards ! Ce tr\u00f4ne vous procurera une sensation de d\u00e9tente absolue. Quelle couleur choisirez-vous ?\" \/>\n<meta property=\"og:url\" content=\"https:\/\/bearchair.eu\/fr\/chaises-fr\/royal-composite-bear-chair-sans-pouf\/\" \/>\n<meta property=\"og:site_name\" content=\"The Bear Chair\u00ae\" \/>\n<meta property=\"article:modified_time\" content=\"2025-04-25T09:47:42+00:00\" \/>\n<meta property=\"og:image\" content=\"https:\/\/bearchair.eu\/wp-content\/uploads\/2024\/10\/Royal-Rood-livb-1-rotated.jpg\" \/>\n\t<meta property=\"og:image:width\" content=\"1734\" \/>\n\t<meta property=\"og:image:height\" content=\"2312\" \/>\n\t<meta property=\"og:image:type\" content=\"image\/jpeg\" \/>\n<meta name=\"twitter:card\" content=\"summary_large_image\" \/>\n<meta name=\"twitter:label1\" content=\"Dur\u00e9e de lecture estim\u00e9e\" \/>\n\t<meta name=\"twitter:data1\" content=\"1 minute\" \/>\n<script type=\"application\/ld+json\" class=\"yoast-schema-graph\">{\"@context\":\"https:\/\/schema.org\",\"@graph\":[{\"@type\":\"WebPage\",\"@id\":\"https:\/\/bearchair.eu\/fr\/chaises-fr\/royal-composite-bear-chair-sans-pouf\/\",\"url\":\"https:\/\/bearchair.eu\/fr\/chaises-fr\/royal-composite-bear-chair-sans-pouf\/\",\"name\":\"Chaise Royal Composite Bear Chair\u00ae sans ottoman - The Bear Chair\u00ae\",\"isPartOf\":{\"@id\":\"https:\/\/bearchair.eu\/fr\/#website\"},\"primaryImageOfPage\":{\"@id\":\"https:\/\/bearchair.eu\/fr\/chaises-fr\/royal-composite-bear-chair-sans-pouf\/#primaryimage\"},\"image\":{\"@id\":\"https:\/\/bearchair.eu\/fr\/chaises-fr\/royal-composite-bear-chair-sans-pouf\/#primaryimage\"},\"thumbnailUrl\":\"https:\/\/bearchair.eu\/wp-content\/uploads\/2024\/10\/Royal-Rood-livb-1-rotated.jpg\",\"datePublished\":\"2024-05-03T10:10:06+00:00\",\"dateModified\":\"2025-04-25T09:47:42+00:00\",\"breadcrumb\":{\"@id\":\"https:\/\/bearchair.eu\/fr\/chaises-fr\/royal-composite-bear-chair-sans-pouf\/#breadcrumb\"},\"inLanguage\":\"fr-FR\",\"potentialAction\":[{\"@type\":\"ReadAction\",\"target\":[\"https:\/\/bearchair.eu\/fr\/chaises-fr\/royal-composite-bear-chair-sans-pouf\/\"]}]},{\"@type\":\"ImageObject\",\"inLanguage\":\"fr-FR\",\"@id\":\"https:\/\/bearchair.eu\/fr\/chaises-fr\/royal-composite-bear-chair-sans-pouf\/#primaryimage\",\"url\":\"https:\/\/bearchair.eu\/wp-content\/uploads\/2024\/10\/Royal-Rood-livb-1-rotated.jpg\",\"contentUrl\":\"https:\/\/bearchair.eu\/wp-content\/uploads\/2024\/10\/Royal-Rood-livb-1-rotated.jpg\",\"width\":1734,\"height\":2312},{\"@type\":\"BreadcrumbList\",\"@id\":\"https:\/\/bearchair.eu\/fr\/chaises-fr\/royal-composite-bear-chair-sans-pouf\/#breadcrumb\",\"itemListElement\":[{\"@type\":\"ListItem\",\"position\":1,\"name\":\"Home\",\"item\":\"https:\/\/bearchair.eu\/fr\/accueil\/\"},{\"@type\":\"ListItem\",\"position\":2,\"name\":\"Boutique\",\"item\":\"https:\/\/bearchair.eu\/fr\/boutique\/\"},{\"@type\":\"ListItem\",\"position\":3,\"name\":\"Chaise Royal Composite Bear Chair\u00ae sans ottoman\"}]},{\"@type\":\"WebSite\",\"@id\":\"https:\/\/bearchair.eu\/fr\/#website\",\"url\":\"https:\/\/bearchair.eu\/fr\/\",\"name\":\"The Bear Chair\",\"description\":\"\",\"publisher\":{\"@id\":\"https:\/\/bearchair.eu\/fr\/#organization\"},\"potentialAction\":[{\"@type\":\"SearchAction\",\"target\":{\"@type\":\"EntryPoint\",\"urlTemplate\":\"https:\/\/bearchair.eu\/fr\/?s={search_term_string}\"},\"query-input\":{\"@type\":\"PropertyValueSpecification\",\"valueRequired\":true,\"valueName\":\"search_term_string\"}}],\"inLanguage\":\"fr-FR\"},{\"@type\":\"Organization\",\"@id\":\"https:\/\/bearchair.eu\/fr\/#organization\",\"name\":\"La chaise de l'ours\",\"url\":\"https:\/\/bearchair.eu\/fr\/\",\"logo\":{\"@type\":\"ImageObject\",\"inLanguage\":\"fr-FR\",\"@id\":\"https:\/\/bearchair.eu\/fr\/#\/schema\/logo\/image\/\",\"url\":\"https:\/\/new.bearchair.eu\/wp-content\/uploads\/2024\/05\/BearChairIcon.png\",\"contentUrl\":\"https:\/\/new.bearchair.eu\/wp-content\/uploads\/2024\/05\/BearChairIcon.png\",\"width\":512,\"height\":512,\"caption\":\"La chaise de l'ours\"},\"image\":{\"@id\":\"https:\/\/bearchair.eu\/fr\/#\/schema\/logo\/image\/\"}}]}<\/script>\n<!-- \/ Yoast SEO plugin. -->","yoast_head_json":{"title":"Chaise Royal Composite Bear Chair\u00ae sans ottoman - The Bear Chair\u00ae","robots":{"index":"index","follow":"follow","max-snippet":"max-snippet:-1","max-image-preview":"max-image-preview:large","max-video-preview":"max-video-preview:-1"},"canonical":"https:\/\/bearchair.eu\/fr\/chaises-fr\/royal-composite-bear-chair-sans-pouf\/","og_locale":"fr_FR","og_type":"article","og_title":"Chaise Royal Composite Bear Chair\u00ae sans ottoman - The Bear Chair\u00ae","og_description":"Que vous choisissiez le rouge, le blanc ou le noir, le Royal Composite Bear Chair\u00ae attire tous les regards ! Ce tr\u00f4ne vous procurera une sensation de d\u00e9tente absolue. Quelle couleur choisirez-vous ?","og_url":"https:\/\/bearchair.eu\/fr\/chaises-fr\/royal-composite-bear-chair-sans-pouf\/","og_site_name":"The Bear Chair\u00ae","article_modified_time":"2025-04-25T09:47:42+00:00","og_image":[{"width":1734,"height":2312,"url":"https:\/\/bearchair.eu\/wp-content\/uploads\/2024\/10\/Royal-Rood-livb-1-rotated.jpg","type":"image\/jpeg"}],"twitter_card":"summary_large_image","twitter_misc":{"Dur\u00e9e de lecture estim\u00e9e":"1 minute"},"schema":{"@context":"https:\/\/schema.org","@graph":[{"@type":"WebPage","@id":"https:\/\/bearchair.eu\/fr\/chaises-fr\/royal-composite-bear-chair-sans-pouf\/","url":"https:\/\/bearchair.eu\/fr\/chaises-fr\/royal-composite-bear-chair-sans-pouf\/","name":"Chaise Royal Composite Bear Chair\u00ae sans ottoman - The Bear Chair\u00ae","isPartOf":{"@id":"https:\/\/bearchair.eu\/fr\/#website"},"primaryImageOfPage":{"@id":"https:\/\/bearchair.eu\/fr\/chaises-fr\/royal-composite-bear-chair-sans-pouf\/#primaryimage"},"image":{"@id":"https:\/\/bearchair.eu\/fr\/chaises-fr\/royal-composite-bear-chair-sans-pouf\/#primaryimage"},"thumbnailUrl":"https:\/\/bearchair.eu\/wp-content\/uploads\/2024\/10\/Royal-Rood-livb-1-rotated.jpg","datePublished":"2024-05-03T10:10:06+00:00","dateModified":"2025-04-25T09:47:42+00:00","breadcrumb":{"@id":"https:\/\/bearchair.eu\/fr\/chaises-fr\/royal-composite-bear-chair-sans-pouf\/#breadcrumb"},"inLanguage":"fr-FR","potentialAction":[{"@type":"ReadAction","target":["https:\/\/bearchair.eu\/fr\/chaises-fr\/royal-composite-bear-chair-sans-pouf\/"]}]},{"@type":"ImageObject","inLanguage":"fr-FR","@id":"https:\/\/bearchair.eu\/fr\/chaises-fr\/royal-composite-bear-chair-sans-pouf\/#primaryimage","url":"https:\/\/bearchair.eu\/wp-content\/uploads\/2024\/10\/Royal-Rood-livb-1-rotated.jpg","contentUrl":"https:\/\/bearchair.eu\/wp-content\/uploads\/2024\/10\/Royal-Rood-livb-1-rotated.jpg","width":1734,"height":2312},{"@type":"BreadcrumbList","@id":"https:\/\/bearchair.eu\/fr\/chaises-fr\/royal-composite-bear-chair-sans-pouf\/#breadcrumb","itemListElement":[{"@type":"ListItem","position":1,"name":"Home","item":"https:\/\/bearchair.eu\/fr\/accueil\/"},{"@type":"ListItem","position":2,"name":"Boutique","item":"https:\/\/bearchair.eu\/fr\/boutique\/"},{"@type":"ListItem","position":3,"name":"Chaise Royal Composite Bear Chair\u00ae sans ottoman"}]},{"@type":"WebSite","@id":"https:\/\/bearchair.eu\/fr\/#website","url":"https:\/\/bearchair.eu\/fr\/","name":"The Bear Chair","description":"","publisher":{"@id":"https:\/\/bearchair.eu\/fr\/#organization"},"potentialAction":[{"@type":"SearchAction","target":{"@type":"EntryPoint","urlTemplate":"https:\/\/bearchair.eu\/fr\/?s={search_term_string}"},"query-input":{"@type":"PropertyValueSpecification","valueRequired":true,"valueName":"search_term_string"}}],"inLanguage":"fr-FR"},{"@type":"Organization","@id":"https:\/\/bearchair.eu\/fr\/#organization","name":"La chaise de l'ours","url":"https:\/\/bearchair.eu\/fr\/","logo":{"@type":"ImageObject","inLanguage":"fr-FR","@id":"https:\/\/bearchair.eu\/fr\/#\/schema\/logo\/image\/","url":"https:\/\/new.bearchair.eu\/wp-content\/uploads\/2024\/05\/BearChairIcon.png","contentUrl":"https:\/\/new.bearchair.eu\/wp-content\/uploads\/2024\/05\/BearChairIcon.png","width":512,"height":512,"caption":"La chaise de l'ours"},"image":{"@id":"https:\/\/bearchair.eu\/fr\/#\/schema\/logo\/image\/"}}]}},"_links":{"self":[{"href":"https:\/\/bearchair.eu\/fr\/wp-json\/wp\/v2\/product\/18561","targetHints":{"allow":["GET"]}}],"collection":[{"href":"https:\/\/bearchair.eu\/fr\/wp-json\/wp\/v2\/product"}],"about":[{"href":"https:\/\/bearchair.eu\/fr\/wp-json\/wp\/v2\/types\/product"}],"wp:featuredmedia":[{"embeddable":true,"href":"https:\/\/bearchair.eu\/fr\/wp-json\/wp\/v2\/media\/16194"}],"wp:attachment":[{"href":"https:\/\/bearchair.eu\/fr\/wp-json\/wp\/v2\/media?parent=18561"}],"wp:term":[{"taxonomy":"product_brand","embeddable":true,"href":"https:\/\/bearchair.eu\/fr\/wp-json\/wp\/v2\/product_brand?post=18561"},{"taxonomy":"product_cat","embeddable":true,"href":"https:\/\/bearchair.eu\/fr\/wp-json\/wp\/v2\/product_cat?post=18561"},{"taxonomy":"product_tag","embeddable":true,"href":"https:\/\/bearchair.eu\/fr\/wp-json\/wp\/v2\/product_tag?post=18561"}],"curies":[{"name":"wp","href":"https:\/\/api.w.org\/{rel}","templated":true}]}}