{"id":18570,"date":"2024-05-03T10:10:04","date_gmt":"2024-05-03T10:10:04","guid":{"rendered":"https:\/\/bearchair.eu\/non%20class\u00e9\/royal-bear-chair-sans-pouf\/"},"modified":"2025-04-25T09:47:00","modified_gmt":"2025-04-25T09:47:00","slug":"royal-bear-chair-sans-pouf","status":"publish","type":"product","link":"https:\/\/bearchair.eu\/fr\/mobilier\/royal-bear-chair-sans-pouf\/","title":{"rendered":"Chaise Royal Bear Chair\u00ae sans pouf"},"content":{"rendered":"<p>La chaise Royal Bear Chair\u00ae est un peu plus \u00e9l\u00e9gante et encore plus robuste que la chaise Royal \u00ae. The Original Bear Chair\u00ae. Elle est tout aussi confortable et \u00e9galement pliable. <\/p>\n<p><strong>Dimensions :<\/strong><\/p>\n<div>\n<ul>\n<li>Hauteur : 96 cm<\/li>\n<li>Largeur : 85 cm<\/li>\n<li>Profondeur : 96 cm<\/li>\n<li>Ce mod\u00e8le est pliable<\/li>\n<\/ul>\n<p><strong>Poids :<\/strong> 12,5 kg<\/p>\n<p><strong>Assemblage :<\/strong> La chaise Royal Bear Chair\u00ae est disponible en trois types de paquets :<\/p>\n<ul>\n<li><strong>Kit :<\/strong> Vous recevez tout le mat\u00e9riel n\u00e9cessaire pour assembler la chaise vous-m\u00eame. Le kit comprend les lattes, les vis, la colle et, bien s\u00fbr, des instructions de montage d\u00e9taill\u00e9es. <\/li>\n<li><strong>Pr\u00e9-assembl\u00e9 :<\/strong> Le dossier et l&rsquo;assise sont pr\u00e9-assembl\u00e9s, le reste doit \u00eatre assembl\u00e9 par vos soins. Le reste doit \u00eatre assembl\u00e9 par vos soins. Tous les mat\u00e9riaux et les instructions de montage sont bien s\u00fbr inclus. <\/li>\n<li><strong>Enti\u00e8rement assembl\u00e9 :<\/strong> La chaise est d\u00e9j\u00e0 enti\u00e8rement assembl\u00e9e. Elle vous est livr\u00e9e pr\u00eate \u00e0 l&#8217;emploi par notre propre service de transport. Veuillez noter que cela peut entra\u00eener des co\u00fbts plus \u00e9lev\u00e9s.  <\/li>\n<\/ul>\n<\/div>\n","protected":false},"excerpt":{"rendered":"<p>Pour ceux qui trouvent que l&rsquo;Original Bear Chair\u00ae est trop fin ou trop l\u00e9ger, nous avons le Royal Bear Chair\u00ae. Il est plus robuste, fabriqu\u00e9 en c\u00e8dre plus \u00e9pais, tout aussi confortable et \u00e9galement pliable.<br \/>\nLe Royal Bear Chair\u00ae fait la diff\u00e9rence entre un si\u00e8ge et un \"tr\u00f4ne\". <\/p>\n","protected":false},"featured_media":14606,"template":"","meta":[],"product_brand":[],"product_cat":[255,301],"product_tag":[],"class_list":{"0":"post-18570","1":"product","2":"type-product","3":"status-publish","4":"has-post-thumbnail","6":"product_cat-chaises-fr","7":"product_cat-mobilier","9":"first","10":"instock","11":"taxable","12":"shipping-taxable","13":"purchasable","14":"product-type-variable"},"yoast_head":"<!-- This site is optimized with the Yoast SEO plugin v27.2 - https:\/\/yoast.com\/product\/yoast-seo-wordpress\/ -->\n<title>Chaise Royal Bear Chair\u00ae sans pouf - The Bear Chair\u00ae<\/title>\n<meta name=\"robots\" content=\"index, follow, max-snippet:-1, max-image-preview:large, max-video-preview:-1\" \/>\n<link rel=\"canonical\" href=\"https:\/\/bearchair.eu\/fr\/mobilier\/royal-bear-chair-sans-pouf\/\" \/>\n<meta property=\"og:locale\" content=\"fr_FR\" \/>\n<meta property=\"og:type\" content=\"article\" \/>\n<meta property=\"og:title\" content=\"Chaise Royal Bear Chair\u00ae sans pouf - The Bear Chair\u00ae\" \/>\n<meta property=\"og:description\" content=\"Pour ceux qui trouvent que l&#039;Original Bear Chair\u00ae est trop fin ou trop l\u00e9ger, nous avons le Royal Bear Chair\u00ae. Il est plus robuste, fabriqu\u00e9 en c\u00e8dre plus \u00e9pais, tout aussi confortable et \u00e9galement pliable. Le Royal Bear Chair\u00ae fait la diff\u00e9rence entre un si\u00e8ge et un &quot;tr\u00f4ne&quot;.\" \/>\n<meta property=\"og:url\" content=\"https:\/\/bearchair.eu\/fr\/mobilier\/royal-bear-chair-sans-pouf\/\" \/>\n<meta property=\"og:site_name\" content=\"The Bear Chair\u00ae\" \/>\n<meta property=\"article:modified_time\" content=\"2025-04-25T09:47:00+00:00\" \/>\n<meta property=\"og:image\" content=\"https:\/\/bearchair.eu\/wp-content\/uploads\/2024\/04\/image_2024-04-06_135554421-e1712404638728.png\" \/>\n\t<meta property=\"og:image:width\" content=\"2037\" \/>\n\t<meta property=\"og:image:height\" content=\"1525\" \/>\n\t<meta property=\"og:image:type\" content=\"image\/png\" \/>\n<meta name=\"twitter:card\" content=\"summary_large_image\" \/>\n<meta name=\"twitter:label1\" content=\"Dur\u00e9e de lecture estim\u00e9e\" \/>\n\t<meta name=\"twitter:data1\" content=\"1 minute\" \/>\n<script type=\"application\/ld+json\" class=\"yoast-schema-graph\">{\"@context\":\"https:\/\/schema.org\",\"@graph\":[{\"@type\":\"WebPage\",\"@id\":\"https:\/\/bearchair.eu\/fr\/mobilier\/royal-bear-chair-sans-pouf\/\",\"url\":\"https:\/\/bearchair.eu\/fr\/mobilier\/royal-bear-chair-sans-pouf\/\",\"name\":\"Chaise Royal Bear Chair\u00ae sans pouf - The Bear Chair\u00ae\",\"isPartOf\":{\"@id\":\"https:\/\/bearchair.eu\/fr\/#website\"},\"primaryImageOfPage\":{\"@id\":\"https:\/\/bearchair.eu\/fr\/mobilier\/royal-bear-chair-sans-pouf\/#primaryimage\"},\"image\":{\"@id\":\"https:\/\/bearchair.eu\/fr\/mobilier\/royal-bear-chair-sans-pouf\/#primaryimage\"},\"thumbnailUrl\":\"https:\/\/bearchair.eu\/wp-content\/uploads\/2024\/04\/image_2024-04-06_135554421-e1712404638728.png\",\"datePublished\":\"2024-05-03T10:10:04+00:00\",\"dateModified\":\"2025-04-25T09:47:00+00:00\",\"breadcrumb\":{\"@id\":\"https:\/\/bearchair.eu\/fr\/mobilier\/royal-bear-chair-sans-pouf\/#breadcrumb\"},\"inLanguage\":\"fr-FR\",\"potentialAction\":[{\"@type\":\"ReadAction\",\"target\":[\"https:\/\/bearchair.eu\/fr\/mobilier\/royal-bear-chair-sans-pouf\/\"]}]},{\"@type\":\"ImageObject\",\"inLanguage\":\"fr-FR\",\"@id\":\"https:\/\/bearchair.eu\/fr\/mobilier\/royal-bear-chair-sans-pouf\/#primaryimage\",\"url\":\"https:\/\/bearchair.eu\/wp-content\/uploads\/2024\/04\/image_2024-04-06_135554421-e1712404638728.png\",\"contentUrl\":\"https:\/\/bearchair.eu\/wp-content\/uploads\/2024\/04\/image_2024-04-06_135554421-e1712404638728.png\",\"width\":2037,\"height\":1525},{\"@type\":\"BreadcrumbList\",\"@id\":\"https:\/\/bearchair.eu\/fr\/mobilier\/royal-bear-chair-sans-pouf\/#breadcrumb\",\"itemListElement\":[{\"@type\":\"ListItem\",\"position\":1,\"name\":\"Home\",\"item\":\"https:\/\/bearchair.eu\/fr\/accueil\/\"},{\"@type\":\"ListItem\",\"position\":2,\"name\":\"Boutique\",\"item\":\"https:\/\/bearchair.eu\/fr\/boutique\/\"},{\"@type\":\"ListItem\",\"position\":3,\"name\":\"Chaise Royal Bear Chair\u00ae sans pouf\"}]},{\"@type\":\"WebSite\",\"@id\":\"https:\/\/bearchair.eu\/fr\/#website\",\"url\":\"https:\/\/bearchair.eu\/fr\/\",\"name\":\"The Bear Chair\",\"description\":\"\",\"publisher\":{\"@id\":\"https:\/\/bearchair.eu\/fr\/#organization\"},\"potentialAction\":[{\"@type\":\"SearchAction\",\"target\":{\"@type\":\"EntryPoint\",\"urlTemplate\":\"https:\/\/bearchair.eu\/fr\/?s={search_term_string}\"},\"query-input\":{\"@type\":\"PropertyValueSpecification\",\"valueRequired\":true,\"valueName\":\"search_term_string\"}}],\"inLanguage\":\"fr-FR\"},{\"@type\":\"Organization\",\"@id\":\"https:\/\/bearchair.eu\/fr\/#organization\",\"name\":\"La chaise de l'ours\",\"url\":\"https:\/\/bearchair.eu\/fr\/\",\"logo\":{\"@type\":\"ImageObject\",\"inLanguage\":\"fr-FR\",\"@id\":\"https:\/\/bearchair.eu\/fr\/#\/schema\/logo\/image\/\",\"url\":\"https:\/\/new.bearchair.eu\/wp-content\/uploads\/2024\/05\/BearChairIcon.png\",\"contentUrl\":\"https:\/\/new.bearchair.eu\/wp-content\/uploads\/2024\/05\/BearChairIcon.png\",\"width\":512,\"height\":512,\"caption\":\"La chaise de l'ours\"},\"image\":{\"@id\":\"https:\/\/bearchair.eu\/fr\/#\/schema\/logo\/image\/\"}}]}<\/script>\n<!-- \/ Yoast SEO plugin. -->","yoast_head_json":{"title":"Chaise Royal Bear Chair\u00ae sans pouf - The Bear Chair\u00ae","robots":{"index":"index","follow":"follow","max-snippet":"max-snippet:-1","max-image-preview":"max-image-preview:large","max-video-preview":"max-video-preview:-1"},"canonical":"https:\/\/bearchair.eu\/fr\/mobilier\/royal-bear-chair-sans-pouf\/","og_locale":"fr_FR","og_type":"article","og_title":"Chaise Royal Bear Chair\u00ae sans pouf - The Bear Chair\u00ae","og_description":"Pour ceux qui trouvent que l'Original Bear Chair\u00ae est trop fin ou trop l\u00e9ger, nous avons le Royal Bear Chair\u00ae. Il est plus robuste, fabriqu\u00e9 en c\u00e8dre plus \u00e9pais, tout aussi confortable et \u00e9galement pliable. Le Royal Bear Chair\u00ae fait la diff\u00e9rence entre un si\u00e8ge et un \"tr\u00f4ne\".","og_url":"https:\/\/bearchair.eu\/fr\/mobilier\/royal-bear-chair-sans-pouf\/","og_site_name":"The Bear Chair\u00ae","article_modified_time":"2025-04-25T09:47:00+00:00","og_image":[{"width":2037,"height":1525,"url":"https:\/\/bearchair.eu\/wp-content\/uploads\/2024\/04\/image_2024-04-06_135554421-e1712404638728.png","type":"image\/png"}],"twitter_card":"summary_large_image","twitter_misc":{"Dur\u00e9e de lecture estim\u00e9e":"1 minute"},"schema":{"@context":"https:\/\/schema.org","@graph":[{"@type":"WebPage","@id":"https:\/\/bearchair.eu\/fr\/mobilier\/royal-bear-chair-sans-pouf\/","url":"https:\/\/bearchair.eu\/fr\/mobilier\/royal-bear-chair-sans-pouf\/","name":"Chaise Royal Bear Chair\u00ae sans pouf - The Bear Chair\u00ae","isPartOf":{"@id":"https:\/\/bearchair.eu\/fr\/#website"},"primaryImageOfPage":{"@id":"https:\/\/bearchair.eu\/fr\/mobilier\/royal-bear-chair-sans-pouf\/#primaryimage"},"image":{"@id":"https:\/\/bearchair.eu\/fr\/mobilier\/royal-bear-chair-sans-pouf\/#primaryimage"},"thumbnailUrl":"https:\/\/bearchair.eu\/wp-content\/uploads\/2024\/04\/image_2024-04-06_135554421-e1712404638728.png","datePublished":"2024-05-03T10:10:04+00:00","dateModified":"2025-04-25T09:47:00+00:00","breadcrumb":{"@id":"https:\/\/bearchair.eu\/fr\/mobilier\/royal-bear-chair-sans-pouf\/#breadcrumb"},"inLanguage":"fr-FR","potentialAction":[{"@type":"ReadAction","target":["https:\/\/bearchair.eu\/fr\/mobilier\/royal-bear-chair-sans-pouf\/"]}]},{"@type":"ImageObject","inLanguage":"fr-FR","@id":"https:\/\/bearchair.eu\/fr\/mobilier\/royal-bear-chair-sans-pouf\/#primaryimage","url":"https:\/\/bearchair.eu\/wp-content\/uploads\/2024\/04\/image_2024-04-06_135554421-e1712404638728.png","contentUrl":"https:\/\/bearchair.eu\/wp-content\/uploads\/2024\/04\/image_2024-04-06_135554421-e1712404638728.png","width":2037,"height":1525},{"@type":"BreadcrumbList","@id":"https:\/\/bearchair.eu\/fr\/mobilier\/royal-bear-chair-sans-pouf\/#breadcrumb","itemListElement":[{"@type":"ListItem","position":1,"name":"Home","item":"https:\/\/bearchair.eu\/fr\/accueil\/"},{"@type":"ListItem","position":2,"name":"Boutique","item":"https:\/\/bearchair.eu\/fr\/boutique\/"},{"@type":"ListItem","position":3,"name":"Chaise Royal Bear Chair\u00ae sans pouf"}]},{"@type":"WebSite","@id":"https:\/\/bearchair.eu\/fr\/#website","url":"https:\/\/bearchair.eu\/fr\/","name":"The Bear Chair","description":"","publisher":{"@id":"https:\/\/bearchair.eu\/fr\/#organization"},"potentialAction":[{"@type":"SearchAction","target":{"@type":"EntryPoint","urlTemplate":"https:\/\/bearchair.eu\/fr\/?s={search_term_string}"},"query-input":{"@type":"PropertyValueSpecification","valueRequired":true,"valueName":"search_term_string"}}],"inLanguage":"fr-FR"},{"@type":"Organization","@id":"https:\/\/bearchair.eu\/fr\/#organization","name":"La chaise de l'ours","url":"https:\/\/bearchair.eu\/fr\/","logo":{"@type":"ImageObject","inLanguage":"fr-FR","@id":"https:\/\/bearchair.eu\/fr\/#\/schema\/logo\/image\/","url":"https:\/\/new.bearchair.eu\/wp-content\/uploads\/2024\/05\/BearChairIcon.png","contentUrl":"https:\/\/new.bearchair.eu\/wp-content\/uploads\/2024\/05\/BearChairIcon.png","width":512,"height":512,"caption":"La chaise de l'ours"},"image":{"@id":"https:\/\/bearchair.eu\/fr\/#\/schema\/logo\/image\/"}}]}},"_links":{"self":[{"href":"https:\/\/bearchair.eu\/fr\/wp-json\/wp\/v2\/product\/18570","targetHints":{"allow":["GET"]}}],"collection":[{"href":"https:\/\/bearchair.eu\/fr\/wp-json\/wp\/v2\/product"}],"about":[{"href":"https:\/\/bearchair.eu\/fr\/wp-json\/wp\/v2\/types\/product"}],"wp:featuredmedia":[{"embeddable":true,"href":"https:\/\/bearchair.eu\/fr\/wp-json\/wp\/v2\/media\/14606"}],"wp:attachment":[{"href":"https:\/\/bearchair.eu\/fr\/wp-json\/wp\/v2\/media?parent=18570"}],"wp:term":[{"taxonomy":"product_brand","embeddable":true,"href":"https:\/\/bearchair.eu\/fr\/wp-json\/wp\/v2\/product_brand?post=18570"},{"taxonomy":"product_cat","embeddable":true,"href":"https:\/\/bearchair.eu\/fr\/wp-json\/wp\/v2\/product_cat?post=18570"},{"taxonomy":"product_tag","embeddable":true,"href":"https:\/\/bearchair.eu\/fr\/wp-json\/wp\/v2\/product_tag?post=18570"}],"curies":[{"name":"wp","href":"https:\/\/api.w.org\/{rel}","templated":true}]}}