{"id":18584,"date":"2024-05-03T10:10:04","date_gmt":"2024-05-03T10:10:04","guid":{"rendered":"https:\/\/bearchair.eu\/non%20class\u00e9\/grizzly-bear-chair\/"},"modified":"2025-04-25T09:34:41","modified_gmt":"2025-04-25T09:34:41","slug":"grizzly-bear-chair","status":"publish","type":"product","link":"https:\/\/bearchair.eu\/fr\/chaises-fr\/grizzly-bear-chair\/","title":{"rendered":"Chaise Grizzly Bear Chair"},"content":{"rendered":"<p>La chaise Grizzly Bear Chair\u00ae est juste un peu plus grande que la chaise Grizzly \u00ae. The Original Bear ChairLa chaise Grizzly \u00ae est un peu plus grande que la chaise Grizzly \u00ae. Le dossier et l&rsquo;assise plus hauts, les accoudoirs plus larges, les boulons en acier inoxydable et les pieds encore plus robustes rendent le Grizzly un peu plus robuste et confortable. Le Grizzly Bear Chair\u00ae est \u00e9galement pliable, ce qui le rend facile \u00e0 d\u00e9placer et \u00e0 ranger.  <\/p>\n<p><strong>Dimensions :  <\/strong><\/p>\n<ul>\n<li>Hauteur : 102 cm<\/li>\n<li>Largeur : 87 cm<\/li>\n<li>Profondeur : 99 cm<\/li>\n<li>Ce mod\u00e8le est pliable<\/li>\n<\/ul>\n<p><strong>Poids :<\/strong> 15 kg<\/p>\n<p><strong>Assemblage :<\/strong> Le Grizzly Bear Chair\u00ae est disponible en deux types d&#8217;emballages :<\/p>\n<ul>\n<li><strong>Pr\u00e9-assembl\u00e9 :<\/strong> Le dossier et l&rsquo;assise sont pr\u00e9-assembl\u00e9s, le reste doit \u00eatre assembl\u00e9 par vos soins. Le reste doit \u00eatre assembl\u00e9 par vos soins. Tous les mat\u00e9riaux et les instructions de montage sont bien s\u00fbr inclus. <\/li>\n<li><strong>Enti\u00e8rement assembl\u00e9 :<\/strong> La chaise est d\u00e9j\u00e0 enti\u00e8rement assembl\u00e9e. Elle vous est livr\u00e9e pr\u00eate \u00e0 l&#8217;emploi par notre propre service de transport. Veuillez noter que cela peut entra\u00eener des co\u00fbts plus \u00e9lev\u00e9s.  <\/li>\n<\/ul>\n<div class=\"webwinkelkeur\"><\/div>\n","protected":false},"excerpt":{"rendered":"<p>Le Grizzly Bear Chair\u00ae est le grand fr\u00e8re de The Original Bear Chair\u00ae. La m\u00eame qualit\u00e9, mais plus grand et encore plus robuste ! <\/p>\n<p>&nbsp;<\/p>\n","protected":false},"featured_media":15426,"template":"","meta":[],"product_brand":[],"product_cat":[255,301],"product_tag":[],"class_list":{"0":"post-18584","1":"product","2":"type-product","3":"status-publish","4":"has-post-thumbnail","6":"product_cat-chaises-fr","7":"product_cat-mobilier","9":"first","10":"instock","11":"featured","12":"taxable","13":"shipping-taxable","14":"purchasable","15":"product-type-variable"},"yoast_head":"<!-- This site is optimized with the Yoast SEO plugin v27.2 - https:\/\/yoast.com\/product\/yoast-seo-wordpress\/ -->\n<title>Chaise Grizzly Bear Chair - The Bear Chair\u00ae<\/title>\n<meta name=\"description\" content=\"Magasinez le Grizzly Bear Chair\u00ae. Cette chaise de jardin est nettement plus haute, a des accoudoirs plus \u00e9pais, des boulons en acier inoxydable, des pieds plus robustes et est pliable.\" \/>\n<meta name=\"robots\" content=\"index, follow, max-snippet:-1, max-image-preview:large, max-video-preview:-1\" \/>\n<link rel=\"canonical\" href=\"https:\/\/bearchair.eu\/fr\/chaises-fr\/grizzly-bear-chair\/\" \/>\n<meta property=\"og:locale\" content=\"fr_FR\" \/>\n<meta property=\"og:type\" content=\"article\" \/>\n<meta property=\"og:title\" content=\"Chaise Grizzly Bear Chair - The Bear Chair\u00ae\" \/>\n<meta property=\"og:description\" content=\"Magasinez le Grizzly Bear Chair\u00ae. Cette chaise de jardin est nettement plus haute, a des accoudoirs plus \u00e9pais, des boulons en acier inoxydable, des pieds plus robustes et est pliable.\" \/>\n<meta property=\"og:url\" content=\"https:\/\/bearchair.eu\/fr\/chaises-fr\/grizzly-bear-chair\/\" \/>\n<meta property=\"og:site_name\" content=\"The Bear Chair\u00ae\" \/>\n<meta property=\"article:modified_time\" content=\"2025-04-25T09:34:41+00:00\" \/>\n<meta property=\"og:image\" content=\"https:\/\/bearchair.eu\/wp-content\/uploads\/2024\/05\/20220708_BearChair_MOXY_LR-9754.jpeg\" \/>\n\t<meta property=\"og:image:width\" content=\"683\" \/>\n\t<meta property=\"og:image:height\" content=\"1024\" \/>\n\t<meta property=\"og:image:type\" content=\"image\/jpeg\" \/>\n<meta name=\"twitter:card\" content=\"summary_large_image\" \/>\n<meta name=\"twitter:label1\" content=\"Dur\u00e9e de lecture estim\u00e9e\" \/>\n\t<meta name=\"twitter:data1\" content=\"1 minute\" \/>\n<script type=\"application\/ld+json\" class=\"yoast-schema-graph\">{\"@context\":\"https:\/\/schema.org\",\"@graph\":[{\"@type\":\"WebPage\",\"@id\":\"https:\/\/bearchair.eu\/fr\/chaises-fr\/grizzly-bear-chair\/\",\"url\":\"https:\/\/bearchair.eu\/fr\/chaises-fr\/grizzly-bear-chair\/\",\"name\":\"Chaise Grizzly Bear Chair - The Bear Chair\u00ae\",\"isPartOf\":{\"@id\":\"https:\/\/bearchair.eu\/fr\/#website\"},\"primaryImageOfPage\":{\"@id\":\"https:\/\/bearchair.eu\/fr\/chaises-fr\/grizzly-bear-chair\/#primaryimage\"},\"image\":{\"@id\":\"https:\/\/bearchair.eu\/fr\/chaises-fr\/grizzly-bear-chair\/#primaryimage\"},\"thumbnailUrl\":\"https:\/\/bearchair.eu\/wp-content\/uploads\/2024\/05\/20220708_BearChair_MOXY_LR-9754.jpeg\",\"datePublished\":\"2024-05-03T10:10:04+00:00\",\"dateModified\":\"2025-04-25T09:34:41+00:00\",\"description\":\"Magasinez le Grizzly Bear Chair\u00ae. Cette chaise de jardin est nettement plus haute, a des accoudoirs plus \u00e9pais, des boulons en acier inoxydable, des pieds plus robustes et est pliable.\",\"breadcrumb\":{\"@id\":\"https:\/\/bearchair.eu\/fr\/chaises-fr\/grizzly-bear-chair\/#breadcrumb\"},\"inLanguage\":\"fr-FR\",\"potentialAction\":[{\"@type\":\"ReadAction\",\"target\":[\"https:\/\/bearchair.eu\/fr\/chaises-fr\/grizzly-bear-chair\/\"]}]},{\"@type\":\"ImageObject\",\"inLanguage\":\"fr-FR\",\"@id\":\"https:\/\/bearchair.eu\/fr\/chaises-fr\/grizzly-bear-chair\/#primaryimage\",\"url\":\"https:\/\/bearchair.eu\/wp-content\/uploads\/2024\/05\/20220708_BearChair_MOXY_LR-9754.jpeg\",\"contentUrl\":\"https:\/\/bearchair.eu\/wp-content\/uploads\/2024\/05\/20220708_BearChair_MOXY_LR-9754.jpeg\",\"width\":683,\"height\":1024},{\"@type\":\"BreadcrumbList\",\"@id\":\"https:\/\/bearchair.eu\/fr\/chaises-fr\/grizzly-bear-chair\/#breadcrumb\",\"itemListElement\":[{\"@type\":\"ListItem\",\"position\":1,\"name\":\"Accueil\",\"item\":\"https:\/\/bearchair.eu\/fr\/accueil\/\"},{\"@type\":\"ListItem\",\"position\":2,\"name\":\"Boutique\",\"item\":\"https:\/\/bearchair.eu\/fr\/boutique\/\"},{\"@type\":\"ListItem\",\"position\":3,\"name\":\"Chaise Grizzly Bear Chair\"}]},{\"@type\":\"WebSite\",\"@id\":\"https:\/\/bearchair.eu\/fr\/#website\",\"url\":\"https:\/\/bearchair.eu\/fr\/\",\"name\":\"The Bear Chair\",\"description\":\"\",\"publisher\":{\"@id\":\"https:\/\/bearchair.eu\/fr\/#organization\"},\"potentialAction\":[{\"@type\":\"SearchAction\",\"target\":{\"@type\":\"EntryPoint\",\"urlTemplate\":\"https:\/\/bearchair.eu\/fr\/?s={search_term_string}\"},\"query-input\":{\"@type\":\"PropertyValueSpecification\",\"valueRequired\":true,\"valueName\":\"search_term_string\"}}],\"inLanguage\":\"fr-FR\"},{\"@type\":\"Organization\",\"@id\":\"https:\/\/bearchair.eu\/fr\/#organization\",\"name\":\"La chaise de l'ours\",\"url\":\"https:\/\/bearchair.eu\/fr\/\",\"logo\":{\"@type\":\"ImageObject\",\"inLanguage\":\"fr-FR\",\"@id\":\"https:\/\/bearchair.eu\/fr\/#\/schema\/logo\/image\/\",\"url\":\"https:\/\/new.bearchair.eu\/wp-content\/uploads\/2024\/05\/BearChairIcon.png\",\"contentUrl\":\"https:\/\/new.bearchair.eu\/wp-content\/uploads\/2024\/05\/BearChairIcon.png\",\"width\":512,\"height\":512,\"caption\":\"La chaise de l'ours\"},\"image\":{\"@id\":\"https:\/\/bearchair.eu\/fr\/#\/schema\/logo\/image\/\"}}]}<\/script>\n<!-- \/ Yoast SEO plugin. -->","yoast_head_json":{"title":"Chaise Grizzly Bear Chair - The Bear Chair\u00ae","description":"Magasinez le Grizzly Bear Chair\u00ae. Cette chaise de jardin est nettement plus haute, a des accoudoirs plus \u00e9pais, des boulons en acier inoxydable, des pieds plus robustes et est pliable.","robots":{"index":"index","follow":"follow","max-snippet":"max-snippet:-1","max-image-preview":"max-image-preview:large","max-video-preview":"max-video-preview:-1"},"canonical":"https:\/\/bearchair.eu\/fr\/chaises-fr\/grizzly-bear-chair\/","og_locale":"fr_FR","og_type":"article","og_title":"Chaise Grizzly Bear Chair - The Bear Chair\u00ae","og_description":"Magasinez le Grizzly Bear Chair\u00ae. Cette chaise de jardin est nettement plus haute, a des accoudoirs plus \u00e9pais, des boulons en acier inoxydable, des pieds plus robustes et est pliable.","og_url":"https:\/\/bearchair.eu\/fr\/chaises-fr\/grizzly-bear-chair\/","og_site_name":"The Bear Chair\u00ae","article_modified_time":"2025-04-25T09:34:41+00:00","og_image":[{"width":683,"height":1024,"url":"https:\/\/bearchair.eu\/wp-content\/uploads\/2024\/05\/20220708_BearChair_MOXY_LR-9754.jpeg","type":"image\/jpeg"}],"twitter_card":"summary_large_image","twitter_misc":{"Dur\u00e9e de lecture estim\u00e9e":"1 minute"},"schema":{"@context":"https:\/\/schema.org","@graph":[{"@type":"WebPage","@id":"https:\/\/bearchair.eu\/fr\/chaises-fr\/grizzly-bear-chair\/","url":"https:\/\/bearchair.eu\/fr\/chaises-fr\/grizzly-bear-chair\/","name":"Chaise Grizzly Bear Chair - The Bear Chair\u00ae","isPartOf":{"@id":"https:\/\/bearchair.eu\/fr\/#website"},"primaryImageOfPage":{"@id":"https:\/\/bearchair.eu\/fr\/chaises-fr\/grizzly-bear-chair\/#primaryimage"},"image":{"@id":"https:\/\/bearchair.eu\/fr\/chaises-fr\/grizzly-bear-chair\/#primaryimage"},"thumbnailUrl":"https:\/\/bearchair.eu\/wp-content\/uploads\/2024\/05\/20220708_BearChair_MOXY_LR-9754.jpeg","datePublished":"2024-05-03T10:10:04+00:00","dateModified":"2025-04-25T09:34:41+00:00","description":"Magasinez le Grizzly Bear Chair\u00ae. Cette chaise de jardin est nettement plus haute, a des accoudoirs plus \u00e9pais, des boulons en acier inoxydable, des pieds plus robustes et est pliable.","breadcrumb":{"@id":"https:\/\/bearchair.eu\/fr\/chaises-fr\/grizzly-bear-chair\/#breadcrumb"},"inLanguage":"fr-FR","potentialAction":[{"@type":"ReadAction","target":["https:\/\/bearchair.eu\/fr\/chaises-fr\/grizzly-bear-chair\/"]}]},{"@type":"ImageObject","inLanguage":"fr-FR","@id":"https:\/\/bearchair.eu\/fr\/chaises-fr\/grizzly-bear-chair\/#primaryimage","url":"https:\/\/bearchair.eu\/wp-content\/uploads\/2024\/05\/20220708_BearChair_MOXY_LR-9754.jpeg","contentUrl":"https:\/\/bearchair.eu\/wp-content\/uploads\/2024\/05\/20220708_BearChair_MOXY_LR-9754.jpeg","width":683,"height":1024},{"@type":"BreadcrumbList","@id":"https:\/\/bearchair.eu\/fr\/chaises-fr\/grizzly-bear-chair\/#breadcrumb","itemListElement":[{"@type":"ListItem","position":1,"name":"Accueil","item":"https:\/\/bearchair.eu\/fr\/accueil\/"},{"@type":"ListItem","position":2,"name":"Boutique","item":"https:\/\/bearchair.eu\/fr\/boutique\/"},{"@type":"ListItem","position":3,"name":"Chaise Grizzly Bear Chair"}]},{"@type":"WebSite","@id":"https:\/\/bearchair.eu\/fr\/#website","url":"https:\/\/bearchair.eu\/fr\/","name":"The Bear Chair","description":"","publisher":{"@id":"https:\/\/bearchair.eu\/fr\/#organization"},"potentialAction":[{"@type":"SearchAction","target":{"@type":"EntryPoint","urlTemplate":"https:\/\/bearchair.eu\/fr\/?s={search_term_string}"},"query-input":{"@type":"PropertyValueSpecification","valueRequired":true,"valueName":"search_term_string"}}],"inLanguage":"fr-FR"},{"@type":"Organization","@id":"https:\/\/bearchair.eu\/fr\/#organization","name":"La chaise de l'ours","url":"https:\/\/bearchair.eu\/fr\/","logo":{"@type":"ImageObject","inLanguage":"fr-FR","@id":"https:\/\/bearchair.eu\/fr\/#\/schema\/logo\/image\/","url":"https:\/\/new.bearchair.eu\/wp-content\/uploads\/2024\/05\/BearChairIcon.png","contentUrl":"https:\/\/new.bearchair.eu\/wp-content\/uploads\/2024\/05\/BearChairIcon.png","width":512,"height":512,"caption":"La chaise de l'ours"},"image":{"@id":"https:\/\/bearchair.eu\/fr\/#\/schema\/logo\/image\/"}}]}},"_links":{"self":[{"href":"https:\/\/bearchair.eu\/fr\/wp-json\/wp\/v2\/product\/18584","targetHints":{"allow":["GET"]}}],"collection":[{"href":"https:\/\/bearchair.eu\/fr\/wp-json\/wp\/v2\/product"}],"about":[{"href":"https:\/\/bearchair.eu\/fr\/wp-json\/wp\/v2\/types\/product"}],"wp:featuredmedia":[{"embeddable":true,"href":"https:\/\/bearchair.eu\/fr\/wp-json\/wp\/v2\/media\/15426"}],"wp:attachment":[{"href":"https:\/\/bearchair.eu\/fr\/wp-json\/wp\/v2\/media?parent=18584"}],"wp:term":[{"taxonomy":"product_brand","embeddable":true,"href":"https:\/\/bearchair.eu\/fr\/wp-json\/wp\/v2\/product_brand?post=18584"},{"taxonomy":"product_cat","embeddable":true,"href":"https:\/\/bearchair.eu\/fr\/wp-json\/wp\/v2\/product_cat?post=18584"},{"taxonomy":"product_tag","embeddable":true,"href":"https:\/\/bearchair.eu\/fr\/wp-json\/wp\/v2\/product_tag?post=18584"}],"curies":[{"name":"wp","href":"https:\/\/api.w.org\/{rel}","templated":true}]}}