{"id":18606,"date":"2024-05-03T10:10:01","date_gmt":"2024-05-03T10:10:01","guid":{"rendered":"https:\/\/bearchair.eu\/non%20class\u00e9\/triton-3l-classic-dispenser\/"},"modified":"2025-04-01T09:05:38","modified_gmt":"2025-04-01T09:05:38","slug":"triton-3l-classic-dispenser","status":"publish","type":"product","link":"https:\/\/bearchair.eu\/fr\/distributeur-de-biere\/triton-3l-classic-dispenser\/","title":{"rendered":"Triton 3L Classic Dispenser"},"content":{"rendered":"<div class=\"wpb-content-wrapper\"><p>[vc_row][vc_column][vc_column_text css=\"\" woodmart_inline=\"no\" text_larger=\"no\"]<\/p>\n<ul>\n<li>Capacit\u00e9 : Ce distributeur de bi\u00e8re a une capacit\u00e9 g\u00e9n\u00e9reuse de 3 litres, ce qui le rend id\u00e9al pour diverses occasions, qu&rsquo;il s&rsquo;agisse de r\u00e9unions intimes ou d&rsquo;\u00e9v\u00e9nements plus importants.<\/li>\n<li>Mat\u00e9riau : Fabriqu\u00e9 dans un mat\u00e9riau durable et de haute qualit\u00e9 pour garantir que vos bi\u00e8res pr\u00e9f\u00e9r\u00e9es restent fra\u00eeches et conservent toute leur saveur. Cette conception robuste garantit des performances durables. <\/li>\n<li>R\u00e9servoir transparent : Le r\u00e9servoir transparent vous permet de suivre facilement le niveau de vos boissons et de savoir quand il est temps de les remplir.<\/li>\n<li>M\u00e9canisme de robinet : Le distributeur Triton 3L Classic est \u00e9quip\u00e9 d&rsquo;un m\u00e9canisme de robinet brevet\u00e9 pour un fonctionnement souple et efficace. Cela vous permet de verser des bi\u00e8res parfaitement frapp\u00e9es sans effort, \u00e0 chaque fois. <\/li>\n<li>Design : Le design du distributeur Triton 3L Classic allie style et fonctionnalit\u00e9 de mani\u00e8re \u00e9l\u00e9gante. Avec son look moderne, il ajoute une touche de classe \u00e0 n&rsquo;importe quel environnement. <\/li>\n<li>Convient : Que vous soyez un amateur de bi\u00e8re chevronn\u00e9 ou que vous cherchiez simplement un compl\u00e9ment amusant \u00e0 votre f\u00eate, ce distributeur de bi\u00e8re vous garantit plaisir et commodit\u00e9.<\/li>\n<\/ul>\n<p>Avec le distributeur Triton 3L Classic de Bear Chair, vous obtenez un produit de haute qualit\u00e9 qui porte votre exp\u00e9rience de la boisson \u00e0 un niveau sup\u00e9rieur et qui est s\u00fbr d&rsquo;attirer l&rsquo;attention lors de votre prochain rassemblement.<\/p>\n<p><a class=\"btn\" href=\"https:\/\/bearchair.eu\/wp-content\/uploads\/2024\/05\/Triton-Classic3L-product-sheet.pdf\" target=\"_blank\" rel=\"noopener\">T\u00e9l\u00e9chargez la fiche produit Triton-Classic 3L<\/a>[\/vc_column_text][\/vc_column][\/vc_row]<\/p>\n<\/div>","protected":false},"excerpt":{"rendered":"<p>D\u00e9couvrez le compagnon id\u00e9al pour votre prochaine f\u00eate : le Triton 3L Classic Dispenser de Bear Chair. Ce distributeur de bi\u00e8re innovant vous permet de passer \u00e0 la vitesse sup\u00e9rieure gr\u00e2ce \u00e0 son design \u00e9l\u00e9gant et \u00e0 sa fonctionnalit\u00e9. <\/p>\n<p>Avec une capacit\u00e9 de 3 litres, la Triton Classic est parfaite pour les r\u00e9unions intimes et les \u00e9v\u00e9nements plus importants. Sa conception robuste garantit que vos bi\u00e8res pr\u00e9f\u00e9r\u00e9es restent fra\u00eeches et conservent toute leur saveur, tandis que le r\u00e9servoir transparent vous permet de garder un \u0153il sur le niveau de vos boissons. <\/p>\n<p>Le m\u00e9canisme brevet\u00e9 du robinet assure un fonctionnement souple et efficace, ce qui facilite le versement d&rsquo;une bi\u00e8re parfaitement tir\u00e9e. Que vous soyez un amateur de bi\u00e8re chevronn\u00e9 ou que vous cherchiez simplement \u00e0 agr\u00e9menter votre f\u00eate, le Triton 3L Classic Dispenser vous garantit plaisir et commodit\u00e9. <\/p>\n<p>Alors, qu&rsquo;attendez-vous ? Ajoutez une touche de classe \u00e0 votre prochaine r\u00e9union et laissez le distributeur Triton Classic de Bear Chair \u00eatre le centre d&rsquo;attention. \u00c0 votre sant\u00e9 !  <\/p>\n","protected":false},"featured_media":11605,"template":"","meta":[],"product_brand":[],"product_cat":[320],"product_tag":[],"class_list":{"0":"post-18606","1":"product","2":"type-product","3":"status-publish","4":"has-post-thumbnail","6":"product_cat-distributeur-de-biere","8":"first","9":"instock","10":"taxable","11":"shipping-taxable","12":"purchasable","13":"product-type-simple"},"yoast_head":"<!-- This site is optimized with the Yoast SEO plugin v27.2 - https:\/\/yoast.com\/product\/yoast-seo-wordpress\/ -->\n<title>Triton 3L Classic Dispenser - The Bear Chair\u00ae<\/title>\n<meta name=\"description\" content=\"Shop Bear Chair Triton 3L Classic Dispenser. Distributeur de bi\u00e8re innovant. Durable et facile \u00e0 manipuler, super hygi\u00e9nique, toujours frais.\" \/>\n<meta name=\"robots\" content=\"index, follow, max-snippet:-1, max-image-preview:large, max-video-preview:-1\" \/>\n<link rel=\"canonical\" href=\"https:\/\/bearchair.eu\/fr\/distributeur-de-biere\/triton-3l-classic-dispenser\/\" \/>\n<meta property=\"og:locale\" content=\"fr_FR\" \/>\n<meta property=\"og:type\" content=\"article\" \/>\n<meta property=\"og:title\" content=\"Triton 3L Classic Dispenser - The Bear Chair\u00ae\" \/>\n<meta property=\"og:description\" content=\"Shop Bear Chair Triton 3L Classic Dispenser. Distributeur de bi\u00e8re innovant. Durable et facile \u00e0 manipuler, super hygi\u00e9nique, toujours frais.\" \/>\n<meta property=\"og:url\" content=\"https:\/\/bearchair.eu\/fr\/distributeur-de-biere\/triton-3l-classic-dispenser\/\" \/>\n<meta property=\"og:site_name\" content=\"The Bear Chair\u00ae\" \/>\n<meta property=\"article:modified_time\" content=\"2025-04-01T09:05:38+00:00\" \/>\n<meta property=\"og:image\" content=\"https:\/\/bearchair.eu\/wp-content\/uploads\/2024\/05\/3L-verderler.png\" \/>\n\t<meta property=\"og:image:width\" content=\"719\" \/>\n\t<meta property=\"og:image:height\" content=\"1080\" \/>\n\t<meta property=\"og:image:type\" content=\"image\/png\" \/>\n<meta name=\"twitter:card\" content=\"summary_large_image\" \/>\n<meta name=\"twitter:label1\" content=\"Dur\u00e9e de lecture estim\u00e9e\" \/>\n\t<meta name=\"twitter:data1\" content=\"1 minute\" \/>\n<script type=\"application\/ld+json\" class=\"yoast-schema-graph\">{\"@context\":\"https:\/\/schema.org\",\"@graph\":[{\"@type\":\"WebPage\",\"@id\":\"https:\/\/bearchair.eu\/fr\/distributeur-de-biere\/triton-3l-classic-dispenser\/\",\"url\":\"https:\/\/bearchair.eu\/fr\/distributeur-de-biere\/triton-3l-classic-dispenser\/\",\"name\":\"Triton 3L Classic Dispenser - The Bear Chair\u00ae\",\"isPartOf\":{\"@id\":\"https:\/\/bearchair.eu\/fr\/#website\"},\"primaryImageOfPage\":{\"@id\":\"https:\/\/bearchair.eu\/fr\/distributeur-de-biere\/triton-3l-classic-dispenser\/#primaryimage\"},\"image\":{\"@id\":\"https:\/\/bearchair.eu\/fr\/distributeur-de-biere\/triton-3l-classic-dispenser\/#primaryimage\"},\"thumbnailUrl\":\"https:\/\/bearchair.eu\/wp-content\/uploads\/2024\/05\/3L-verderler.png\",\"datePublished\":\"2024-05-03T10:10:01+00:00\",\"dateModified\":\"2025-04-01T09:05:38+00:00\",\"description\":\"Shop Bear Chair Triton 3L Classic Dispenser. Distributeur de bi\u00e8re innovant. Durable et facile \u00e0 manipuler, super hygi\u00e9nique, toujours frais.\",\"breadcrumb\":{\"@id\":\"https:\/\/bearchair.eu\/fr\/distributeur-de-biere\/triton-3l-classic-dispenser\/#breadcrumb\"},\"inLanguage\":\"fr-FR\",\"potentialAction\":[{\"@type\":\"ReadAction\",\"target\":[\"https:\/\/bearchair.eu\/fr\/distributeur-de-biere\/triton-3l-classic-dispenser\/\"]}]},{\"@type\":\"ImageObject\",\"inLanguage\":\"fr-FR\",\"@id\":\"https:\/\/bearchair.eu\/fr\/distributeur-de-biere\/triton-3l-classic-dispenser\/#primaryimage\",\"url\":\"https:\/\/bearchair.eu\/wp-content\/uploads\/2024\/05\/3L-verderler.png\",\"contentUrl\":\"https:\/\/bearchair.eu\/wp-content\/uploads\/2024\/05\/3L-verderler.png\",\"width\":719,\"height\":1080},{\"@type\":\"BreadcrumbList\",\"@id\":\"https:\/\/bearchair.eu\/fr\/distributeur-de-biere\/triton-3l-classic-dispenser\/#breadcrumb\",\"itemListElement\":[{\"@type\":\"ListItem\",\"position\":1,\"name\":\"Accueil\",\"item\":\"https:\/\/bearchair.eu\/fr\/accueil\/\"},{\"@type\":\"ListItem\",\"position\":2,\"name\":\"Boutique\",\"item\":\"https:\/\/bearchair.eu\/fr\/boutique\/\"},{\"@type\":\"ListItem\",\"position\":3,\"name\":\"Triton 3L Classic Dispenser\"}]},{\"@type\":\"WebSite\",\"@id\":\"https:\/\/bearchair.eu\/fr\/#website\",\"url\":\"https:\/\/bearchair.eu\/fr\/\",\"name\":\"The Bear Chair\",\"description\":\"\",\"publisher\":{\"@id\":\"https:\/\/bearchair.eu\/fr\/#organization\"},\"potentialAction\":[{\"@type\":\"SearchAction\",\"target\":{\"@type\":\"EntryPoint\",\"urlTemplate\":\"https:\/\/bearchair.eu\/fr\/?s={search_term_string}\"},\"query-input\":{\"@type\":\"PropertyValueSpecification\",\"valueRequired\":true,\"valueName\":\"search_term_string\"}}],\"inLanguage\":\"fr-FR\"},{\"@type\":\"Organization\",\"@id\":\"https:\/\/bearchair.eu\/fr\/#organization\",\"name\":\"La chaise de l'ours\",\"url\":\"https:\/\/bearchair.eu\/fr\/\",\"logo\":{\"@type\":\"ImageObject\",\"inLanguage\":\"fr-FR\",\"@id\":\"https:\/\/bearchair.eu\/fr\/#\/schema\/logo\/image\/\",\"url\":\"https:\/\/new.bearchair.eu\/wp-content\/uploads\/2024\/05\/BearChairIcon.png\",\"contentUrl\":\"https:\/\/new.bearchair.eu\/wp-content\/uploads\/2024\/05\/BearChairIcon.png\",\"width\":512,\"height\":512,\"caption\":\"La chaise de l'ours\"},\"image\":{\"@id\":\"https:\/\/bearchair.eu\/fr\/#\/schema\/logo\/image\/\"}}]}<\/script>\n<!-- \/ Yoast SEO plugin. -->","yoast_head_json":{"title":"Triton 3L Classic Dispenser - The Bear Chair\u00ae","description":"Shop Bear Chair Triton 3L Classic Dispenser. Distributeur de bi\u00e8re innovant. Durable et facile \u00e0 manipuler, super hygi\u00e9nique, toujours frais.","robots":{"index":"index","follow":"follow","max-snippet":"max-snippet:-1","max-image-preview":"max-image-preview:large","max-video-preview":"max-video-preview:-1"},"canonical":"https:\/\/bearchair.eu\/fr\/distributeur-de-biere\/triton-3l-classic-dispenser\/","og_locale":"fr_FR","og_type":"article","og_title":"Triton 3L Classic Dispenser - The Bear Chair\u00ae","og_description":"Shop Bear Chair Triton 3L Classic Dispenser. Distributeur de bi\u00e8re innovant. Durable et facile \u00e0 manipuler, super hygi\u00e9nique, toujours frais.","og_url":"https:\/\/bearchair.eu\/fr\/distributeur-de-biere\/triton-3l-classic-dispenser\/","og_site_name":"The Bear Chair\u00ae","article_modified_time":"2025-04-01T09:05:38+00:00","og_image":[{"width":719,"height":1080,"url":"https:\/\/bearchair.eu\/wp-content\/uploads\/2024\/05\/3L-verderler.png","type":"image\/png"}],"twitter_card":"summary_large_image","twitter_misc":{"Dur\u00e9e de lecture estim\u00e9e":"1 minute"},"schema":{"@context":"https:\/\/schema.org","@graph":[{"@type":"WebPage","@id":"https:\/\/bearchair.eu\/fr\/distributeur-de-biere\/triton-3l-classic-dispenser\/","url":"https:\/\/bearchair.eu\/fr\/distributeur-de-biere\/triton-3l-classic-dispenser\/","name":"Triton 3L Classic Dispenser - The Bear Chair\u00ae","isPartOf":{"@id":"https:\/\/bearchair.eu\/fr\/#website"},"primaryImageOfPage":{"@id":"https:\/\/bearchair.eu\/fr\/distributeur-de-biere\/triton-3l-classic-dispenser\/#primaryimage"},"image":{"@id":"https:\/\/bearchair.eu\/fr\/distributeur-de-biere\/triton-3l-classic-dispenser\/#primaryimage"},"thumbnailUrl":"https:\/\/bearchair.eu\/wp-content\/uploads\/2024\/05\/3L-verderler.png","datePublished":"2024-05-03T10:10:01+00:00","dateModified":"2025-04-01T09:05:38+00:00","description":"Shop Bear Chair Triton 3L Classic Dispenser. Distributeur de bi\u00e8re innovant. Durable et facile \u00e0 manipuler, super hygi\u00e9nique, toujours frais.","breadcrumb":{"@id":"https:\/\/bearchair.eu\/fr\/distributeur-de-biere\/triton-3l-classic-dispenser\/#breadcrumb"},"inLanguage":"fr-FR","potentialAction":[{"@type":"ReadAction","target":["https:\/\/bearchair.eu\/fr\/distributeur-de-biere\/triton-3l-classic-dispenser\/"]}]},{"@type":"ImageObject","inLanguage":"fr-FR","@id":"https:\/\/bearchair.eu\/fr\/distributeur-de-biere\/triton-3l-classic-dispenser\/#primaryimage","url":"https:\/\/bearchair.eu\/wp-content\/uploads\/2024\/05\/3L-verderler.png","contentUrl":"https:\/\/bearchair.eu\/wp-content\/uploads\/2024\/05\/3L-verderler.png","width":719,"height":1080},{"@type":"BreadcrumbList","@id":"https:\/\/bearchair.eu\/fr\/distributeur-de-biere\/triton-3l-classic-dispenser\/#breadcrumb","itemListElement":[{"@type":"ListItem","position":1,"name":"Accueil","item":"https:\/\/bearchair.eu\/fr\/accueil\/"},{"@type":"ListItem","position":2,"name":"Boutique","item":"https:\/\/bearchair.eu\/fr\/boutique\/"},{"@type":"ListItem","position":3,"name":"Triton 3L Classic Dispenser"}]},{"@type":"WebSite","@id":"https:\/\/bearchair.eu\/fr\/#website","url":"https:\/\/bearchair.eu\/fr\/","name":"The Bear Chair","description":"","publisher":{"@id":"https:\/\/bearchair.eu\/fr\/#organization"},"potentialAction":[{"@type":"SearchAction","target":{"@type":"EntryPoint","urlTemplate":"https:\/\/bearchair.eu\/fr\/?s={search_term_string}"},"query-input":{"@type":"PropertyValueSpecification","valueRequired":true,"valueName":"search_term_string"}}],"inLanguage":"fr-FR"},{"@type":"Organization","@id":"https:\/\/bearchair.eu\/fr\/#organization","name":"La chaise de l'ours","url":"https:\/\/bearchair.eu\/fr\/","logo":{"@type":"ImageObject","inLanguage":"fr-FR","@id":"https:\/\/bearchair.eu\/fr\/#\/schema\/logo\/image\/","url":"https:\/\/new.bearchair.eu\/wp-content\/uploads\/2024\/05\/BearChairIcon.png","contentUrl":"https:\/\/new.bearchair.eu\/wp-content\/uploads\/2024\/05\/BearChairIcon.png","width":512,"height":512,"caption":"La chaise de l'ours"},"image":{"@id":"https:\/\/bearchair.eu\/fr\/#\/schema\/logo\/image\/"}}]}},"_links":{"self":[{"href":"https:\/\/bearchair.eu\/fr\/wp-json\/wp\/v2\/product\/18606","targetHints":{"allow":["GET"]}}],"collection":[{"href":"https:\/\/bearchair.eu\/fr\/wp-json\/wp\/v2\/product"}],"about":[{"href":"https:\/\/bearchair.eu\/fr\/wp-json\/wp\/v2\/types\/product"}],"wp:featuredmedia":[{"embeddable":true,"href":"https:\/\/bearchair.eu\/fr\/wp-json\/wp\/v2\/media\/11605"}],"wp:attachment":[{"href":"https:\/\/bearchair.eu\/fr\/wp-json\/wp\/v2\/media?parent=18606"}],"wp:term":[{"taxonomy":"product_brand","embeddable":true,"href":"https:\/\/bearchair.eu\/fr\/wp-json\/wp\/v2\/product_brand?post=18606"},{"taxonomy":"product_cat","embeddable":true,"href":"https:\/\/bearchair.eu\/fr\/wp-json\/wp\/v2\/product_cat?post=18606"},{"taxonomy":"product_tag","embeddable":true,"href":"https:\/\/bearchair.eu\/fr\/wp-json\/wp\/v2\/product_tag?post=18606"}],"curies":[{"name":"wp","href":"https:\/\/api.w.org\/{rel}","templated":true}]}}