{"id":16552,"date":"2024-04-23T07:46:52","date_gmt":"2024-04-23T07:46:52","guid":{"rendered":"https:\/\/bearchair.eu\/informativa-sulla-privacy\/"},"modified":"2025-03-20T08:15:06","modified_gmt":"2025-03-20T08:15:06","slug":"informativa-sulla-privacy","status":"publish","type":"page","link":"https:\/\/bearchair.eu\/it\/informativa-sulla-privacy\/","title":{"rendered":"Informativa sulla privacy"},"content":{"rendered":"<div class=\"wpb-content-wrapper\"><p>[vc_row][vc_column]<style data-type=\"vc_shortcodes-custom-css\">.vc_custom_1713861167363{margin-top: 90px !important;}.vc_custom_1713612549973{margin-bottom: 0px !important;}<\/style>[vc_row css=\".vc_custom_1713861167363{margin-top: 90px !important;}\" woodmart_css_id=\"662772268ac85\" responsive_spacing=\"eyJwYXJhbV90eXBlIjoid29vZG1hcnRfcmVzcG9uc2l2ZV9zcGFjaW5nIiwic2VsZWN0b3JfaWQiOiI2NjI3NzIyNjhhYzg1Iiwic2hvcnRjb2RlIjoidmNfcm93IiwiZGF0YSI6eyJ0YWJsZXQiOnt9LCJtb2JpbGUiOnt9fX0=\" mobile_bg_img_hidden=\"no\" tablet_bg_img_hidden=\"no\" woodmart_parallax=\"0\" woodmart_gradient_switch=\"no\" woodmart_box_shadow=\"no\" wd_z_index=\"no\" woodmart_disable_overflow=\"0\" row_reverse_mobile=\"0\" row_reverse_tablet=\"0\"][vc_column width=\"1\/4\"]\t\t<div class=\"wd-single-breadcrumbs wd-breadcrumbs wd-wpb wd-rs-6623a6fb7d9b8 vc_custom_1713612549973 text-left\">\n\t\t\t<nav class=\"woocommerce-breadcrumb\" aria-label=\"Breadcrumb\">\t\t\t\t<span class=\"breadcrumb-last\">\n\t\t\t\t\tCasa\t\t\t\t<\/span>\n\t\t\t<\/nav>\t\t<\/div>\n\t\t[vc_separator color=\"custom\" align=\"align_left\" border_width=\"3\" wd_hide_on_desktop=\"no\" wd_hide_on_tablet=\"no\" wd_hide_on_mobile=\"no\" accent_color=\"#a8a8a8\"][\/vc_column][vc_column width=\"3\/4\"][\/vc_column][\/vc_row][vc_column_text woodmart_inline=\"no\" text_larger=\"no\"]<\/p>\n<h1>Informativa sulla privacy Bear Chair Europe<\/h1>\n<p>www.bearchair.eu<\/p>\n<p>Informazioni sulla nostra politica sulla privacy: Bear Chair Europe Teniamo molto alla tua privacy. Per questo motivo trattiamo solo i dati necessari per migliorare i nostri servizi e trattiamo con cura le informazioni che abbiamo raccolto su di te e sul tuo utilizzo dei nostri servizi. Non rendiamo mai disponibili i tuoi dati a terzi per scopi commerciali. La presente informativa sulla privacy si applica all&#8217;utilizzo del sito web e dei servizi di . Bear Chair Europe. La data di entrata in vigore di questi termini \u00e8 il 02\/03\/2022; con la pubblicazione di una nuova versione decade la validit\u00e0 di tutte le versioni precedenti. La presente informativa sulla privacy descrive quali dati sull&#8217;utente vengono raccolti da noi, per quali scopi vengono utilizzati e con chi e a quali condizioni, se del caso, tali dati possono essere condivisi con terze parti. Ti spieghiamo inoltre come conserviamo i tuoi dati e come li proteggiamo da un uso improprio e quali diritti hai in relazione ai dati personali che ci fornisci. Per qualsiasi domanda sulla nostra politica sulla privacy, ti invitiamo a contattare il nostro referente per le questioni relative alla privacy, i cui recapiti sono riportati alla fine della nostra politica sulla privacy.       <\/p>\n<h2>Finalit\u00e0 del trattamento dei dati<\/h2>\n<p><strong>Finalit\u00e0 generale del trattamento<\/strong><\/p>\n<p>Utilizziamo i tuoi dati esclusivamente ai fini dei nostri servizi. Ci\u00f2 significa che lo scopo dell&#8217;elaborazione \u00e8 sempre direttamente collegato all&#8217;ordine da te fornito. Non utilizziamo i tuoi dati per il marketing (mirato). Se condividi i tuoi dati con noi e li utilizziamo per contattarti in un secondo momento, se non su tua richiesta, ti chiederemo un&#8217;autorizzazione esplicita. I tuoi dati non saranno condivisi con terze parti se non per adempiere agli obblighi contabili e amministrativi. Queste terze parti sono tutte tenute alla riservatezza in virt\u00f9 dell&#8217;accordo tra loro e noi o di un giuramento o di un obbligo legale.     <\/p>\n<h2>Dati raccolti automaticamente.<\/h2>\n<p>I dati raccolti automaticamente dal nostro sito web vengono elaborati allo scopo di migliorare ulteriormente i nostri servizi. Questi dati (ad esempio l&#8217;indirizzo IP, il browser web e il sistema operativo) non sono dati personali. Collaborazione con indagini fiscali e penali Se necessario, potremmo Bear Chair Europe essere obbligati per legge a condividere i tuoi dati in relazione a indagini fiscali o penali. In tal caso, saremo costretti a condividere i tuoi dati, ma ci opporremo nei limiti delle possibilit\u00e0 offerte dalla legge.   <\/p>\n<h2>Periodi di conservazione<\/h2>\n<p>Conserviamo i tuoi dati per tutto il tempo in cui sarai nostro cliente. Ci\u00f2 significa che conserveremo il tuo profilo cliente fino a quando non ci indicherai che non desideri pi\u00f9 usufruire dei nostri servizi. Se ce lo indichi, lo interpreteremo anche come una richiesta di oblio. In conformit\u00e0 agli obblighi amministrativi applicabili, siamo tenuti a conservare le fatture contenenti i tuoi dati (personali), che conserveremo per tutto il periodo di validit\u00e0. Tuttavia, i dipendenti non avranno pi\u00f9 accesso al tuo profilo cliente e ai documenti che abbiamo prodotto in risposta alle tue istruzioni.    <\/p>\n<h2>Informazioni sull&#8217;elaborazione dei dati<\/h2>\n<p>Qui di seguito puoi leggere come trattiamo i tuoi dati, dove li conserviamo (o li facciamo conservare), quali tecniche di sicurezza utilizziamo e a chi possono essere accessibili i dati.<\/p>\n<h2>Software per webshop<\/h2>\n<p><strong>WooCommerce<\/strong><\/p>\n<p>Il nostro negozio online \u00e8 sviluppato con il software WooCommerce. I dati personali che ci rendi disponibili ai fini del nostro servizio vengono condivisi con questa parte. WooCommerce ha accesso ai tuoi dati per fornirci assistenza (tecnica) e non utilizzer\u00e0 mai i tuoi dati per altri scopi. WooCommerce \u00e8 obbligato, in base all&#8217;accordo che abbiamo stipulato con loro, ad adottare misure di sicurezza adeguate. Tali misure di sicurezza includono l&#8217;uso della crittografia SSL e una politica di password forti. WooCommerce utilizza i cookie per raccogliere informazioni tecniche relative all&#8217;utilizzo del software da parte dell&#8217;utente; non vengono raccolti e\/o memorizzati dati personali. WooCommerce si riserva il diritto di condividere i dati raccolti all&#8217;interno del proprio gruppo per migliorare ulteriormente i propri servizi.      <\/p>\n<p><strong>Hosting WooCommerce<\/strong><\/p>\n<p>Il nostro negozio online \u00e8 sviluppato con il software WooCommerce e abbiamo scelto Siohosting per il nostro web hosting. I dati personali che ci rendi disponibili ai fini dei nostri servizi sono condivisi con questa parte. Siohosting ha accesso ai tuoi dati per fornirci assistenza (tecnica) e non utilizzer\u00e0 mai i tuoi dati per altri scopi. Siohosting \u00e8 obbligato, in base all&#8217;accordo che abbiamo stipulato con loro, ad adottare misure di sicurezza adeguate. Tali misure di sicurezza consistono nell&#8217;applicazione della crittografia SSL e di una forte politica di password. Vengono effettuati backup regolari per evitare la perdita di dati.     <\/p>\n<h2>Web hosting<\/h2>\n<p><strong>Siohosting<\/strong><\/p>\n<p>Acquistiamo servizi di web hosting e di posta elettronica da Siohosting. Siohosting tratta i dati personali per nostro conto e non utilizza i tuoi dati per scopi propri. Tuttavia, questa parte pu\u00f2 raccogliere metadati sull&#8217;utilizzo dei servizi. Non si tratta di dati personali. Siohosting ha adottato misure tecniche e organizzative adeguate per prevenire la perdita e l&#8217;uso non autorizzato dei tuoi dati personali. Siohosting \u00e8 tenuto alla segretezza ai sensi del contratto.     <\/p>\n<p><strong>Office365<\/strong><\/p>\n<p>Utilizziamo i servizi di Office365 per il nostro regolare traffico di e-mail aziendali. Questa societ\u00e0 ha adottato misure tecniche e organizzative adeguate per prevenire il pi\u00f9 possibile abusi, perdite e corruzione dei tuoi e dei nostri dati. Office365 non ha accesso alla nostra casella di posta elettronica e noi trattiamo tutto il nostro traffico di e-mail in modo confidenziale.  <\/p>\n<h2>Processori di pagamento<\/h2>\n<p><strong>Mollie<\/strong><\/p>\n<p>Per gestire (parte) dei pagamenti nel nostro negozio web, utilizziamo la piattaforma di Mollie. Mollie tratta il tuo nome, indirizzo e luogo di residenza e i tuoi dati di pagamento, come il numero di conto corrente o di carta di credito. Mollie ha adottato misure tecniche e organizzative adeguate per proteggere i tuoi dati personali. Mollie si riserva il diritto di utilizzare i tuoi dati per migliorare ulteriormente il servizio e, a tal fine, di condividere i dati (anonimizzati) con terze parti. Tutte le garanzie di cui sopra relative alla protezione dei tuoi dati personali si applicano anche a quelle parti dei servizi di Mollie per le quali Mollie si avvale di terze parti. Mollie non conserver\u00e0 i tuoi dati pi\u00f9 a lungo di quanto consentito dai termini di legge.     <\/p>\n<h2>Recensioni<\/h2>\n<p><strong>WebwinkelKeur<\/strong><\/p>\n<p>Raccogliamo recensioni attraverso la piattaforma di WebwinkelKeur. Se lasci una recensione tramite WebwinkelKeur, ti viene richiesto di fornire un nome e un indirizzo e-mail. WebwinkelKeur condivide queste informazioni con noi per poter collegare la recensione al tuo ordine. WebwinkelKeur pubblica inoltre il tuo nome sul proprio sito web. In alcuni casi, WebwinkelKeur potrebbe contattarti per commentare la tua recensione. Nel caso in cui ti invitiamo a lasciare una recensione, condividiamo il tuo nome e l&#8217;indirizzo e-mail con WebwinkelKeur. Questi ultimi utilizzano questi dati solo allo scopo di invitarti a lasciare una recensione. WebwinkelKeur ha adottato misure tecniche e organizzative adeguate per proteggere i tuoi dati personali. WebwinkelKeur si riserva il diritto di utilizzare terze parti per la fornitura di servizi per i quali abbiamo dato il consenso a WebwinkelKeur. Tutte le garanzie di cui sopra relative alla protezione dei tuoi dati personali si applicano anche alle parti del servizio per le quali WebwinkelKeur si avvale di terzi.         <\/p>\n<h2>Spedizione e logistica<\/h2>\n<p><strong>PostNL<\/strong><\/p>\n<p>Quando effettui un ordine con noi, il nostro compito \u00e8 quello di consegnarti il pacco. Per effettuare le consegne ci avvaliamo dei servizi di PostNL. Per questo motivo dobbiamo condividere con PostNL il tuo nome, indirizzo e luogo di residenza. PostNL utilizza questi dati esclusivamente per l&#8217;esecuzione del contratto. Se PostNL si avvale di subappaltatori, PostNL render\u00e0 disponibili i tuoi dati anche a questi soggetti.    <\/p>\n<h2>I tuoi diritti<\/h2>\n<p>Ai sensi della legge olandese ed europea in vigore, in qualit\u00e0 di soggetto interessato hai alcuni diritti in relazione ai dati personali trattati da noi o per nostro conto. Di seguito ti spieghiamo quali sono questi diritti e come puoi farli valere. In linea di principio, per evitare abusi, inviamo copie e trascrizioni dei tuoi dati solo al tuo indirizzo e-mail gi\u00e0 noto. Se desideri ricevere i dati ad un altro indirizzo e-mail o per posta, ad esempio, ti chiederemo di identificarti. Conserviamo i registri delle richieste completate; in caso di dimenticanza, gestiamo i dati in forma anonima. Riceverai tutte le copie e le trascrizioni dei dati nel formato leggibile a macchina che utilizziamo nei nostri sistemi. Hai il diritto di presentare in qualsiasi momento un reclamo all&#8217;Autorit\u00e0 Garante per i dati personali se sospetti che stiamo utilizzando i tuoi dati personali in modo scorretto.      <\/p>\n<h2>Diritto di ispezione<\/h2>\n<p>Hai sempre il diritto di prendere visione dei dati che trattiamo (o che abbiamo trattato) che riguardano la tua persona o che possono essere ricondotti a tale persona. Puoi fare una richiesta in tal senso al nostro referente per la privacy. Riceverai una risposta alla tua richiesta entro 30 giorni. Se la tua richiesta viene accolta, ti invieremo, all&#8217;indirizzo e-mail a noi noto, una copia di tutti i dati con l&#8217;elenco dei responsabili del trattamento in possesso di tali dati, indicando la categoria sotto la quale abbiamo archiviato tali dati.   <\/p>\n<h2>Diritto di rettifica<\/h2>\n<p>Hai sempre il diritto di far modificare i dati che trattiamo (o che abbiamo trattato) che riguardano la tua persona o che possono essere ricondotti a te. Puoi fare una richiesta in tal senso al nostro referente per la privacy. Riceverai una risposta alla tua richiesta entro 30 giorni. Se la tua richiesta viene accolta, ti invieremo una conferma all&#8217;indirizzo e-mail a noi noto che i dati sono stati modificati.   <\/p>\n<h2>Diritto alla limitazione del trattamento<\/h2>\n<p>Hai sempre il diritto di limitare i dati che trattiamo (o facciamo trattare) che riguardano la tua persona o che possono essere ricondotti ad essa. Puoi fare una richiesta in tal senso al nostro referente per la privacy. Riceverai una risposta alla tua richiesta entro 30 giorni. Se la tua richiesta viene accolta, ti invieremo una conferma all&#8217;indirizzo e-mail a noi noto che i dati non saranno pi\u00f9 trattati fino a quando non avrai revocato la restrizione.   <\/p>\n<h2>Diritto di trasferibilit\u00e0<\/h2>\n<p>Hai sempre il diritto di ottenere che i dati che trattiamo (o che abbiamo trattato) che si riferiscono alla tua persona o che possono essere ricondotti a te da un&#8217;altra parte. Puoi fare una richiesta in tal senso al nostro referente per la privacy. Riceverai una risposta alla tua richiesta entro 30 giorni. Se la tua richiesta viene accolta, ti invieremo, all&#8217;indirizzo e-mail a noi noto, copie o trascrizioni di tutti i dati che ti riguardano e che abbiamo trattato o fatto trattare per nostro conto da altri responsabili del trattamento o da terze parti. Con ogni probabilit\u00e0, in tal caso non saremo pi\u00f9 in grado di continuare a fornire i nostri servizi, in quanto non sar\u00e0 pi\u00f9 possibile garantire l&#8217;interconnessione sicura dei file di dati.    <\/p>\n<h2>Diritto di opposizione e altri diritti<\/h2>\n<p>Hai il diritto di opporti, se del caso, al trattamento dei tuoi dati personali da parte o per conto di Bear Chair Europe. Se ti opponi, cesseremo immediatamente il trattamento dei dati in attesa della risoluzione della tua obiezione. Se la tua obiezione \u00e8 fondata, ti metteremo a disposizione copie e\/o copie dei dati che trattiamo (o abbiamo trattato) e cesseremo definitivamente il trattamento. Hai anche il diritto di non essere sottoposto a un processo decisionale individuale automatizzato o di profilazione. Non trattiamo i tuoi dati in modo tale da applicare questo diritto. Se ritieni che sia cos\u00ec, contatta il nostro referente per la privacy.     <\/p>\n<h2>Biscotti<\/h2>\n<p><strong>Google Analytics<\/strong><\/p>\n<p>Sul nostro sito web vengono installati dei cookie dall&#8217;azienda statunitense Google, nell&#8217;ambito del servizio \"Analytics\". Utilizziamo questo servizio per tracciare e ricevere rapporti sull&#8217;utilizzo del sito web da parte dei visitatori. L&#8217;elaboratore potrebbe essere obbligato a concedere l&#8217;accesso a questi dati in base alle leggi e ai regolamenti vigenti. Non abbiamo permesso a Google di utilizzare le informazioni di analisi ottenute per altri servizi di Google.   <\/p>\n<p><strong>Cookie di terze parti<\/strong><\/p>\n<p>Nel caso in cui le soluzioni software di terze parti utilizzino i cookie, ci\u00f2 \u00e8 indicato nella presente informativa sulla privacy.<\/p>\n<h2>Modifiche all&#8217;informativa sulla privacy<\/h2>\n<p>Ci riserviamo il diritto di modificare la nostra politica sulla privacy in qualsiasi momento. Tuttavia, su questa pagina troverai sempre la versione pi\u00f9 recente. Se la nuova politica sulla privacy influisce sul modo in cui trattiamo i dati gi\u00e0 raccolti su di te, ti informeremo via e-mail.  <\/p>\n<h2><strong>Dettagli di contatto:<\/strong><\/h2>\n<p><strong>Indirizzo<\/strong>:<br \/>\nBear Chair Europe<strong><br \/>\n<\/strong>Amp\u00e8reweg 8 4382TA,<br \/>\nVlissingen, Paesi Bassi<\/p>\n<p><strong>Telefono<\/strong>: <a href=\"tel:+31(061)9108814\">+31(061) 910-8814<\/a><\/p>\n<p><strong>Email<\/strong>: <a href=\"mailto:info@bearchair.eu\">info@bearchair.eu<\/a><\/p>\n<p><strong>Contatti per questioni di privacy<\/strong>:<\/p>\n<p>A.M. Kuijer [\/vc_column_text][\/vc_column][\/vc_row]<\/p>\n<\/div>","protected":false},"excerpt":{"rendered":"<p>[vc_row][vc_column][vc_column_text woodmart_inline=\"no\" text_larger=\"no\"] Informativa sulla privacy Bear Chair Europe www.bearchair.eu Informazioni sulla nostra politica sulla privacy: Bear Chair Europe Teniamo<\/p>\n","protected":false},"author":4,"featured_media":0,"parent":0,"menu_order":0,"comment_status":"closed","ping_status":"closed","template":"","meta":{"footnotes":""},"class_list":["post-16552","page","type-page","status-publish","hentry"],"yoast_head":"<!-- This site is optimized with the Yoast SEO plugin v27.2 - https:\/\/yoast.com\/product\/yoast-seo-wordpress\/ -->\n<title>Informativa sulla privacy - The Bear Chair\u00ae<\/title>\n<meta name=\"robots\" content=\"index, follow, max-snippet:-1, max-image-preview:large, max-video-preview:-1\" \/>\n<link rel=\"canonical\" href=\"https:\/\/bearchair.eu\/it\/informativa-sulla-privacy\/\" \/>\n<meta property=\"og:locale\" content=\"it_IT\" \/>\n<meta property=\"og:type\" content=\"article\" \/>\n<meta property=\"og:title\" content=\"Informativa sulla privacy - The Bear Chair\u00ae\" \/>\n<meta property=\"og:description\" content=\"[vc_row][vc_column][vc_column_text woodmart_inline=&quot;no&quot; text_larger=&quot;no&quot;] Informativa sulla privacy Bear Chair Europe www.bearchair.eu Informazioni sulla nostra politica sulla privacy: Bear Chair Europe Teniamo\" \/>\n<meta property=\"og:url\" content=\"https:\/\/bearchair.eu\/it\/informativa-sulla-privacy\/\" \/>\n<meta property=\"og:site_name\" content=\"The Bear Chair\u00ae\" \/>\n<meta property=\"article:modified_time\" content=\"2025-03-20T08:15:06+00:00\" \/>\n<meta name=\"twitter:card\" content=\"summary_large_image\" \/>\n<meta name=\"twitter:label1\" content=\"Tempo di lettura stimato\" \/>\n\t<meta name=\"twitter:data1\" content=\"10 minuti\" \/>\n<script type=\"application\/ld+json\" class=\"yoast-schema-graph\">{\"@context\":\"https:\/\/schema.org\",\"@graph\":[{\"@type\":\"WebPage\",\"@id\":\"https:\/\/bearchair.eu\/it\/informativa-sulla-privacy\/\",\"url\":\"https:\/\/bearchair.eu\/it\/informativa-sulla-privacy\/\",\"name\":\"Informativa sulla privacy - The Bear Chair\u00ae\",\"isPartOf\":{\"@id\":\"https:\/\/bearchair.eu\/it\/#website\"},\"datePublished\":\"2024-04-23T07:46:52+00:00\",\"dateModified\":\"2025-03-20T08:15:06+00:00\",\"breadcrumb\":{\"@id\":\"https:\/\/bearchair.eu\/it\/informativa-sulla-privacy\/#breadcrumb\"},\"inLanguage\":\"it-IT\",\"potentialAction\":[{\"@type\":\"ReadAction\",\"target\":[\"https:\/\/bearchair.eu\/it\/informativa-sulla-privacy\/\"]}]},{\"@type\":\"BreadcrumbList\",\"@id\":\"https:\/\/bearchair.eu\/it\/informativa-sulla-privacy\/#breadcrumb\",\"itemListElement\":[{\"@type\":\"ListItem\",\"position\":1,\"name\":\"Casa\",\"item\":\"https:\/\/bearchair.eu\/it\/casa\/\"},{\"@type\":\"ListItem\",\"position\":2,\"name\":\"Informativa sulla privacy\"}]},{\"@type\":\"WebSite\",\"@id\":\"https:\/\/bearchair.eu\/it\/#website\",\"url\":\"https:\/\/bearchair.eu\/it\/\",\"name\":\"The Bear Chair\",\"description\":\"\",\"publisher\":{\"@id\":\"https:\/\/bearchair.eu\/it\/#organization\"},\"potentialAction\":[{\"@type\":\"SearchAction\",\"target\":{\"@type\":\"EntryPoint\",\"urlTemplate\":\"https:\/\/bearchair.eu\/it\/?s={search_term_string}\"},\"query-input\":{\"@type\":\"PropertyValueSpecification\",\"valueRequired\":true,\"valueName\":\"search_term_string\"}}],\"inLanguage\":\"it-IT\"},{\"@type\":\"Organization\",\"@id\":\"https:\/\/bearchair.eu\/it\/#organization\",\"name\":\"La sedia dell'orso\",\"url\":\"https:\/\/bearchair.eu\/it\/\",\"logo\":{\"@type\":\"ImageObject\",\"inLanguage\":\"it-IT\",\"@id\":\"https:\/\/bearchair.eu\/it\/#\/schema\/logo\/image\/\",\"url\":\"https:\/\/new.bearchair.eu\/wp-content\/uploads\/2024\/05\/BearChairIcon.png\",\"contentUrl\":\"https:\/\/new.bearchair.eu\/wp-content\/uploads\/2024\/05\/BearChairIcon.png\",\"width\":512,\"height\":512,\"caption\":\"La sedia dell'orso\"},\"image\":{\"@id\":\"https:\/\/bearchair.eu\/it\/#\/schema\/logo\/image\/\"}}]}<\/script>\n<!-- \/ Yoast SEO plugin. -->","yoast_head_json":{"title":"Informativa sulla privacy - The Bear Chair\u00ae","robots":{"index":"index","follow":"follow","max-snippet":"max-snippet:-1","max-image-preview":"max-image-preview:large","max-video-preview":"max-video-preview:-1"},"canonical":"https:\/\/bearchair.eu\/it\/informativa-sulla-privacy\/","og_locale":"it_IT","og_type":"article","og_title":"Informativa sulla privacy - The Bear Chair\u00ae","og_description":"[vc_row][vc_column][vc_column_text woodmart_inline=\"no\" text_larger=\"no\"] Informativa sulla privacy Bear Chair Europe www.bearchair.eu Informazioni sulla nostra politica sulla privacy: Bear Chair Europe Teniamo","og_url":"https:\/\/bearchair.eu\/it\/informativa-sulla-privacy\/","og_site_name":"The Bear Chair\u00ae","article_modified_time":"2025-03-20T08:15:06+00:00","twitter_card":"summary_large_image","twitter_misc":{"Tempo di lettura stimato":"10 minuti"},"schema":{"@context":"https:\/\/schema.org","@graph":[{"@type":"WebPage","@id":"https:\/\/bearchair.eu\/it\/informativa-sulla-privacy\/","url":"https:\/\/bearchair.eu\/it\/informativa-sulla-privacy\/","name":"Informativa sulla privacy - The Bear Chair\u00ae","isPartOf":{"@id":"https:\/\/bearchair.eu\/it\/#website"},"datePublished":"2024-04-23T07:46:52+00:00","dateModified":"2025-03-20T08:15:06+00:00","breadcrumb":{"@id":"https:\/\/bearchair.eu\/it\/informativa-sulla-privacy\/#breadcrumb"},"inLanguage":"it-IT","potentialAction":[{"@type":"ReadAction","target":["https:\/\/bearchair.eu\/it\/informativa-sulla-privacy\/"]}]},{"@type":"BreadcrumbList","@id":"https:\/\/bearchair.eu\/it\/informativa-sulla-privacy\/#breadcrumb","itemListElement":[{"@type":"ListItem","position":1,"name":"Casa","item":"https:\/\/bearchair.eu\/it\/casa\/"},{"@type":"ListItem","position":2,"name":"Informativa sulla privacy"}]},{"@type":"WebSite","@id":"https:\/\/bearchair.eu\/it\/#website","url":"https:\/\/bearchair.eu\/it\/","name":"The Bear Chair","description":"","publisher":{"@id":"https:\/\/bearchair.eu\/it\/#organization"},"potentialAction":[{"@type":"SearchAction","target":{"@type":"EntryPoint","urlTemplate":"https:\/\/bearchair.eu\/it\/?s={search_term_string}"},"query-input":{"@type":"PropertyValueSpecification","valueRequired":true,"valueName":"search_term_string"}}],"inLanguage":"it-IT"},{"@type":"Organization","@id":"https:\/\/bearchair.eu\/it\/#organization","name":"La sedia dell'orso","url":"https:\/\/bearchair.eu\/it\/","logo":{"@type":"ImageObject","inLanguage":"it-IT","@id":"https:\/\/bearchair.eu\/it\/#\/schema\/logo\/image\/","url":"https:\/\/new.bearchair.eu\/wp-content\/uploads\/2024\/05\/BearChairIcon.png","contentUrl":"https:\/\/new.bearchair.eu\/wp-content\/uploads\/2024\/05\/BearChairIcon.png","width":512,"height":512,"caption":"La sedia dell'orso"},"image":{"@id":"https:\/\/bearchair.eu\/it\/#\/schema\/logo\/image\/"}}]}},"_links":{"self":[{"href":"https:\/\/bearchair.eu\/it\/wp-json\/wp\/v2\/pages\/16552","targetHints":{"allow":["GET"]}}],"collection":[{"href":"https:\/\/bearchair.eu\/it\/wp-json\/wp\/v2\/pages"}],"about":[{"href":"https:\/\/bearchair.eu\/it\/wp-json\/wp\/v2\/types\/page"}],"author":[{"embeddable":true,"href":"https:\/\/bearchair.eu\/it\/wp-json\/wp\/v2\/users\/4"}],"replies":[{"embeddable":true,"href":"https:\/\/bearchair.eu\/it\/wp-json\/wp\/v2\/comments?post=16552"}],"version-history":[{"count":1,"href":"https:\/\/bearchair.eu\/it\/wp-json\/wp\/v2\/pages\/16552\/revisions"}],"predecessor-version":[{"id":16564,"href":"https:\/\/bearchair.eu\/it\/wp-json\/wp\/v2\/pages\/16552\/revisions\/16564"}],"wp:attachment":[{"href":"https:\/\/bearchair.eu\/it\/wp-json\/wp\/v2\/media?parent=16552"}],"curies":[{"name":"wp","href":"https:\/\/api.w.org\/{rel}","templated":true}]}}