{"id":16737,"date":"2024-05-03T10:09:37","date_gmt":"2024-05-03T10:09:37","guid":{"rendered":"https:\/\/bearchair.eu\/senza-categoria\/tete-a-tete\/"},"modified":"2025-04-25T09:35:50","modified_gmt":"2025-04-25T09:35:50","slug":"tete-a-tete","status":"publish","type":"product","link":"https:\/\/bearchair.eu\/it\/sedie\/tete-a-tete\/","title":{"rendered":"T\u00eate-\u00e0-t\u00eate Bear Chair\u00ae"},"content":{"rendered":"<p>Questa accogliente versione di The Original Bear Chair\u00ae \u00e8 composta non da una ma da due sedie. Qui ti siedi deliziosamente uno accanto all&#8217;altro e hai a disposizione un pratico tavolino tra le sedie. <\/p>\n<p><strong>Dimensioni:<\/strong><\/p>\n<ul>\n<li>Altezza: 93 cm<\/li>\n<li>Larghezza: 183 cm<\/li>\n<li>Profondit\u00e0: 90 cm<\/li>\n<\/ul>\n<p><strong>Peso:<\/strong> 23 kg<\/p>\n<p><strong>Montaggio:<\/strong> Il T\u00eate-\u00e0-t\u00eate Bear Chair\u00ae \u00e8 disponibile in tre tipi di confezioni:<\/p>\n<ul>\n<li><strong>Kit:<\/strong> Riceverai tutti i materiali per assemblare la sedia da solo. Il kit comprende le doghe, le viti, la colla e, ovviamente, le istruzioni di montaggio dettagliate. <\/li>\n<li><strong>Pre-assemblato:<\/strong> Lo schienale e la seduta sono preassemblati, il resto deve essere assemblato da soli. Tutti i materiali e le istruzioni di montaggio sono ovviamente inclusi. <\/li>\n<li><strong>Completamente assemblata:<\/strong> La sedia \u00e8 gi\u00e0 completamente assemblata. Ti viene consegnata gi\u00e0 pronta con il nostro servizio di trasporto. Si prega di notare che questo potrebbe comportare costi maggiori.  <\/li>\n<\/ul>\n<p>&nbsp;<\/p>\n","protected":false},"excerpt":{"rendered":"<p>Naturalmente, voi due preferite divertirvi! Questo \u00e8 possibile in questa accogliente poltrona a due posti con tavolo: il T\u00eate-\u00e0-t\u00eate Bear Chair\u00ae. <\/p>\n","protected":false},"featured_media":15725,"template":"","meta":[],"product_brand":[],"product_cat":[281],"product_tag":[],"class_list":{"0":"post-16737","1":"product","2":"type-product","3":"status-publish","4":"has-post-thumbnail","6":"product_cat-sedie","8":"first","9":"instock","10":"featured","11":"taxable","12":"shipping-taxable","13":"purchasable","14":"product-type-variable"},"yoast_head":"<!-- This site is optimized with the Yoast SEO plugin v27.2 - https:\/\/yoast.com\/product\/yoast-seo-wordpress\/ -->\n<title>T\u00eate-\u00e0-t\u00eate Bear Chair\u00ae - The Bear Chair\u00ae<\/title>\n<meta name=\"description\" content=\"Acquista Il T\u00eate-\u00e0-t\u00eate Bear Chair\u00ae. Il piacere si gusta meglio in due, preferibilmente in t\u00eate-\u00e0-t\u00eate.\" \/>\n<meta name=\"robots\" content=\"index, follow, max-snippet:-1, max-image-preview:large, max-video-preview:-1\" \/>\n<link rel=\"canonical\" href=\"https:\/\/bearchair.eu\/it\/sedie\/tete-a-tete\/\" \/>\n<meta property=\"og:locale\" content=\"it_IT\" \/>\n<meta property=\"og:type\" content=\"article\" \/>\n<meta property=\"og:title\" content=\"T\u00eate-\u00e0-t\u00eate Bear Chair\u00ae - The Bear Chair\u00ae\" \/>\n<meta property=\"og:description\" content=\"Acquista Il T\u00eate-\u00e0-t\u00eate Bear Chair\u00ae. Il piacere si gusta meglio in due, preferibilmente in t\u00eate-\u00e0-t\u00eate.\" \/>\n<meta property=\"og:url\" content=\"https:\/\/bearchair.eu\/it\/sedie\/tete-a-tete\/\" \/>\n<meta property=\"og:site_name\" content=\"The Bear Chair\u00ae\" \/>\n<meta property=\"article:modified_time\" content=\"2025-04-25T09:35:50+00:00\" \/>\n<meta property=\"og:image\" content=\"https:\/\/bearchair.eu\/wp-content\/uploads\/2024\/05\/a-1.png\" \/>\n\t<meta property=\"og:image:width\" content=\"720\" \/>\n\t<meta property=\"og:image:height\" content=\"960\" \/>\n\t<meta property=\"og:image:type\" content=\"image\/png\" \/>\n<meta name=\"twitter:card\" content=\"summary_large_image\" \/>\n<meta name=\"twitter:label1\" content=\"Tempo di lettura stimato\" \/>\n\t<meta name=\"twitter:data1\" content=\"1 minuto\" \/>\n<script type=\"application\/ld+json\" class=\"yoast-schema-graph\">{\"@context\":\"https:\/\/schema.org\",\"@graph\":[{\"@type\":\"WebPage\",\"@id\":\"https:\/\/bearchair.eu\/it\/sedie\/tete-a-tete\/\",\"url\":\"https:\/\/bearchair.eu\/it\/sedie\/tete-a-tete\/\",\"name\":\"T\u00eate-\u00e0-t\u00eate Bear Chair\u00ae - The Bear Chair\u00ae\",\"isPartOf\":{\"@id\":\"https:\/\/bearchair.eu\/it\/#website\"},\"primaryImageOfPage\":{\"@id\":\"https:\/\/bearchair.eu\/it\/sedie\/tete-a-tete\/#primaryimage\"},\"image\":{\"@id\":\"https:\/\/bearchair.eu\/it\/sedie\/tete-a-tete\/#primaryimage\"},\"thumbnailUrl\":\"https:\/\/bearchair.eu\/wp-content\/uploads\/2024\/05\/a-1.png\",\"datePublished\":\"2024-05-03T10:09:37+00:00\",\"dateModified\":\"2025-04-25T09:35:50+00:00\",\"description\":\"Acquista Il T\u00eate-\u00e0-t\u00eate Bear Chair\u00ae. Il piacere si gusta meglio in due, preferibilmente in t\u00eate-\u00e0-t\u00eate.\",\"breadcrumb\":{\"@id\":\"https:\/\/bearchair.eu\/it\/sedie\/tete-a-tete\/#breadcrumb\"},\"inLanguage\":\"it-IT\",\"potentialAction\":[{\"@type\":\"ReadAction\",\"target\":[\"https:\/\/bearchair.eu\/it\/sedie\/tete-a-tete\/\"]}]},{\"@type\":\"ImageObject\",\"inLanguage\":\"it-IT\",\"@id\":\"https:\/\/bearchair.eu\/it\/sedie\/tete-a-tete\/#primaryimage\",\"url\":\"https:\/\/bearchair.eu\/wp-content\/uploads\/2024\/05\/a-1.png\",\"contentUrl\":\"https:\/\/bearchair.eu\/wp-content\/uploads\/2024\/05\/a-1.png\",\"width\":720,\"height\":960},{\"@type\":\"BreadcrumbList\",\"@id\":\"https:\/\/bearchair.eu\/it\/sedie\/tete-a-tete\/#breadcrumb\",\"itemListElement\":[{\"@type\":\"ListItem\",\"position\":1,\"name\":\"Home\",\"item\":\"https:\/\/bearchair.eu\/it\/casa\/\"},{\"@type\":\"ListItem\",\"position\":2,\"name\":\"Negozio\",\"item\":\"https:\/\/bearchair.eu\/it\/negozio\/\"},{\"@type\":\"ListItem\",\"position\":3,\"name\":\"T\u00eate-\u00e0-t\u00eate Bear Chair\u00ae\"}]},{\"@type\":\"WebSite\",\"@id\":\"https:\/\/bearchair.eu\/it\/#website\",\"url\":\"https:\/\/bearchair.eu\/it\/\",\"name\":\"The Bear Chair\",\"description\":\"\",\"publisher\":{\"@id\":\"https:\/\/bearchair.eu\/it\/#organization\"},\"potentialAction\":[{\"@type\":\"SearchAction\",\"target\":{\"@type\":\"EntryPoint\",\"urlTemplate\":\"https:\/\/bearchair.eu\/it\/?s={search_term_string}\"},\"query-input\":{\"@type\":\"PropertyValueSpecification\",\"valueRequired\":true,\"valueName\":\"search_term_string\"}}],\"inLanguage\":\"it-IT\"},{\"@type\":\"Organization\",\"@id\":\"https:\/\/bearchair.eu\/it\/#organization\",\"name\":\"La sedia dell'orso\",\"url\":\"https:\/\/bearchair.eu\/it\/\",\"logo\":{\"@type\":\"ImageObject\",\"inLanguage\":\"it-IT\",\"@id\":\"https:\/\/bearchair.eu\/it\/#\/schema\/logo\/image\/\",\"url\":\"https:\/\/new.bearchair.eu\/wp-content\/uploads\/2024\/05\/BearChairIcon.png\",\"contentUrl\":\"https:\/\/new.bearchair.eu\/wp-content\/uploads\/2024\/05\/BearChairIcon.png\",\"width\":512,\"height\":512,\"caption\":\"La sedia dell'orso\"},\"image\":{\"@id\":\"https:\/\/bearchair.eu\/it\/#\/schema\/logo\/image\/\"}}]}<\/script>\n<!-- \/ Yoast SEO plugin. -->","yoast_head_json":{"title":"T\u00eate-\u00e0-t\u00eate Bear Chair\u00ae - The Bear Chair\u00ae","description":"Acquista Il T\u00eate-\u00e0-t\u00eate Bear Chair\u00ae. Il piacere si gusta meglio in due, preferibilmente in t\u00eate-\u00e0-t\u00eate.","robots":{"index":"index","follow":"follow","max-snippet":"max-snippet:-1","max-image-preview":"max-image-preview:large","max-video-preview":"max-video-preview:-1"},"canonical":"https:\/\/bearchair.eu\/it\/sedie\/tete-a-tete\/","og_locale":"it_IT","og_type":"article","og_title":"T\u00eate-\u00e0-t\u00eate Bear Chair\u00ae - The Bear Chair\u00ae","og_description":"Acquista Il T\u00eate-\u00e0-t\u00eate Bear Chair\u00ae. Il piacere si gusta meglio in due, preferibilmente in t\u00eate-\u00e0-t\u00eate.","og_url":"https:\/\/bearchair.eu\/it\/sedie\/tete-a-tete\/","og_site_name":"The Bear Chair\u00ae","article_modified_time":"2025-04-25T09:35:50+00:00","og_image":[{"width":720,"height":960,"url":"https:\/\/bearchair.eu\/wp-content\/uploads\/2024\/05\/a-1.png","type":"image\/png"}],"twitter_card":"summary_large_image","twitter_misc":{"Tempo di lettura stimato":"1 minuto"},"schema":{"@context":"https:\/\/schema.org","@graph":[{"@type":"WebPage","@id":"https:\/\/bearchair.eu\/it\/sedie\/tete-a-tete\/","url":"https:\/\/bearchair.eu\/it\/sedie\/tete-a-tete\/","name":"T\u00eate-\u00e0-t\u00eate Bear Chair\u00ae - The Bear Chair\u00ae","isPartOf":{"@id":"https:\/\/bearchair.eu\/it\/#website"},"primaryImageOfPage":{"@id":"https:\/\/bearchair.eu\/it\/sedie\/tete-a-tete\/#primaryimage"},"image":{"@id":"https:\/\/bearchair.eu\/it\/sedie\/tete-a-tete\/#primaryimage"},"thumbnailUrl":"https:\/\/bearchair.eu\/wp-content\/uploads\/2024\/05\/a-1.png","datePublished":"2024-05-03T10:09:37+00:00","dateModified":"2025-04-25T09:35:50+00:00","description":"Acquista Il T\u00eate-\u00e0-t\u00eate Bear Chair\u00ae. Il piacere si gusta meglio in due, preferibilmente in t\u00eate-\u00e0-t\u00eate.","breadcrumb":{"@id":"https:\/\/bearchair.eu\/it\/sedie\/tete-a-tete\/#breadcrumb"},"inLanguage":"it-IT","potentialAction":[{"@type":"ReadAction","target":["https:\/\/bearchair.eu\/it\/sedie\/tete-a-tete\/"]}]},{"@type":"ImageObject","inLanguage":"it-IT","@id":"https:\/\/bearchair.eu\/it\/sedie\/tete-a-tete\/#primaryimage","url":"https:\/\/bearchair.eu\/wp-content\/uploads\/2024\/05\/a-1.png","contentUrl":"https:\/\/bearchair.eu\/wp-content\/uploads\/2024\/05\/a-1.png","width":720,"height":960},{"@type":"BreadcrumbList","@id":"https:\/\/bearchair.eu\/it\/sedie\/tete-a-tete\/#breadcrumb","itemListElement":[{"@type":"ListItem","position":1,"name":"Home","item":"https:\/\/bearchair.eu\/it\/casa\/"},{"@type":"ListItem","position":2,"name":"Negozio","item":"https:\/\/bearchair.eu\/it\/negozio\/"},{"@type":"ListItem","position":3,"name":"T\u00eate-\u00e0-t\u00eate Bear Chair\u00ae"}]},{"@type":"WebSite","@id":"https:\/\/bearchair.eu\/it\/#website","url":"https:\/\/bearchair.eu\/it\/","name":"The Bear Chair","description":"","publisher":{"@id":"https:\/\/bearchair.eu\/it\/#organization"},"potentialAction":[{"@type":"SearchAction","target":{"@type":"EntryPoint","urlTemplate":"https:\/\/bearchair.eu\/it\/?s={search_term_string}"},"query-input":{"@type":"PropertyValueSpecification","valueRequired":true,"valueName":"search_term_string"}}],"inLanguage":"it-IT"},{"@type":"Organization","@id":"https:\/\/bearchair.eu\/it\/#organization","name":"La sedia dell'orso","url":"https:\/\/bearchair.eu\/it\/","logo":{"@type":"ImageObject","inLanguage":"it-IT","@id":"https:\/\/bearchair.eu\/it\/#\/schema\/logo\/image\/","url":"https:\/\/new.bearchair.eu\/wp-content\/uploads\/2024\/05\/BearChairIcon.png","contentUrl":"https:\/\/new.bearchair.eu\/wp-content\/uploads\/2024\/05\/BearChairIcon.png","width":512,"height":512,"caption":"La sedia dell'orso"},"image":{"@id":"https:\/\/bearchair.eu\/it\/#\/schema\/logo\/image\/"}}]}},"_links":{"self":[{"href":"https:\/\/bearchair.eu\/it\/wp-json\/wp\/v2\/product\/16737","targetHints":{"allow":["GET"]}}],"collection":[{"href":"https:\/\/bearchair.eu\/it\/wp-json\/wp\/v2\/product"}],"about":[{"href":"https:\/\/bearchair.eu\/it\/wp-json\/wp\/v2\/types\/product"}],"wp:featuredmedia":[{"embeddable":true,"href":"https:\/\/bearchair.eu\/it\/wp-json\/wp\/v2\/media\/15725"}],"wp:attachment":[{"href":"https:\/\/bearchair.eu\/it\/wp-json\/wp\/v2\/media?parent=16737"}],"wp:term":[{"taxonomy":"product_brand","embeddable":true,"href":"https:\/\/bearchair.eu\/it\/wp-json\/wp\/v2\/product_brand?post=16737"},{"taxonomy":"product_cat","embeddable":true,"href":"https:\/\/bearchair.eu\/it\/wp-json\/wp\/v2\/product_cat?post=16737"},{"taxonomy":"product_tag","embeddable":true,"href":"https:\/\/bearchair.eu\/it\/wp-json\/wp\/v2\/product_tag?post=16737"}],"curies":[{"name":"wp","href":"https:\/\/api.w.org\/{rel}","templated":true}]}}