{"id":16809,"date":"2024-05-03T10:09:36","date_gmt":"2024-05-03T10:09:36","guid":{"rendered":"https:\/\/bearchair.eu\/senza-categoria\/panca-in-cedro-con-schienale\/"},"modified":"2025-04-25T10:01:59","modified_gmt":"2025-04-25T10:01:59","slug":"panca-in-cedro-con-schienale","status":"publish","type":"product","link":"https:\/\/bearchair.eu\/it\/sedie\/panca-in-cedro-con-schienale\/","title":{"rendered":"Bear Chair\u00ae panca in cedro con schienale"},"content":{"rendered":"<p>Questa elegante panca in cedro di Bear Chair\u00ae non solo \u00e8 bella da vedere, ma \u00e8 anche di ottima qualit\u00e0. Come tutte le altre sedie Bear Chair\u00ae, \u00e8 robusta e durevole. Il suo peso ridotto la rende facile da spostare.  <\/p>\n<p><strong>Dimensioni:  <\/strong><\/p>\n<ul>\n<li>Altezza: 48 cm (seduta), 65 cm (altezza totale)<\/li>\n<li>Larghezza: 60 cm<\/li>\n<li>Profondit\u00e0: 45 cm<\/li>\n<\/ul>\n<p><strong>Peso:<\/strong> 8 kg<\/p>\n<p><strong>Montaggio:<\/strong> La panca in cedro con schienale Bear Chair\u00ae \u00e8 disponibile in due tipi di confezioni:<\/p>\n<ul>\n<li><strong>Pre-assemblato:<\/strong> Lo schienale e la seduta sono preassemblati, il resto deve essere assemblato da soli. Tutti i materiali e le istruzioni di montaggio sono ovviamente inclusi. <\/li>\n<li><strong>Completamente assemblata:<\/strong> La sedia \u00e8 gi\u00e0 completamente assemblata. Ti viene consegnata gi\u00e0 pronta con il nostro servizio di trasporto. Si prega di notare che questo potrebbe comportare costi maggiori.  <\/li>\n<\/ul>\n<p>Suggerimento: combina la panchina di cedro con il <a href=\"https:\/\/bearchair.eu\/tafels\/picknick-tafel\/\" target=\"_blank\" rel=\"noopener\">tavolo da picnic. <\/a> <\/p>\n","protected":false},"excerpt":{"rendered":"<p>Questa elegante panchina in cedro di Bear Chair\u00ae con schienale si adatta a qualsiasi giardino. \u00c8 leggera, robusta e durevole, come ci si aspetta dai prodotti Bear Chair\u00ae. <\/p>\n","protected":false},"featured_media":15679,"template":"","meta":[],"product_brand":[],"product_cat":[281],"product_tag":[],"class_list":{"0":"post-16809","1":"product","2":"type-product","3":"status-publish","4":"has-post-thumbnail","6":"product_cat-sedie","8":"first","9":"instock","10":"taxable","11":"shipping-taxable","12":"purchasable","13":"product-type-variable"},"yoast_head":"<!-- This site is optimized with the Yoast SEO plugin v27.2 - https:\/\/yoast.com\/product\/yoast-seo-wordpress\/ -->\n<title>Bear Chair\u00ae panca in cedro con schienale - The Bear Chair\u00ae<\/title>\n<meta name=\"robots\" content=\"index, follow, max-snippet:-1, max-image-preview:large, max-video-preview:-1\" \/>\n<link rel=\"canonical\" href=\"https:\/\/bearchair.eu\/it\/sedie\/panca-in-cedro-con-schienale\/\" \/>\n<meta property=\"og:locale\" content=\"it_IT\" \/>\n<meta property=\"og:type\" content=\"article\" \/>\n<meta property=\"og:title\" content=\"Bear Chair\u00ae panca in cedro con schienale - The Bear Chair\u00ae\" \/>\n<meta property=\"og:description\" content=\"Questa elegante panchina in cedro di Bear Chair\u00ae con schienale si adatta a qualsiasi giardino. \u00c8 leggera, robusta e durevole, come ci si aspetta dai prodotti Bear Chair\u00ae.\" \/>\n<meta property=\"og:url\" content=\"https:\/\/bearchair.eu\/it\/sedie\/panca-in-cedro-con-schienale\/\" \/>\n<meta property=\"og:site_name\" content=\"The Bear Chair\u00ae\" \/>\n<meta property=\"article:modified_time\" content=\"2025-04-25T10:01:59+00:00\" \/>\n<meta property=\"og:image\" content=\"https:\/\/bearchair.eu\/wp-content\/uploads\/2024\/05\/Untitled-design-14.png\" \/>\n\t<meta property=\"og:image:width\" content=\"720\" \/>\n\t<meta property=\"og:image:height\" content=\"960\" \/>\n\t<meta property=\"og:image:type\" content=\"image\/png\" \/>\n<meta name=\"twitter:card\" content=\"summary_large_image\" \/>\n<meta name=\"twitter:label1\" content=\"Tempo di lettura stimato\" \/>\n\t<meta name=\"twitter:data1\" content=\"1 minuto\" \/>\n<script type=\"application\/ld+json\" class=\"yoast-schema-graph\">{\"@context\":\"https:\/\/schema.org\",\"@graph\":[{\"@type\":\"WebPage\",\"@id\":\"https:\/\/bearchair.eu\/it\/sedie\/panca-in-cedro-con-schienale\/\",\"url\":\"https:\/\/bearchair.eu\/it\/sedie\/panca-in-cedro-con-schienale\/\",\"name\":\"Bear Chair\u00ae panca in cedro con schienale - The Bear Chair\u00ae\",\"isPartOf\":{\"@id\":\"https:\/\/bearchair.eu\/it\/#website\"},\"primaryImageOfPage\":{\"@id\":\"https:\/\/bearchair.eu\/it\/sedie\/panca-in-cedro-con-schienale\/#primaryimage\"},\"image\":{\"@id\":\"https:\/\/bearchair.eu\/it\/sedie\/panca-in-cedro-con-schienale\/#primaryimage\"},\"thumbnailUrl\":\"https:\/\/bearchair.eu\/wp-content\/uploads\/2024\/05\/Untitled-design-14.png\",\"datePublished\":\"2024-05-03T10:09:36+00:00\",\"dateModified\":\"2025-04-25T10:01:59+00:00\",\"breadcrumb\":{\"@id\":\"https:\/\/bearchair.eu\/it\/sedie\/panca-in-cedro-con-schienale\/#breadcrumb\"},\"inLanguage\":\"it-IT\",\"potentialAction\":[{\"@type\":\"ReadAction\",\"target\":[\"https:\/\/bearchair.eu\/it\/sedie\/panca-in-cedro-con-schienale\/\"]}]},{\"@type\":\"ImageObject\",\"inLanguage\":\"it-IT\",\"@id\":\"https:\/\/bearchair.eu\/it\/sedie\/panca-in-cedro-con-schienale\/#primaryimage\",\"url\":\"https:\/\/bearchair.eu\/wp-content\/uploads\/2024\/05\/Untitled-design-14.png\",\"contentUrl\":\"https:\/\/bearchair.eu\/wp-content\/uploads\/2024\/05\/Untitled-design-14.png\",\"width\":720,\"height\":960},{\"@type\":\"BreadcrumbList\",\"@id\":\"https:\/\/bearchair.eu\/it\/sedie\/panca-in-cedro-con-schienale\/#breadcrumb\",\"itemListElement\":[{\"@type\":\"ListItem\",\"position\":1,\"name\":\"Casa\",\"item\":\"https:\/\/bearchair.eu\/it\/casa\/\"},{\"@type\":\"ListItem\",\"position\":2,\"name\":\"Negozio\",\"item\":\"https:\/\/bearchair.eu\/it\/negozio\/\"},{\"@type\":\"ListItem\",\"position\":3,\"name\":\"Bear Chair\u00ae panca in cedro con schienale\"}]},{\"@type\":\"WebSite\",\"@id\":\"https:\/\/bearchair.eu\/it\/#website\",\"url\":\"https:\/\/bearchair.eu\/it\/\",\"name\":\"The Bear Chair\",\"description\":\"\",\"publisher\":{\"@id\":\"https:\/\/bearchair.eu\/it\/#organization\"},\"potentialAction\":[{\"@type\":\"SearchAction\",\"target\":{\"@type\":\"EntryPoint\",\"urlTemplate\":\"https:\/\/bearchair.eu\/it\/?s={search_term_string}\"},\"query-input\":{\"@type\":\"PropertyValueSpecification\",\"valueRequired\":true,\"valueName\":\"search_term_string\"}}],\"inLanguage\":\"it-IT\"},{\"@type\":\"Organization\",\"@id\":\"https:\/\/bearchair.eu\/it\/#organization\",\"name\":\"La sedia dell'orso\",\"url\":\"https:\/\/bearchair.eu\/it\/\",\"logo\":{\"@type\":\"ImageObject\",\"inLanguage\":\"it-IT\",\"@id\":\"https:\/\/bearchair.eu\/it\/#\/schema\/logo\/image\/\",\"url\":\"https:\/\/new.bearchair.eu\/wp-content\/uploads\/2024\/05\/BearChairIcon.png\",\"contentUrl\":\"https:\/\/new.bearchair.eu\/wp-content\/uploads\/2024\/05\/BearChairIcon.png\",\"width\":512,\"height\":512,\"caption\":\"La sedia dell'orso\"},\"image\":{\"@id\":\"https:\/\/bearchair.eu\/it\/#\/schema\/logo\/image\/\"}}]}<\/script>\n<!-- \/ Yoast SEO plugin. -->","yoast_head_json":{"title":"Bear Chair\u00ae panca in cedro con schienale - The Bear Chair\u00ae","robots":{"index":"index","follow":"follow","max-snippet":"max-snippet:-1","max-image-preview":"max-image-preview:large","max-video-preview":"max-video-preview:-1"},"canonical":"https:\/\/bearchair.eu\/it\/sedie\/panca-in-cedro-con-schienale\/","og_locale":"it_IT","og_type":"article","og_title":"Bear Chair\u00ae panca in cedro con schienale - The Bear Chair\u00ae","og_description":"Questa elegante panchina in cedro di Bear Chair\u00ae con schienale si adatta a qualsiasi giardino. \u00c8 leggera, robusta e durevole, come ci si aspetta dai prodotti Bear Chair\u00ae.","og_url":"https:\/\/bearchair.eu\/it\/sedie\/panca-in-cedro-con-schienale\/","og_site_name":"The Bear Chair\u00ae","article_modified_time":"2025-04-25T10:01:59+00:00","og_image":[{"width":720,"height":960,"url":"https:\/\/bearchair.eu\/wp-content\/uploads\/2024\/05\/Untitled-design-14.png","type":"image\/png"}],"twitter_card":"summary_large_image","twitter_misc":{"Tempo di lettura stimato":"1 minuto"},"schema":{"@context":"https:\/\/schema.org","@graph":[{"@type":"WebPage","@id":"https:\/\/bearchair.eu\/it\/sedie\/panca-in-cedro-con-schienale\/","url":"https:\/\/bearchair.eu\/it\/sedie\/panca-in-cedro-con-schienale\/","name":"Bear Chair\u00ae panca in cedro con schienale - The Bear Chair\u00ae","isPartOf":{"@id":"https:\/\/bearchair.eu\/it\/#website"},"primaryImageOfPage":{"@id":"https:\/\/bearchair.eu\/it\/sedie\/panca-in-cedro-con-schienale\/#primaryimage"},"image":{"@id":"https:\/\/bearchair.eu\/it\/sedie\/panca-in-cedro-con-schienale\/#primaryimage"},"thumbnailUrl":"https:\/\/bearchair.eu\/wp-content\/uploads\/2024\/05\/Untitled-design-14.png","datePublished":"2024-05-03T10:09:36+00:00","dateModified":"2025-04-25T10:01:59+00:00","breadcrumb":{"@id":"https:\/\/bearchair.eu\/it\/sedie\/panca-in-cedro-con-schienale\/#breadcrumb"},"inLanguage":"it-IT","potentialAction":[{"@type":"ReadAction","target":["https:\/\/bearchair.eu\/it\/sedie\/panca-in-cedro-con-schienale\/"]}]},{"@type":"ImageObject","inLanguage":"it-IT","@id":"https:\/\/bearchair.eu\/it\/sedie\/panca-in-cedro-con-schienale\/#primaryimage","url":"https:\/\/bearchair.eu\/wp-content\/uploads\/2024\/05\/Untitled-design-14.png","contentUrl":"https:\/\/bearchair.eu\/wp-content\/uploads\/2024\/05\/Untitled-design-14.png","width":720,"height":960},{"@type":"BreadcrumbList","@id":"https:\/\/bearchair.eu\/it\/sedie\/panca-in-cedro-con-schienale\/#breadcrumb","itemListElement":[{"@type":"ListItem","position":1,"name":"Casa","item":"https:\/\/bearchair.eu\/it\/casa\/"},{"@type":"ListItem","position":2,"name":"Negozio","item":"https:\/\/bearchair.eu\/it\/negozio\/"},{"@type":"ListItem","position":3,"name":"Bear Chair\u00ae panca in cedro con schienale"}]},{"@type":"WebSite","@id":"https:\/\/bearchair.eu\/it\/#website","url":"https:\/\/bearchair.eu\/it\/","name":"The Bear Chair","description":"","publisher":{"@id":"https:\/\/bearchair.eu\/it\/#organization"},"potentialAction":[{"@type":"SearchAction","target":{"@type":"EntryPoint","urlTemplate":"https:\/\/bearchair.eu\/it\/?s={search_term_string}"},"query-input":{"@type":"PropertyValueSpecification","valueRequired":true,"valueName":"search_term_string"}}],"inLanguage":"it-IT"},{"@type":"Organization","@id":"https:\/\/bearchair.eu\/it\/#organization","name":"La sedia dell'orso","url":"https:\/\/bearchair.eu\/it\/","logo":{"@type":"ImageObject","inLanguage":"it-IT","@id":"https:\/\/bearchair.eu\/it\/#\/schema\/logo\/image\/","url":"https:\/\/new.bearchair.eu\/wp-content\/uploads\/2024\/05\/BearChairIcon.png","contentUrl":"https:\/\/new.bearchair.eu\/wp-content\/uploads\/2024\/05\/BearChairIcon.png","width":512,"height":512,"caption":"La sedia dell'orso"},"image":{"@id":"https:\/\/bearchair.eu\/it\/#\/schema\/logo\/image\/"}}]}},"_links":{"self":[{"href":"https:\/\/bearchair.eu\/it\/wp-json\/wp\/v2\/product\/16809","targetHints":{"allow":["GET"]}}],"collection":[{"href":"https:\/\/bearchair.eu\/it\/wp-json\/wp\/v2\/product"}],"about":[{"href":"https:\/\/bearchair.eu\/it\/wp-json\/wp\/v2\/types\/product"}],"wp:featuredmedia":[{"embeddable":true,"href":"https:\/\/bearchair.eu\/it\/wp-json\/wp\/v2\/media\/15679"}],"wp:attachment":[{"href":"https:\/\/bearchair.eu\/it\/wp-json\/wp\/v2\/media?parent=16809"}],"wp:term":[{"taxonomy":"product_brand","embeddable":true,"href":"https:\/\/bearchair.eu\/it\/wp-json\/wp\/v2\/product_brand?post=16809"},{"taxonomy":"product_cat","embeddable":true,"href":"https:\/\/bearchair.eu\/it\/wp-json\/wp\/v2\/product_cat?post=16809"},{"taxonomy":"product_tag","embeddable":true,"href":"https:\/\/bearchair.eu\/it\/wp-json\/wp\/v2\/product_tag?post=16809"}],"curies":[{"name":"wp","href":"https:\/\/api.w.org\/{rel}","templated":true}]}}