{"id":16863,"date":"2024-05-03T10:09:30","date_gmt":"2024-05-03T10:09:30","guid":{"rendered":"https:\/\/bearchair.eu\/senza-categoria\/tavolo-da-pranzo-rotondo-105-cm\/"},"modified":"2026-02-16T10:59:14","modified_gmt":"2026-02-16T10:59:14","slug":"tavolo-da-pranzo-rotondo-105-cm","status":"publish","type":"product","link":"https:\/\/bearchair.eu\/it\/tavoli\/tavolo-da-pranzo-rotondo-105-cm\/","title":{"rendered":"Bear ChairTavolo da pranzo rotondo \u00ae (121 cm)"},"content":{"rendered":"<p>Siediti comodamente a questo tavolo da pranzo rotondo! C&#8217;\u00e8 spazio per quattro persone. <\/p>\n<p><strong>Dimensioni:  <\/strong><\/p>\n<ul>\n<li>Altezza: 72 cm<\/li>\n<li>Diametro: 105 cm<\/li>\n<\/ul>\n<p><strong>Peso:<\/strong> 15 kg<\/p>\n<p><strong>Montaggio:<\/strong> Il tavolo da pranzo rotondo Bear Chair\u00ae \u00e8 disponibile in due tipi di confezioni:<\/p>\n<ul>\n<li><strong>Kit:<\/strong> Riceverai tutti i materiali per assemblare il tavolo da solo. Il kit comprende le doghe, le viti, la colla e, naturalmente, le istruzioni di montaggio dettagliate. <\/li>\n<li><strong>Completamente assemblato:<\/strong> Il tavolo \u00e8 gi\u00e0 completamente assemblato. Ti viene consegnato gi\u00e0 pronto dal nostro servizio di trasporto. Nota bene: in questo caso potrebbero essere applicati costi maggiori.  <\/li>\n<\/ul>\n","protected":false},"excerpt":{"rendered":"<p>Un tavolo da pranzo per una piccola famiglia. Questo tavolo da pranzo rotondo di Bear Chair\u00ae \u00e8 dotato di un piano rimovibile e di gambe incernierate. L&#8217;insieme \u00e8 facile da riporre. Il piano del tavolo viene consegnato completamente assemblato.   <\/p>\n","protected":false},"featured_media":16236,"template":"","meta":[],"product_brand":[],"product_cat":[292],"product_tag":[],"class_list":{"0":"post-16863","1":"product","2":"type-product","3":"status-publish","4":"has-post-thumbnail","6":"product_cat-tavoli","8":"first","9":"instock","10":"taxable","11":"shipping-taxable","12":"purchasable","13":"product-type-variable"},"yoast_head":"<!-- This site is optimized with the Yoast SEO plugin v27.2 - https:\/\/yoast.com\/product\/yoast-seo-wordpress\/ -->\n<title>Bear ChairTavolo da pranzo rotondo \u00ae (121 cm) - The Bear Chair\u00ae<\/title>\n<meta name=\"description\" content=\"Acquista il Tavolo da pranzo rotondo di Bear Chair\u00ae. Un tavolo da pranzo per una piccola famiglia con piano rimovibile e gambe incernierate. Il tutto \u00e8 facile da riporre.\" \/>\n<meta name=\"robots\" content=\"index, follow, max-snippet:-1, max-image-preview:large, max-video-preview:-1\" \/>\n<link rel=\"canonical\" href=\"https:\/\/bearchair.eu\/it\/tavoli\/tavolo-da-pranzo-rotondo-105-cm\/\" \/>\n<meta property=\"og:locale\" content=\"it_IT\" \/>\n<meta property=\"og:type\" content=\"article\" \/>\n<meta property=\"og:title\" content=\"Bear ChairTavolo da pranzo rotondo \u00ae (121 cm) - The Bear Chair\u00ae\" \/>\n<meta property=\"og:description\" content=\"Acquista il Tavolo da pranzo rotondo di Bear Chair\u00ae. Un tavolo da pranzo per una piccola famiglia con piano rimovibile e gambe incernierate. Il tutto \u00e8 facile da riporre.\" \/>\n<meta property=\"og:url\" content=\"https:\/\/bearchair.eu\/it\/tavoli\/tavolo-da-pranzo-rotondo-105-cm\/\" \/>\n<meta property=\"og:site_name\" content=\"The Bear Chair\u00ae\" \/>\n<meta property=\"article:modified_time\" content=\"2026-02-16T10:59:14+00:00\" \/>\n<meta property=\"og:image\" content=\"https:\/\/bearchair.eu\/wp-content\/uploads\/2024\/10\/BC-48-rvv-rotated.jpg\" \/>\n\t<meta property=\"og:image:width\" content=\"1734\" \/>\n\t<meta property=\"og:image:height\" content=\"2312\" \/>\n\t<meta property=\"og:image:type\" content=\"image\/jpeg\" \/>\n<meta name=\"twitter:card\" content=\"summary_large_image\" \/>\n<script type=\"application\/ld+json\" class=\"yoast-schema-graph\">{\"@context\":\"https:\/\/schema.org\",\"@graph\":[{\"@type\":\"WebPage\",\"@id\":\"https:\/\/bearchair.eu\/it\/tavoli\/tavolo-da-pranzo-rotondo-105-cm\/\",\"url\":\"https:\/\/bearchair.eu\/it\/tavoli\/tavolo-da-pranzo-rotondo-105-cm\/\",\"name\":\"Bear ChairTavolo da pranzo rotondo \u00ae (121 cm) - The Bear Chair\u00ae\",\"isPartOf\":{\"@id\":\"https:\/\/bearchair.eu\/it\/#website\"},\"primaryImageOfPage\":{\"@id\":\"https:\/\/bearchair.eu\/it\/tavoli\/tavolo-da-pranzo-rotondo-105-cm\/#primaryimage\"},\"image\":{\"@id\":\"https:\/\/bearchair.eu\/it\/tavoli\/tavolo-da-pranzo-rotondo-105-cm\/#primaryimage\"},\"thumbnailUrl\":\"https:\/\/bearchair.eu\/wp-content\/uploads\/2024\/10\/BC-48-rvv-rotated.jpg\",\"datePublished\":\"2024-05-03T10:09:30+00:00\",\"dateModified\":\"2026-02-16T10:59:14+00:00\",\"description\":\"Acquista il Tavolo da pranzo rotondo di Bear Chair\u00ae. Un tavolo da pranzo per una piccola famiglia con piano rimovibile e gambe incernierate. Il tutto \u00e8 facile da riporre.\",\"breadcrumb\":{\"@id\":\"https:\/\/bearchair.eu\/it\/tavoli\/tavolo-da-pranzo-rotondo-105-cm\/#breadcrumb\"},\"inLanguage\":\"it-IT\",\"potentialAction\":[{\"@type\":\"ReadAction\",\"target\":[\"https:\/\/bearchair.eu\/it\/tavoli\/tavolo-da-pranzo-rotondo-105-cm\/\"]}]},{\"@type\":\"ImageObject\",\"inLanguage\":\"it-IT\",\"@id\":\"https:\/\/bearchair.eu\/it\/tavoli\/tavolo-da-pranzo-rotondo-105-cm\/#primaryimage\",\"url\":\"https:\/\/bearchair.eu\/wp-content\/uploads\/2024\/10\/BC-48-rvv-rotated.jpg\",\"contentUrl\":\"https:\/\/bearchair.eu\/wp-content\/uploads\/2024\/10\/BC-48-rvv-rotated.jpg\",\"width\":1734,\"height\":2312},{\"@type\":\"BreadcrumbList\",\"@id\":\"https:\/\/bearchair.eu\/it\/tavoli\/tavolo-da-pranzo-rotondo-105-cm\/#breadcrumb\",\"itemListElement\":[{\"@type\":\"ListItem\",\"position\":1,\"name\":\"Home\",\"item\":\"https:\/\/bearchair.eu\/it\/casa\/\"},{\"@type\":\"ListItem\",\"position\":2,\"name\":\"Negozio\",\"item\":\"https:\/\/bearchair.eu\/it\/negozio\/\"},{\"@type\":\"ListItem\",\"position\":3,\"name\":\"Bear ChairTavolo da pranzo rotondo \u00ae (121 cm)\"}]},{\"@type\":\"WebSite\",\"@id\":\"https:\/\/bearchair.eu\/it\/#website\",\"url\":\"https:\/\/bearchair.eu\/it\/\",\"name\":\"The Bear Chair\",\"description\":\"\",\"publisher\":{\"@id\":\"https:\/\/bearchair.eu\/it\/#organization\"},\"potentialAction\":[{\"@type\":\"SearchAction\",\"target\":{\"@type\":\"EntryPoint\",\"urlTemplate\":\"https:\/\/bearchair.eu\/it\/?s={search_term_string}\"},\"query-input\":{\"@type\":\"PropertyValueSpecification\",\"valueRequired\":true,\"valueName\":\"search_term_string\"}}],\"inLanguage\":\"it-IT\"},{\"@type\":\"Organization\",\"@id\":\"https:\/\/bearchair.eu\/it\/#organization\",\"name\":\"La sedia dell'orso\",\"url\":\"https:\/\/bearchair.eu\/it\/\",\"logo\":{\"@type\":\"ImageObject\",\"inLanguage\":\"it-IT\",\"@id\":\"https:\/\/bearchair.eu\/it\/#\/schema\/logo\/image\/\",\"url\":\"https:\/\/new.bearchair.eu\/wp-content\/uploads\/2024\/05\/BearChairIcon.png\",\"contentUrl\":\"https:\/\/new.bearchair.eu\/wp-content\/uploads\/2024\/05\/BearChairIcon.png\",\"width\":512,\"height\":512,\"caption\":\"La sedia dell'orso\"},\"image\":{\"@id\":\"https:\/\/bearchair.eu\/it\/#\/schema\/logo\/image\/\"}}]}<\/script>\n<!-- \/ Yoast SEO plugin. -->","yoast_head_json":{"title":"Bear ChairTavolo da pranzo rotondo \u00ae (121 cm) - The Bear Chair\u00ae","description":"Acquista il Tavolo da pranzo rotondo di Bear Chair\u00ae. Un tavolo da pranzo per una piccola famiglia con piano rimovibile e gambe incernierate. Il tutto \u00e8 facile da riporre.","robots":{"index":"index","follow":"follow","max-snippet":"max-snippet:-1","max-image-preview":"max-image-preview:large","max-video-preview":"max-video-preview:-1"},"canonical":"https:\/\/bearchair.eu\/it\/tavoli\/tavolo-da-pranzo-rotondo-105-cm\/","og_locale":"it_IT","og_type":"article","og_title":"Bear ChairTavolo da pranzo rotondo \u00ae (121 cm) - The Bear Chair\u00ae","og_description":"Acquista il Tavolo da pranzo rotondo di Bear Chair\u00ae. Un tavolo da pranzo per una piccola famiglia con piano rimovibile e gambe incernierate. Il tutto \u00e8 facile da riporre.","og_url":"https:\/\/bearchair.eu\/it\/tavoli\/tavolo-da-pranzo-rotondo-105-cm\/","og_site_name":"The Bear Chair\u00ae","article_modified_time":"2026-02-16T10:59:14+00:00","og_image":[{"width":1734,"height":2312,"url":"https:\/\/bearchair.eu\/wp-content\/uploads\/2024\/10\/BC-48-rvv-rotated.jpg","type":"image\/jpeg"}],"twitter_card":"summary_large_image","schema":{"@context":"https:\/\/schema.org","@graph":[{"@type":"WebPage","@id":"https:\/\/bearchair.eu\/it\/tavoli\/tavolo-da-pranzo-rotondo-105-cm\/","url":"https:\/\/bearchair.eu\/it\/tavoli\/tavolo-da-pranzo-rotondo-105-cm\/","name":"Bear ChairTavolo da pranzo rotondo \u00ae (121 cm) - The Bear Chair\u00ae","isPartOf":{"@id":"https:\/\/bearchair.eu\/it\/#website"},"primaryImageOfPage":{"@id":"https:\/\/bearchair.eu\/it\/tavoli\/tavolo-da-pranzo-rotondo-105-cm\/#primaryimage"},"image":{"@id":"https:\/\/bearchair.eu\/it\/tavoli\/tavolo-da-pranzo-rotondo-105-cm\/#primaryimage"},"thumbnailUrl":"https:\/\/bearchair.eu\/wp-content\/uploads\/2024\/10\/BC-48-rvv-rotated.jpg","datePublished":"2024-05-03T10:09:30+00:00","dateModified":"2026-02-16T10:59:14+00:00","description":"Acquista il Tavolo da pranzo rotondo di Bear Chair\u00ae. Un tavolo da pranzo per una piccola famiglia con piano rimovibile e gambe incernierate. Il tutto \u00e8 facile da riporre.","breadcrumb":{"@id":"https:\/\/bearchair.eu\/it\/tavoli\/tavolo-da-pranzo-rotondo-105-cm\/#breadcrumb"},"inLanguage":"it-IT","potentialAction":[{"@type":"ReadAction","target":["https:\/\/bearchair.eu\/it\/tavoli\/tavolo-da-pranzo-rotondo-105-cm\/"]}]},{"@type":"ImageObject","inLanguage":"it-IT","@id":"https:\/\/bearchair.eu\/it\/tavoli\/tavolo-da-pranzo-rotondo-105-cm\/#primaryimage","url":"https:\/\/bearchair.eu\/wp-content\/uploads\/2024\/10\/BC-48-rvv-rotated.jpg","contentUrl":"https:\/\/bearchair.eu\/wp-content\/uploads\/2024\/10\/BC-48-rvv-rotated.jpg","width":1734,"height":2312},{"@type":"BreadcrumbList","@id":"https:\/\/bearchair.eu\/it\/tavoli\/tavolo-da-pranzo-rotondo-105-cm\/#breadcrumb","itemListElement":[{"@type":"ListItem","position":1,"name":"Home","item":"https:\/\/bearchair.eu\/it\/casa\/"},{"@type":"ListItem","position":2,"name":"Negozio","item":"https:\/\/bearchair.eu\/it\/negozio\/"},{"@type":"ListItem","position":3,"name":"Bear ChairTavolo da pranzo rotondo \u00ae (121 cm)"}]},{"@type":"WebSite","@id":"https:\/\/bearchair.eu\/it\/#website","url":"https:\/\/bearchair.eu\/it\/","name":"The Bear Chair","description":"","publisher":{"@id":"https:\/\/bearchair.eu\/it\/#organization"},"potentialAction":[{"@type":"SearchAction","target":{"@type":"EntryPoint","urlTemplate":"https:\/\/bearchair.eu\/it\/?s={search_term_string}"},"query-input":{"@type":"PropertyValueSpecification","valueRequired":true,"valueName":"search_term_string"}}],"inLanguage":"it-IT"},{"@type":"Organization","@id":"https:\/\/bearchair.eu\/it\/#organization","name":"La sedia dell'orso","url":"https:\/\/bearchair.eu\/it\/","logo":{"@type":"ImageObject","inLanguage":"it-IT","@id":"https:\/\/bearchair.eu\/it\/#\/schema\/logo\/image\/","url":"https:\/\/new.bearchair.eu\/wp-content\/uploads\/2024\/05\/BearChairIcon.png","contentUrl":"https:\/\/new.bearchair.eu\/wp-content\/uploads\/2024\/05\/BearChairIcon.png","width":512,"height":512,"caption":"La sedia dell'orso"},"image":{"@id":"https:\/\/bearchair.eu\/it\/#\/schema\/logo\/image\/"}}]}},"_links":{"self":[{"href":"https:\/\/bearchair.eu\/it\/wp-json\/wp\/v2\/product\/16863","targetHints":{"allow":["GET"]}}],"collection":[{"href":"https:\/\/bearchair.eu\/it\/wp-json\/wp\/v2\/product"}],"about":[{"href":"https:\/\/bearchair.eu\/it\/wp-json\/wp\/v2\/types\/product"}],"wp:featuredmedia":[{"embeddable":true,"href":"https:\/\/bearchair.eu\/it\/wp-json\/wp\/v2\/media\/16236"}],"wp:attachment":[{"href":"https:\/\/bearchair.eu\/it\/wp-json\/wp\/v2\/media?parent=16863"}],"wp:term":[{"taxonomy":"product_brand","embeddable":true,"href":"https:\/\/bearchair.eu\/it\/wp-json\/wp\/v2\/product_brand?post=16863"},{"taxonomy":"product_cat","embeddable":true,"href":"https:\/\/bearchair.eu\/it\/wp-json\/wp\/v2\/product_cat?post=16863"},{"taxonomy":"product_tag","embeddable":true,"href":"https:\/\/bearchair.eu\/it\/wp-json\/wp\/v2\/product_tag?post=16863"}],"curies":[{"name":"wp","href":"https:\/\/api.w.org\/{rel}","templated":true}]}}