{"id":16885,"date":"2024-05-03T10:09:29","date_gmt":"2024-05-03T10:09:29","guid":{"rendered":"https:\/\/bearchair.eu\/senza-categoria\/tavolino-pieghevole\/"},"modified":"2025-04-25T10:06:34","modified_gmt":"2025-04-25T10:06:34","slug":"tavolino-pieghevole","status":"publish","type":"product","link":"https:\/\/bearchair.eu\/it\/tavoli\/tavolino-pieghevole\/","title":{"rendered":"Bear ChairTavolino pieghevole \u00ae"},"content":{"rendered":"<p>Quando ti rilassi sulla tua poltrona Bear Chair\u00ae, ovviamente vuoi un posto dove appoggiare il tuo drink. Questo tavolino pieghevole \u00e8 l&#8217;ideale per questo! <\/p>\n<p><strong>Dimensioni:<\/strong><\/p>\n<ul>\n<li>Altezza: 48 cm<\/li>\n<li>Diametro: 70 cm<\/li>\n<\/ul>\n<p><strong>Peso:<\/strong> 7 kg<\/p>\n<p><strong>Montaggio:<\/strong> Il tavolino pieghevole Bear Chair\u00ae \u00e8 disponibile in due tipi di confezioni:<\/p>\n<ul>\n<li><strong>Pre-assemblato: <\/strong>Il piano del tavolo \u00e8 preassemblato, il resto deve essere assemblato da soli. Tutti i materiali e le istruzioni di montaggio sono ovviamente inclusi. <\/li>\n<li><strong>Completamente assemblato:<\/strong> Il tavolo \u00e8 gi\u00e0 completamente assemblato. Ti viene consegnato gi\u00e0 pronto dal nostro servizio di trasporto. Nota bene: in questo caso potrebbero essere applicati costi maggiori.  <\/li>\n<\/ul>\n","protected":false},"excerpt":{"rendered":"<p>Questo robusto tavolino di Bear Chair\u00ae ha un piano rimovibile e gambe incernierate. In questo modo \u00e8 facile da riporre. <\/p>\n","protected":false},"featured_media":15685,"template":"","meta":[],"product_brand":[],"product_cat":[292],"product_tag":[],"class_list":{"0":"post-16885","1":"product","2":"type-product","3":"status-publish","4":"has-post-thumbnail","6":"product_cat-tavoli","8":"first","9":"instock","10":"taxable","11":"shipping-taxable","12":"purchasable","13":"product-type-variable"},"yoast_head":"<!-- This site is optimized with the Yoast SEO plugin v27.2 - https:\/\/yoast.com\/product\/yoast-seo-wordpress\/ -->\n<title>Bear ChairTavolino pieghevole \u00ae - The Bear Chair\u00ae<\/title>\n<meta name=\"description\" content=\"Acquista il tavolino pieghevole di Bear Chair\u00ae. Questo robusto tavolino ha un piano rimovibile e gambe incernierate. Facile da riporre.\" \/>\n<meta name=\"robots\" content=\"index, follow, max-snippet:-1, max-image-preview:large, max-video-preview:-1\" \/>\n<link rel=\"canonical\" href=\"https:\/\/bearchair.eu\/it\/tavoli\/tavolino-pieghevole\/\" \/>\n<meta property=\"og:locale\" content=\"it_IT\" \/>\n<meta property=\"og:type\" content=\"article\" \/>\n<meta property=\"og:title\" content=\"Bear ChairTavolino pieghevole \u00ae - The Bear Chair\u00ae\" \/>\n<meta property=\"og:description\" content=\"Acquista il tavolino pieghevole di Bear Chair\u00ae. Questo robusto tavolino ha un piano rimovibile e gambe incernierate. Facile da riporre.\" \/>\n<meta property=\"og:url\" content=\"https:\/\/bearchair.eu\/it\/tavoli\/tavolino-pieghevole\/\" \/>\n<meta property=\"og:site_name\" content=\"The Bear Chair\u00ae\" \/>\n<meta property=\"article:modified_time\" content=\"2025-04-25T10:06:34+00:00\" \/>\n<meta property=\"og:image\" content=\"https:\/\/bearchair.eu\/wp-content\/uploads\/2024\/05\/Untitled-design-15.png\" \/>\n\t<meta property=\"og:image:width\" content=\"720\" \/>\n\t<meta property=\"og:image:height\" content=\"960\" \/>\n\t<meta property=\"og:image:type\" content=\"image\/png\" \/>\n<meta name=\"twitter:card\" content=\"summary_large_image\" \/>\n<script type=\"application\/ld+json\" class=\"yoast-schema-graph\">{\"@context\":\"https:\/\/schema.org\",\"@graph\":[{\"@type\":\"WebPage\",\"@id\":\"https:\/\/bearchair.eu\/it\/tavoli\/tavolino-pieghevole\/\",\"url\":\"https:\/\/bearchair.eu\/it\/tavoli\/tavolino-pieghevole\/\",\"name\":\"Bear ChairTavolino pieghevole \u00ae - The Bear Chair\u00ae\",\"isPartOf\":{\"@id\":\"https:\/\/bearchair.eu\/it\/#website\"},\"primaryImageOfPage\":{\"@id\":\"https:\/\/bearchair.eu\/it\/tavoli\/tavolino-pieghevole\/#primaryimage\"},\"image\":{\"@id\":\"https:\/\/bearchair.eu\/it\/tavoli\/tavolino-pieghevole\/#primaryimage\"},\"thumbnailUrl\":\"https:\/\/bearchair.eu\/wp-content\/uploads\/2024\/05\/Untitled-design-15.png\",\"datePublished\":\"2024-05-03T10:09:29+00:00\",\"dateModified\":\"2025-04-25T10:06:34+00:00\",\"description\":\"Acquista il tavolino pieghevole di Bear Chair\u00ae. Questo robusto tavolino ha un piano rimovibile e gambe incernierate. Facile da riporre.\",\"breadcrumb\":{\"@id\":\"https:\/\/bearchair.eu\/it\/tavoli\/tavolino-pieghevole\/#breadcrumb\"},\"inLanguage\":\"it-IT\",\"potentialAction\":[{\"@type\":\"ReadAction\",\"target\":[\"https:\/\/bearchair.eu\/it\/tavoli\/tavolino-pieghevole\/\"]}]},{\"@type\":\"ImageObject\",\"inLanguage\":\"it-IT\",\"@id\":\"https:\/\/bearchair.eu\/it\/tavoli\/tavolino-pieghevole\/#primaryimage\",\"url\":\"https:\/\/bearchair.eu\/wp-content\/uploads\/2024\/05\/Untitled-design-15.png\",\"contentUrl\":\"https:\/\/bearchair.eu\/wp-content\/uploads\/2024\/05\/Untitled-design-15.png\",\"width\":720,\"height\":960},{\"@type\":\"BreadcrumbList\",\"@id\":\"https:\/\/bearchair.eu\/it\/tavoli\/tavolino-pieghevole\/#breadcrumb\",\"itemListElement\":[{\"@type\":\"ListItem\",\"position\":1,\"name\":\"Home\",\"item\":\"https:\/\/bearchair.eu\/it\/casa\/\"},{\"@type\":\"ListItem\",\"position\":2,\"name\":\"Negozio\",\"item\":\"https:\/\/bearchair.eu\/it\/negozio\/\"},{\"@type\":\"ListItem\",\"position\":3,\"name\":\"Bear ChairTavolino pieghevole \u00ae\"}]},{\"@type\":\"WebSite\",\"@id\":\"https:\/\/bearchair.eu\/it\/#website\",\"url\":\"https:\/\/bearchair.eu\/it\/\",\"name\":\"The Bear Chair\",\"description\":\"\",\"publisher\":{\"@id\":\"https:\/\/bearchair.eu\/it\/#organization\"},\"potentialAction\":[{\"@type\":\"SearchAction\",\"target\":{\"@type\":\"EntryPoint\",\"urlTemplate\":\"https:\/\/bearchair.eu\/it\/?s={search_term_string}\"},\"query-input\":{\"@type\":\"PropertyValueSpecification\",\"valueRequired\":true,\"valueName\":\"search_term_string\"}}],\"inLanguage\":\"it-IT\"},{\"@type\":\"Organization\",\"@id\":\"https:\/\/bearchair.eu\/it\/#organization\",\"name\":\"La sedia dell'orso\",\"url\":\"https:\/\/bearchair.eu\/it\/\",\"logo\":{\"@type\":\"ImageObject\",\"inLanguage\":\"it-IT\",\"@id\":\"https:\/\/bearchair.eu\/it\/#\/schema\/logo\/image\/\",\"url\":\"https:\/\/new.bearchair.eu\/wp-content\/uploads\/2024\/05\/BearChairIcon.png\",\"contentUrl\":\"https:\/\/new.bearchair.eu\/wp-content\/uploads\/2024\/05\/BearChairIcon.png\",\"width\":512,\"height\":512,\"caption\":\"La sedia dell'orso\"},\"image\":{\"@id\":\"https:\/\/bearchair.eu\/it\/#\/schema\/logo\/image\/\"}}]}<\/script>\n<!-- \/ Yoast SEO plugin. -->","yoast_head_json":{"title":"Bear ChairTavolino pieghevole \u00ae - The Bear Chair\u00ae","description":"Acquista il tavolino pieghevole di Bear Chair\u00ae. Questo robusto tavolino ha un piano rimovibile e gambe incernierate. Facile da riporre.","robots":{"index":"index","follow":"follow","max-snippet":"max-snippet:-1","max-image-preview":"max-image-preview:large","max-video-preview":"max-video-preview:-1"},"canonical":"https:\/\/bearchair.eu\/it\/tavoli\/tavolino-pieghevole\/","og_locale":"it_IT","og_type":"article","og_title":"Bear ChairTavolino pieghevole \u00ae - The Bear Chair\u00ae","og_description":"Acquista il tavolino pieghevole di Bear Chair\u00ae. Questo robusto tavolino ha un piano rimovibile e gambe incernierate. Facile da riporre.","og_url":"https:\/\/bearchair.eu\/it\/tavoli\/tavolino-pieghevole\/","og_site_name":"The Bear Chair\u00ae","article_modified_time":"2025-04-25T10:06:34+00:00","og_image":[{"width":720,"height":960,"url":"https:\/\/bearchair.eu\/wp-content\/uploads\/2024\/05\/Untitled-design-15.png","type":"image\/png"}],"twitter_card":"summary_large_image","schema":{"@context":"https:\/\/schema.org","@graph":[{"@type":"WebPage","@id":"https:\/\/bearchair.eu\/it\/tavoli\/tavolino-pieghevole\/","url":"https:\/\/bearchair.eu\/it\/tavoli\/tavolino-pieghevole\/","name":"Bear ChairTavolino pieghevole \u00ae - The Bear Chair\u00ae","isPartOf":{"@id":"https:\/\/bearchair.eu\/it\/#website"},"primaryImageOfPage":{"@id":"https:\/\/bearchair.eu\/it\/tavoli\/tavolino-pieghevole\/#primaryimage"},"image":{"@id":"https:\/\/bearchair.eu\/it\/tavoli\/tavolino-pieghevole\/#primaryimage"},"thumbnailUrl":"https:\/\/bearchair.eu\/wp-content\/uploads\/2024\/05\/Untitled-design-15.png","datePublished":"2024-05-03T10:09:29+00:00","dateModified":"2025-04-25T10:06:34+00:00","description":"Acquista il tavolino pieghevole di Bear Chair\u00ae. Questo robusto tavolino ha un piano rimovibile e gambe incernierate. Facile da riporre.","breadcrumb":{"@id":"https:\/\/bearchair.eu\/it\/tavoli\/tavolino-pieghevole\/#breadcrumb"},"inLanguage":"it-IT","potentialAction":[{"@type":"ReadAction","target":["https:\/\/bearchair.eu\/it\/tavoli\/tavolino-pieghevole\/"]}]},{"@type":"ImageObject","inLanguage":"it-IT","@id":"https:\/\/bearchair.eu\/it\/tavoli\/tavolino-pieghevole\/#primaryimage","url":"https:\/\/bearchair.eu\/wp-content\/uploads\/2024\/05\/Untitled-design-15.png","contentUrl":"https:\/\/bearchair.eu\/wp-content\/uploads\/2024\/05\/Untitled-design-15.png","width":720,"height":960},{"@type":"BreadcrumbList","@id":"https:\/\/bearchair.eu\/it\/tavoli\/tavolino-pieghevole\/#breadcrumb","itemListElement":[{"@type":"ListItem","position":1,"name":"Home","item":"https:\/\/bearchair.eu\/it\/casa\/"},{"@type":"ListItem","position":2,"name":"Negozio","item":"https:\/\/bearchair.eu\/it\/negozio\/"},{"@type":"ListItem","position":3,"name":"Bear ChairTavolino pieghevole \u00ae"}]},{"@type":"WebSite","@id":"https:\/\/bearchair.eu\/it\/#website","url":"https:\/\/bearchair.eu\/it\/","name":"The Bear Chair","description":"","publisher":{"@id":"https:\/\/bearchair.eu\/it\/#organization"},"potentialAction":[{"@type":"SearchAction","target":{"@type":"EntryPoint","urlTemplate":"https:\/\/bearchair.eu\/it\/?s={search_term_string}"},"query-input":{"@type":"PropertyValueSpecification","valueRequired":true,"valueName":"search_term_string"}}],"inLanguage":"it-IT"},{"@type":"Organization","@id":"https:\/\/bearchair.eu\/it\/#organization","name":"La sedia dell'orso","url":"https:\/\/bearchair.eu\/it\/","logo":{"@type":"ImageObject","inLanguage":"it-IT","@id":"https:\/\/bearchair.eu\/it\/#\/schema\/logo\/image\/","url":"https:\/\/new.bearchair.eu\/wp-content\/uploads\/2024\/05\/BearChairIcon.png","contentUrl":"https:\/\/new.bearchair.eu\/wp-content\/uploads\/2024\/05\/BearChairIcon.png","width":512,"height":512,"caption":"La sedia dell'orso"},"image":{"@id":"https:\/\/bearchair.eu\/it\/#\/schema\/logo\/image\/"}}]}},"_links":{"self":[{"href":"https:\/\/bearchair.eu\/it\/wp-json\/wp\/v2\/product\/16885","targetHints":{"allow":["GET"]}}],"collection":[{"href":"https:\/\/bearchair.eu\/it\/wp-json\/wp\/v2\/product"}],"about":[{"href":"https:\/\/bearchair.eu\/it\/wp-json\/wp\/v2\/types\/product"}],"wp:featuredmedia":[{"embeddable":true,"href":"https:\/\/bearchair.eu\/it\/wp-json\/wp\/v2\/media\/15685"}],"wp:attachment":[{"href":"https:\/\/bearchair.eu\/it\/wp-json\/wp\/v2\/media?parent=16885"}],"wp:term":[{"taxonomy":"product_brand","embeddable":true,"href":"https:\/\/bearchair.eu\/it\/wp-json\/wp\/v2\/product_brand?post=16885"},{"taxonomy":"product_cat","embeddable":true,"href":"https:\/\/bearchair.eu\/it\/wp-json\/wp\/v2\/product_cat?post=16885"},{"taxonomy":"product_tag","embeddable":true,"href":"https:\/\/bearchair.eu\/it\/wp-json\/wp\/v2\/product_tag?post=16885"}],"curies":[{"name":"wp","href":"https:\/\/api.w.org\/{rel}","templated":true}]}}