{"id":16913,"date":"2024-05-03T10:09:29","date_gmt":"2024-05-03T10:09:29","guid":{"rendered":"https:\/\/bearchair.eu\/senza-categoria\/tavolo-da-picnic-in-cedro\/"},"modified":"2025-04-25T10:08:45","modified_gmt":"2025-04-25T10:08:45","slug":"tavolo-da-picnic-in-cedro","status":"publish","type":"product","link":"https:\/\/bearchair.eu\/it\/tavoli\/tavolo-da-picnic-in-cedro\/","title":{"rendered":"Bear ChairTavolo da picnic in cedro \u00ae"},"content":{"rendered":"<p>Leggero, robusto e durevole: il tavolo da picnic in cedro di Bear Chair\u00ae \u00e8 l&#8217;aggiunta ideale al tuo giardino! Abbinalo alle <a href=\"https:\/\/bearchair.eu\/stoelen\/cederhouten-bank-met-rugleuning\/\" target=\"_blank\" rel=\"noopener\">panchine in cedro<\/a> per completare il look. <\/p>\n<p><strong>Dimensioni:<\/strong><\/p>\n<ul>\n<li>Altezza: 70 cm<\/li>\n<li>Larghezza: 75 cm<\/li>\n<li>Lunghezza: 175 cm<\/li>\n<\/ul>\n<p><strong>Peso:<\/strong> 15 kg<\/p>\n<p><strong>Montaggio:<\/strong> Il tavolo da picnic in cedro Bear Chair\u00ae \u00e8 disponibile in due tipi di confezioni:<\/p>\n<ul>\n<li><strong>Kit:<\/strong> Riceverai tutti i materiali per assemblare il tavolo da solo. Il kit comprende le doghe, le viti, la colla e, naturalmente, le istruzioni di montaggio dettagliate. <\/li>\n<li><strong>Completamente assemblato:<\/strong> Il tavolo \u00e8 gi\u00e0 completamente assemblato. Ti viene consegnato gi\u00e0 pronto dal nostro servizio di trasporto. Nota bene: in questo caso potrebbero essere applicati costi maggiori.  <\/li>\n<\/ul>\n","protected":false},"excerpt":{"rendered":"<p>Grazie alla sua leggerezza, il tavolo da picnic \u00e8 facile da spostare. Inoltre, \u00e8 robusto e di buone dimensioni! <\/p>\n","protected":false},"featured_media":15695,"template":"","meta":[],"product_brand":[],"product_cat":[292],"product_tag":[],"class_list":{"0":"post-16913","1":"product","2":"type-product","3":"status-publish","4":"has-post-thumbnail","6":"product_cat-tavoli","8":"first","9":"instock","10":"taxable","11":"shipping-taxable","12":"purchasable","13":"product-type-variable"},"yoast_head":"<!-- This site is optimized with the Yoast SEO plugin v27.2 - https:\/\/yoast.com\/product\/yoast-seo-wordpress\/ -->\n<title>Bear ChairTavolo da picnic in cedro \u00ae - The Bear Chair\u00ae<\/title>\n<meta name=\"description\" content=\"Acquista il tavolo da picnic di Bear Chair\u00ae. Un tavolo da giardino leggero, facile da spostare e da pulire.\" \/>\n<meta name=\"robots\" content=\"index, follow, max-snippet:-1, max-image-preview:large, max-video-preview:-1\" \/>\n<link rel=\"canonical\" href=\"https:\/\/bearchair.eu\/it\/tavoli\/tavolo-da-picnic-in-cedro\/\" \/>\n<meta property=\"og:locale\" content=\"it_IT\" \/>\n<meta property=\"og:type\" content=\"article\" \/>\n<meta property=\"og:title\" content=\"Bear ChairTavolo da picnic in cedro \u00ae - The Bear Chair\u00ae\" \/>\n<meta property=\"og:description\" content=\"Acquista il tavolo da picnic di Bear Chair\u00ae. Un tavolo da giardino leggero, facile da spostare e da pulire.\" \/>\n<meta property=\"og:url\" content=\"https:\/\/bearchair.eu\/it\/tavoli\/tavolo-da-picnic-in-cedro\/\" \/>\n<meta property=\"og:site_name\" content=\"The Bear Chair\u00ae\" \/>\n<meta property=\"article:modified_time\" content=\"2025-04-25T10:08:45+00:00\" \/>\n<meta property=\"og:image\" content=\"https:\/\/bearchair.eu\/wp-content\/uploads\/2024\/05\/Untitled-design-17.png\" \/>\n\t<meta property=\"og:image:width\" content=\"720\" \/>\n\t<meta property=\"og:image:height\" content=\"960\" \/>\n\t<meta property=\"og:image:type\" content=\"image\/png\" \/>\n<meta name=\"twitter:card\" content=\"summary_large_image\" \/>\n<meta name=\"twitter:label1\" content=\"Tempo di lettura stimato\" \/>\n\t<meta name=\"twitter:data1\" content=\"1 minuto\" \/>\n<script type=\"application\/ld+json\" class=\"yoast-schema-graph\">{\"@context\":\"https:\/\/schema.org\",\"@graph\":[{\"@type\":\"WebPage\",\"@id\":\"https:\/\/bearchair.eu\/it\/tavoli\/tavolo-da-picnic-in-cedro\/\",\"url\":\"https:\/\/bearchair.eu\/it\/tavoli\/tavolo-da-picnic-in-cedro\/\",\"name\":\"Bear ChairTavolo da picnic in cedro \u00ae - The Bear Chair\u00ae\",\"isPartOf\":{\"@id\":\"https:\/\/bearchair.eu\/it\/#website\"},\"primaryImageOfPage\":{\"@id\":\"https:\/\/bearchair.eu\/it\/tavoli\/tavolo-da-picnic-in-cedro\/#primaryimage\"},\"image\":{\"@id\":\"https:\/\/bearchair.eu\/it\/tavoli\/tavolo-da-picnic-in-cedro\/#primaryimage\"},\"thumbnailUrl\":\"https:\/\/bearchair.eu\/wp-content\/uploads\/2024\/05\/Untitled-design-17.png\",\"datePublished\":\"2024-05-03T10:09:29+00:00\",\"dateModified\":\"2025-04-25T10:08:45+00:00\",\"description\":\"Acquista il tavolo da picnic di Bear Chair\u00ae. Un tavolo da giardino leggero, facile da spostare e da pulire.\",\"breadcrumb\":{\"@id\":\"https:\/\/bearchair.eu\/it\/tavoli\/tavolo-da-picnic-in-cedro\/#breadcrumb\"},\"inLanguage\":\"it-IT\",\"potentialAction\":[{\"@type\":\"ReadAction\",\"target\":[\"https:\/\/bearchair.eu\/it\/tavoli\/tavolo-da-picnic-in-cedro\/\"]}]},{\"@type\":\"ImageObject\",\"inLanguage\":\"it-IT\",\"@id\":\"https:\/\/bearchair.eu\/it\/tavoli\/tavolo-da-picnic-in-cedro\/#primaryimage\",\"url\":\"https:\/\/bearchair.eu\/wp-content\/uploads\/2024\/05\/Untitled-design-17.png\",\"contentUrl\":\"https:\/\/bearchair.eu\/wp-content\/uploads\/2024\/05\/Untitled-design-17.png\",\"width\":720,\"height\":960},{\"@type\":\"BreadcrumbList\",\"@id\":\"https:\/\/bearchair.eu\/it\/tavoli\/tavolo-da-picnic-in-cedro\/#breadcrumb\",\"itemListElement\":[{\"@type\":\"ListItem\",\"position\":1,\"name\":\"Casa\",\"item\":\"https:\/\/bearchair.eu\/it\/casa\/\"},{\"@type\":\"ListItem\",\"position\":2,\"name\":\"Negozio\",\"item\":\"https:\/\/bearchair.eu\/it\/negozio\/\"},{\"@type\":\"ListItem\",\"position\":3,\"name\":\"Bear ChairTavolo da picnic in cedro \u00ae\"}]},{\"@type\":\"WebSite\",\"@id\":\"https:\/\/bearchair.eu\/it\/#website\",\"url\":\"https:\/\/bearchair.eu\/it\/\",\"name\":\"The Bear Chair\",\"description\":\"\",\"publisher\":{\"@id\":\"https:\/\/bearchair.eu\/it\/#organization\"},\"potentialAction\":[{\"@type\":\"SearchAction\",\"target\":{\"@type\":\"EntryPoint\",\"urlTemplate\":\"https:\/\/bearchair.eu\/it\/?s={search_term_string}\"},\"query-input\":{\"@type\":\"PropertyValueSpecification\",\"valueRequired\":true,\"valueName\":\"search_term_string\"}}],\"inLanguage\":\"it-IT\"},{\"@type\":\"Organization\",\"@id\":\"https:\/\/bearchair.eu\/it\/#organization\",\"name\":\"La sedia dell'orso\",\"url\":\"https:\/\/bearchair.eu\/it\/\",\"logo\":{\"@type\":\"ImageObject\",\"inLanguage\":\"it-IT\",\"@id\":\"https:\/\/bearchair.eu\/it\/#\/schema\/logo\/image\/\",\"url\":\"https:\/\/new.bearchair.eu\/wp-content\/uploads\/2024\/05\/BearChairIcon.png\",\"contentUrl\":\"https:\/\/new.bearchair.eu\/wp-content\/uploads\/2024\/05\/BearChairIcon.png\",\"width\":512,\"height\":512,\"caption\":\"La sedia dell'orso\"},\"image\":{\"@id\":\"https:\/\/bearchair.eu\/it\/#\/schema\/logo\/image\/\"}}]}<\/script>\n<!-- \/ Yoast SEO plugin. -->","yoast_head_json":{"title":"Bear ChairTavolo da picnic in cedro \u00ae - The Bear Chair\u00ae","description":"Acquista il tavolo da picnic di Bear Chair\u00ae. Un tavolo da giardino leggero, facile da spostare e da pulire.","robots":{"index":"index","follow":"follow","max-snippet":"max-snippet:-1","max-image-preview":"max-image-preview:large","max-video-preview":"max-video-preview:-1"},"canonical":"https:\/\/bearchair.eu\/it\/tavoli\/tavolo-da-picnic-in-cedro\/","og_locale":"it_IT","og_type":"article","og_title":"Bear ChairTavolo da picnic in cedro \u00ae - The Bear Chair\u00ae","og_description":"Acquista il tavolo da picnic di Bear Chair\u00ae. Un tavolo da giardino leggero, facile da spostare e da pulire.","og_url":"https:\/\/bearchair.eu\/it\/tavoli\/tavolo-da-picnic-in-cedro\/","og_site_name":"The Bear Chair\u00ae","article_modified_time":"2025-04-25T10:08:45+00:00","og_image":[{"width":720,"height":960,"url":"https:\/\/bearchair.eu\/wp-content\/uploads\/2024\/05\/Untitled-design-17.png","type":"image\/png"}],"twitter_card":"summary_large_image","twitter_misc":{"Tempo di lettura stimato":"1 minuto"},"schema":{"@context":"https:\/\/schema.org","@graph":[{"@type":"WebPage","@id":"https:\/\/bearchair.eu\/it\/tavoli\/tavolo-da-picnic-in-cedro\/","url":"https:\/\/bearchair.eu\/it\/tavoli\/tavolo-da-picnic-in-cedro\/","name":"Bear ChairTavolo da picnic in cedro \u00ae - The Bear Chair\u00ae","isPartOf":{"@id":"https:\/\/bearchair.eu\/it\/#website"},"primaryImageOfPage":{"@id":"https:\/\/bearchair.eu\/it\/tavoli\/tavolo-da-picnic-in-cedro\/#primaryimage"},"image":{"@id":"https:\/\/bearchair.eu\/it\/tavoli\/tavolo-da-picnic-in-cedro\/#primaryimage"},"thumbnailUrl":"https:\/\/bearchair.eu\/wp-content\/uploads\/2024\/05\/Untitled-design-17.png","datePublished":"2024-05-03T10:09:29+00:00","dateModified":"2025-04-25T10:08:45+00:00","description":"Acquista il tavolo da picnic di Bear Chair\u00ae. Un tavolo da giardino leggero, facile da spostare e da pulire.","breadcrumb":{"@id":"https:\/\/bearchair.eu\/it\/tavoli\/tavolo-da-picnic-in-cedro\/#breadcrumb"},"inLanguage":"it-IT","potentialAction":[{"@type":"ReadAction","target":["https:\/\/bearchair.eu\/it\/tavoli\/tavolo-da-picnic-in-cedro\/"]}]},{"@type":"ImageObject","inLanguage":"it-IT","@id":"https:\/\/bearchair.eu\/it\/tavoli\/tavolo-da-picnic-in-cedro\/#primaryimage","url":"https:\/\/bearchair.eu\/wp-content\/uploads\/2024\/05\/Untitled-design-17.png","contentUrl":"https:\/\/bearchair.eu\/wp-content\/uploads\/2024\/05\/Untitled-design-17.png","width":720,"height":960},{"@type":"BreadcrumbList","@id":"https:\/\/bearchair.eu\/it\/tavoli\/tavolo-da-picnic-in-cedro\/#breadcrumb","itemListElement":[{"@type":"ListItem","position":1,"name":"Casa","item":"https:\/\/bearchair.eu\/it\/casa\/"},{"@type":"ListItem","position":2,"name":"Negozio","item":"https:\/\/bearchair.eu\/it\/negozio\/"},{"@type":"ListItem","position":3,"name":"Bear ChairTavolo da picnic in cedro \u00ae"}]},{"@type":"WebSite","@id":"https:\/\/bearchair.eu\/it\/#website","url":"https:\/\/bearchair.eu\/it\/","name":"The Bear Chair","description":"","publisher":{"@id":"https:\/\/bearchair.eu\/it\/#organization"},"potentialAction":[{"@type":"SearchAction","target":{"@type":"EntryPoint","urlTemplate":"https:\/\/bearchair.eu\/it\/?s={search_term_string}"},"query-input":{"@type":"PropertyValueSpecification","valueRequired":true,"valueName":"search_term_string"}}],"inLanguage":"it-IT"},{"@type":"Organization","@id":"https:\/\/bearchair.eu\/it\/#organization","name":"La sedia dell'orso","url":"https:\/\/bearchair.eu\/it\/","logo":{"@type":"ImageObject","inLanguage":"it-IT","@id":"https:\/\/bearchair.eu\/it\/#\/schema\/logo\/image\/","url":"https:\/\/new.bearchair.eu\/wp-content\/uploads\/2024\/05\/BearChairIcon.png","contentUrl":"https:\/\/new.bearchair.eu\/wp-content\/uploads\/2024\/05\/BearChairIcon.png","width":512,"height":512,"caption":"La sedia dell'orso"},"image":{"@id":"https:\/\/bearchair.eu\/it\/#\/schema\/logo\/image\/"}}]}},"_links":{"self":[{"href":"https:\/\/bearchair.eu\/it\/wp-json\/wp\/v2\/product\/16913","targetHints":{"allow":["GET"]}}],"collection":[{"href":"https:\/\/bearchair.eu\/it\/wp-json\/wp\/v2\/product"}],"about":[{"href":"https:\/\/bearchair.eu\/it\/wp-json\/wp\/v2\/types\/product"}],"wp:featuredmedia":[{"embeddable":true,"href":"https:\/\/bearchair.eu\/it\/wp-json\/wp\/v2\/media\/15695"}],"wp:attachment":[{"href":"https:\/\/bearchair.eu\/it\/wp-json\/wp\/v2\/media?parent=16913"}],"wp:term":[{"taxonomy":"product_brand","embeddable":true,"href":"https:\/\/bearchair.eu\/it\/wp-json\/wp\/v2\/product_brand?post=16913"},{"taxonomy":"product_cat","embeddable":true,"href":"https:\/\/bearchair.eu\/it\/wp-json\/wp\/v2\/product_cat?post=16913"},{"taxonomy":"product_tag","embeddable":true,"href":"https:\/\/bearchair.eu\/it\/wp-json\/wp\/v2\/product_tag?post=16913"}],"curies":[{"name":"wp","href":"https:\/\/api.w.org\/{rel}","templated":true}]}}