{"id":16958,"date":"2023-01-16T09:22:32","date_gmt":"2023-01-16T09:22:32","guid":{"rendered":"https:\/\/bearchair.eu\/senza-categoria\/economia-bear-chair\/"},"modified":"2025-04-25T09:42:06","modified_gmt":"2025-04-25T09:42:06","slug":"economia-bear-chair","status":"publish","type":"product","link":"https:\/\/bearchair.eu\/it\/sedie\/economia-bear-chair\/","title":{"rendered":"Sedile Economy Bear Chair\u00ae"},"content":{"rendered":"<p>La sedia Economy Bear Chair\u00ae ha braccioli pi\u00f9 stretti (14 cm) rispetto all&#8217;originale Bear Chair\u00ae. Questo perch\u00e9 si tratta delle parti pi\u00f9 preziose della sedia. Ma quei pochi centimetri in meno non rendono certo la sedia meno comoda!  <\/p>\n<p><strong>Dimensioni:  <\/strong><\/p>\n<ul>\n<li>Altezza: 95 cm<\/li>\n<li>Larghezza: 78 cm<\/li>\n<li>Profondit\u00e0: 92 cm<\/li>\n<\/ul>\n<p><strong>Peso:<\/strong> circa 10 kg<\/p>\n<p><strong>Montaggio<\/strong>: La sedia \u00e8 disponibile in kit, preassemblata o completamente assemblata.<\/p>\n","protected":false},"excerpt":{"rendered":"<p>Il posto Economy Bear Chair\u00ae \u00e8 un po&#8217; pi\u00f9 economico rispetto a The Original Bear Chair\u00ae. Ci\u00f2 \u00e8 dovuto ai braccioli pi\u00f9 stretti. Ma questo non lo rende certo meno comodo!  <\/p>\n<p>&nbsp;<\/p>\n<p>&nbsp;<\/p>\n","protected":false},"featured_media":15313,"template":"","meta":[],"product_brand":[],"product_cat":[281],"product_tag":[],"class_list":{"0":"post-16958","1":"product","2":"type-product","3":"status-publish","4":"has-post-thumbnail","6":"product_cat-sedie","8":"first","9":"instock","10":"featured","11":"taxable","12":"shipping-taxable","13":"purchasable","14":"product-type-variable"},"yoast_head":"<!-- This site is optimized with the Yoast SEO plugin v27.2 - https:\/\/yoast.com\/product\/yoast-seo-wordpress\/ -->\n<title>Sedile Economy Bear Chair\u00ae - The Bear Chair\u00ae<\/title>\n<meta name=\"description\" content=\"Acquista la sedia Economy Bear Chair\u00ae. Questa sedia da giardino preassemblata offre un comfort di seduta impareggiabile combinato con ampi braccioli.\" \/>\n<meta name=\"robots\" content=\"index, follow, max-snippet:-1, max-image-preview:large, max-video-preview:-1\" \/>\n<link rel=\"canonical\" href=\"https:\/\/bearchair.eu\/it\/sedie\/economia-bear-chair\/\" \/>\n<meta property=\"og:locale\" content=\"it_IT\" \/>\n<meta property=\"og:type\" content=\"article\" \/>\n<meta property=\"og:title\" content=\"Sedile Economy Bear Chair\u00ae - The Bear Chair\u00ae\" \/>\n<meta property=\"og:description\" content=\"Acquista la sedia Economy Bear Chair\u00ae. Questa sedia da giardino preassemblata offre un comfort di seduta impareggiabile combinato con ampi braccioli.\" \/>\n<meta property=\"og:url\" content=\"https:\/\/bearchair.eu\/it\/sedie\/economia-bear-chair\/\" \/>\n<meta property=\"og:site_name\" content=\"The Bear Chair\u00ae\" \/>\n<meta property=\"article:modified_time\" content=\"2025-04-25T09:42:06+00:00\" \/>\n<meta property=\"og:image\" content=\"https:\/\/bearchair.eu\/wp-content\/uploads\/2024\/05\/BC170-FA-scaled-1.jpg\" \/>\n\t<meta property=\"og:image:width\" content=\"768\" \/>\n\t<meta property=\"og:image:height\" content=\"1024\" \/>\n\t<meta property=\"og:image:type\" content=\"image\/jpeg\" \/>\n<meta name=\"twitter:card\" content=\"summary_large_image\" \/>\n<script type=\"application\/ld+json\" class=\"yoast-schema-graph\">{\"@context\":\"https:\/\/schema.org\",\"@graph\":[{\"@type\":\"WebPage\",\"@id\":\"https:\/\/bearchair.eu\/it\/sedie\/economia-bear-chair\/\",\"url\":\"https:\/\/bearchair.eu\/it\/sedie\/economia-bear-chair\/\",\"name\":\"Sedile Economy Bear Chair\u00ae - The Bear Chair\u00ae\",\"isPartOf\":{\"@id\":\"https:\/\/bearchair.eu\/it\/#website\"},\"primaryImageOfPage\":{\"@id\":\"https:\/\/bearchair.eu\/it\/sedie\/economia-bear-chair\/#primaryimage\"},\"image\":{\"@id\":\"https:\/\/bearchair.eu\/it\/sedie\/economia-bear-chair\/#primaryimage\"},\"thumbnailUrl\":\"https:\/\/bearchair.eu\/wp-content\/uploads\/2024\/05\/BC170-FA-scaled-1.jpg\",\"datePublished\":\"2023-01-16T09:22:32+00:00\",\"dateModified\":\"2025-04-25T09:42:06+00:00\",\"description\":\"Acquista la sedia Economy Bear Chair\u00ae. Questa sedia da giardino preassemblata offre un comfort di seduta impareggiabile combinato con ampi braccioli.\",\"breadcrumb\":{\"@id\":\"https:\/\/bearchair.eu\/it\/sedie\/economia-bear-chair\/#breadcrumb\"},\"inLanguage\":\"it-IT\",\"potentialAction\":[{\"@type\":\"ReadAction\",\"target\":[\"https:\/\/bearchair.eu\/it\/sedie\/economia-bear-chair\/\"]}]},{\"@type\":\"ImageObject\",\"inLanguage\":\"it-IT\",\"@id\":\"https:\/\/bearchair.eu\/it\/sedie\/economia-bear-chair\/#primaryimage\",\"url\":\"https:\/\/bearchair.eu\/wp-content\/uploads\/2024\/05\/BC170-FA-scaled-1.jpg\",\"contentUrl\":\"https:\/\/bearchair.eu\/wp-content\/uploads\/2024\/05\/BC170-FA-scaled-1.jpg\",\"width\":768,\"height\":1024},{\"@type\":\"BreadcrumbList\",\"@id\":\"https:\/\/bearchair.eu\/it\/sedie\/economia-bear-chair\/#breadcrumb\",\"itemListElement\":[{\"@type\":\"ListItem\",\"position\":1,\"name\":\"Home\",\"item\":\"https:\/\/bearchair.eu\/it\/casa\/\"},{\"@type\":\"ListItem\",\"position\":2,\"name\":\"Negozio\",\"item\":\"https:\/\/bearchair.eu\/it\/negozio\/\"},{\"@type\":\"ListItem\",\"position\":3,\"name\":\"Sedile Economy Bear Chair\u00ae\"}]},{\"@type\":\"WebSite\",\"@id\":\"https:\/\/bearchair.eu\/it\/#website\",\"url\":\"https:\/\/bearchair.eu\/it\/\",\"name\":\"The Bear Chair\",\"description\":\"\",\"publisher\":{\"@id\":\"https:\/\/bearchair.eu\/it\/#organization\"},\"potentialAction\":[{\"@type\":\"SearchAction\",\"target\":{\"@type\":\"EntryPoint\",\"urlTemplate\":\"https:\/\/bearchair.eu\/it\/?s={search_term_string}\"},\"query-input\":{\"@type\":\"PropertyValueSpecification\",\"valueRequired\":true,\"valueName\":\"search_term_string\"}}],\"inLanguage\":\"it-IT\"},{\"@type\":\"Organization\",\"@id\":\"https:\/\/bearchair.eu\/it\/#organization\",\"name\":\"La sedia dell'orso\",\"url\":\"https:\/\/bearchair.eu\/it\/\",\"logo\":{\"@type\":\"ImageObject\",\"inLanguage\":\"it-IT\",\"@id\":\"https:\/\/bearchair.eu\/it\/#\/schema\/logo\/image\/\",\"url\":\"https:\/\/new.bearchair.eu\/wp-content\/uploads\/2024\/05\/BearChairIcon.png\",\"contentUrl\":\"https:\/\/new.bearchair.eu\/wp-content\/uploads\/2024\/05\/BearChairIcon.png\",\"width\":512,\"height\":512,\"caption\":\"La sedia dell'orso\"},\"image\":{\"@id\":\"https:\/\/bearchair.eu\/it\/#\/schema\/logo\/image\/\"}}]}<\/script>\n<!-- \/ Yoast SEO plugin. -->","yoast_head_json":{"title":"Sedile Economy Bear Chair\u00ae - The Bear Chair\u00ae","description":"Acquista la sedia Economy Bear Chair\u00ae. Questa sedia da giardino preassemblata offre un comfort di seduta impareggiabile combinato con ampi braccioli.","robots":{"index":"index","follow":"follow","max-snippet":"max-snippet:-1","max-image-preview":"max-image-preview:large","max-video-preview":"max-video-preview:-1"},"canonical":"https:\/\/bearchair.eu\/it\/sedie\/economia-bear-chair\/","og_locale":"it_IT","og_type":"article","og_title":"Sedile Economy Bear Chair\u00ae - The Bear Chair\u00ae","og_description":"Acquista la sedia Economy Bear Chair\u00ae. Questa sedia da giardino preassemblata offre un comfort di seduta impareggiabile combinato con ampi braccioli.","og_url":"https:\/\/bearchair.eu\/it\/sedie\/economia-bear-chair\/","og_site_name":"The Bear Chair\u00ae","article_modified_time":"2025-04-25T09:42:06+00:00","og_image":[{"width":768,"height":1024,"url":"https:\/\/bearchair.eu\/wp-content\/uploads\/2024\/05\/BC170-FA-scaled-1.jpg","type":"image\/jpeg"}],"twitter_card":"summary_large_image","schema":{"@context":"https:\/\/schema.org","@graph":[{"@type":"WebPage","@id":"https:\/\/bearchair.eu\/it\/sedie\/economia-bear-chair\/","url":"https:\/\/bearchair.eu\/it\/sedie\/economia-bear-chair\/","name":"Sedile Economy Bear Chair\u00ae - The Bear Chair\u00ae","isPartOf":{"@id":"https:\/\/bearchair.eu\/it\/#website"},"primaryImageOfPage":{"@id":"https:\/\/bearchair.eu\/it\/sedie\/economia-bear-chair\/#primaryimage"},"image":{"@id":"https:\/\/bearchair.eu\/it\/sedie\/economia-bear-chair\/#primaryimage"},"thumbnailUrl":"https:\/\/bearchair.eu\/wp-content\/uploads\/2024\/05\/BC170-FA-scaled-1.jpg","datePublished":"2023-01-16T09:22:32+00:00","dateModified":"2025-04-25T09:42:06+00:00","description":"Acquista la sedia Economy Bear Chair\u00ae. Questa sedia da giardino preassemblata offre un comfort di seduta impareggiabile combinato con ampi braccioli.","breadcrumb":{"@id":"https:\/\/bearchair.eu\/it\/sedie\/economia-bear-chair\/#breadcrumb"},"inLanguage":"it-IT","potentialAction":[{"@type":"ReadAction","target":["https:\/\/bearchair.eu\/it\/sedie\/economia-bear-chair\/"]}]},{"@type":"ImageObject","inLanguage":"it-IT","@id":"https:\/\/bearchair.eu\/it\/sedie\/economia-bear-chair\/#primaryimage","url":"https:\/\/bearchair.eu\/wp-content\/uploads\/2024\/05\/BC170-FA-scaled-1.jpg","contentUrl":"https:\/\/bearchair.eu\/wp-content\/uploads\/2024\/05\/BC170-FA-scaled-1.jpg","width":768,"height":1024},{"@type":"BreadcrumbList","@id":"https:\/\/bearchair.eu\/it\/sedie\/economia-bear-chair\/#breadcrumb","itemListElement":[{"@type":"ListItem","position":1,"name":"Home","item":"https:\/\/bearchair.eu\/it\/casa\/"},{"@type":"ListItem","position":2,"name":"Negozio","item":"https:\/\/bearchair.eu\/it\/negozio\/"},{"@type":"ListItem","position":3,"name":"Sedile Economy Bear Chair\u00ae"}]},{"@type":"WebSite","@id":"https:\/\/bearchair.eu\/it\/#website","url":"https:\/\/bearchair.eu\/it\/","name":"The Bear Chair","description":"","publisher":{"@id":"https:\/\/bearchair.eu\/it\/#organization"},"potentialAction":[{"@type":"SearchAction","target":{"@type":"EntryPoint","urlTemplate":"https:\/\/bearchair.eu\/it\/?s={search_term_string}"},"query-input":{"@type":"PropertyValueSpecification","valueRequired":true,"valueName":"search_term_string"}}],"inLanguage":"it-IT"},{"@type":"Organization","@id":"https:\/\/bearchair.eu\/it\/#organization","name":"La sedia dell'orso","url":"https:\/\/bearchair.eu\/it\/","logo":{"@type":"ImageObject","inLanguage":"it-IT","@id":"https:\/\/bearchair.eu\/it\/#\/schema\/logo\/image\/","url":"https:\/\/new.bearchair.eu\/wp-content\/uploads\/2024\/05\/BearChairIcon.png","contentUrl":"https:\/\/new.bearchair.eu\/wp-content\/uploads\/2024\/05\/BearChairIcon.png","width":512,"height":512,"caption":"La sedia dell'orso"},"image":{"@id":"https:\/\/bearchair.eu\/it\/#\/schema\/logo\/image\/"}}]}},"_links":{"self":[{"href":"https:\/\/bearchair.eu\/it\/wp-json\/wp\/v2\/product\/16958","targetHints":{"allow":["GET"]}}],"collection":[{"href":"https:\/\/bearchair.eu\/it\/wp-json\/wp\/v2\/product"}],"about":[{"href":"https:\/\/bearchair.eu\/it\/wp-json\/wp\/v2\/types\/product"}],"wp:featuredmedia":[{"embeddable":true,"href":"https:\/\/bearchair.eu\/it\/wp-json\/wp\/v2\/media\/15313"}],"wp:attachment":[{"href":"https:\/\/bearchair.eu\/it\/wp-json\/wp\/v2\/media?parent=16958"}],"wp:term":[{"taxonomy":"product_brand","embeddable":true,"href":"https:\/\/bearchair.eu\/it\/wp-json\/wp\/v2\/product_brand?post=16958"},{"taxonomy":"product_cat","embeddable":true,"href":"https:\/\/bearchair.eu\/it\/wp-json\/wp\/v2\/product_cat?post=16958"},{"taxonomy":"product_tag","embeddable":true,"href":"https:\/\/bearchair.eu\/it\/wp-json\/wp\/v2\/product_tag?post=16958"}],"curies":[{"name":"wp","href":"https:\/\/api.w.org\/{rel}","templated":true}]}}