{"id":17042,"date":"2018-04-06T08:28:00","date_gmt":"2018-04-06T08:28:00","guid":{"rendered":"https:\/\/bearchair.eu\/senza-categoria\/cuscino-da-giardino-di-lusso-per-sedie-a-sdraio\/"},"modified":"2025-05-01T13:01:48","modified_gmt":"2025-05-01T13:01:48","slug":"cuscino-da-giardino-di-lusso-per-sedie-a-sdraio","status":"publish","type":"product","link":"https:\/\/bearchair.eu\/it\/cuscini\/cuscino-da-giardino-di-lusso-per-sedie-a-sdraio\/","title":{"rendered":"Cuscino da giardino di lusso per sedie lounge Bear Chair\u00ae"},"content":{"rendered":"<p>Questo lussuoso cuscino da giardino di alta qualit\u00e0 \u00e8 disponibile in varie dimensioni e colori. Che tu abbia una Original Bear Chair\u00ae, una Royal Bear Chair\u00ae o una Grizzly Bear Chair\u00ae, questo cuscino ti offre un comfort di seduta ancora maggiore. Che tu sia un fan del nero, del blu o del verde: c&#8217;\u00e8 un colore per tutti.  <\/p>\n<p>I cuscini sono realizzati su misura e su ordinazione.<\/p>\n<p><strong>Dimensioni:  <\/strong><\/p>\n<p>Spessore del sedile: 3 cm<\/p>\n<p>Spessore della schiena: 2 cm<\/p>\n<p><strong>Materiale:<\/strong> Dralon (Olefi tinto in soluzione o acrilico tinto in fibra - 190gr\/m2)<\/p>\n","protected":false},"excerpt":{"rendered":"<p>Questo lussuoso cuscino da giardino \u00e8 disponibile in diversi colori e dimensioni e si adatta alla Original Bear Chair\u00ae, alla Royal Bear Chair\u00ae e alla Grizzly Bear Chair\u00ae. Il cuscino da giardino \u00e8 di alta qualit\u00e0, \u00e8 resistente ai colori e lavabile e offre un grande comfort con uno spessore di 3 cm. <\/p>\n","protected":false},"featured_media":15073,"template":"","meta":[],"product_brand":[],"product_cat":[318],"product_tag":[],"class_list":{"0":"post-17042","1":"product","2":"type-product","3":"status-publish","4":"has-post-thumbnail","6":"product_cat-cuscini","8":"first","9":"instock","10":"taxable","11":"shipping-taxable","12":"purchasable","13":"product-type-variable"},"yoast_head":"<!-- This site is optimized with the Yoast SEO plugin v27.2 - https:\/\/yoast.com\/product\/yoast-seo-wordpress\/ -->\n<title>Cuscino da giardino di lusso per sedie lounge Bear Chair\u00ae - The Bear Chair\u00ae<\/title>\n<meta name=\"description\" content=\"Acquista un cuscino di alta qualit\u00e0 per la tua Bear Chair. Un comodo cuscino di alta qualit\u00e0 per la tua sedia da giardino Bear Chair. Resistente ai colori e lavabile.\" \/>\n<meta name=\"robots\" content=\"index, follow, max-snippet:-1, max-image-preview:large, max-video-preview:-1\" \/>\n<link rel=\"canonical\" href=\"https:\/\/bearchair.eu\/it\/cuscini\/cuscino-da-giardino-di-lusso-per-sedie-a-sdraio\/\" \/>\n<meta property=\"og:locale\" content=\"it_IT\" \/>\n<meta property=\"og:type\" content=\"article\" \/>\n<meta property=\"og:title\" content=\"Cuscino da giardino di lusso per sedie lounge Bear Chair\u00ae - The Bear Chair\u00ae\" \/>\n<meta property=\"og:description\" content=\"Acquista un cuscino di alta qualit\u00e0 per la tua Bear Chair. Un comodo cuscino di alta qualit\u00e0 per la tua sedia da giardino Bear Chair. Resistente ai colori e lavabile.\" \/>\n<meta property=\"og:url\" content=\"https:\/\/bearchair.eu\/it\/cuscini\/cuscino-da-giardino-di-lusso-per-sedie-a-sdraio\/\" \/>\n<meta property=\"og:site_name\" content=\"The Bear Chair\u00ae\" \/>\n<meta property=\"article:modified_time\" content=\"2025-05-01T13:01:48+00:00\" \/>\n<meta property=\"og:image\" content=\"https:\/\/bearchair.eu\/wp-content\/uploads\/2024\/05\/Blauw-kussen-1-scaled.jpg\" \/>\n\t<meta property=\"og:image:width\" content=\"2560\" \/>\n\t<meta property=\"og:image:height\" content=\"2102\" \/>\n\t<meta property=\"og:image:type\" content=\"image\/jpeg\" \/>\n<meta name=\"twitter:card\" content=\"summary_large_image\" \/>\n<script type=\"application\/ld+json\" class=\"yoast-schema-graph\">{\"@context\":\"https:\/\/schema.org\",\"@graph\":[{\"@type\":\"WebPage\",\"@id\":\"https:\/\/bearchair.eu\/it\/cuscini\/cuscino-da-giardino-di-lusso-per-sedie-a-sdraio\/\",\"url\":\"https:\/\/bearchair.eu\/it\/cuscini\/cuscino-da-giardino-di-lusso-per-sedie-a-sdraio\/\",\"name\":\"Cuscino da giardino di lusso per sedie lounge Bear Chair\u00ae - The Bear Chair\u00ae\",\"isPartOf\":{\"@id\":\"https:\/\/bearchair.eu\/it\/#website\"},\"primaryImageOfPage\":{\"@id\":\"https:\/\/bearchair.eu\/it\/cuscini\/cuscino-da-giardino-di-lusso-per-sedie-a-sdraio\/#primaryimage\"},\"image\":{\"@id\":\"https:\/\/bearchair.eu\/it\/cuscini\/cuscino-da-giardino-di-lusso-per-sedie-a-sdraio\/#primaryimage\"},\"thumbnailUrl\":\"https:\/\/bearchair.eu\/wp-content\/uploads\/2024\/05\/Blauw-kussen-1-scaled.jpg\",\"datePublished\":\"2018-04-06T08:28:00+00:00\",\"dateModified\":\"2025-05-01T13:01:48+00:00\",\"description\":\"Acquista un cuscino di alta qualit\u00e0 per la tua Bear Chair. Un comodo cuscino di alta qualit\u00e0 per la tua sedia da giardino Bear Chair. Resistente ai colori e lavabile.\",\"breadcrumb\":{\"@id\":\"https:\/\/bearchair.eu\/it\/cuscini\/cuscino-da-giardino-di-lusso-per-sedie-a-sdraio\/#breadcrumb\"},\"inLanguage\":\"it-IT\",\"potentialAction\":[{\"@type\":\"ReadAction\",\"target\":[\"https:\/\/bearchair.eu\/it\/cuscini\/cuscino-da-giardino-di-lusso-per-sedie-a-sdraio\/\"]}]},{\"@type\":\"ImageObject\",\"inLanguage\":\"it-IT\",\"@id\":\"https:\/\/bearchair.eu\/it\/cuscini\/cuscino-da-giardino-di-lusso-per-sedie-a-sdraio\/#primaryimage\",\"url\":\"https:\/\/bearchair.eu\/wp-content\/uploads\/2024\/05\/Blauw-kussen-1-scaled.jpg\",\"contentUrl\":\"https:\/\/bearchair.eu\/wp-content\/uploads\/2024\/05\/Blauw-kussen-1-scaled.jpg\",\"width\":2560,\"height\":2102},{\"@type\":\"BreadcrumbList\",\"@id\":\"https:\/\/bearchair.eu\/it\/cuscini\/cuscino-da-giardino-di-lusso-per-sedie-a-sdraio\/#breadcrumb\",\"itemListElement\":[{\"@type\":\"ListItem\",\"position\":1,\"name\":\"Casa\",\"item\":\"https:\/\/bearchair.eu\/it\/casa\/\"},{\"@type\":\"ListItem\",\"position\":2,\"name\":\"Negozio\",\"item\":\"https:\/\/bearchair.eu\/it\/negozio\/\"},{\"@type\":\"ListItem\",\"position\":3,\"name\":\"Cuscino da giardino di lusso per sedie lounge Bear Chair\u00ae\"}]},{\"@type\":\"WebSite\",\"@id\":\"https:\/\/bearchair.eu\/it\/#website\",\"url\":\"https:\/\/bearchair.eu\/it\/\",\"name\":\"The Bear Chair\",\"description\":\"\",\"publisher\":{\"@id\":\"https:\/\/bearchair.eu\/it\/#organization\"},\"potentialAction\":[{\"@type\":\"SearchAction\",\"target\":{\"@type\":\"EntryPoint\",\"urlTemplate\":\"https:\/\/bearchair.eu\/it\/?s={search_term_string}\"},\"query-input\":{\"@type\":\"PropertyValueSpecification\",\"valueRequired\":true,\"valueName\":\"search_term_string\"}}],\"inLanguage\":\"it-IT\"},{\"@type\":\"Organization\",\"@id\":\"https:\/\/bearchair.eu\/it\/#organization\",\"name\":\"La sedia dell'orso\",\"url\":\"https:\/\/bearchair.eu\/it\/\",\"logo\":{\"@type\":\"ImageObject\",\"inLanguage\":\"it-IT\",\"@id\":\"https:\/\/bearchair.eu\/it\/#\/schema\/logo\/image\/\",\"url\":\"https:\/\/new.bearchair.eu\/wp-content\/uploads\/2024\/05\/BearChairIcon.png\",\"contentUrl\":\"https:\/\/new.bearchair.eu\/wp-content\/uploads\/2024\/05\/BearChairIcon.png\",\"width\":512,\"height\":512,\"caption\":\"La sedia dell'orso\"},\"image\":{\"@id\":\"https:\/\/bearchair.eu\/it\/#\/schema\/logo\/image\/\"}}]}<\/script>\n<!-- \/ Yoast SEO plugin. -->","yoast_head_json":{"title":"Cuscino da giardino di lusso per sedie lounge Bear Chair\u00ae - The Bear Chair\u00ae","description":"Acquista un cuscino di alta qualit\u00e0 per la tua Bear Chair. Un comodo cuscino di alta qualit\u00e0 per la tua sedia da giardino Bear Chair. Resistente ai colori e lavabile.","robots":{"index":"index","follow":"follow","max-snippet":"max-snippet:-1","max-image-preview":"max-image-preview:large","max-video-preview":"max-video-preview:-1"},"canonical":"https:\/\/bearchair.eu\/it\/cuscini\/cuscino-da-giardino-di-lusso-per-sedie-a-sdraio\/","og_locale":"it_IT","og_type":"article","og_title":"Cuscino da giardino di lusso per sedie lounge Bear Chair\u00ae - The Bear Chair\u00ae","og_description":"Acquista un cuscino di alta qualit\u00e0 per la tua Bear Chair. Un comodo cuscino di alta qualit\u00e0 per la tua sedia da giardino Bear Chair. Resistente ai colori e lavabile.","og_url":"https:\/\/bearchair.eu\/it\/cuscini\/cuscino-da-giardino-di-lusso-per-sedie-a-sdraio\/","og_site_name":"The Bear Chair\u00ae","article_modified_time":"2025-05-01T13:01:48+00:00","og_image":[{"width":2560,"height":2102,"url":"https:\/\/bearchair.eu\/wp-content\/uploads\/2024\/05\/Blauw-kussen-1-scaled.jpg","type":"image\/jpeg"}],"twitter_card":"summary_large_image","schema":{"@context":"https:\/\/schema.org","@graph":[{"@type":"WebPage","@id":"https:\/\/bearchair.eu\/it\/cuscini\/cuscino-da-giardino-di-lusso-per-sedie-a-sdraio\/","url":"https:\/\/bearchair.eu\/it\/cuscini\/cuscino-da-giardino-di-lusso-per-sedie-a-sdraio\/","name":"Cuscino da giardino di lusso per sedie lounge Bear Chair\u00ae - The Bear Chair\u00ae","isPartOf":{"@id":"https:\/\/bearchair.eu\/it\/#website"},"primaryImageOfPage":{"@id":"https:\/\/bearchair.eu\/it\/cuscini\/cuscino-da-giardino-di-lusso-per-sedie-a-sdraio\/#primaryimage"},"image":{"@id":"https:\/\/bearchair.eu\/it\/cuscini\/cuscino-da-giardino-di-lusso-per-sedie-a-sdraio\/#primaryimage"},"thumbnailUrl":"https:\/\/bearchair.eu\/wp-content\/uploads\/2024\/05\/Blauw-kussen-1-scaled.jpg","datePublished":"2018-04-06T08:28:00+00:00","dateModified":"2025-05-01T13:01:48+00:00","description":"Acquista un cuscino di alta qualit\u00e0 per la tua Bear Chair. Un comodo cuscino di alta qualit\u00e0 per la tua sedia da giardino Bear Chair. Resistente ai colori e lavabile.","breadcrumb":{"@id":"https:\/\/bearchair.eu\/it\/cuscini\/cuscino-da-giardino-di-lusso-per-sedie-a-sdraio\/#breadcrumb"},"inLanguage":"it-IT","potentialAction":[{"@type":"ReadAction","target":["https:\/\/bearchair.eu\/it\/cuscini\/cuscino-da-giardino-di-lusso-per-sedie-a-sdraio\/"]}]},{"@type":"ImageObject","inLanguage":"it-IT","@id":"https:\/\/bearchair.eu\/it\/cuscini\/cuscino-da-giardino-di-lusso-per-sedie-a-sdraio\/#primaryimage","url":"https:\/\/bearchair.eu\/wp-content\/uploads\/2024\/05\/Blauw-kussen-1-scaled.jpg","contentUrl":"https:\/\/bearchair.eu\/wp-content\/uploads\/2024\/05\/Blauw-kussen-1-scaled.jpg","width":2560,"height":2102},{"@type":"BreadcrumbList","@id":"https:\/\/bearchair.eu\/it\/cuscini\/cuscino-da-giardino-di-lusso-per-sedie-a-sdraio\/#breadcrumb","itemListElement":[{"@type":"ListItem","position":1,"name":"Casa","item":"https:\/\/bearchair.eu\/it\/casa\/"},{"@type":"ListItem","position":2,"name":"Negozio","item":"https:\/\/bearchair.eu\/it\/negozio\/"},{"@type":"ListItem","position":3,"name":"Cuscino da giardino di lusso per sedie lounge Bear Chair\u00ae"}]},{"@type":"WebSite","@id":"https:\/\/bearchair.eu\/it\/#website","url":"https:\/\/bearchair.eu\/it\/","name":"The Bear Chair","description":"","publisher":{"@id":"https:\/\/bearchair.eu\/it\/#organization"},"potentialAction":[{"@type":"SearchAction","target":{"@type":"EntryPoint","urlTemplate":"https:\/\/bearchair.eu\/it\/?s={search_term_string}"},"query-input":{"@type":"PropertyValueSpecification","valueRequired":true,"valueName":"search_term_string"}}],"inLanguage":"it-IT"},{"@type":"Organization","@id":"https:\/\/bearchair.eu\/it\/#organization","name":"La sedia dell'orso","url":"https:\/\/bearchair.eu\/it\/","logo":{"@type":"ImageObject","inLanguage":"it-IT","@id":"https:\/\/bearchair.eu\/it\/#\/schema\/logo\/image\/","url":"https:\/\/new.bearchair.eu\/wp-content\/uploads\/2024\/05\/BearChairIcon.png","contentUrl":"https:\/\/new.bearchair.eu\/wp-content\/uploads\/2024\/05\/BearChairIcon.png","width":512,"height":512,"caption":"La sedia dell'orso"},"image":{"@id":"https:\/\/bearchair.eu\/it\/#\/schema\/logo\/image\/"}}]}},"_links":{"self":[{"href":"https:\/\/bearchair.eu\/it\/wp-json\/wp\/v2\/product\/17042","targetHints":{"allow":["GET"]}}],"collection":[{"href":"https:\/\/bearchair.eu\/it\/wp-json\/wp\/v2\/product"}],"about":[{"href":"https:\/\/bearchair.eu\/it\/wp-json\/wp\/v2\/types\/product"}],"wp:featuredmedia":[{"embeddable":true,"href":"https:\/\/bearchair.eu\/it\/wp-json\/wp\/v2\/media\/15073"}],"wp:attachment":[{"href":"https:\/\/bearchair.eu\/it\/wp-json\/wp\/v2\/media?parent=17042"}],"wp:term":[{"taxonomy":"product_brand","embeddable":true,"href":"https:\/\/bearchair.eu\/it\/wp-json\/wp\/v2\/product_brand?post=17042"},{"taxonomy":"product_cat","embeddable":true,"href":"https:\/\/bearchair.eu\/it\/wp-json\/wp\/v2\/product_cat?post=17042"},{"taxonomy":"product_tag","embeddable":true,"href":"https:\/\/bearchair.eu\/it\/wp-json\/wp\/v2\/product_tag?post=17042"}],"curies":[{"name":"wp","href":"https:\/\/api.w.org\/{rel}","templated":true}]}}