{"id":17776,"date":"2018-04-06T08:27:55","date_gmt":"2018-04-06T08:27:55","guid":{"rendered":"https:\/\/bearchair.eu\/senza-categoria\/cuscino-da-giardino-di-lusso-per-sedia-da-pranzo\/"},"modified":"2025-05-01T13:05:07","modified_gmt":"2025-05-01T13:05:07","slug":"cuscino-da-giardino-di-lusso-per-sedia-da-pranzo","status":"publish","type":"product","link":"https:\/\/bearchair.eu\/it\/cuscini\/cuscino-da-giardino-di-lusso-per-sedia-da-pranzo\/","title":{"rendered":"Cuscino da giardino di lusso per sedia da tavolo Bear Chair\u00ae"},"content":{"rendered":"<p>Questo lussuoso cuscino da giardino di alta qualit\u00e0 per la sedia da tavolo Bear Chair\u00ae \u00e8 disponibile in vari colori. Che tu sia un fan del nero, del blu o del verde: c&#8217;\u00e8 un colore per tutti. Il tessuto \u00e8 resistente ai colori e alle intemperie.  <\/p>\n<p>I cuscini sono realizzati su misura e su ordinazione.<\/p>\n<p><strong>Dimensioni:  <\/strong><\/p>\n<p>Spessore del sedile: 3 cm<\/p>\n<p>Spessore della schiena: 2 cm<\/p>\n<p><strong>Materiale:<\/strong> Dralon (Olefi tinto in soluzione o acrilico tinto in fibra - 190gr\/m2)<\/p>\n","protected":false},"excerpt":{"rendered":"<p>Questo lussuoso cuscino da giardino per la sedia da tavolo Bear Chair\u00ae \u00e8 disponibile in vari colori. Il cuscino da giardino \u00e8 di ottima qualit\u00e0, \u00e8 resistente ai colori e ai lavaggi e offre un grande comfort con uno spessore di 3 cm. <\/p>\n","protected":false},"featured_media":15068,"template":"","meta":[],"product_brand":[],"product_cat":[318],"product_tag":[],"class_list":{"0":"post-17776","1":"product","2":"type-product","3":"status-publish","4":"has-post-thumbnail","6":"product_cat-cuscini","8":"first","9":"instock","10":"taxable","11":"shipping-taxable","12":"purchasable","13":"product-type-variable"},"yoast_head":"<!-- This site is optimized with the Yoast SEO plugin v27.2 - https:\/\/yoast.com\/product\/yoast-seo-wordpress\/ -->\n<title>Cuscino da giardino di lusso per sedia da tavolo Bear Chair\u00ae - The Bear Chair\u00ae<\/title>\n<meta name=\"description\" content=\"Acquista un cuscino di alta qualit\u00e0 per la tua sedia da tavolo Bear Chair\u00ae. Un comodo cuscino di alta qualit\u00e0 per la tua sedia da tavolo Bear Chair. Resistente ai colori e lavabile.\" \/>\n<meta name=\"robots\" content=\"index, follow, max-snippet:-1, max-image-preview:large, max-video-preview:-1\" \/>\n<link rel=\"canonical\" href=\"https:\/\/bearchair.eu\/it\/cuscini\/cuscino-da-giardino-di-lusso-per-sedia-da-pranzo\/\" \/>\n<meta property=\"og:locale\" content=\"it_IT\" \/>\n<meta property=\"og:type\" content=\"article\" \/>\n<meta property=\"og:title\" content=\"Cuscino da giardino di lusso per sedia da tavolo Bear Chair\u00ae - The Bear Chair\u00ae\" \/>\n<meta property=\"og:description\" content=\"Acquista un cuscino di alta qualit\u00e0 per la tua sedia da tavolo Bear Chair\u00ae. Un comodo cuscino di alta qualit\u00e0 per la tua sedia da tavolo Bear Chair. Resistente ai colori e lavabile.\" \/>\n<meta property=\"og:url\" content=\"https:\/\/bearchair.eu\/it\/cuscini\/cuscino-da-giardino-di-lusso-per-sedia-da-pranzo\/\" \/>\n<meta property=\"og:site_name\" content=\"The Bear Chair\u00ae\" \/>\n<meta property=\"article:modified_time\" content=\"2025-05-01T13:05:07+00:00\" \/>\n<meta property=\"og:image\" content=\"https:\/\/bearchair.eu\/wp-content\/uploads\/2024\/05\/eetkamer20kussen20achtergrond20blauw.jpg\" \/>\n\t<meta property=\"og:image:width\" content=\"2362\" \/>\n\t<meta property=\"og:image:height\" content=\"1939\" \/>\n\t<meta property=\"og:image:type\" content=\"image\/jpeg\" \/>\n<meta name=\"twitter:card\" content=\"summary_large_image\" \/>\n<script type=\"application\/ld+json\" class=\"yoast-schema-graph\">{\"@context\":\"https:\/\/schema.org\",\"@graph\":[{\"@type\":\"WebPage\",\"@id\":\"https:\/\/bearchair.eu\/it\/cuscini\/cuscino-da-giardino-di-lusso-per-sedia-da-pranzo\/\",\"url\":\"https:\/\/bearchair.eu\/it\/cuscini\/cuscino-da-giardino-di-lusso-per-sedia-da-pranzo\/\",\"name\":\"Cuscino da giardino di lusso per sedia da tavolo Bear Chair\u00ae - The Bear Chair\u00ae\",\"isPartOf\":{\"@id\":\"https:\/\/bearchair.eu\/it\/#website\"},\"primaryImageOfPage\":{\"@id\":\"https:\/\/bearchair.eu\/it\/cuscini\/cuscino-da-giardino-di-lusso-per-sedia-da-pranzo\/#primaryimage\"},\"image\":{\"@id\":\"https:\/\/bearchair.eu\/it\/cuscini\/cuscino-da-giardino-di-lusso-per-sedia-da-pranzo\/#primaryimage\"},\"thumbnailUrl\":\"https:\/\/bearchair.eu\/wp-content\/uploads\/2024\/05\/eetkamer20kussen20achtergrond20blauw.jpg\",\"datePublished\":\"2018-04-06T08:27:55+00:00\",\"dateModified\":\"2025-05-01T13:05:07+00:00\",\"description\":\"Acquista un cuscino di alta qualit\u00e0 per la tua sedia da tavolo Bear Chair\u00ae. Un comodo cuscino di alta qualit\u00e0 per la tua sedia da tavolo Bear Chair. Resistente ai colori e lavabile.\",\"breadcrumb\":{\"@id\":\"https:\/\/bearchair.eu\/it\/cuscini\/cuscino-da-giardino-di-lusso-per-sedia-da-pranzo\/#breadcrumb\"},\"inLanguage\":\"it-IT\",\"potentialAction\":[{\"@type\":\"ReadAction\",\"target\":[\"https:\/\/bearchair.eu\/it\/cuscini\/cuscino-da-giardino-di-lusso-per-sedia-da-pranzo\/\"]}]},{\"@type\":\"ImageObject\",\"inLanguage\":\"it-IT\",\"@id\":\"https:\/\/bearchair.eu\/it\/cuscini\/cuscino-da-giardino-di-lusso-per-sedia-da-pranzo\/#primaryimage\",\"url\":\"https:\/\/bearchair.eu\/wp-content\/uploads\/2024\/05\/eetkamer20kussen20achtergrond20blauw.jpg\",\"contentUrl\":\"https:\/\/bearchair.eu\/wp-content\/uploads\/2024\/05\/eetkamer20kussen20achtergrond20blauw.jpg\",\"width\":2362,\"height\":1939},{\"@type\":\"BreadcrumbList\",\"@id\":\"https:\/\/bearchair.eu\/it\/cuscini\/cuscino-da-giardino-di-lusso-per-sedia-da-pranzo\/#breadcrumb\",\"itemListElement\":[{\"@type\":\"ListItem\",\"position\":1,\"name\":\"Home\",\"item\":\"https:\/\/bearchair.eu\/it\/casa\/\"},{\"@type\":\"ListItem\",\"position\":2,\"name\":\"Negozio\",\"item\":\"https:\/\/bearchair.eu\/it\/negozio\/\"},{\"@type\":\"ListItem\",\"position\":3,\"name\":\"Cuscino da giardino di lusso per sedia da tavolo Bear Chair\u00ae\"}]},{\"@type\":\"WebSite\",\"@id\":\"https:\/\/bearchair.eu\/it\/#website\",\"url\":\"https:\/\/bearchair.eu\/it\/\",\"name\":\"The Bear Chair\",\"description\":\"\",\"publisher\":{\"@id\":\"https:\/\/bearchair.eu\/it\/#organization\"},\"potentialAction\":[{\"@type\":\"SearchAction\",\"target\":{\"@type\":\"EntryPoint\",\"urlTemplate\":\"https:\/\/bearchair.eu\/it\/?s={search_term_string}\"},\"query-input\":{\"@type\":\"PropertyValueSpecification\",\"valueRequired\":true,\"valueName\":\"search_term_string\"}}],\"inLanguage\":\"it-IT\"},{\"@type\":\"Organization\",\"@id\":\"https:\/\/bearchair.eu\/it\/#organization\",\"name\":\"La sedia dell'orso\",\"url\":\"https:\/\/bearchair.eu\/it\/\",\"logo\":{\"@type\":\"ImageObject\",\"inLanguage\":\"it-IT\",\"@id\":\"https:\/\/bearchair.eu\/it\/#\/schema\/logo\/image\/\",\"url\":\"https:\/\/new.bearchair.eu\/wp-content\/uploads\/2024\/05\/BearChairIcon.png\",\"contentUrl\":\"https:\/\/new.bearchair.eu\/wp-content\/uploads\/2024\/05\/BearChairIcon.png\",\"width\":512,\"height\":512,\"caption\":\"La sedia dell'orso\"},\"image\":{\"@id\":\"https:\/\/bearchair.eu\/it\/#\/schema\/logo\/image\/\"}}]}<\/script>\n<!-- \/ Yoast SEO plugin. -->","yoast_head_json":{"title":"Cuscino da giardino di lusso per sedia da tavolo Bear Chair\u00ae - The Bear Chair\u00ae","description":"Acquista un cuscino di alta qualit\u00e0 per la tua sedia da tavolo Bear Chair\u00ae. Un comodo cuscino di alta qualit\u00e0 per la tua sedia da tavolo Bear Chair. Resistente ai colori e lavabile.","robots":{"index":"index","follow":"follow","max-snippet":"max-snippet:-1","max-image-preview":"max-image-preview:large","max-video-preview":"max-video-preview:-1"},"canonical":"https:\/\/bearchair.eu\/it\/cuscini\/cuscino-da-giardino-di-lusso-per-sedia-da-pranzo\/","og_locale":"it_IT","og_type":"article","og_title":"Cuscino da giardino di lusso per sedia da tavolo Bear Chair\u00ae - The Bear Chair\u00ae","og_description":"Acquista un cuscino di alta qualit\u00e0 per la tua sedia da tavolo Bear Chair\u00ae. Un comodo cuscino di alta qualit\u00e0 per la tua sedia da tavolo Bear Chair. Resistente ai colori e lavabile.","og_url":"https:\/\/bearchair.eu\/it\/cuscini\/cuscino-da-giardino-di-lusso-per-sedia-da-pranzo\/","og_site_name":"The Bear Chair\u00ae","article_modified_time":"2025-05-01T13:05:07+00:00","og_image":[{"width":2362,"height":1939,"url":"https:\/\/bearchair.eu\/wp-content\/uploads\/2024\/05\/eetkamer20kussen20achtergrond20blauw.jpg","type":"image\/jpeg"}],"twitter_card":"summary_large_image","schema":{"@context":"https:\/\/schema.org","@graph":[{"@type":"WebPage","@id":"https:\/\/bearchair.eu\/it\/cuscini\/cuscino-da-giardino-di-lusso-per-sedia-da-pranzo\/","url":"https:\/\/bearchair.eu\/it\/cuscini\/cuscino-da-giardino-di-lusso-per-sedia-da-pranzo\/","name":"Cuscino da giardino di lusso per sedia da tavolo Bear Chair\u00ae - The Bear Chair\u00ae","isPartOf":{"@id":"https:\/\/bearchair.eu\/it\/#website"},"primaryImageOfPage":{"@id":"https:\/\/bearchair.eu\/it\/cuscini\/cuscino-da-giardino-di-lusso-per-sedia-da-pranzo\/#primaryimage"},"image":{"@id":"https:\/\/bearchair.eu\/it\/cuscini\/cuscino-da-giardino-di-lusso-per-sedia-da-pranzo\/#primaryimage"},"thumbnailUrl":"https:\/\/bearchair.eu\/wp-content\/uploads\/2024\/05\/eetkamer20kussen20achtergrond20blauw.jpg","datePublished":"2018-04-06T08:27:55+00:00","dateModified":"2025-05-01T13:05:07+00:00","description":"Acquista un cuscino di alta qualit\u00e0 per la tua sedia da tavolo Bear Chair\u00ae. Un comodo cuscino di alta qualit\u00e0 per la tua sedia da tavolo Bear Chair. Resistente ai colori e lavabile.","breadcrumb":{"@id":"https:\/\/bearchair.eu\/it\/cuscini\/cuscino-da-giardino-di-lusso-per-sedia-da-pranzo\/#breadcrumb"},"inLanguage":"it-IT","potentialAction":[{"@type":"ReadAction","target":["https:\/\/bearchair.eu\/it\/cuscini\/cuscino-da-giardino-di-lusso-per-sedia-da-pranzo\/"]}]},{"@type":"ImageObject","inLanguage":"it-IT","@id":"https:\/\/bearchair.eu\/it\/cuscini\/cuscino-da-giardino-di-lusso-per-sedia-da-pranzo\/#primaryimage","url":"https:\/\/bearchair.eu\/wp-content\/uploads\/2024\/05\/eetkamer20kussen20achtergrond20blauw.jpg","contentUrl":"https:\/\/bearchair.eu\/wp-content\/uploads\/2024\/05\/eetkamer20kussen20achtergrond20blauw.jpg","width":2362,"height":1939},{"@type":"BreadcrumbList","@id":"https:\/\/bearchair.eu\/it\/cuscini\/cuscino-da-giardino-di-lusso-per-sedia-da-pranzo\/#breadcrumb","itemListElement":[{"@type":"ListItem","position":1,"name":"Home","item":"https:\/\/bearchair.eu\/it\/casa\/"},{"@type":"ListItem","position":2,"name":"Negozio","item":"https:\/\/bearchair.eu\/it\/negozio\/"},{"@type":"ListItem","position":3,"name":"Cuscino da giardino di lusso per sedia da tavolo Bear Chair\u00ae"}]},{"@type":"WebSite","@id":"https:\/\/bearchair.eu\/it\/#website","url":"https:\/\/bearchair.eu\/it\/","name":"The Bear Chair","description":"","publisher":{"@id":"https:\/\/bearchair.eu\/it\/#organization"},"potentialAction":[{"@type":"SearchAction","target":{"@type":"EntryPoint","urlTemplate":"https:\/\/bearchair.eu\/it\/?s={search_term_string}"},"query-input":{"@type":"PropertyValueSpecification","valueRequired":true,"valueName":"search_term_string"}}],"inLanguage":"it-IT"},{"@type":"Organization","@id":"https:\/\/bearchair.eu\/it\/#organization","name":"La sedia dell'orso","url":"https:\/\/bearchair.eu\/it\/","logo":{"@type":"ImageObject","inLanguage":"it-IT","@id":"https:\/\/bearchair.eu\/it\/#\/schema\/logo\/image\/","url":"https:\/\/new.bearchair.eu\/wp-content\/uploads\/2024\/05\/BearChairIcon.png","contentUrl":"https:\/\/new.bearchair.eu\/wp-content\/uploads\/2024\/05\/BearChairIcon.png","width":512,"height":512,"caption":"La sedia dell'orso"},"image":{"@id":"https:\/\/bearchair.eu\/it\/#\/schema\/logo\/image\/"}}]}},"_links":{"self":[{"href":"https:\/\/bearchair.eu\/it\/wp-json\/wp\/v2\/product\/17776","targetHints":{"allow":["GET"]}}],"collection":[{"href":"https:\/\/bearchair.eu\/it\/wp-json\/wp\/v2\/product"}],"about":[{"href":"https:\/\/bearchair.eu\/it\/wp-json\/wp\/v2\/types\/product"}],"wp:featuredmedia":[{"embeddable":true,"href":"https:\/\/bearchair.eu\/it\/wp-json\/wp\/v2\/media\/15068"}],"wp:attachment":[{"href":"https:\/\/bearchair.eu\/it\/wp-json\/wp\/v2\/media?parent=17776"}],"wp:term":[{"taxonomy":"product_brand","embeddable":true,"href":"https:\/\/bearchair.eu\/it\/wp-json\/wp\/v2\/product_brand?post=17776"},{"taxonomy":"product_cat","embeddable":true,"href":"https:\/\/bearchair.eu\/it\/wp-json\/wp\/v2\/product_cat?post=17776"},{"taxonomy":"product_tag","embeddable":true,"href":"https:\/\/bearchair.eu\/it\/wp-json\/wp\/v2\/product_tag?post=17776"}],"curies":[{"name":"wp","href":"https:\/\/api.w.org\/{rel}","templated":true}]}}