{"id":18323,"date":"2024-05-03T10:09:46","date_gmt":"2024-05-03T10:09:46","guid":{"rendered":"https:\/\/bearchair.eu\/senza-categoria\/angolo-tete-a-tete-con-2-sgabelli\/"},"modified":"2025-05-01T12:18:15","modified_gmt":"2025-05-01T12:18:15","slug":"angolo-tete-a-tete-con-2-sgabelli","status":"publish","type":"product","link":"https:\/\/bearchair.eu\/it\/combinazioni\/angolo-tete-a-tete-con-2-sgabelli\/","title":{"rendered":"Bear Chair\u00ae angolo T\u00eate-\u00e0-t\u00eate con 2 pouf"},"content":{"rendered":"<p>Con il T\u00eate-\u00e0-t\u00eate angolare di Bear Chair\u00ae puoi sederti all&#8217;aperto in tutta comodit\u00e0. I poggiapiedi inclusi offrono ancora pi\u00f9 comfort. Hai bisogno di un drink?  <\/p>\n<p><strong>Dimensioni:<\/strong><\/p>\n<p><strong>Angolo T\u00eate-\u00e0-t\u00eate:<\/strong><\/p>\n<ul>\n<li>Altezza 93 cm<\/li>\n<li>Larghezza 185 cm<\/li>\n<li>Profondit\u00e0 95 cm<\/li>\n<\/ul>\n<p><strong>Peso:<\/strong> 25 kg<\/p>\n<p><strong>Sgabello:  <\/strong><\/p>\n<ul>\n<li>Altezza: 33 cm<\/li>\n<li>Larghezza: 46 cm<\/li>\n<li>Profondit\u00e0: 44 cm<\/li>\n<\/ul>\n<p><strong>Peso:<\/strong> 3 kg<\/p>\n<p><strong>Montaggio:<\/strong> questo set \u00e8 disponibile in tre tipi di confezioni:<\/p>\n<ul>\n<li><strong>Kit:<\/strong> Riceverai tutti i materiali per assemblare il set da solo. Il kit comprende le doghe, le viti, la colla e, ovviamente, le istruzioni di montaggio dettagliate. <\/li>\n<li><strong>Pre-assemblato:<\/strong> Il set \u00e8 gi\u00e0 parzialmente assemblato, il resto deve essere montato da soli. Tutti i materiali e le istruzioni di montaggio sono ovviamente inclusi. <\/li>\n<li><strong>Completamente assemblato:<\/strong> Il set \u00e8 gi\u00e0 completamente assemblato. Ti viene consegnato gi\u00e0 pronto con il nostro servizio di trasporto. Nota bene: in questo caso potrebbero essere applicati costi maggiori.  <\/li>\n<\/ul>\n","protected":false},"excerpt":{"rendered":"<p>Il T\u00eate-\u00e0-t\u00eate angolare Bear Chair\u00ae \u00e8 perfetto per stare insieme all&#8217;aperto. I poggiapiedi inclusi garantiscono un comfort ancora maggiore! <\/p>\n","protected":false},"featured_media":15623,"template":"","meta":[],"product_brand":[],"product_cat":[286],"product_tag":[],"class_list":{"0":"post-18323","1":"product","2":"type-product","3":"status-publish","4":"has-post-thumbnail","6":"product_cat-combinazioni","8":"first","9":"instock","10":"sale","11":"taxable","12":"shipping-taxable","13":"purchasable","14":"product-type-variable"},"yoast_head":"<!-- This site is optimized with the Yoast SEO plugin v27.2 - https:\/\/yoast.com\/product\/yoast-seo-wordpress\/ -->\n<title>Bear Chair\u00ae angolo T\u00eate-\u00e0-t\u00eate con 2 pouf - The Bear Chair\u00ae<\/title>\n<meta name=\"description\" content=\"Acquista il T\u00eate-\u00e0-t\u00eate Bear Chair\u00ae con 2x poggiapiedi. Il divertimento \u00e8 migliore in coppia, preferibilmente in t\u00eate-\u00e0-t\u00eate.\" \/>\n<meta name=\"robots\" content=\"index, follow, max-snippet:-1, max-image-preview:large, max-video-preview:-1\" \/>\n<link rel=\"canonical\" href=\"https:\/\/bearchair.eu\/it\/combinazioni\/angolo-tete-a-tete-con-2-sgabelli\/\" \/>\n<meta property=\"og:locale\" content=\"it_IT\" \/>\n<meta property=\"og:type\" content=\"article\" \/>\n<meta property=\"og:title\" content=\"Bear Chair\u00ae angolo T\u00eate-\u00e0-t\u00eate con 2 pouf - The Bear Chair\u00ae\" \/>\n<meta property=\"og:description\" content=\"Acquista il T\u00eate-\u00e0-t\u00eate Bear Chair\u00ae con 2x poggiapiedi. Il divertimento \u00e8 migliore in coppia, preferibilmente in t\u00eate-\u00e0-t\u00eate.\" \/>\n<meta property=\"og:url\" content=\"https:\/\/bearchair.eu\/it\/combinazioni\/angolo-tete-a-tete-con-2-sgabelli\/\" \/>\n<meta property=\"og:site_name\" content=\"The Bear Chair\u00ae\" \/>\n<meta property=\"article:modified_time\" content=\"2025-05-01T12:18:15+00:00\" \/>\n<meta property=\"og:image\" content=\"https:\/\/bearchair.eu\/wp-content\/uploads\/2024\/05\/Untitled-design-8.png\" \/>\n\t<meta property=\"og:image:width\" content=\"720\" \/>\n\t<meta property=\"og:image:height\" content=\"960\" \/>\n\t<meta property=\"og:image:type\" content=\"image\/png\" \/>\n<meta name=\"twitter:card\" content=\"summary_large_image\" \/>\n<meta name=\"twitter:label1\" content=\"Tempo di lettura stimato\" \/>\n\t<meta name=\"twitter:data1\" content=\"1 minuto\" \/>\n<script type=\"application\/ld+json\" class=\"yoast-schema-graph\">{\"@context\":\"https:\/\/schema.org\",\"@graph\":[{\"@type\":\"WebPage\",\"@id\":\"https:\/\/bearchair.eu\/it\/combinazioni\/angolo-tete-a-tete-con-2-sgabelli\/\",\"url\":\"https:\/\/bearchair.eu\/it\/combinazioni\/angolo-tete-a-tete-con-2-sgabelli\/\",\"name\":\"Bear Chair\u00ae angolo T\u00eate-\u00e0-t\u00eate con 2 pouf - The Bear Chair\u00ae\",\"isPartOf\":{\"@id\":\"https:\/\/bearchair.eu\/it\/#website\"},\"primaryImageOfPage\":{\"@id\":\"https:\/\/bearchair.eu\/it\/combinazioni\/angolo-tete-a-tete-con-2-sgabelli\/#primaryimage\"},\"image\":{\"@id\":\"https:\/\/bearchair.eu\/it\/combinazioni\/angolo-tete-a-tete-con-2-sgabelli\/#primaryimage\"},\"thumbnailUrl\":\"https:\/\/bearchair.eu\/wp-content\/uploads\/2024\/05\/Untitled-design-8.png\",\"datePublished\":\"2024-05-03T10:09:46+00:00\",\"dateModified\":\"2025-05-01T12:18:15+00:00\",\"description\":\"Acquista il T\u00eate-\u00e0-t\u00eate Bear Chair\u00ae con 2x poggiapiedi. Il divertimento \u00e8 migliore in coppia, preferibilmente in t\u00eate-\u00e0-t\u00eate.\",\"breadcrumb\":{\"@id\":\"https:\/\/bearchair.eu\/it\/combinazioni\/angolo-tete-a-tete-con-2-sgabelli\/#breadcrumb\"},\"inLanguage\":\"it-IT\",\"potentialAction\":[{\"@type\":\"ReadAction\",\"target\":[\"https:\/\/bearchair.eu\/it\/combinazioni\/angolo-tete-a-tete-con-2-sgabelli\/\"]}]},{\"@type\":\"ImageObject\",\"inLanguage\":\"it-IT\",\"@id\":\"https:\/\/bearchair.eu\/it\/combinazioni\/angolo-tete-a-tete-con-2-sgabelli\/#primaryimage\",\"url\":\"https:\/\/bearchair.eu\/wp-content\/uploads\/2024\/05\/Untitled-design-8.png\",\"contentUrl\":\"https:\/\/bearchair.eu\/wp-content\/uploads\/2024\/05\/Untitled-design-8.png\",\"width\":720,\"height\":960},{\"@type\":\"BreadcrumbList\",\"@id\":\"https:\/\/bearchair.eu\/it\/combinazioni\/angolo-tete-a-tete-con-2-sgabelli\/#breadcrumb\",\"itemListElement\":[{\"@type\":\"ListItem\",\"position\":1,\"name\":\"Home\",\"item\":\"https:\/\/bearchair.eu\/it\/casa\/\"},{\"@type\":\"ListItem\",\"position\":2,\"name\":\"Negozio\",\"item\":\"https:\/\/bearchair.eu\/it\/negozio\/\"},{\"@type\":\"ListItem\",\"position\":3,\"name\":\"Bear Chair\u00ae angolo T\u00eate-\u00e0-t\u00eate con 2 pouf\"}]},{\"@type\":\"WebSite\",\"@id\":\"https:\/\/bearchair.eu\/it\/#website\",\"url\":\"https:\/\/bearchair.eu\/it\/\",\"name\":\"The Bear Chair\",\"description\":\"\",\"publisher\":{\"@id\":\"https:\/\/bearchair.eu\/it\/#organization\"},\"potentialAction\":[{\"@type\":\"SearchAction\",\"target\":{\"@type\":\"EntryPoint\",\"urlTemplate\":\"https:\/\/bearchair.eu\/it\/?s={search_term_string}\"},\"query-input\":{\"@type\":\"PropertyValueSpecification\",\"valueRequired\":true,\"valueName\":\"search_term_string\"}}],\"inLanguage\":\"it-IT\"},{\"@type\":\"Organization\",\"@id\":\"https:\/\/bearchair.eu\/it\/#organization\",\"name\":\"La sedia dell'orso\",\"url\":\"https:\/\/bearchair.eu\/it\/\",\"logo\":{\"@type\":\"ImageObject\",\"inLanguage\":\"it-IT\",\"@id\":\"https:\/\/bearchair.eu\/it\/#\/schema\/logo\/image\/\",\"url\":\"https:\/\/new.bearchair.eu\/wp-content\/uploads\/2024\/05\/BearChairIcon.png\",\"contentUrl\":\"https:\/\/new.bearchair.eu\/wp-content\/uploads\/2024\/05\/BearChairIcon.png\",\"width\":512,\"height\":512,\"caption\":\"La sedia dell'orso\"},\"image\":{\"@id\":\"https:\/\/bearchair.eu\/it\/#\/schema\/logo\/image\/\"}}]}<\/script>\n<!-- \/ Yoast SEO plugin. -->","yoast_head_json":{"title":"Bear Chair\u00ae angolo T\u00eate-\u00e0-t\u00eate con 2 pouf - The Bear Chair\u00ae","description":"Acquista il T\u00eate-\u00e0-t\u00eate Bear Chair\u00ae con 2x poggiapiedi. Il divertimento \u00e8 migliore in coppia, preferibilmente in t\u00eate-\u00e0-t\u00eate.","robots":{"index":"index","follow":"follow","max-snippet":"max-snippet:-1","max-image-preview":"max-image-preview:large","max-video-preview":"max-video-preview:-1"},"canonical":"https:\/\/bearchair.eu\/it\/combinazioni\/angolo-tete-a-tete-con-2-sgabelli\/","og_locale":"it_IT","og_type":"article","og_title":"Bear Chair\u00ae angolo T\u00eate-\u00e0-t\u00eate con 2 pouf - The Bear Chair\u00ae","og_description":"Acquista il T\u00eate-\u00e0-t\u00eate Bear Chair\u00ae con 2x poggiapiedi. Il divertimento \u00e8 migliore in coppia, preferibilmente in t\u00eate-\u00e0-t\u00eate.","og_url":"https:\/\/bearchair.eu\/it\/combinazioni\/angolo-tete-a-tete-con-2-sgabelli\/","og_site_name":"The Bear Chair\u00ae","article_modified_time":"2025-05-01T12:18:15+00:00","og_image":[{"width":720,"height":960,"url":"https:\/\/bearchair.eu\/wp-content\/uploads\/2024\/05\/Untitled-design-8.png","type":"image\/png"}],"twitter_card":"summary_large_image","twitter_misc":{"Tempo di lettura stimato":"1 minuto"},"schema":{"@context":"https:\/\/schema.org","@graph":[{"@type":"WebPage","@id":"https:\/\/bearchair.eu\/it\/combinazioni\/angolo-tete-a-tete-con-2-sgabelli\/","url":"https:\/\/bearchair.eu\/it\/combinazioni\/angolo-tete-a-tete-con-2-sgabelli\/","name":"Bear Chair\u00ae angolo T\u00eate-\u00e0-t\u00eate con 2 pouf - The Bear Chair\u00ae","isPartOf":{"@id":"https:\/\/bearchair.eu\/it\/#website"},"primaryImageOfPage":{"@id":"https:\/\/bearchair.eu\/it\/combinazioni\/angolo-tete-a-tete-con-2-sgabelli\/#primaryimage"},"image":{"@id":"https:\/\/bearchair.eu\/it\/combinazioni\/angolo-tete-a-tete-con-2-sgabelli\/#primaryimage"},"thumbnailUrl":"https:\/\/bearchair.eu\/wp-content\/uploads\/2024\/05\/Untitled-design-8.png","datePublished":"2024-05-03T10:09:46+00:00","dateModified":"2025-05-01T12:18:15+00:00","description":"Acquista il T\u00eate-\u00e0-t\u00eate Bear Chair\u00ae con 2x poggiapiedi. Il divertimento \u00e8 migliore in coppia, preferibilmente in t\u00eate-\u00e0-t\u00eate.","breadcrumb":{"@id":"https:\/\/bearchair.eu\/it\/combinazioni\/angolo-tete-a-tete-con-2-sgabelli\/#breadcrumb"},"inLanguage":"it-IT","potentialAction":[{"@type":"ReadAction","target":["https:\/\/bearchair.eu\/it\/combinazioni\/angolo-tete-a-tete-con-2-sgabelli\/"]}]},{"@type":"ImageObject","inLanguage":"it-IT","@id":"https:\/\/bearchair.eu\/it\/combinazioni\/angolo-tete-a-tete-con-2-sgabelli\/#primaryimage","url":"https:\/\/bearchair.eu\/wp-content\/uploads\/2024\/05\/Untitled-design-8.png","contentUrl":"https:\/\/bearchair.eu\/wp-content\/uploads\/2024\/05\/Untitled-design-8.png","width":720,"height":960},{"@type":"BreadcrumbList","@id":"https:\/\/bearchair.eu\/it\/combinazioni\/angolo-tete-a-tete-con-2-sgabelli\/#breadcrumb","itemListElement":[{"@type":"ListItem","position":1,"name":"Home","item":"https:\/\/bearchair.eu\/it\/casa\/"},{"@type":"ListItem","position":2,"name":"Negozio","item":"https:\/\/bearchair.eu\/it\/negozio\/"},{"@type":"ListItem","position":3,"name":"Bear Chair\u00ae angolo T\u00eate-\u00e0-t\u00eate con 2 pouf"}]},{"@type":"WebSite","@id":"https:\/\/bearchair.eu\/it\/#website","url":"https:\/\/bearchair.eu\/it\/","name":"The Bear Chair","description":"","publisher":{"@id":"https:\/\/bearchair.eu\/it\/#organization"},"potentialAction":[{"@type":"SearchAction","target":{"@type":"EntryPoint","urlTemplate":"https:\/\/bearchair.eu\/it\/?s={search_term_string}"},"query-input":{"@type":"PropertyValueSpecification","valueRequired":true,"valueName":"search_term_string"}}],"inLanguage":"it-IT"},{"@type":"Organization","@id":"https:\/\/bearchair.eu\/it\/#organization","name":"La sedia dell'orso","url":"https:\/\/bearchair.eu\/it\/","logo":{"@type":"ImageObject","inLanguage":"it-IT","@id":"https:\/\/bearchair.eu\/it\/#\/schema\/logo\/image\/","url":"https:\/\/new.bearchair.eu\/wp-content\/uploads\/2024\/05\/BearChairIcon.png","contentUrl":"https:\/\/new.bearchair.eu\/wp-content\/uploads\/2024\/05\/BearChairIcon.png","width":512,"height":512,"caption":"La sedia dell'orso"},"image":{"@id":"https:\/\/bearchair.eu\/it\/#\/schema\/logo\/image\/"}}]}},"_links":{"self":[{"href":"https:\/\/bearchair.eu\/it\/wp-json\/wp\/v2\/product\/18323","targetHints":{"allow":["GET"]}}],"collection":[{"href":"https:\/\/bearchair.eu\/it\/wp-json\/wp\/v2\/product"}],"about":[{"href":"https:\/\/bearchair.eu\/it\/wp-json\/wp\/v2\/types\/product"}],"wp:featuredmedia":[{"embeddable":true,"href":"https:\/\/bearchair.eu\/it\/wp-json\/wp\/v2\/media\/15623"}],"wp:attachment":[{"href":"https:\/\/bearchair.eu\/it\/wp-json\/wp\/v2\/media?parent=18323"}],"wp:term":[{"taxonomy":"product_brand","embeddable":true,"href":"https:\/\/bearchair.eu\/it\/wp-json\/wp\/v2\/product_brand?post=18323"},{"taxonomy":"product_cat","embeddable":true,"href":"https:\/\/bearchair.eu\/it\/wp-json\/wp\/v2\/product_cat?post=18323"},{"taxonomy":"product_tag","embeddable":true,"href":"https:\/\/bearchair.eu\/it\/wp-json\/wp\/v2\/product_tag?post=18323"}],"curies":[{"name":"wp","href":"https:\/\/api.w.org\/{rel}","templated":true}]}}