{"id":18459,"date":"2024-10-16T10:15:30","date_gmt":"2024-10-16T10:15:30","guid":{"rendered":"https:\/\/bearchair.eu\/senza-categoria\/bear-chair-regolabile-con-poggiapiedi\/"},"modified":"2025-05-01T12:31:31","modified_gmt":"2025-05-01T12:31:31","slug":"bear-chair-regolabile-con-poggiapiedi","status":"publish","type":"product","link":"https:\/\/bearchair.eu\/it\/combinazioni\/bear-chair-regolabile-con-poggiapiedi\/","title":{"rendered":"Sedia regolabile Bear Chair\u00ae con poggiapiedi"},"content":{"rendered":"<p>La poltrona regolabile Bear Chair\u00ae ti garantisce sempre l&#8217;angolo di seduta migliore: sia che tu voglia leggere un libro in piedi, sia che tu voglia sonnecchiare nel comfort del tuo divano. Appoggia i piedi sullo sgabello incluso per un relax assoluto. Il set \u00e8 realizzato in legno di cedro di alta qualit\u00e0, che non solo \u00e8 bello da vedere ma \u00e8 anche molto robusto e durevole.  <\/p>\n<p><strong>Dimensioni:<\/strong><\/p>\n<p><strong>Sedia regolabile Bear Chair\u00ae:  <\/strong><\/p>\n<ul>\n<li>Altezza: 93 cm<\/li>\n<li>Larghezza: 80 cm<\/li>\n<li>Profondit\u00e0: 90 cm<\/li>\n<\/ul>\n<p><strong>Peso:<\/strong> 12 kg<\/p>\n<p><strong>Sgabello:  <\/strong><\/p>\n<ul>\n<li>Altezza: 33 cm<\/li>\n<li>Larghezza: 46 cm<\/li>\n<li>Profondit\u00e0: 44 cm<\/li>\n<\/ul>\n<p><strong>Peso:<\/strong> 3 kg<\/p>\n<p><strong>Montaggio: <\/strong>questo set \u00e8 disponibile in due tipi di confezioni:<\/p>\n<ul>\n<li><strong>Preassemblata:<\/strong> Ricevi una sedia il cui schienale e seduta sono gi\u00e0 assemblati. Le altre parti della sedia e il pouf sono facili da assemblare. La confezione include le doghe, le viti, la colla e, naturalmente, le istruzioni di montaggio dettagliate.  <\/li>\n<li><strong>Completamente assemblato:<\/strong> La sedia e il pouf sono gi\u00e0 completamente assemblati. Ti vengono consegnati gi\u00e0 pronti dal nostro servizio di trasporto. Nota bene: in questo caso potrebbero essere applicati costi pi\u00f9 elevati.  <\/li>\n<\/ul>\n","protected":false},"excerpt":{"rendered":"<p>La sedia regolabile Bear Chair\u00ae e il poggiapiedi Bear Chair\u00ae sono la combinazione ideale. Con il suo design robusto e lo schienale regolabile, questa sedia \u00e8 ideale per rilassarsi in giardino, in terrazza o sul balcone, mentre il poggiapiedi ti permette di rilassare completamente anche le gambe e i piedi. <\/p>\n","protected":false},"featured_media":16221,"template":"","meta":[],"product_brand":[],"product_cat":[286],"product_tag":[],"class_list":{"0":"post-18459","1":"product","2":"type-product","3":"status-publish","4":"has-post-thumbnail","6":"product_cat-combinazioni","8":"first","9":"instock","10":"sale","11":"taxable","12":"shipping-taxable","13":"purchasable","14":"product-type-variable"},"yoast_head":"<!-- This site is optimized with the Yoast SEO plugin v27.2 - https:\/\/yoast.com\/product\/yoast-seo-wordpress\/ -->\n<title>Sedia regolabile Bear Chair\u00ae con poggiapiedi - The Bear Chair\u00ae<\/title>\n<meta name=\"description\" content=\"Acquista la sedia regolabile Bear Chair\u00ae con poggiapiedi. Design robusto e schienale regolabile. Ideale per rilassarsi in giardino, in terrazza o sul balcone.\" \/>\n<meta name=\"robots\" content=\"index, follow, max-snippet:-1, max-image-preview:large, max-video-preview:-1\" \/>\n<link rel=\"canonical\" href=\"https:\/\/bearchair.eu\/it\/combinazioni\/bear-chair-regolabile-con-poggiapiedi\/\" \/>\n<meta property=\"og:locale\" content=\"it_IT\" \/>\n<meta property=\"og:type\" content=\"article\" \/>\n<meta property=\"og:title\" content=\"Sedia regolabile Bear Chair\u00ae con poggiapiedi - The Bear Chair\u00ae\" \/>\n<meta property=\"og:description\" content=\"Acquista la sedia regolabile Bear Chair\u00ae con poggiapiedi. Design robusto e schienale regolabile. Ideale per rilassarsi in giardino, in terrazza o sul balcone.\" \/>\n<meta property=\"og:url\" content=\"https:\/\/bearchair.eu\/it\/combinazioni\/bear-chair-regolabile-con-poggiapiedi\/\" \/>\n<meta property=\"og:site_name\" content=\"The Bear Chair\u00ae\" \/>\n<meta property=\"article:modified_time\" content=\"2025-05-01T12:31:31+00:00\" \/>\n<meta property=\"og:image\" content=\"https:\/\/bearchair.eu\/wp-content\/uploads\/2024\/10\/BC500-BC01-ivboz-rotated.jpg\" \/>\n\t<meta property=\"og:image:width\" content=\"1734\" \/>\n\t<meta property=\"og:image:height\" content=\"2312\" \/>\n\t<meta property=\"og:image:type\" content=\"image\/jpeg\" \/>\n<meta name=\"twitter:card\" content=\"summary_large_image\" \/>\n<meta name=\"twitter:label1\" content=\"Tempo di lettura stimato\" \/>\n\t<meta name=\"twitter:data1\" content=\"1 minuto\" \/>\n<script type=\"application\/ld+json\" class=\"yoast-schema-graph\">{\"@context\":\"https:\/\/schema.org\",\"@graph\":[{\"@type\":\"WebPage\",\"@id\":\"https:\/\/bearchair.eu\/it\/combinazioni\/bear-chair-regolabile-con-poggiapiedi\/\",\"url\":\"https:\/\/bearchair.eu\/it\/combinazioni\/bear-chair-regolabile-con-poggiapiedi\/\",\"name\":\"Sedia regolabile Bear Chair\u00ae con poggiapiedi - The Bear Chair\u00ae\",\"isPartOf\":{\"@id\":\"https:\/\/bearchair.eu\/it\/#website\"},\"primaryImageOfPage\":{\"@id\":\"https:\/\/bearchair.eu\/it\/combinazioni\/bear-chair-regolabile-con-poggiapiedi\/#primaryimage\"},\"image\":{\"@id\":\"https:\/\/bearchair.eu\/it\/combinazioni\/bear-chair-regolabile-con-poggiapiedi\/#primaryimage\"},\"thumbnailUrl\":\"https:\/\/bearchair.eu\/wp-content\/uploads\/2024\/10\/BC500-BC01-ivboz-rotated.jpg\",\"datePublished\":\"2024-10-16T10:15:30+00:00\",\"dateModified\":\"2025-05-01T12:31:31+00:00\",\"description\":\"Acquista la sedia regolabile Bear Chair\u00ae con poggiapiedi. Design robusto e schienale regolabile. Ideale per rilassarsi in giardino, in terrazza o sul balcone.\",\"breadcrumb\":{\"@id\":\"https:\/\/bearchair.eu\/it\/combinazioni\/bear-chair-regolabile-con-poggiapiedi\/#breadcrumb\"},\"inLanguage\":\"it-IT\",\"potentialAction\":[{\"@type\":\"ReadAction\",\"target\":[\"https:\/\/bearchair.eu\/it\/combinazioni\/bear-chair-regolabile-con-poggiapiedi\/\"]}]},{\"@type\":\"ImageObject\",\"inLanguage\":\"it-IT\",\"@id\":\"https:\/\/bearchair.eu\/it\/combinazioni\/bear-chair-regolabile-con-poggiapiedi\/#primaryimage\",\"url\":\"https:\/\/bearchair.eu\/wp-content\/uploads\/2024\/10\/BC500-BC01-ivboz-rotated.jpg\",\"contentUrl\":\"https:\/\/bearchair.eu\/wp-content\/uploads\/2024\/10\/BC500-BC01-ivboz-rotated.jpg\",\"width\":1734,\"height\":2312},{\"@type\":\"BreadcrumbList\",\"@id\":\"https:\/\/bearchair.eu\/it\/combinazioni\/bear-chair-regolabile-con-poggiapiedi\/#breadcrumb\",\"itemListElement\":[{\"@type\":\"ListItem\",\"position\":1,\"name\":\"Casa\",\"item\":\"https:\/\/bearchair.eu\/it\/casa\/\"},{\"@type\":\"ListItem\",\"position\":2,\"name\":\"Negozio\",\"item\":\"https:\/\/bearchair.eu\/it\/negozio\/\"},{\"@type\":\"ListItem\",\"position\":3,\"name\":\"Sedia regolabile Bear Chair\u00ae con poggiapiedi\"}]},{\"@type\":\"WebSite\",\"@id\":\"https:\/\/bearchair.eu\/it\/#website\",\"url\":\"https:\/\/bearchair.eu\/it\/\",\"name\":\"The Bear Chair\",\"description\":\"\",\"publisher\":{\"@id\":\"https:\/\/bearchair.eu\/it\/#organization\"},\"potentialAction\":[{\"@type\":\"SearchAction\",\"target\":{\"@type\":\"EntryPoint\",\"urlTemplate\":\"https:\/\/bearchair.eu\/it\/?s={search_term_string}\"},\"query-input\":{\"@type\":\"PropertyValueSpecification\",\"valueRequired\":true,\"valueName\":\"search_term_string\"}}],\"inLanguage\":\"it-IT\"},{\"@type\":\"Organization\",\"@id\":\"https:\/\/bearchair.eu\/it\/#organization\",\"name\":\"La sedia dell'orso\",\"url\":\"https:\/\/bearchair.eu\/it\/\",\"logo\":{\"@type\":\"ImageObject\",\"inLanguage\":\"it-IT\",\"@id\":\"https:\/\/bearchair.eu\/it\/#\/schema\/logo\/image\/\",\"url\":\"https:\/\/new.bearchair.eu\/wp-content\/uploads\/2024\/05\/BearChairIcon.png\",\"contentUrl\":\"https:\/\/new.bearchair.eu\/wp-content\/uploads\/2024\/05\/BearChairIcon.png\",\"width\":512,\"height\":512,\"caption\":\"La sedia dell'orso\"},\"image\":{\"@id\":\"https:\/\/bearchair.eu\/it\/#\/schema\/logo\/image\/\"}}]}<\/script>\n<!-- \/ Yoast SEO plugin. -->","yoast_head_json":{"title":"Sedia regolabile Bear Chair\u00ae con poggiapiedi - The Bear Chair\u00ae","description":"Acquista la sedia regolabile Bear Chair\u00ae con poggiapiedi. Design robusto e schienale regolabile. Ideale per rilassarsi in giardino, in terrazza o sul balcone.","robots":{"index":"index","follow":"follow","max-snippet":"max-snippet:-1","max-image-preview":"max-image-preview:large","max-video-preview":"max-video-preview:-1"},"canonical":"https:\/\/bearchair.eu\/it\/combinazioni\/bear-chair-regolabile-con-poggiapiedi\/","og_locale":"it_IT","og_type":"article","og_title":"Sedia regolabile Bear Chair\u00ae con poggiapiedi - The Bear Chair\u00ae","og_description":"Acquista la sedia regolabile Bear Chair\u00ae con poggiapiedi. Design robusto e schienale regolabile. Ideale per rilassarsi in giardino, in terrazza o sul balcone.","og_url":"https:\/\/bearchair.eu\/it\/combinazioni\/bear-chair-regolabile-con-poggiapiedi\/","og_site_name":"The Bear Chair\u00ae","article_modified_time":"2025-05-01T12:31:31+00:00","og_image":[{"width":1734,"height":2312,"url":"https:\/\/bearchair.eu\/wp-content\/uploads\/2024\/10\/BC500-BC01-ivboz-rotated.jpg","type":"image\/jpeg"}],"twitter_card":"summary_large_image","twitter_misc":{"Tempo di lettura stimato":"1 minuto"},"schema":{"@context":"https:\/\/schema.org","@graph":[{"@type":"WebPage","@id":"https:\/\/bearchair.eu\/it\/combinazioni\/bear-chair-regolabile-con-poggiapiedi\/","url":"https:\/\/bearchair.eu\/it\/combinazioni\/bear-chair-regolabile-con-poggiapiedi\/","name":"Sedia regolabile Bear Chair\u00ae con poggiapiedi - The Bear Chair\u00ae","isPartOf":{"@id":"https:\/\/bearchair.eu\/it\/#website"},"primaryImageOfPage":{"@id":"https:\/\/bearchair.eu\/it\/combinazioni\/bear-chair-regolabile-con-poggiapiedi\/#primaryimage"},"image":{"@id":"https:\/\/bearchair.eu\/it\/combinazioni\/bear-chair-regolabile-con-poggiapiedi\/#primaryimage"},"thumbnailUrl":"https:\/\/bearchair.eu\/wp-content\/uploads\/2024\/10\/BC500-BC01-ivboz-rotated.jpg","datePublished":"2024-10-16T10:15:30+00:00","dateModified":"2025-05-01T12:31:31+00:00","description":"Acquista la sedia regolabile Bear Chair\u00ae con poggiapiedi. Design robusto e schienale regolabile. Ideale per rilassarsi in giardino, in terrazza o sul balcone.","breadcrumb":{"@id":"https:\/\/bearchair.eu\/it\/combinazioni\/bear-chair-regolabile-con-poggiapiedi\/#breadcrumb"},"inLanguage":"it-IT","potentialAction":[{"@type":"ReadAction","target":["https:\/\/bearchair.eu\/it\/combinazioni\/bear-chair-regolabile-con-poggiapiedi\/"]}]},{"@type":"ImageObject","inLanguage":"it-IT","@id":"https:\/\/bearchair.eu\/it\/combinazioni\/bear-chair-regolabile-con-poggiapiedi\/#primaryimage","url":"https:\/\/bearchair.eu\/wp-content\/uploads\/2024\/10\/BC500-BC01-ivboz-rotated.jpg","contentUrl":"https:\/\/bearchair.eu\/wp-content\/uploads\/2024\/10\/BC500-BC01-ivboz-rotated.jpg","width":1734,"height":2312},{"@type":"BreadcrumbList","@id":"https:\/\/bearchair.eu\/it\/combinazioni\/bear-chair-regolabile-con-poggiapiedi\/#breadcrumb","itemListElement":[{"@type":"ListItem","position":1,"name":"Casa","item":"https:\/\/bearchair.eu\/it\/casa\/"},{"@type":"ListItem","position":2,"name":"Negozio","item":"https:\/\/bearchair.eu\/it\/negozio\/"},{"@type":"ListItem","position":3,"name":"Sedia regolabile Bear Chair\u00ae con poggiapiedi"}]},{"@type":"WebSite","@id":"https:\/\/bearchair.eu\/it\/#website","url":"https:\/\/bearchair.eu\/it\/","name":"The Bear Chair","description":"","publisher":{"@id":"https:\/\/bearchair.eu\/it\/#organization"},"potentialAction":[{"@type":"SearchAction","target":{"@type":"EntryPoint","urlTemplate":"https:\/\/bearchair.eu\/it\/?s={search_term_string}"},"query-input":{"@type":"PropertyValueSpecification","valueRequired":true,"valueName":"search_term_string"}}],"inLanguage":"it-IT"},{"@type":"Organization","@id":"https:\/\/bearchair.eu\/it\/#organization","name":"La sedia dell'orso","url":"https:\/\/bearchair.eu\/it\/","logo":{"@type":"ImageObject","inLanguage":"it-IT","@id":"https:\/\/bearchair.eu\/it\/#\/schema\/logo\/image\/","url":"https:\/\/new.bearchair.eu\/wp-content\/uploads\/2024\/05\/BearChairIcon.png","contentUrl":"https:\/\/new.bearchair.eu\/wp-content\/uploads\/2024\/05\/BearChairIcon.png","width":512,"height":512,"caption":"La sedia dell'orso"},"image":{"@id":"https:\/\/bearchair.eu\/it\/#\/schema\/logo\/image\/"}}]}},"_links":{"self":[{"href":"https:\/\/bearchair.eu\/it\/wp-json\/wp\/v2\/product\/18459","targetHints":{"allow":["GET"]}}],"collection":[{"href":"https:\/\/bearchair.eu\/it\/wp-json\/wp\/v2\/product"}],"about":[{"href":"https:\/\/bearchair.eu\/it\/wp-json\/wp\/v2\/types\/product"}],"wp:featuredmedia":[{"embeddable":true,"href":"https:\/\/bearchair.eu\/it\/wp-json\/wp\/v2\/media\/16221"}],"wp:attachment":[{"href":"https:\/\/bearchair.eu\/it\/wp-json\/wp\/v2\/media?parent=18459"}],"wp:term":[{"taxonomy":"product_brand","embeddable":true,"href":"https:\/\/bearchair.eu\/it\/wp-json\/wp\/v2\/product_brand?post=18459"},{"taxonomy":"product_cat","embeddable":true,"href":"https:\/\/bearchair.eu\/it\/wp-json\/wp\/v2\/product_cat?post=18459"},{"taxonomy":"product_tag","embeddable":true,"href":"https:\/\/bearchair.eu\/it\/wp-json\/wp\/v2\/product_tag?post=18459"}],"curies":[{"name":"wp","href":"https:\/\/api.w.org\/{rel}","templated":true}]}}