{"id":18494,"date":"2024-06-02T10:06:43","date_gmt":"2024-06-02T10:06:43","guid":{"rendered":"https:\/\/bearchair.eu\/senza-categoria\/grizzly-bear-chair-semimontato\/"},"modified":"2026-01-15T09:57:55","modified_gmt":"2026-01-15T09:57:55","slug":"grizzly-bear-chair-semimontato","status":"publish","type":"product","link":"https:\/\/bearchair.eu\/it\/resti\/grizzly-bear-chair-semimontato\/","title":{"rendered":"Grizzly Bear Chair semimontato"},"content":{"rendered":"","protected":false},"excerpt":{"rendered":"<p>Di ritorno dalla fiera del mobile.<\/p>\n<p>Pi\u00f9 alto e pi\u00f9 forte! Robusto e solido Bellissimi e ampi braccioli. Facile da sedersi e soprattutto da alzarsi. Il Grizzly Bear Chair \u00e8 decisamente pi\u00f9 alto, ha braccioli pi\u00f9 spessi, bulloni in acciaio inox e gambe pi\u00f9 robuste. Pieghevole per essere riposta facilmente.    <\/p>\n","protected":false},"featured_media":16176,"template":"","meta":[],"product_brand":[],"product_cat":[595],"product_tag":[],"class_list":{"0":"post-18494","1":"product","2":"type-product","3":"status-publish","4":"has-post-thumbnail","6":"product_cat-resti","8":"first","9":"instock","10":"taxable","11":"shipping-taxable","12":"purchasable","13":"product-type-simple"},"yoast_head":"<!-- This site is optimized with the Yoast SEO plugin v27.2 - https:\/\/yoast.com\/product\/yoast-seo-wordpress\/ -->\n<title>Grizzly Bear Chair semimontato - The Bear Chair\u00ae<\/title>\n<meta name=\"robots\" content=\"index, follow, max-snippet:-1, max-image-preview:large, max-video-preview:-1\" \/>\n<link rel=\"canonical\" href=\"https:\/\/bearchair.eu\/it\/resti\/grizzly-bear-chair-semimontato\/\" \/>\n<meta property=\"og:locale\" content=\"it_IT\" \/>\n<meta property=\"og:type\" content=\"article\" \/>\n<meta property=\"og:title\" content=\"Grizzly Bear Chair semimontato - The Bear Chair\u00ae\" \/>\n<meta property=\"og:description\" content=\"Di ritorno dalla fiera del mobile. Pi\u00f9 alto e pi\u00f9 forte! Robusto e solido Bellissimi e ampi braccioli. Facile da sedersi e soprattutto da alzarsi. Il Grizzly Bear Chair \u00e8 decisamente pi\u00f9 alto, ha braccioli pi\u00f9 spessi, bulloni in acciaio inox e gambe pi\u00f9 robuste. Pieghevole per essere riposta facilmente.\" \/>\n<meta property=\"og:url\" content=\"https:\/\/bearchair.eu\/it\/resti\/grizzly-bear-chair-semimontato\/\" \/>\n<meta property=\"og:site_name\" content=\"The Bear Chair\u00ae\" \/>\n<meta property=\"article:modified_time\" content=\"2026-01-15T09:57:55+00:00\" \/>\n<meta property=\"og:image\" content=\"https:\/\/bearchair.eu\/wp-content\/uploads\/2024\/08\/Grizzly-Bear-Chair-rest-foto-2.webp\" \/>\n\t<meta property=\"og:image:width\" content=\"1000\" \/>\n\t<meta property=\"og:image:height\" content=\"1333\" \/>\n\t<meta property=\"og:image:type\" content=\"image\/webp\" \/>\n<meta name=\"twitter:card\" content=\"summary_large_image\" \/>\n<script type=\"application\/ld+json\" class=\"yoast-schema-graph\">{\"@context\":\"https:\/\/schema.org\",\"@graph\":[{\"@type\":\"WebPage\",\"@id\":\"https:\/\/bearchair.eu\/it\/resti\/grizzly-bear-chair-semimontato\/\",\"url\":\"https:\/\/bearchair.eu\/it\/resti\/grizzly-bear-chair-semimontato\/\",\"name\":\"Grizzly Bear Chair semimontato - The Bear Chair\u00ae\",\"isPartOf\":{\"@id\":\"https:\/\/bearchair.eu\/it\/#website\"},\"primaryImageOfPage\":{\"@id\":\"https:\/\/bearchair.eu\/it\/resti\/grizzly-bear-chair-semimontato\/#primaryimage\"},\"image\":{\"@id\":\"https:\/\/bearchair.eu\/it\/resti\/grizzly-bear-chair-semimontato\/#primaryimage\"},\"thumbnailUrl\":\"https:\/\/bearchair.eu\/wp-content\/uploads\/2024\/08\/Grizzly-Bear-Chair-rest-foto-2.webp\",\"datePublished\":\"2024-06-02T10:06:43+00:00\",\"dateModified\":\"2026-01-15T09:57:55+00:00\",\"breadcrumb\":{\"@id\":\"https:\/\/bearchair.eu\/it\/resti\/grizzly-bear-chair-semimontato\/#breadcrumb\"},\"inLanguage\":\"it-IT\",\"potentialAction\":[{\"@type\":\"ReadAction\",\"target\":[\"https:\/\/bearchair.eu\/it\/resti\/grizzly-bear-chair-semimontato\/\"]}]},{\"@type\":\"ImageObject\",\"inLanguage\":\"it-IT\",\"@id\":\"https:\/\/bearchair.eu\/it\/resti\/grizzly-bear-chair-semimontato\/#primaryimage\",\"url\":\"https:\/\/bearchair.eu\/wp-content\/uploads\/2024\/08\/Grizzly-Bear-Chair-rest-foto-2.webp\",\"contentUrl\":\"https:\/\/bearchair.eu\/wp-content\/uploads\/2024\/08\/Grizzly-Bear-Chair-rest-foto-2.webp\",\"width\":1000,\"height\":1333},{\"@type\":\"BreadcrumbList\",\"@id\":\"https:\/\/bearchair.eu\/it\/resti\/grizzly-bear-chair-semimontato\/#breadcrumb\",\"itemListElement\":[{\"@type\":\"ListItem\",\"position\":1,\"name\":\"Casa\",\"item\":\"https:\/\/bearchair.eu\/it\/casa\/\"},{\"@type\":\"ListItem\",\"position\":2,\"name\":\"Negozio\",\"item\":\"https:\/\/bearchair.eu\/it\/negozio\/\"},{\"@type\":\"ListItem\",\"position\":3,\"name\":\"Grizzly Bear Chair semimontato\"}]},{\"@type\":\"WebSite\",\"@id\":\"https:\/\/bearchair.eu\/it\/#website\",\"url\":\"https:\/\/bearchair.eu\/it\/\",\"name\":\"The Bear Chair\",\"description\":\"\",\"publisher\":{\"@id\":\"https:\/\/bearchair.eu\/it\/#organization\"},\"potentialAction\":[{\"@type\":\"SearchAction\",\"target\":{\"@type\":\"EntryPoint\",\"urlTemplate\":\"https:\/\/bearchair.eu\/it\/?s={search_term_string}\"},\"query-input\":{\"@type\":\"PropertyValueSpecification\",\"valueRequired\":true,\"valueName\":\"search_term_string\"}}],\"inLanguage\":\"it-IT\"},{\"@type\":\"Organization\",\"@id\":\"https:\/\/bearchair.eu\/it\/#organization\",\"name\":\"La sedia dell'orso\",\"url\":\"https:\/\/bearchair.eu\/it\/\",\"logo\":{\"@type\":\"ImageObject\",\"inLanguage\":\"it-IT\",\"@id\":\"https:\/\/bearchair.eu\/it\/#\/schema\/logo\/image\/\",\"url\":\"https:\/\/new.bearchair.eu\/wp-content\/uploads\/2024\/05\/BearChairIcon.png\",\"contentUrl\":\"https:\/\/new.bearchair.eu\/wp-content\/uploads\/2024\/05\/BearChairIcon.png\",\"width\":512,\"height\":512,\"caption\":\"La sedia dell'orso\"},\"image\":{\"@id\":\"https:\/\/bearchair.eu\/it\/#\/schema\/logo\/image\/\"}}]}<\/script>\n<!-- \/ Yoast SEO plugin. -->","yoast_head_json":{"title":"Grizzly Bear Chair semimontato - The Bear Chair\u00ae","robots":{"index":"index","follow":"follow","max-snippet":"max-snippet:-1","max-image-preview":"max-image-preview:large","max-video-preview":"max-video-preview:-1"},"canonical":"https:\/\/bearchair.eu\/it\/resti\/grizzly-bear-chair-semimontato\/","og_locale":"it_IT","og_type":"article","og_title":"Grizzly Bear Chair semimontato - The Bear Chair\u00ae","og_description":"Di ritorno dalla fiera del mobile. Pi\u00f9 alto e pi\u00f9 forte! Robusto e solido Bellissimi e ampi braccioli. Facile da sedersi e soprattutto da alzarsi. Il Grizzly Bear Chair \u00e8 decisamente pi\u00f9 alto, ha braccioli pi\u00f9 spessi, bulloni in acciaio inox e gambe pi\u00f9 robuste. Pieghevole per essere riposta facilmente.","og_url":"https:\/\/bearchair.eu\/it\/resti\/grizzly-bear-chair-semimontato\/","og_site_name":"The Bear Chair\u00ae","article_modified_time":"2026-01-15T09:57:55+00:00","og_image":[{"width":1000,"height":1333,"url":"https:\/\/bearchair.eu\/wp-content\/uploads\/2024\/08\/Grizzly-Bear-Chair-rest-foto-2.webp","type":"image\/webp"}],"twitter_card":"summary_large_image","schema":{"@context":"https:\/\/schema.org","@graph":[{"@type":"WebPage","@id":"https:\/\/bearchair.eu\/it\/resti\/grizzly-bear-chair-semimontato\/","url":"https:\/\/bearchair.eu\/it\/resti\/grizzly-bear-chair-semimontato\/","name":"Grizzly Bear Chair semimontato - The Bear Chair\u00ae","isPartOf":{"@id":"https:\/\/bearchair.eu\/it\/#website"},"primaryImageOfPage":{"@id":"https:\/\/bearchair.eu\/it\/resti\/grizzly-bear-chair-semimontato\/#primaryimage"},"image":{"@id":"https:\/\/bearchair.eu\/it\/resti\/grizzly-bear-chair-semimontato\/#primaryimage"},"thumbnailUrl":"https:\/\/bearchair.eu\/wp-content\/uploads\/2024\/08\/Grizzly-Bear-Chair-rest-foto-2.webp","datePublished":"2024-06-02T10:06:43+00:00","dateModified":"2026-01-15T09:57:55+00:00","breadcrumb":{"@id":"https:\/\/bearchair.eu\/it\/resti\/grizzly-bear-chair-semimontato\/#breadcrumb"},"inLanguage":"it-IT","potentialAction":[{"@type":"ReadAction","target":["https:\/\/bearchair.eu\/it\/resti\/grizzly-bear-chair-semimontato\/"]}]},{"@type":"ImageObject","inLanguage":"it-IT","@id":"https:\/\/bearchair.eu\/it\/resti\/grizzly-bear-chair-semimontato\/#primaryimage","url":"https:\/\/bearchair.eu\/wp-content\/uploads\/2024\/08\/Grizzly-Bear-Chair-rest-foto-2.webp","contentUrl":"https:\/\/bearchair.eu\/wp-content\/uploads\/2024\/08\/Grizzly-Bear-Chair-rest-foto-2.webp","width":1000,"height":1333},{"@type":"BreadcrumbList","@id":"https:\/\/bearchair.eu\/it\/resti\/grizzly-bear-chair-semimontato\/#breadcrumb","itemListElement":[{"@type":"ListItem","position":1,"name":"Casa","item":"https:\/\/bearchair.eu\/it\/casa\/"},{"@type":"ListItem","position":2,"name":"Negozio","item":"https:\/\/bearchair.eu\/it\/negozio\/"},{"@type":"ListItem","position":3,"name":"Grizzly Bear Chair semimontato"}]},{"@type":"WebSite","@id":"https:\/\/bearchair.eu\/it\/#website","url":"https:\/\/bearchair.eu\/it\/","name":"The Bear Chair","description":"","publisher":{"@id":"https:\/\/bearchair.eu\/it\/#organization"},"potentialAction":[{"@type":"SearchAction","target":{"@type":"EntryPoint","urlTemplate":"https:\/\/bearchair.eu\/it\/?s={search_term_string}"},"query-input":{"@type":"PropertyValueSpecification","valueRequired":true,"valueName":"search_term_string"}}],"inLanguage":"it-IT"},{"@type":"Organization","@id":"https:\/\/bearchair.eu\/it\/#organization","name":"La sedia dell'orso","url":"https:\/\/bearchair.eu\/it\/","logo":{"@type":"ImageObject","inLanguage":"it-IT","@id":"https:\/\/bearchair.eu\/it\/#\/schema\/logo\/image\/","url":"https:\/\/new.bearchair.eu\/wp-content\/uploads\/2024\/05\/BearChairIcon.png","contentUrl":"https:\/\/new.bearchair.eu\/wp-content\/uploads\/2024\/05\/BearChairIcon.png","width":512,"height":512,"caption":"La sedia dell'orso"},"image":{"@id":"https:\/\/bearchair.eu\/it\/#\/schema\/logo\/image\/"}}]}},"_links":{"self":[{"href":"https:\/\/bearchair.eu\/it\/wp-json\/wp\/v2\/product\/18494","targetHints":{"allow":["GET"]}}],"collection":[{"href":"https:\/\/bearchair.eu\/it\/wp-json\/wp\/v2\/product"}],"about":[{"href":"https:\/\/bearchair.eu\/it\/wp-json\/wp\/v2\/types\/product"}],"wp:featuredmedia":[{"embeddable":true,"href":"https:\/\/bearchair.eu\/it\/wp-json\/wp\/v2\/media\/16176"}],"wp:attachment":[{"href":"https:\/\/bearchair.eu\/it\/wp-json\/wp\/v2\/media?parent=18494"}],"wp:term":[{"taxonomy":"product_brand","embeddable":true,"href":"https:\/\/bearchair.eu\/it\/wp-json\/wp\/v2\/product_brand?post=18494"},{"taxonomy":"product_cat","embeddable":true,"href":"https:\/\/bearchair.eu\/it\/wp-json\/wp\/v2\/product_cat?post=18494"},{"taxonomy":"product_tag","embeddable":true,"href":"https:\/\/bearchair.eu\/it\/wp-json\/wp\/v2\/product_tag?post=18494"}],"curies":[{"name":"wp","href":"https:\/\/api.w.org\/{rel}","templated":true}]}}