{"id":18558,"date":"2024-05-03T10:10:31","date_gmt":"2024-05-03T10:10:31","guid":{"rendered":"https:\/\/bearchair.eu\/senza-categoria\/originale-bear-chair-pino\/"},"modified":"2025-04-25T10:00:19","modified_gmt":"2025-04-25T10:00:19","slug":"originale-bear-chair-pino","status":"publish","type":"product","link":"https:\/\/bearchair.eu\/it\/mobili\/originale-bear-chair-pino\/","title":{"rendered":"Sedia originale Bear Chair\u00ae in pino"},"content":{"rendered":"<p>La sedia Original Bear Chair\u00ae \u00e8 nota per la sua robustezza, il suo comfort e il suo stile. E questa versione in pino non \u00e8 da meno! Il legno chiaro \u00e8 facile da riverniciare, ma ovviamente puoi anche mantenerlo semplice.  <\/p>\n<p><strong>Dimensioni:  <\/strong><\/p>\n<ul>\n<li>Altezza: 93 cm<\/li>\n<li>Larghezza: 80 cm<\/li>\n<li>Profondit\u00e0: 93 cm<\/li>\n<\/ul>\n<p><strong>Peso:<\/strong> 15 kg<\/p>\n<p><strong>Montaggio<\/strong>: The Original Bear ChairLa sedia \u00ae in pino \u00e8 disponibile in tre tipi di pacchetti:<\/p>\n<ul>\n<li><strong>Kit:<\/strong> Riceverai tutti i materiali per assemblare la sedia da solo. Il kit comprende le doghe, le viti, la colla e, ovviamente, le istruzioni di montaggio dettagliate. <\/li>\n<li><strong>Pre-assemblato:<\/strong> Lo schienale e la seduta sono preassemblati, il resto deve essere assemblato da soli. Tutti i materiali e le istruzioni di montaggio sono ovviamente inclusi. <\/li>\n<li><strong>Completamente assemblata:<\/strong> La sedia \u00e8 gi\u00e0 completamente assemblata. Ti viene consegnata gi\u00e0 pronta con il nostro servizio di trasporto. Si prega di notare che questo potrebbe comportare costi maggiori.  <\/li>\n<\/ul>\n","protected":false},"excerpt":{"rendered":"<p>La sedia Original Bear Chair\u00ae in pino ha tutto il comfort, la robustezza e la classe che ci si aspetta dalle sedie Bear Chair\u00ae. Grazie all&#8217;utilizzo del pino, la sedia pu\u00f2 essere facilmente ridipinta in qualsiasi colore. Ma naturalmente puoi anche mantenerla naturale!  <\/p>\n","protected":false},"featured_media":24660,"template":"","meta":[],"product_brand":[],"product_cat":[299,281],"product_tag":[],"class_list":{"0":"post-18558","1":"product","2":"type-product","3":"status-publish","4":"has-post-thumbnail","6":"product_cat-mobili","7":"product_cat-sedie","9":"first","10":"instock","11":"taxable","12":"shipping-taxable","13":"purchasable","14":"product-type-variable"},"yoast_head":"<!-- This site is optimized with the Yoast SEO plugin v27.2 - https:\/\/yoast.com\/product\/yoast-seo-wordpress\/ -->\n<title>Sedia originale Bear Chair\u00ae in pino - The Bear Chair\u00ae<\/title>\n<meta name=\"robots\" content=\"index, follow, max-snippet:-1, max-image-preview:large, max-video-preview:-1\" \/>\n<link rel=\"canonical\" href=\"https:\/\/bearchair.eu\/it\/mobili\/originale-bear-chair-pino\/\" \/>\n<meta property=\"og:locale\" content=\"it_IT\" \/>\n<meta property=\"og:type\" content=\"article\" \/>\n<meta property=\"og:title\" content=\"Sedia originale Bear Chair\u00ae in pino - The Bear Chair\u00ae\" \/>\n<meta property=\"og:description\" content=\"La sedia Original Bear Chair\u00ae in pino ha tutto il comfort, la robustezza e la classe che ci si aspetta dalle sedie Bear Chair\u00ae. Grazie all&#039;utilizzo del pino, la sedia pu\u00f2 essere facilmente ridipinta in qualsiasi colore. Ma naturalmente puoi anche mantenerla naturale!\" \/>\n<meta property=\"og:url\" content=\"https:\/\/bearchair.eu\/it\/mobili\/originale-bear-chair-pino\/\" \/>\n<meta property=\"og:site_name\" content=\"The Bear Chair\u00ae\" \/>\n<meta property=\"article:modified_time\" content=\"2025-04-25T10:00:19+00:00\" \/>\n<meta property=\"og:image\" content=\"https:\/\/bearchair.eu\/wp-content\/uploads\/2024\/10\/BC500Plvv-1-rotated.jpg\" \/>\n\t<meta property=\"og:image:width\" content=\"1734\" \/>\n\t<meta property=\"og:image:height\" content=\"2312\" \/>\n\t<meta property=\"og:image:type\" content=\"image\/jpeg\" \/>\n<meta name=\"twitter:card\" content=\"summary_large_image\" \/>\n<meta name=\"twitter:label1\" content=\"Tempo di lettura stimato\" \/>\n\t<meta name=\"twitter:data1\" content=\"1 minuto\" \/>\n<script type=\"application\/ld+json\" class=\"yoast-schema-graph\">{\"@context\":\"https:\/\/schema.org\",\"@graph\":[{\"@type\":\"WebPage\",\"@id\":\"https:\/\/bearchair.eu\/it\/mobili\/originale-bear-chair-pino\/\",\"url\":\"https:\/\/bearchair.eu\/it\/mobili\/originale-bear-chair-pino\/\",\"name\":\"Sedia originale Bear Chair\u00ae in pino - The Bear Chair\u00ae\",\"isPartOf\":{\"@id\":\"https:\/\/bearchair.eu\/it\/#website\"},\"primaryImageOfPage\":{\"@id\":\"https:\/\/bearchair.eu\/it\/mobili\/originale-bear-chair-pino\/#primaryimage\"},\"image\":{\"@id\":\"https:\/\/bearchair.eu\/it\/mobili\/originale-bear-chair-pino\/#primaryimage\"},\"thumbnailUrl\":\"https:\/\/bearchair.eu\/wp-content\/uploads\/2024\/05\/BC201P-tbv-Mediahuis-2.webp\",\"datePublished\":\"2024-05-03T10:10:31+00:00\",\"dateModified\":\"2025-04-25T10:00:19+00:00\",\"breadcrumb\":{\"@id\":\"https:\/\/bearchair.eu\/it\/mobili\/originale-bear-chair-pino\/#breadcrumb\"},\"inLanguage\":\"it-IT\",\"potentialAction\":[{\"@type\":\"ReadAction\",\"target\":[\"https:\/\/bearchair.eu\/it\/mobili\/originale-bear-chair-pino\/\"]}]},{\"@type\":\"ImageObject\",\"inLanguage\":\"it-IT\",\"@id\":\"https:\/\/bearchair.eu\/it\/mobili\/originale-bear-chair-pino\/#primaryimage\",\"url\":\"https:\/\/bearchair.eu\/wp-content\/uploads\/2024\/05\/BC201P-tbv-Mediahuis-2.webp\",\"contentUrl\":\"https:\/\/bearchair.eu\/wp-content\/uploads\/2024\/05\/BC201P-tbv-Mediahuis-2.webp\",\"width\":1200,\"height\":900},{\"@type\":\"BreadcrumbList\",\"@id\":\"https:\/\/bearchair.eu\/it\/mobili\/originale-bear-chair-pino\/#breadcrumb\",\"itemListElement\":[{\"@type\":\"ListItem\",\"position\":1,\"name\":\"Home\",\"item\":\"https:\/\/bearchair.eu\/it\/casa\/\"},{\"@type\":\"ListItem\",\"position\":2,\"name\":\"Negozio\",\"item\":\"https:\/\/bearchair.eu\/it\/negozio\/\"},{\"@type\":\"ListItem\",\"position\":3,\"name\":\"Sedia originale Bear Chair\u00ae in pino\"}]},{\"@type\":\"WebSite\",\"@id\":\"https:\/\/bearchair.eu\/it\/#website\",\"url\":\"https:\/\/bearchair.eu\/it\/\",\"name\":\"The Bear Chair\",\"description\":\"\",\"publisher\":{\"@id\":\"https:\/\/bearchair.eu\/it\/#organization\"},\"potentialAction\":[{\"@type\":\"SearchAction\",\"target\":{\"@type\":\"EntryPoint\",\"urlTemplate\":\"https:\/\/bearchair.eu\/it\/?s={search_term_string}\"},\"query-input\":{\"@type\":\"PropertyValueSpecification\",\"valueRequired\":true,\"valueName\":\"search_term_string\"}}],\"inLanguage\":\"it-IT\"},{\"@type\":\"Organization\",\"@id\":\"https:\/\/bearchair.eu\/it\/#organization\",\"name\":\"La sedia dell'orso\",\"url\":\"https:\/\/bearchair.eu\/it\/\",\"logo\":{\"@type\":\"ImageObject\",\"inLanguage\":\"it-IT\",\"@id\":\"https:\/\/bearchair.eu\/it\/#\/schema\/logo\/image\/\",\"url\":\"https:\/\/new.bearchair.eu\/wp-content\/uploads\/2024\/05\/BearChairIcon.png\",\"contentUrl\":\"https:\/\/new.bearchair.eu\/wp-content\/uploads\/2024\/05\/BearChairIcon.png\",\"width\":512,\"height\":512,\"caption\":\"La sedia dell'orso\"},\"image\":{\"@id\":\"https:\/\/bearchair.eu\/it\/#\/schema\/logo\/image\/\"}}]}<\/script>\n<!-- \/ Yoast SEO plugin. -->","yoast_head_json":{"title":"Sedia originale Bear Chair\u00ae in pino - The Bear Chair\u00ae","robots":{"index":"index","follow":"follow","max-snippet":"max-snippet:-1","max-image-preview":"max-image-preview:large","max-video-preview":"max-video-preview:-1"},"canonical":"https:\/\/bearchair.eu\/it\/mobili\/originale-bear-chair-pino\/","og_locale":"it_IT","og_type":"article","og_title":"Sedia originale Bear Chair\u00ae in pino - The Bear Chair\u00ae","og_description":"La sedia Original Bear Chair\u00ae in pino ha tutto il comfort, la robustezza e la classe che ci si aspetta dalle sedie Bear Chair\u00ae. Grazie all'utilizzo del pino, la sedia pu\u00f2 essere facilmente ridipinta in qualsiasi colore. Ma naturalmente puoi anche mantenerla naturale!","og_url":"https:\/\/bearchair.eu\/it\/mobili\/originale-bear-chair-pino\/","og_site_name":"The Bear Chair\u00ae","article_modified_time":"2025-04-25T10:00:19+00:00","og_image":[{"width":1734,"height":2312,"url":"https:\/\/bearchair.eu\/wp-content\/uploads\/2024\/10\/BC500Plvv-1-rotated.jpg","type":"image\/jpeg"}],"twitter_card":"summary_large_image","twitter_misc":{"Tempo di lettura stimato":"1 minuto"},"schema":{"@context":"https:\/\/schema.org","@graph":[{"@type":"WebPage","@id":"https:\/\/bearchair.eu\/it\/mobili\/originale-bear-chair-pino\/","url":"https:\/\/bearchair.eu\/it\/mobili\/originale-bear-chair-pino\/","name":"Sedia originale Bear Chair\u00ae in pino - The Bear Chair\u00ae","isPartOf":{"@id":"https:\/\/bearchair.eu\/it\/#website"},"primaryImageOfPage":{"@id":"https:\/\/bearchair.eu\/it\/mobili\/originale-bear-chair-pino\/#primaryimage"},"image":{"@id":"https:\/\/bearchair.eu\/it\/mobili\/originale-bear-chair-pino\/#primaryimage"},"thumbnailUrl":"https:\/\/bearchair.eu\/wp-content\/uploads\/2024\/05\/BC201P-tbv-Mediahuis-2.webp","datePublished":"2024-05-03T10:10:31+00:00","dateModified":"2025-04-25T10:00:19+00:00","breadcrumb":{"@id":"https:\/\/bearchair.eu\/it\/mobili\/originale-bear-chair-pino\/#breadcrumb"},"inLanguage":"it-IT","potentialAction":[{"@type":"ReadAction","target":["https:\/\/bearchair.eu\/it\/mobili\/originale-bear-chair-pino\/"]}]},{"@type":"ImageObject","inLanguage":"it-IT","@id":"https:\/\/bearchair.eu\/it\/mobili\/originale-bear-chair-pino\/#primaryimage","url":"https:\/\/bearchair.eu\/wp-content\/uploads\/2024\/05\/BC201P-tbv-Mediahuis-2.webp","contentUrl":"https:\/\/bearchair.eu\/wp-content\/uploads\/2024\/05\/BC201P-tbv-Mediahuis-2.webp","width":1200,"height":900},{"@type":"BreadcrumbList","@id":"https:\/\/bearchair.eu\/it\/mobili\/originale-bear-chair-pino\/#breadcrumb","itemListElement":[{"@type":"ListItem","position":1,"name":"Home","item":"https:\/\/bearchair.eu\/it\/casa\/"},{"@type":"ListItem","position":2,"name":"Negozio","item":"https:\/\/bearchair.eu\/it\/negozio\/"},{"@type":"ListItem","position":3,"name":"Sedia originale Bear Chair\u00ae in pino"}]},{"@type":"WebSite","@id":"https:\/\/bearchair.eu\/it\/#website","url":"https:\/\/bearchair.eu\/it\/","name":"The Bear Chair","description":"","publisher":{"@id":"https:\/\/bearchair.eu\/it\/#organization"},"potentialAction":[{"@type":"SearchAction","target":{"@type":"EntryPoint","urlTemplate":"https:\/\/bearchair.eu\/it\/?s={search_term_string}"},"query-input":{"@type":"PropertyValueSpecification","valueRequired":true,"valueName":"search_term_string"}}],"inLanguage":"it-IT"},{"@type":"Organization","@id":"https:\/\/bearchair.eu\/it\/#organization","name":"La sedia dell'orso","url":"https:\/\/bearchair.eu\/it\/","logo":{"@type":"ImageObject","inLanguage":"it-IT","@id":"https:\/\/bearchair.eu\/it\/#\/schema\/logo\/image\/","url":"https:\/\/new.bearchair.eu\/wp-content\/uploads\/2024\/05\/BearChairIcon.png","contentUrl":"https:\/\/new.bearchair.eu\/wp-content\/uploads\/2024\/05\/BearChairIcon.png","width":512,"height":512,"caption":"La sedia dell'orso"},"image":{"@id":"https:\/\/bearchair.eu\/it\/#\/schema\/logo\/image\/"}}]}},"_links":{"self":[{"href":"https:\/\/bearchair.eu\/it\/wp-json\/wp\/v2\/product\/18558","targetHints":{"allow":["GET"]}}],"collection":[{"href":"https:\/\/bearchair.eu\/it\/wp-json\/wp\/v2\/product"}],"about":[{"href":"https:\/\/bearchair.eu\/it\/wp-json\/wp\/v2\/types\/product"}],"wp:featuredmedia":[{"embeddable":true,"href":"https:\/\/bearchair.eu\/it\/wp-json\/wp\/v2\/media\/24660"}],"wp:attachment":[{"href":"https:\/\/bearchair.eu\/it\/wp-json\/wp\/v2\/media?parent=18558"}],"wp:term":[{"taxonomy":"product_brand","embeddable":true,"href":"https:\/\/bearchair.eu\/it\/wp-json\/wp\/v2\/product_brand?post=18558"},{"taxonomy":"product_cat","embeddable":true,"href":"https:\/\/bearchair.eu\/it\/wp-json\/wp\/v2\/product_cat?post=18558"},{"taxonomy":"product_tag","embeddable":true,"href":"https:\/\/bearchair.eu\/it\/wp-json\/wp\/v2\/product_tag?post=18558"}],"curies":[{"name":"wp","href":"https:\/\/api.w.org\/{rel}","templated":true}]}}