{"id":18568,"date":"2024-05-03T10:10:04","date_gmt":"2024-05-03T10:10:04","guid":{"rendered":"https:\/\/bearchair.eu\/senza-categoria\/royal-bear-chair-senza-poggiapiedi\/"},"modified":"2025-04-25T09:46:58","modified_gmt":"2025-04-25T09:46:58","slug":"royal-bear-chair-senza-poggiapiedi","status":"publish","type":"product","link":"https:\/\/bearchair.eu\/it\/mobili\/royal-bear-chair-senza-poggiapiedi\/","title":{"rendered":"Sedia Royal Bear Chair\u00ae senza poggiapiedi"},"content":{"rendered":"<p>La sedia Royal Bear Chair\u00ae \u00e8 un po&#8217; pi\u00f9 elegante e anche pi\u00f9 robusta della sedia The Original Bear ChairSedia \u00ae. \u00c8 altrettanto comoda e anche pieghevole. <\/p>\n<p><strong>Dimensioni:<\/strong><\/p>\n<div>\n<ul>\n<li>Altezza: 96 cm<\/li>\n<li>Larghezza: 85 cm<\/li>\n<li>Profondit\u00e0: 96 cm<\/li>\n<li>Questo modello \u00e8 pieghevole<\/li>\n<\/ul>\n<p><strong>Peso:<\/strong> 12,5 kg<\/p>\n<p><strong>Montaggio:<\/strong> La sedia Royal Bear Chair\u00ae \u00e8 disponibile in tre tipi di pacchetti:<\/p>\n<ul>\n<li><strong>Kit:<\/strong> Riceverai tutti i materiali per assemblare la sedia da solo. Il kit comprende le doghe, le viti, la colla e, ovviamente, le istruzioni di montaggio dettagliate. <\/li>\n<li><strong>Pre-assemblato:<\/strong> Lo schienale e la seduta sono preassemblati, il resto deve essere assemblato da soli. Tutti i materiali e le istruzioni di montaggio sono ovviamente inclusi. <\/li>\n<li><strong>Completamente assemblata:<\/strong> La sedia \u00e8 gi\u00e0 completamente assemblata. Ti viene consegnata gi\u00e0 pronta con il nostro servizio di trasporto. Si prega di notare che questo potrebbe comportare costi maggiori.  <\/li>\n<\/ul>\n<\/div>\n","protected":false},"excerpt":{"rendered":"<p>Per coloro per i quali una Bear Chair\u00ae originale \u00e8 troppo fine o troppo leggera, abbiamo una Bear Chair\u00ae reale. \u00c8 pi\u00f9 robusta, realizzata in cedro pi\u00f9 spesso, altrettanto comoda e pieghevole.<br \/>\nLa Royal Bear Chair\u00ae fa la differenza tra una seduta e un \"trono\". <\/p>\n","protected":false},"featured_media":14608,"template":"","meta":[],"product_brand":[],"product_cat":[299,281],"product_tag":[],"class_list":{"0":"post-18568","1":"product","2":"type-product","3":"status-publish","4":"has-post-thumbnail","6":"product_cat-mobili","7":"product_cat-sedie","9":"first","10":"instock","11":"taxable","12":"shipping-taxable","13":"purchasable","14":"product-type-variable"},"yoast_head":"<!-- This site is optimized with the Yoast SEO plugin v27.2 - https:\/\/yoast.com\/product\/yoast-seo-wordpress\/ -->\n<title>Sedia Royal Bear Chair\u00ae senza poggiapiedi - The Bear Chair\u00ae<\/title>\n<meta name=\"robots\" content=\"index, follow, max-snippet:-1, max-image-preview:large, max-video-preview:-1\" \/>\n<link rel=\"canonical\" href=\"https:\/\/bearchair.eu\/it\/mobili\/royal-bear-chair-senza-poggiapiedi\/\" \/>\n<meta property=\"og:locale\" content=\"it_IT\" \/>\n<meta property=\"og:type\" content=\"article\" \/>\n<meta property=\"og:title\" content=\"Sedia Royal Bear Chair\u00ae senza poggiapiedi - The Bear Chair\u00ae\" \/>\n<meta property=\"og:description\" content=\"Per coloro per i quali una Bear Chair\u00ae originale \u00e8 troppo fine o troppo leggera, abbiamo una Bear Chair\u00ae reale. \u00c8 pi\u00f9 robusta, realizzata in cedro pi\u00f9 spesso, altrettanto comoda e pieghevole. La Royal Bear Chair\u00ae fa la differenza tra una seduta e un &quot;trono&quot;.\" \/>\n<meta property=\"og:url\" content=\"https:\/\/bearchair.eu\/it\/mobili\/royal-bear-chair-senza-poggiapiedi\/\" \/>\n<meta property=\"og:site_name\" content=\"The Bear Chair\u00ae\" \/>\n<meta property=\"article:modified_time\" content=\"2025-04-25T09:46:58+00:00\" \/>\n<meta property=\"og:image\" content=\"https:\/\/bearchair.eu\/wp-content\/uploads\/2024\/04\/image_2024-04-06_135554421-e1712404638728.png\" \/>\n\t<meta property=\"og:image:width\" content=\"2037\" \/>\n\t<meta property=\"og:image:height\" content=\"1525\" \/>\n\t<meta property=\"og:image:type\" content=\"image\/png\" \/>\n<meta name=\"twitter:card\" content=\"summary_large_image\" \/>\n<meta name=\"twitter:label1\" content=\"Tempo di lettura stimato\" \/>\n\t<meta name=\"twitter:data1\" content=\"1 minuto\" \/>\n<script type=\"application\/ld+json\" class=\"yoast-schema-graph\">{\"@context\":\"https:\/\/schema.org\",\"@graph\":[{\"@type\":\"WebPage\",\"@id\":\"https:\/\/bearchair.eu\/it\/mobili\/royal-bear-chair-senza-poggiapiedi\/\",\"url\":\"https:\/\/bearchair.eu\/it\/mobili\/royal-bear-chair-senza-poggiapiedi\/\",\"name\":\"Sedia Royal Bear Chair\u00ae senza poggiapiedi - The Bear Chair\u00ae\",\"isPartOf\":{\"@id\":\"https:\/\/bearchair.eu\/it\/#website\"},\"primaryImageOfPage\":{\"@id\":\"https:\/\/bearchair.eu\/it\/mobili\/royal-bear-chair-senza-poggiapiedi\/#primaryimage\"},\"image\":{\"@id\":\"https:\/\/bearchair.eu\/it\/mobili\/royal-bear-chair-senza-poggiapiedi\/#primaryimage\"},\"thumbnailUrl\":\"https:\/\/bearchair.eu\/wp-content\/uploads\/2024\/04\/image_2024-04-06_135554421-e1712404638728.png\",\"datePublished\":\"2024-05-03T10:10:04+00:00\",\"dateModified\":\"2025-04-25T09:46:58+00:00\",\"breadcrumb\":{\"@id\":\"https:\/\/bearchair.eu\/it\/mobili\/royal-bear-chair-senza-poggiapiedi\/#breadcrumb\"},\"inLanguage\":\"it-IT\",\"potentialAction\":[{\"@type\":\"ReadAction\",\"target\":[\"https:\/\/bearchair.eu\/it\/mobili\/royal-bear-chair-senza-poggiapiedi\/\"]}]},{\"@type\":\"ImageObject\",\"inLanguage\":\"it-IT\",\"@id\":\"https:\/\/bearchair.eu\/it\/mobili\/royal-bear-chair-senza-poggiapiedi\/#primaryimage\",\"url\":\"https:\/\/bearchair.eu\/wp-content\/uploads\/2024\/04\/image_2024-04-06_135554421-e1712404638728.png\",\"contentUrl\":\"https:\/\/bearchair.eu\/wp-content\/uploads\/2024\/04\/image_2024-04-06_135554421-e1712404638728.png\",\"width\":2037,\"height\":1525},{\"@type\":\"BreadcrumbList\",\"@id\":\"https:\/\/bearchair.eu\/it\/mobili\/royal-bear-chair-senza-poggiapiedi\/#breadcrumb\",\"itemListElement\":[{\"@type\":\"ListItem\",\"position\":1,\"name\":\"Home\",\"item\":\"https:\/\/bearchair.eu\/it\/casa\/\"},{\"@type\":\"ListItem\",\"position\":2,\"name\":\"Negozio\",\"item\":\"https:\/\/bearchair.eu\/it\/negozio\/\"},{\"@type\":\"ListItem\",\"position\":3,\"name\":\"Sedia Royal Bear Chair\u00ae senza poggiapiedi\"}]},{\"@type\":\"WebSite\",\"@id\":\"https:\/\/bearchair.eu\/it\/#website\",\"url\":\"https:\/\/bearchair.eu\/it\/\",\"name\":\"The Bear Chair\",\"description\":\"\",\"publisher\":{\"@id\":\"https:\/\/bearchair.eu\/it\/#organization\"},\"potentialAction\":[{\"@type\":\"SearchAction\",\"target\":{\"@type\":\"EntryPoint\",\"urlTemplate\":\"https:\/\/bearchair.eu\/it\/?s={search_term_string}\"},\"query-input\":{\"@type\":\"PropertyValueSpecification\",\"valueRequired\":true,\"valueName\":\"search_term_string\"}}],\"inLanguage\":\"it-IT\"},{\"@type\":\"Organization\",\"@id\":\"https:\/\/bearchair.eu\/it\/#organization\",\"name\":\"La sedia dell'orso\",\"url\":\"https:\/\/bearchair.eu\/it\/\",\"logo\":{\"@type\":\"ImageObject\",\"inLanguage\":\"it-IT\",\"@id\":\"https:\/\/bearchair.eu\/it\/#\/schema\/logo\/image\/\",\"url\":\"https:\/\/new.bearchair.eu\/wp-content\/uploads\/2024\/05\/BearChairIcon.png\",\"contentUrl\":\"https:\/\/new.bearchair.eu\/wp-content\/uploads\/2024\/05\/BearChairIcon.png\",\"width\":512,\"height\":512,\"caption\":\"La sedia dell'orso\"},\"image\":{\"@id\":\"https:\/\/bearchair.eu\/it\/#\/schema\/logo\/image\/\"}}]}<\/script>\n<!-- \/ Yoast SEO plugin. -->","yoast_head_json":{"title":"Sedia Royal Bear Chair\u00ae senza poggiapiedi - The Bear Chair\u00ae","robots":{"index":"index","follow":"follow","max-snippet":"max-snippet:-1","max-image-preview":"max-image-preview:large","max-video-preview":"max-video-preview:-1"},"canonical":"https:\/\/bearchair.eu\/it\/mobili\/royal-bear-chair-senza-poggiapiedi\/","og_locale":"it_IT","og_type":"article","og_title":"Sedia Royal Bear Chair\u00ae senza poggiapiedi - The Bear Chair\u00ae","og_description":"Per coloro per i quali una Bear Chair\u00ae originale \u00e8 troppo fine o troppo leggera, abbiamo una Bear Chair\u00ae reale. \u00c8 pi\u00f9 robusta, realizzata in cedro pi\u00f9 spesso, altrettanto comoda e pieghevole. La Royal Bear Chair\u00ae fa la differenza tra una seduta e un \"trono\".","og_url":"https:\/\/bearchair.eu\/it\/mobili\/royal-bear-chair-senza-poggiapiedi\/","og_site_name":"The Bear Chair\u00ae","article_modified_time":"2025-04-25T09:46:58+00:00","og_image":[{"width":2037,"height":1525,"url":"https:\/\/bearchair.eu\/wp-content\/uploads\/2024\/04\/image_2024-04-06_135554421-e1712404638728.png","type":"image\/png"}],"twitter_card":"summary_large_image","twitter_misc":{"Tempo di lettura stimato":"1 minuto"},"schema":{"@context":"https:\/\/schema.org","@graph":[{"@type":"WebPage","@id":"https:\/\/bearchair.eu\/it\/mobili\/royal-bear-chair-senza-poggiapiedi\/","url":"https:\/\/bearchair.eu\/it\/mobili\/royal-bear-chair-senza-poggiapiedi\/","name":"Sedia Royal Bear Chair\u00ae senza poggiapiedi - The Bear Chair\u00ae","isPartOf":{"@id":"https:\/\/bearchair.eu\/it\/#website"},"primaryImageOfPage":{"@id":"https:\/\/bearchair.eu\/it\/mobili\/royal-bear-chair-senza-poggiapiedi\/#primaryimage"},"image":{"@id":"https:\/\/bearchair.eu\/it\/mobili\/royal-bear-chair-senza-poggiapiedi\/#primaryimage"},"thumbnailUrl":"https:\/\/bearchair.eu\/wp-content\/uploads\/2024\/04\/image_2024-04-06_135554421-e1712404638728.png","datePublished":"2024-05-03T10:10:04+00:00","dateModified":"2025-04-25T09:46:58+00:00","breadcrumb":{"@id":"https:\/\/bearchair.eu\/it\/mobili\/royal-bear-chair-senza-poggiapiedi\/#breadcrumb"},"inLanguage":"it-IT","potentialAction":[{"@type":"ReadAction","target":["https:\/\/bearchair.eu\/it\/mobili\/royal-bear-chair-senza-poggiapiedi\/"]}]},{"@type":"ImageObject","inLanguage":"it-IT","@id":"https:\/\/bearchair.eu\/it\/mobili\/royal-bear-chair-senza-poggiapiedi\/#primaryimage","url":"https:\/\/bearchair.eu\/wp-content\/uploads\/2024\/04\/image_2024-04-06_135554421-e1712404638728.png","contentUrl":"https:\/\/bearchair.eu\/wp-content\/uploads\/2024\/04\/image_2024-04-06_135554421-e1712404638728.png","width":2037,"height":1525},{"@type":"BreadcrumbList","@id":"https:\/\/bearchair.eu\/it\/mobili\/royal-bear-chair-senza-poggiapiedi\/#breadcrumb","itemListElement":[{"@type":"ListItem","position":1,"name":"Home","item":"https:\/\/bearchair.eu\/it\/casa\/"},{"@type":"ListItem","position":2,"name":"Negozio","item":"https:\/\/bearchair.eu\/it\/negozio\/"},{"@type":"ListItem","position":3,"name":"Sedia Royal Bear Chair\u00ae senza poggiapiedi"}]},{"@type":"WebSite","@id":"https:\/\/bearchair.eu\/it\/#website","url":"https:\/\/bearchair.eu\/it\/","name":"The Bear Chair","description":"","publisher":{"@id":"https:\/\/bearchair.eu\/it\/#organization"},"potentialAction":[{"@type":"SearchAction","target":{"@type":"EntryPoint","urlTemplate":"https:\/\/bearchair.eu\/it\/?s={search_term_string}"},"query-input":{"@type":"PropertyValueSpecification","valueRequired":true,"valueName":"search_term_string"}}],"inLanguage":"it-IT"},{"@type":"Organization","@id":"https:\/\/bearchair.eu\/it\/#organization","name":"La sedia dell'orso","url":"https:\/\/bearchair.eu\/it\/","logo":{"@type":"ImageObject","inLanguage":"it-IT","@id":"https:\/\/bearchair.eu\/it\/#\/schema\/logo\/image\/","url":"https:\/\/new.bearchair.eu\/wp-content\/uploads\/2024\/05\/BearChairIcon.png","contentUrl":"https:\/\/new.bearchair.eu\/wp-content\/uploads\/2024\/05\/BearChairIcon.png","width":512,"height":512,"caption":"La sedia dell'orso"},"image":{"@id":"https:\/\/bearchair.eu\/it\/#\/schema\/logo\/image\/"}}]}},"_links":{"self":[{"href":"https:\/\/bearchair.eu\/it\/wp-json\/wp\/v2\/product\/18568","targetHints":{"allow":["GET"]}}],"collection":[{"href":"https:\/\/bearchair.eu\/it\/wp-json\/wp\/v2\/product"}],"about":[{"href":"https:\/\/bearchair.eu\/it\/wp-json\/wp\/v2\/types\/product"}],"wp:featuredmedia":[{"embeddable":true,"href":"https:\/\/bearchair.eu\/it\/wp-json\/wp\/v2\/media\/14608"}],"wp:attachment":[{"href":"https:\/\/bearchair.eu\/it\/wp-json\/wp\/v2\/media?parent=18568"}],"wp:term":[{"taxonomy":"product_brand","embeddable":true,"href":"https:\/\/bearchair.eu\/it\/wp-json\/wp\/v2\/product_brand?post=18568"},{"taxonomy":"product_cat","embeddable":true,"href":"https:\/\/bearchair.eu\/it\/wp-json\/wp\/v2\/product_cat?post=18568"},{"taxonomy":"product_tag","embeddable":true,"href":"https:\/\/bearchair.eu\/it\/wp-json\/wp\/v2\/product_tag?post=18568"}],"curies":[{"name":"wp","href":"https:\/\/api.w.org\/{rel}","templated":true}]}}