{"id":18579,"date":"2024-05-03T10:10:04","date_gmt":"2024-05-03T10:10:04","guid":{"rendered":"https:\/\/bearchair.eu\/senza-categoria\/grizzly-bear-chair\/"},"modified":"2025-04-25T09:34:45","modified_gmt":"2025-04-25T09:34:45","slug":"grizzly-bear-chair","status":"publish","type":"product","link":"https:\/\/bearchair.eu\/it\/sedie\/grizzly-bear-chair\/","title":{"rendered":"Sedia Grizzly Bear Chair\u00ae"},"content":{"rendered":"<p>La sedia Grizzly Bear Chair\u00ae \u00e8 appena un po&#8217; pi\u00f9 grande della sedia Grizzly \u00ae. The Original Bear ChairSedia \u00ae. Lo schienale e la seduta pi\u00f9 alti, i braccioli pi\u00f9 larghi, i bulloni in acciaio inossidabile e le gambe pi\u00f9 robuste rendono la Grizzly un po&#8217; pi\u00f9 robusta e confortevole. La sedia Grizzly Bear Chair\u00ae \u00e8 anche pieghevole, per cui \u00e8 facile da spostare e riporre.  <\/p>\n<p><strong>Dimensioni:  <\/strong><\/p>\n<ul>\n<li>Altezza: 102 cm<\/li>\n<li>Larghezza: 87 cm<\/li>\n<li>Profondit\u00e0: 99 cm<\/li>\n<li>Questo modello \u00e8 pieghevole<\/li>\n<\/ul>\n<p><strong>Peso:<\/strong> 15 kg<\/p>\n<p><strong>Montaggio:<\/strong> Il Grizzly Bear Chair\u00ae \u00e8 disponibile in due tipi di confezioni:<\/p>\n<ul>\n<li><strong>Pre-assemblato:<\/strong> Lo schienale e la seduta sono preassemblati, il resto deve essere assemblato da soli. Tutti i materiali e le istruzioni di montaggio sono ovviamente inclusi. <\/li>\n<li><strong>Completamente assemblata:<\/strong> La sedia \u00e8 gi\u00e0 completamente assemblata. Ti viene consegnata gi\u00e0 pronta con il nostro servizio di trasporto. Si prega di notare che questo potrebbe comportare costi maggiori.  <\/li>\n<\/ul>\n<div class=\"webwinkelkeur\"><\/div>\n","protected":false},"excerpt":{"rendered":"<p>Il Grizzly Bear Chair\u00ae \u00e8 il fratello maggiore di The Original Bear Chair\u00ae. La stessa qualit\u00e0, ma pi\u00f9 grande e pi\u00f9 robusto! <\/p>\n<p>&nbsp;<\/p>\n","protected":false},"featured_media":15428,"template":"","meta":[],"product_brand":[],"product_cat":[299,281],"product_tag":[],"class_list":{"0":"post-18579","1":"product","2":"type-product","3":"status-publish","4":"has-post-thumbnail","6":"product_cat-mobili","7":"product_cat-sedie","9":"first","10":"instock","11":"featured","12":"taxable","13":"shipping-taxable","14":"purchasable","15":"product-type-variable"},"yoast_head":"<!-- This site is optimized with the Yoast SEO plugin v27.2 - https:\/\/yoast.com\/product\/yoast-seo-wordpress\/ -->\n<title>Sedia Grizzly Bear Chair\u00ae - The Bear Chair\u00ae<\/title>\n<meta name=\"description\" content=\"Acquista The Grizzly Bear Chair\u00ae. Questa sedia da giardino \u00e8 decisamente pi\u00f9 alta, ha braccioli pi\u00f9 spessi, bulloni in acciaio inox, gambe pi\u00f9 robuste ed \u00e8 pieghevole.\" \/>\n<meta name=\"robots\" content=\"index, follow, max-snippet:-1, max-image-preview:large, max-video-preview:-1\" \/>\n<link rel=\"canonical\" href=\"https:\/\/bearchair.eu\/it\/sedie\/grizzly-bear-chair\/\" \/>\n<meta property=\"og:locale\" content=\"it_IT\" \/>\n<meta property=\"og:type\" content=\"article\" \/>\n<meta property=\"og:title\" content=\"Sedia Grizzly Bear Chair\u00ae - The Bear Chair\u00ae\" \/>\n<meta property=\"og:description\" content=\"Acquista The Grizzly Bear Chair\u00ae. Questa sedia da giardino \u00e8 decisamente pi\u00f9 alta, ha braccioli pi\u00f9 spessi, bulloni in acciaio inox, gambe pi\u00f9 robuste ed \u00e8 pieghevole.\" \/>\n<meta property=\"og:url\" content=\"https:\/\/bearchair.eu\/it\/sedie\/grizzly-bear-chair\/\" \/>\n<meta property=\"og:site_name\" content=\"The Bear Chair\u00ae\" \/>\n<meta property=\"article:modified_time\" content=\"2025-04-25T09:34:45+00:00\" \/>\n<meta property=\"og:image\" content=\"https:\/\/bearchair.eu\/wp-content\/uploads\/2024\/05\/20220708_BearChair_MOXY_LR-9754.jpeg\" \/>\n\t<meta property=\"og:image:width\" content=\"683\" \/>\n\t<meta property=\"og:image:height\" content=\"1024\" \/>\n\t<meta property=\"og:image:type\" content=\"image\/jpeg\" \/>\n<meta name=\"twitter:card\" content=\"summary_large_image\" \/>\n<meta name=\"twitter:label1\" content=\"Tempo di lettura stimato\" \/>\n\t<meta name=\"twitter:data1\" content=\"1 minuto\" \/>\n<script type=\"application\/ld+json\" class=\"yoast-schema-graph\">{\"@context\":\"https:\/\/schema.org\",\"@graph\":[{\"@type\":\"WebPage\",\"@id\":\"https:\/\/bearchair.eu\/it\/sedie\/grizzly-bear-chair\/\",\"url\":\"https:\/\/bearchair.eu\/it\/sedie\/grizzly-bear-chair\/\",\"name\":\"Sedia Grizzly Bear Chair\u00ae - The Bear Chair\u00ae\",\"isPartOf\":{\"@id\":\"https:\/\/bearchair.eu\/it\/#website\"},\"primaryImageOfPage\":{\"@id\":\"https:\/\/bearchair.eu\/it\/sedie\/grizzly-bear-chair\/#primaryimage\"},\"image\":{\"@id\":\"https:\/\/bearchair.eu\/it\/sedie\/grizzly-bear-chair\/#primaryimage\"},\"thumbnailUrl\":\"https:\/\/bearchair.eu\/wp-content\/uploads\/2024\/05\/20220708_BearChair_MOXY_LR-9754.jpeg\",\"datePublished\":\"2024-05-03T10:10:04+00:00\",\"dateModified\":\"2025-04-25T09:34:45+00:00\",\"description\":\"Acquista The Grizzly Bear Chair\u00ae. Questa sedia da giardino \u00e8 decisamente pi\u00f9 alta, ha braccioli pi\u00f9 spessi, bulloni in acciaio inox, gambe pi\u00f9 robuste ed \u00e8 pieghevole.\",\"breadcrumb\":{\"@id\":\"https:\/\/bearchair.eu\/it\/sedie\/grizzly-bear-chair\/#breadcrumb\"},\"inLanguage\":\"it-IT\",\"potentialAction\":[{\"@type\":\"ReadAction\",\"target\":[\"https:\/\/bearchair.eu\/it\/sedie\/grizzly-bear-chair\/\"]}]},{\"@type\":\"ImageObject\",\"inLanguage\":\"it-IT\",\"@id\":\"https:\/\/bearchair.eu\/it\/sedie\/grizzly-bear-chair\/#primaryimage\",\"url\":\"https:\/\/bearchair.eu\/wp-content\/uploads\/2024\/05\/20220708_BearChair_MOXY_LR-9754.jpeg\",\"contentUrl\":\"https:\/\/bearchair.eu\/wp-content\/uploads\/2024\/05\/20220708_BearChair_MOXY_LR-9754.jpeg\",\"width\":683,\"height\":1024},{\"@type\":\"BreadcrumbList\",\"@id\":\"https:\/\/bearchair.eu\/it\/sedie\/grizzly-bear-chair\/#breadcrumb\",\"itemListElement\":[{\"@type\":\"ListItem\",\"position\":1,\"name\":\"Casa\",\"item\":\"https:\/\/bearchair.eu\/it\/casa\/\"},{\"@type\":\"ListItem\",\"position\":2,\"name\":\"Negozio\",\"item\":\"https:\/\/bearchair.eu\/it\/negozio\/\"},{\"@type\":\"ListItem\",\"position\":3,\"name\":\"Sedia Grizzly Bear Chair\u00ae\"}]},{\"@type\":\"WebSite\",\"@id\":\"https:\/\/bearchair.eu\/it\/#website\",\"url\":\"https:\/\/bearchair.eu\/it\/\",\"name\":\"The Bear Chair\",\"description\":\"\",\"publisher\":{\"@id\":\"https:\/\/bearchair.eu\/it\/#organization\"},\"potentialAction\":[{\"@type\":\"SearchAction\",\"target\":{\"@type\":\"EntryPoint\",\"urlTemplate\":\"https:\/\/bearchair.eu\/it\/?s={search_term_string}\"},\"query-input\":{\"@type\":\"PropertyValueSpecification\",\"valueRequired\":true,\"valueName\":\"search_term_string\"}}],\"inLanguage\":\"it-IT\"},{\"@type\":\"Organization\",\"@id\":\"https:\/\/bearchair.eu\/it\/#organization\",\"name\":\"La sedia dell'orso\",\"url\":\"https:\/\/bearchair.eu\/it\/\",\"logo\":{\"@type\":\"ImageObject\",\"inLanguage\":\"it-IT\",\"@id\":\"https:\/\/bearchair.eu\/it\/#\/schema\/logo\/image\/\",\"url\":\"https:\/\/new.bearchair.eu\/wp-content\/uploads\/2024\/05\/BearChairIcon.png\",\"contentUrl\":\"https:\/\/new.bearchair.eu\/wp-content\/uploads\/2024\/05\/BearChairIcon.png\",\"width\":512,\"height\":512,\"caption\":\"La sedia dell'orso\"},\"image\":{\"@id\":\"https:\/\/bearchair.eu\/it\/#\/schema\/logo\/image\/\"}}]}<\/script>\n<!-- \/ Yoast SEO plugin. -->","yoast_head_json":{"title":"Sedia Grizzly Bear Chair\u00ae - The Bear Chair\u00ae","description":"Acquista The Grizzly Bear Chair\u00ae. Questa sedia da giardino \u00e8 decisamente pi\u00f9 alta, ha braccioli pi\u00f9 spessi, bulloni in acciaio inox, gambe pi\u00f9 robuste ed \u00e8 pieghevole.","robots":{"index":"index","follow":"follow","max-snippet":"max-snippet:-1","max-image-preview":"max-image-preview:large","max-video-preview":"max-video-preview:-1"},"canonical":"https:\/\/bearchair.eu\/it\/sedie\/grizzly-bear-chair\/","og_locale":"it_IT","og_type":"article","og_title":"Sedia Grizzly Bear Chair\u00ae - The Bear Chair\u00ae","og_description":"Acquista The Grizzly Bear Chair\u00ae. Questa sedia da giardino \u00e8 decisamente pi\u00f9 alta, ha braccioli pi\u00f9 spessi, bulloni in acciaio inox, gambe pi\u00f9 robuste ed \u00e8 pieghevole.","og_url":"https:\/\/bearchair.eu\/it\/sedie\/grizzly-bear-chair\/","og_site_name":"The Bear Chair\u00ae","article_modified_time":"2025-04-25T09:34:45+00:00","og_image":[{"width":683,"height":1024,"url":"https:\/\/bearchair.eu\/wp-content\/uploads\/2024\/05\/20220708_BearChair_MOXY_LR-9754.jpeg","type":"image\/jpeg"}],"twitter_card":"summary_large_image","twitter_misc":{"Tempo di lettura stimato":"1 minuto"},"schema":{"@context":"https:\/\/schema.org","@graph":[{"@type":"WebPage","@id":"https:\/\/bearchair.eu\/it\/sedie\/grizzly-bear-chair\/","url":"https:\/\/bearchair.eu\/it\/sedie\/grizzly-bear-chair\/","name":"Sedia Grizzly Bear Chair\u00ae - The Bear Chair\u00ae","isPartOf":{"@id":"https:\/\/bearchair.eu\/it\/#website"},"primaryImageOfPage":{"@id":"https:\/\/bearchair.eu\/it\/sedie\/grizzly-bear-chair\/#primaryimage"},"image":{"@id":"https:\/\/bearchair.eu\/it\/sedie\/grizzly-bear-chair\/#primaryimage"},"thumbnailUrl":"https:\/\/bearchair.eu\/wp-content\/uploads\/2024\/05\/20220708_BearChair_MOXY_LR-9754.jpeg","datePublished":"2024-05-03T10:10:04+00:00","dateModified":"2025-04-25T09:34:45+00:00","description":"Acquista The Grizzly Bear Chair\u00ae. Questa sedia da giardino \u00e8 decisamente pi\u00f9 alta, ha braccioli pi\u00f9 spessi, bulloni in acciaio inox, gambe pi\u00f9 robuste ed \u00e8 pieghevole.","breadcrumb":{"@id":"https:\/\/bearchair.eu\/it\/sedie\/grizzly-bear-chair\/#breadcrumb"},"inLanguage":"it-IT","potentialAction":[{"@type":"ReadAction","target":["https:\/\/bearchair.eu\/it\/sedie\/grizzly-bear-chair\/"]}]},{"@type":"ImageObject","inLanguage":"it-IT","@id":"https:\/\/bearchair.eu\/it\/sedie\/grizzly-bear-chair\/#primaryimage","url":"https:\/\/bearchair.eu\/wp-content\/uploads\/2024\/05\/20220708_BearChair_MOXY_LR-9754.jpeg","contentUrl":"https:\/\/bearchair.eu\/wp-content\/uploads\/2024\/05\/20220708_BearChair_MOXY_LR-9754.jpeg","width":683,"height":1024},{"@type":"BreadcrumbList","@id":"https:\/\/bearchair.eu\/it\/sedie\/grizzly-bear-chair\/#breadcrumb","itemListElement":[{"@type":"ListItem","position":1,"name":"Casa","item":"https:\/\/bearchair.eu\/it\/casa\/"},{"@type":"ListItem","position":2,"name":"Negozio","item":"https:\/\/bearchair.eu\/it\/negozio\/"},{"@type":"ListItem","position":3,"name":"Sedia Grizzly Bear Chair\u00ae"}]},{"@type":"WebSite","@id":"https:\/\/bearchair.eu\/it\/#website","url":"https:\/\/bearchair.eu\/it\/","name":"The Bear Chair","description":"","publisher":{"@id":"https:\/\/bearchair.eu\/it\/#organization"},"potentialAction":[{"@type":"SearchAction","target":{"@type":"EntryPoint","urlTemplate":"https:\/\/bearchair.eu\/it\/?s={search_term_string}"},"query-input":{"@type":"PropertyValueSpecification","valueRequired":true,"valueName":"search_term_string"}}],"inLanguage":"it-IT"},{"@type":"Organization","@id":"https:\/\/bearchair.eu\/it\/#organization","name":"La sedia dell'orso","url":"https:\/\/bearchair.eu\/it\/","logo":{"@type":"ImageObject","inLanguage":"it-IT","@id":"https:\/\/bearchair.eu\/it\/#\/schema\/logo\/image\/","url":"https:\/\/new.bearchair.eu\/wp-content\/uploads\/2024\/05\/BearChairIcon.png","contentUrl":"https:\/\/new.bearchair.eu\/wp-content\/uploads\/2024\/05\/BearChairIcon.png","width":512,"height":512,"caption":"La sedia dell'orso"},"image":{"@id":"https:\/\/bearchair.eu\/it\/#\/schema\/logo\/image\/"}}]}},"_links":{"self":[{"href":"https:\/\/bearchair.eu\/it\/wp-json\/wp\/v2\/product\/18579","targetHints":{"allow":["GET"]}}],"collection":[{"href":"https:\/\/bearchair.eu\/it\/wp-json\/wp\/v2\/product"}],"about":[{"href":"https:\/\/bearchair.eu\/it\/wp-json\/wp\/v2\/types\/product"}],"wp:featuredmedia":[{"embeddable":true,"href":"https:\/\/bearchair.eu\/it\/wp-json\/wp\/v2\/media\/15428"}],"wp:attachment":[{"href":"https:\/\/bearchair.eu\/it\/wp-json\/wp\/v2\/media?parent=18579"}],"wp:term":[{"taxonomy":"product_brand","embeddable":true,"href":"https:\/\/bearchair.eu\/it\/wp-json\/wp\/v2\/product_brand?post=18579"},{"taxonomy":"product_cat","embeddable":true,"href":"https:\/\/bearchair.eu\/it\/wp-json\/wp\/v2\/product_cat?post=18579"},{"taxonomy":"product_tag","embeddable":true,"href":"https:\/\/bearchair.eu\/it\/wp-json\/wp\/v2\/product_tag?post=18579"}],"curies":[{"name":"wp","href":"https:\/\/api.w.org\/{rel}","templated":true}]}}