{"id":18603,"date":"2024-05-03T10:10:03","date_gmt":"2024-05-03T10:10:03","guid":{"rendered":"https:\/\/bearchair.eu\/senza-categoria\/originale-bear-chair-e-tavolino-pieghevole\/"},"modified":"2025-05-01T12:16:06","modified_gmt":"2025-05-01T12:16:06","slug":"originale-bear-chair-e-tavolino-pieghevole","status":"publish","type":"product","link":"https:\/\/bearchair.eu\/it\/combinazioni\/originale-bear-chair-e-tavolino-pieghevole\/","title":{"rendered":"Sedia originale Bear Chair\u00ae e tavolino pieghevole"},"content":{"rendered":"<p>Siediti nell&#8217;Original Bear Chair\u00ae e appoggia la tua tazza di caff\u00e8 sul tavolino pieghevole. Con questo set potrai rilassarti al massimo! <\/p>\n<p><strong>Dimensioni:<\/strong><\/p>\n<p><strong>Presidente:<\/strong><\/p>\n<ul>\n<li>Altezza: 93 cm<\/li>\n<li>Larghezza: 80 cm<\/li>\n<li>Profondit\u00e0: 93 cm<\/li>\n<li>Questo modello non \u00e8 pieghevole<\/li>\n<\/ul>\n<p><strong>Peso:<\/strong> 11,5 kg<\/p>\n<p><strong>Tavolino:  <\/strong><\/p>\n<ul>\n<li>Altezza: 48 cm<\/li>\n<li>Diametro: 70 cm<\/li>\n<\/ul>\n<p><strong>Peso:<\/strong> 7 kg<\/p>\n<p><strong>Montaggio<\/strong>: The Original Bear ChairLa sedia \u00ae \u00e8 disponibile in tre tipi di pacchetti:<\/p>\n<ul>\n<li><strong>Kit:<\/strong> Riceverai tutti i materiali per assemblare la sedia da solo. Il kit comprende le doghe, le viti, la colla e, ovviamente, le istruzioni di montaggio dettagliate. <\/li>\n<li><strong>Pre-assemblato:<\/strong> Lo schienale e la seduta sono preassemblati, il resto deve essere assemblato da soli. Tutti i materiali e le istruzioni di montaggio sono ovviamente inclusi. <\/li>\n<li><strong>Completamente assemblata:<\/strong> La sedia \u00e8 gi\u00e0 completamente assemblata. Ti viene consegnata gi\u00e0 pronta con il nostro servizio di trasporto. Si prega di notare che questo potrebbe comportare costi maggiori.  <\/li>\n<\/ul>\n<p>Il tavolino viene consegnato semi-assemblato.<\/p>\n","protected":false},"excerpt":{"rendered":"<p>Con questo set, composto dalla sedia originale Bear Chair\u00ae e dal tavolino pieghevole, avrai tutto il necessario per rilassarti in giardino. La sedia Bear Chair\u00ae offre tutto il comfort che desideri e il tavolino ha spazio sufficiente per un libro, una rivista e un t\u00e8 o un caff\u00e8. <\/p>\n","protected":false},"featured_media":16246,"template":"","meta":[],"product_brand":[],"product_cat":[286,299,300],"product_tag":[],"class_list":{"0":"post-18603","1":"product","2":"type-product","3":"status-publish","4":"has-post-thumbnail","6":"product_cat-combinazioni","7":"product_cat-mobili","8":"product_cat-vendita","10":"first","11":"instock","12":"sale","13":"taxable","14":"shipping-taxable","15":"purchasable","16":"product-type-simple"},"yoast_head":"<!-- This site is optimized with the Yoast SEO plugin v27.2 - https:\/\/yoast.com\/product\/yoast-seo-wordpress\/ -->\n<title>Sedia originale Bear Chair\u00ae e tavolino pieghevole - The Bear Chair\u00ae<\/title>\n<meta name=\"description\" content=\"Acquista Original Bear Chair\u00ae con tavolino pieghevole. Un sacco di spazio per il tuo libro, la tua rivista e il tuo t\u00e8 o caff\u00e8.\" \/>\n<meta name=\"robots\" content=\"index, follow, max-snippet:-1, max-image-preview:large, max-video-preview:-1\" \/>\n<link rel=\"canonical\" href=\"https:\/\/bearchair.eu\/it\/combinazioni\/originale-bear-chair-e-tavolino-pieghevole\/\" \/>\n<meta property=\"og:locale\" content=\"it_IT\" \/>\n<meta property=\"og:type\" content=\"article\" \/>\n<meta property=\"og:title\" content=\"Sedia originale Bear Chair\u00ae e tavolino pieghevole - The Bear Chair\u00ae\" \/>\n<meta property=\"og:description\" content=\"Acquista Original Bear Chair\u00ae con tavolino pieghevole. Un sacco di spazio per il tuo libro, la tua rivista e il tuo t\u00e8 o caff\u00e8.\" \/>\n<meta property=\"og:url\" content=\"https:\/\/bearchair.eu\/it\/combinazioni\/originale-bear-chair-e-tavolino-pieghevole\/\" \/>\n<meta property=\"og:site_name\" content=\"The Bear Chair\u00ae\" \/>\n<meta property=\"article:modified_time\" content=\"2025-05-01T12:16:06+00:00\" \/>\n<meta property=\"og:image\" content=\"https:\/\/bearchair.eu\/wp-content\/uploads\/2024\/10\/BC201-en-BC02-rvv-rotated.jpg\" \/>\n\t<meta property=\"og:image:width\" content=\"1734\" \/>\n\t<meta property=\"og:image:height\" content=\"2312\" \/>\n\t<meta property=\"og:image:type\" content=\"image\/jpeg\" \/>\n<meta name=\"twitter:card\" content=\"summary_large_image\" \/>\n<meta name=\"twitter:label1\" content=\"Tempo di lettura stimato\" \/>\n\t<meta name=\"twitter:data1\" content=\"1 minuto\" \/>\n<script type=\"application\/ld+json\" class=\"yoast-schema-graph\">{\"@context\":\"https:\/\/schema.org\",\"@graph\":[{\"@type\":\"WebPage\",\"@id\":\"https:\/\/bearchair.eu\/it\/combinazioni\/originale-bear-chair-e-tavolino-pieghevole\/\",\"url\":\"https:\/\/bearchair.eu\/it\/combinazioni\/originale-bear-chair-e-tavolino-pieghevole\/\",\"name\":\"Sedia originale Bear Chair\u00ae e tavolino pieghevole - The Bear Chair\u00ae\",\"isPartOf\":{\"@id\":\"https:\/\/bearchair.eu\/it\/#website\"},\"primaryImageOfPage\":{\"@id\":\"https:\/\/bearchair.eu\/it\/combinazioni\/originale-bear-chair-e-tavolino-pieghevole\/#primaryimage\"},\"image\":{\"@id\":\"https:\/\/bearchair.eu\/it\/combinazioni\/originale-bear-chair-e-tavolino-pieghevole\/#primaryimage\"},\"thumbnailUrl\":\"https:\/\/bearchair.eu\/wp-content\/uploads\/2024\/10\/BC201-en-BC02-rvv-rotated.jpg\",\"datePublished\":\"2024-05-03T10:10:03+00:00\",\"dateModified\":\"2025-05-01T12:16:06+00:00\",\"description\":\"Acquista Original Bear Chair\u00ae con tavolino pieghevole. Un sacco di spazio per il tuo libro, la tua rivista e il tuo t\u00e8 o caff\u00e8.\",\"breadcrumb\":{\"@id\":\"https:\/\/bearchair.eu\/it\/combinazioni\/originale-bear-chair-e-tavolino-pieghevole\/#breadcrumb\"},\"inLanguage\":\"it-IT\",\"potentialAction\":[{\"@type\":\"ReadAction\",\"target\":[\"https:\/\/bearchair.eu\/it\/combinazioni\/originale-bear-chair-e-tavolino-pieghevole\/\"]}]},{\"@type\":\"ImageObject\",\"inLanguage\":\"it-IT\",\"@id\":\"https:\/\/bearchair.eu\/it\/combinazioni\/originale-bear-chair-e-tavolino-pieghevole\/#primaryimage\",\"url\":\"https:\/\/bearchair.eu\/wp-content\/uploads\/2024\/10\/BC201-en-BC02-rvv-rotated.jpg\",\"contentUrl\":\"https:\/\/bearchair.eu\/wp-content\/uploads\/2024\/10\/BC201-en-BC02-rvv-rotated.jpg\",\"width\":1734,\"height\":2312},{\"@type\":\"BreadcrumbList\",\"@id\":\"https:\/\/bearchair.eu\/it\/combinazioni\/originale-bear-chair-e-tavolino-pieghevole\/#breadcrumb\",\"itemListElement\":[{\"@type\":\"ListItem\",\"position\":1,\"name\":\"Casa\",\"item\":\"https:\/\/bearchair.eu\/it\/casa\/\"},{\"@type\":\"ListItem\",\"position\":2,\"name\":\"Negozio\",\"item\":\"https:\/\/bearchair.eu\/it\/negozio\/\"},{\"@type\":\"ListItem\",\"position\":3,\"name\":\"Sedia originale Bear Chair\u00ae e tavolino pieghevole\"}]},{\"@type\":\"WebSite\",\"@id\":\"https:\/\/bearchair.eu\/it\/#website\",\"url\":\"https:\/\/bearchair.eu\/it\/\",\"name\":\"The Bear Chair\",\"description\":\"\",\"publisher\":{\"@id\":\"https:\/\/bearchair.eu\/it\/#organization\"},\"potentialAction\":[{\"@type\":\"SearchAction\",\"target\":{\"@type\":\"EntryPoint\",\"urlTemplate\":\"https:\/\/bearchair.eu\/it\/?s={search_term_string}\"},\"query-input\":{\"@type\":\"PropertyValueSpecification\",\"valueRequired\":true,\"valueName\":\"search_term_string\"}}],\"inLanguage\":\"it-IT\"},{\"@type\":\"Organization\",\"@id\":\"https:\/\/bearchair.eu\/it\/#organization\",\"name\":\"La sedia dell'orso\",\"url\":\"https:\/\/bearchair.eu\/it\/\",\"logo\":{\"@type\":\"ImageObject\",\"inLanguage\":\"it-IT\",\"@id\":\"https:\/\/bearchair.eu\/it\/#\/schema\/logo\/image\/\",\"url\":\"https:\/\/new.bearchair.eu\/wp-content\/uploads\/2024\/05\/BearChairIcon.png\",\"contentUrl\":\"https:\/\/new.bearchair.eu\/wp-content\/uploads\/2024\/05\/BearChairIcon.png\",\"width\":512,\"height\":512,\"caption\":\"La sedia dell'orso\"},\"image\":{\"@id\":\"https:\/\/bearchair.eu\/it\/#\/schema\/logo\/image\/\"}}]}<\/script>\n<!-- \/ Yoast SEO plugin. -->","yoast_head_json":{"title":"Sedia originale Bear Chair\u00ae e tavolino pieghevole - The Bear Chair\u00ae","description":"Acquista Original Bear Chair\u00ae con tavolino pieghevole. Un sacco di spazio per il tuo libro, la tua rivista e il tuo t\u00e8 o caff\u00e8.","robots":{"index":"index","follow":"follow","max-snippet":"max-snippet:-1","max-image-preview":"max-image-preview:large","max-video-preview":"max-video-preview:-1"},"canonical":"https:\/\/bearchair.eu\/it\/combinazioni\/originale-bear-chair-e-tavolino-pieghevole\/","og_locale":"it_IT","og_type":"article","og_title":"Sedia originale Bear Chair\u00ae e tavolino pieghevole - The Bear Chair\u00ae","og_description":"Acquista Original Bear Chair\u00ae con tavolino pieghevole. Un sacco di spazio per il tuo libro, la tua rivista e il tuo t\u00e8 o caff\u00e8.","og_url":"https:\/\/bearchair.eu\/it\/combinazioni\/originale-bear-chair-e-tavolino-pieghevole\/","og_site_name":"The Bear Chair\u00ae","article_modified_time":"2025-05-01T12:16:06+00:00","og_image":[{"width":1734,"height":2312,"url":"https:\/\/bearchair.eu\/wp-content\/uploads\/2024\/10\/BC201-en-BC02-rvv-rotated.jpg","type":"image\/jpeg"}],"twitter_card":"summary_large_image","twitter_misc":{"Tempo di lettura stimato":"1 minuto"},"schema":{"@context":"https:\/\/schema.org","@graph":[{"@type":"WebPage","@id":"https:\/\/bearchair.eu\/it\/combinazioni\/originale-bear-chair-e-tavolino-pieghevole\/","url":"https:\/\/bearchair.eu\/it\/combinazioni\/originale-bear-chair-e-tavolino-pieghevole\/","name":"Sedia originale Bear Chair\u00ae e tavolino pieghevole - The Bear Chair\u00ae","isPartOf":{"@id":"https:\/\/bearchair.eu\/it\/#website"},"primaryImageOfPage":{"@id":"https:\/\/bearchair.eu\/it\/combinazioni\/originale-bear-chair-e-tavolino-pieghevole\/#primaryimage"},"image":{"@id":"https:\/\/bearchair.eu\/it\/combinazioni\/originale-bear-chair-e-tavolino-pieghevole\/#primaryimage"},"thumbnailUrl":"https:\/\/bearchair.eu\/wp-content\/uploads\/2024\/10\/BC201-en-BC02-rvv-rotated.jpg","datePublished":"2024-05-03T10:10:03+00:00","dateModified":"2025-05-01T12:16:06+00:00","description":"Acquista Original Bear Chair\u00ae con tavolino pieghevole. Un sacco di spazio per il tuo libro, la tua rivista e il tuo t\u00e8 o caff\u00e8.","breadcrumb":{"@id":"https:\/\/bearchair.eu\/it\/combinazioni\/originale-bear-chair-e-tavolino-pieghevole\/#breadcrumb"},"inLanguage":"it-IT","potentialAction":[{"@type":"ReadAction","target":["https:\/\/bearchair.eu\/it\/combinazioni\/originale-bear-chair-e-tavolino-pieghevole\/"]}]},{"@type":"ImageObject","inLanguage":"it-IT","@id":"https:\/\/bearchair.eu\/it\/combinazioni\/originale-bear-chair-e-tavolino-pieghevole\/#primaryimage","url":"https:\/\/bearchair.eu\/wp-content\/uploads\/2024\/10\/BC201-en-BC02-rvv-rotated.jpg","contentUrl":"https:\/\/bearchair.eu\/wp-content\/uploads\/2024\/10\/BC201-en-BC02-rvv-rotated.jpg","width":1734,"height":2312},{"@type":"BreadcrumbList","@id":"https:\/\/bearchair.eu\/it\/combinazioni\/originale-bear-chair-e-tavolino-pieghevole\/#breadcrumb","itemListElement":[{"@type":"ListItem","position":1,"name":"Casa","item":"https:\/\/bearchair.eu\/it\/casa\/"},{"@type":"ListItem","position":2,"name":"Negozio","item":"https:\/\/bearchair.eu\/it\/negozio\/"},{"@type":"ListItem","position":3,"name":"Sedia originale Bear Chair\u00ae e tavolino pieghevole"}]},{"@type":"WebSite","@id":"https:\/\/bearchair.eu\/it\/#website","url":"https:\/\/bearchair.eu\/it\/","name":"The Bear Chair","description":"","publisher":{"@id":"https:\/\/bearchair.eu\/it\/#organization"},"potentialAction":[{"@type":"SearchAction","target":{"@type":"EntryPoint","urlTemplate":"https:\/\/bearchair.eu\/it\/?s={search_term_string}"},"query-input":{"@type":"PropertyValueSpecification","valueRequired":true,"valueName":"search_term_string"}}],"inLanguage":"it-IT"},{"@type":"Organization","@id":"https:\/\/bearchair.eu\/it\/#organization","name":"La sedia dell'orso","url":"https:\/\/bearchair.eu\/it\/","logo":{"@type":"ImageObject","inLanguage":"it-IT","@id":"https:\/\/bearchair.eu\/it\/#\/schema\/logo\/image\/","url":"https:\/\/new.bearchair.eu\/wp-content\/uploads\/2024\/05\/BearChairIcon.png","contentUrl":"https:\/\/new.bearchair.eu\/wp-content\/uploads\/2024\/05\/BearChairIcon.png","width":512,"height":512,"caption":"La sedia dell'orso"},"image":{"@id":"https:\/\/bearchair.eu\/it\/#\/schema\/logo\/image\/"}}]}},"_links":{"self":[{"href":"https:\/\/bearchair.eu\/it\/wp-json\/wp\/v2\/product\/18603","targetHints":{"allow":["GET"]}}],"collection":[{"href":"https:\/\/bearchair.eu\/it\/wp-json\/wp\/v2\/product"}],"about":[{"href":"https:\/\/bearchair.eu\/it\/wp-json\/wp\/v2\/types\/product"}],"wp:featuredmedia":[{"embeddable":true,"href":"https:\/\/bearchair.eu\/it\/wp-json\/wp\/v2\/media\/16246"}],"wp:attachment":[{"href":"https:\/\/bearchair.eu\/it\/wp-json\/wp\/v2\/media?parent=18603"}],"wp:term":[{"taxonomy":"product_brand","embeddable":true,"href":"https:\/\/bearchair.eu\/it\/wp-json\/wp\/v2\/product_brand?post=18603"},{"taxonomy":"product_cat","embeddable":true,"href":"https:\/\/bearchair.eu\/it\/wp-json\/wp\/v2\/product_cat?post=18603"},{"taxonomy":"product_tag","embeddable":true,"href":"https:\/\/bearchair.eu\/it\/wp-json\/wp\/v2\/product_tag?post=18603"}],"curies":[{"name":"wp","href":"https:\/\/api.w.org\/{rel}","templated":true}]}}